{"id":39714,"date":"2015-05-14T13:23:51","date_gmt":"2015-05-14T11:23:51","guid":{"rendered":"http:\/\/museumek.eu\/?page_id=39714"},"modified":"2015-05-14T13:23:51","modified_gmt":"2015-05-14T11:23:51","slug":"ai143","status":"publish","type":"page","link":"http:\/\/museumek.eu\/?page_id=39714","title":{"rendered":"A\/I\/143"},"content":{"rendered":"<p><strong>Abteilung Austria\/Ungarn\/B\u00f6hmen, Keramik 1860 &#8211; 1960, Inventarnummer A\/I\/143<\/strong><\/p>\n<p>Friedrich Goldscheider Erste Wiener Terrakottafabrik, Austria, Wien, ca. 1895, Standsockelb\u00fcste einer edlen Frau, K\u00fcnstler unbekannt, Werks.-Nr. 497, Exemplar Nr. ohne, Modelleur Nr. ohne, keine Firmenmarke aber 497 geritzt, nicht signiert, Literatur: Robert E. Dechant\/Filipp Goldscheider, Goldscheider Firmengeschichte und Werkverzeichnis, Seite 291, dort noch nicht erfasst, die Urspr\u00fcnge der Firma gehen zur\u00fcck auf das Pilsener Handelsunternehmen Moritz Goldscheider der 1860\u2018 Jahre, nach dem Tode von Moritz Goldscheider werden die Br\u00fcder Eduard und Friedrich Goldscheider Eigent\u00fcmer und firmieren ab 1877 als M. Goldscheider\u2019s Erben, Thon-und Kunststeinmanufactur Werk Moldau und ab 1878 als Br\u00fcder Goldscheider, im Jahre 1878 wandert Friedrich Goldscheider nach Wien aus und Eduard f\u00fchrt die Firma in Pilsen bis zum Konkurs 1892 allein weiter, Friedrich Goldscheider firmiert in Wien ab 1880 als Goldscheider\u2019sche Porzellan-Manufaktur und Porzellanmalerei, neben Handelsgesch\u00e4ften betreibt die Firma vorwiegend die Porzellanmalerei, das Porzellan wird von b\u00f6hmischen Manufakturen bezogen und teilweise auch in B\u00f6hmen bemalt, ab 1885 \u00e4ndert sich die Firmierung in Goldscheider\u2019sche Porzellan-Manufaktur und Majolicafabrik, das Jahr 1885 gilt als das offizielle Gr\u00fcndungsjahr, ab 1887 bezeichnet Friedrich Goldscheider seine Fabrik als Erste Wiener Terracotta- und Majolika-Fabrik Friedrich Goldscheider oder als Erste Wiener Kunst-Terracotta-Fabrik und kunstgewerbliche Ateliers Friedrich Goldscheider und offiziell ab 1894 als Friedrich Goldscheider Erste Wiener Terrakottafabrik, Friedrich Goldscheider stirbt im Jahre 1897, seine Ehefrau Regine Goldscheider wird Alleineigent\u00fcmer und firmiert ab 1899 als Friedrich Goldscheider in Wien, Berlin und Leipzig, ab 1907 firmiert die Firma als Erste Wiener Terrakottafabrik und Atelier f\u00fcr k\u00fcnstlerische Fayencen Friedrich Goldscheider, im Jahre 1918 stirbt Regine und die S\u00f6hne Walter und Marcell Goldscheider werden Inhaber, ab 1921 \u00e4ndert sich die Firmierung in Wiener Manufaktur Friedrich Goldscheider, 1928 scheidet Marcell Goldscheider aus und gr\u00fcndet seine eigene Firma in Wien, 1939 wird die Firma arisiert und Josef Schuster wird Inhaber, Firmierung ab 1939, Wiener Manufaktur Friedrich Goldscheider Nachf., Inhaber Josef Schuster, ab 1941 lautet die Firmierung Wiener Manufaktur Josef Schuster, vorm. Friedrich Goldscheider, nach dem WK II erh\u00e4lt Friedrich Goldscheider seine Firma zur\u00fcck und firmiert ab 1950 wieder als Wiener Manufaktur Friedrich Goldscheider, in dieser Zeit verkauft er die Firma an die Majolikafabrik Carstens, in Fredelsloh, die in Fredelsloh Wiederauflagen alter Modelle in minderwertigem braunem Ton aber auch neue Modelle ebenfalls in dieser Tonart produziert, ab 1953 firmiert die Firma als Kunstkeramische Manufaktur Goldscheider GmbH und 1960 wird die Produktion in Fredelsloh eingestellt, Gesamth\u00f6he mit Holzsockel 24,5 cm, Zuordnung: die Zuordnung zu Friedrich Goldscheider erfolgt auf Grund des Pendants MEK Exemplar A\/I\/142, Werks.-Nr. 496, beide B\u00fcsten bilden ein Paar, ob dieses Paar historische Pers\u00f6nlichkeiten darstellt, konnte das MEK nicht recherchieren, <strong>das MEK Exemplar dieser B\u00fcste ist eines der Wenigen, wenn nicht das Letzte weltweit erhalten gebliebene Exemplar<\/strong>, H\u00f6he 11,5 cm, Breite 10,5 cm (nur die Keramik)<\/p>\n<p><a href=\"http:\/\/museumek.eu\/?attachment_id=39715\" rel=\"attachment wp-att-39715\"><img loading=\"lazy\" src=\"http:\/\/museumek.eu\/wp-content\/uploads\/2015\/05\/3618-128x300.jpg\" alt=\"\" title=\"3618\" width=\"128\" height=\"300\" class=\"alignnone size-medium wp-image-39715\" srcset=\"http:\/\/museumek.eu\/wp-content\/uploads\/2015\/05\/3618-128x300.jpg 128w, http:\/\/museumek.eu\/wp-content\/uploads\/2015\/05\/3618-64x150.jpg 64w, http:\/\/museumek.eu\/wp-content\/uploads\/2015\/05\/3618.jpg 343w\" sizes=\"(max-width: 128px) 100vw, 128px\" \/><\/a><\/p>\n<p><a href=\"http:\/\/museumek.eu\/?attachment_id=39716\" rel=\"attachment wp-att-39716\"><img loading=\"lazy\" src=\"http:\/\/museumek.eu\/wp-content\/uploads\/2015\/05\/3619-99x300.jpg\" alt=\"\" title=\"3619\" width=\"99\" height=\"300\" class=\"alignnone size-medium wp-image-39716\" srcset=\"http:\/\/museumek.eu\/wp-content\/uploads\/2015\/05\/3619-99x300.jpg 99w, http:\/\/museumek.eu\/wp-content\/uploads\/2015\/05\/3619.jpg 264w\" sizes=\"(max-width: 99px) 100vw, 99px\" \/><\/a><\/p>\n<p><a href=\"http:\/\/museumek.eu\/?attachment_id=39717\" rel=\"attachment wp-att-39717\"><img loading=\"lazy\" src=\"http:\/\/museumek.eu\/wp-content\/uploads\/2015\/05\/3620-130x300.jpg\" alt=\"\" title=\"3620\" width=\"130\" height=\"300\" class=\"alignnone size-medium wp-image-39717\" srcset=\"http:\/\/museumek.eu\/wp-content\/uploads\/2015\/05\/3620-130x300.jpg 130w, http:\/\/museumek.eu\/wp-content\/uploads\/2015\/05\/3620-65x150.jpg 65w, http:\/\/museumek.eu\/wp-content\/uploads\/2015\/05\/3620.jpg 347w\" sizes=\"(max-width: 130px) 100vw, 130px\" \/><\/a><\/p>\n<p><a href=\"http:\/\/museumek.eu\/?attachment_id=39718\" rel=\"attachment wp-att-39718\"><img loading=\"lazy\" src=\"http:\/\/museumek.eu\/wp-content\/uploads\/2015\/05\/3621-95x300.jpg\" alt=\"\" title=\"3621\" width=\"95\" height=\"300\" class=\"alignnone size-medium wp-image-39718\" srcset=\"http:\/\/museumek.eu\/wp-content\/uploads\/2015\/05\/3621-95x300.jpg 95w, http:\/\/museumek.eu\/wp-content\/uploads\/2015\/05\/3621.jpg 254w\" sizes=\"(max-width: 95px) 100vw, 95px\" \/><\/a><\/p>\n<p><a href=\"http:\/\/museumek.eu\/?attachment_id=39719\" rel=\"attachment wp-att-39719\"><img loading=\"lazy\" src=\"http:\/\/museumek.eu\/wp-content\/uploads\/2015\/05\/3622-157x300.jpg\" alt=\"\" title=\"3622\" width=\"157\" height=\"300\" class=\"alignnone size-medium wp-image-39719\" srcset=\"http:\/\/museumek.eu\/wp-content\/uploads\/2015\/05\/3622-157x300.jpg 157w, http:\/\/museumek.eu\/wp-content\/uploads\/2015\/05\/3622-78x150.jpg 78w, http:\/\/museumek.eu\/wp-content\/uploads\/2015\/05\/3622.jpg 420w\" sizes=\"(max-width: 157px) 100vw, 157px\" \/><\/a><\/p>\n<p><a href=\"http:\/\/museumek.eu\/?attachment_id=39720\" rel=\"attachment wp-att-39720\"><img loading=\"lazy\" src=\"http:\/\/museumek.eu\/wp-content\/uploads\/2015\/05\/3623-199x300.jpg\" alt=\"\" title=\"3623\" width=\"199\" height=\"300\" class=\"alignnone size-medium wp-image-39720\" srcset=\"http:\/\/museumek.eu\/wp-content\/uploads\/2015\/05\/3623-199x300.jpg 199w, http:\/\/museumek.eu\/wp-content\/uploads\/2015\/05\/3623-99x150.jpg 99w, http:\/\/museumek.eu\/wp-content\/uploads\/2015\/05\/3623.jpg 533w\" sizes=\"(max-width: 199px) 100vw, 199px\" \/><\/a><\/p>\n<p><a href=\"http:\/\/museumek.eu\/?attachment_id=39721\" rel=\"attachment wp-att-39721\"><img loading=\"lazy\" src=\"http:\/\/museumek.eu\/wp-content\/uploads\/2015\/05\/36111-211x300.jpg\" alt=\"\" title=\"3611\" width=\"211\" height=\"300\" class=\"alignnone size-medium wp-image-39721\" srcset=\"http:\/\/museumek.eu\/wp-content\/uploads\/2015\/05\/36111-211x300.jpg 211w, http:\/\/museumek.eu\/wp-content\/uploads\/2015\/05\/36111-105x150.jpg 105w, http:\/\/museumek.eu\/wp-content\/uploads\/2015\/05\/36111.jpg 563w\" sizes=\"(max-width: 211px) 100vw, 211px\" \/><\/a><\/p>\n<p><a href=\"http:\/\/museumek.eu\/?attachment_id=39722\" rel=\"attachment wp-att-39722\"><img loading=\"lazy\" src=\"http:\/\/museumek.eu\/wp-content\/uploads\/2015\/05\/3624-297x300.jpg\" alt=\"\" title=\"3624\" width=\"297\" height=\"300\" class=\"alignnone size-medium wp-image-39722\" srcset=\"http:\/\/museumek.eu\/wp-content\/uploads\/2015\/05\/3624-297x300.jpg 297w, http:\/\/museumek.eu\/wp-content\/uploads\/2015\/05\/3624-148x150.jpg 148w, http:\/\/museumek.eu\/wp-content\/uploads\/2015\/05\/3624.jpg 600w\" sizes=\"(max-width: 297px) 100vw, 297px\" \/><\/a><\/p>\n","protected":false},"excerpt":{"rendered":"<p>Abteilung Austria\/Ungarn\/B\u00f6hmen, Keramik 1860 &#8211; 1960, Inventarnummer A\/I\/143 Friedrich Goldscheider Erste Wiener Terrakottafabrik, Austria, Wien, ca. 1895, Standsockelb\u00fcste einer edlen Frau, K\u00fcnstler unbekannt, Werks.-Nr. 497, Exemplar Nr. ohne, Modelleur Nr. ohne, keine Firmenmarke aber 497 geritzt, nicht signiert, Literatur: Robert &hellip; <a href=\"http:\/\/museumek.eu\/?page_id=39714\">Weiterlesen <span class=\"meta-nav\">&rarr;<\/span><\/a><\/p>\n","protected":false},"author":1,"featured_media":0,"parent":39508,"menu_order":143,"comment_status":"closed","ping_status":"open","template":"","meta":[],"_links":{"self":[{"href":"http:\/\/museumek.eu\/index.php?rest_route=\/wp\/v2\/pages\/39714"}],"collection":[{"href":"http:\/\/museumek.eu\/index.php?rest_route=\/wp\/v2\/pages"}],"about":[{"href":"http:\/\/museumek.eu\/index.php?rest_route=\/wp\/v2\/types\/page"}],"author":[{"embeddable":true,"href":"http:\/\/museumek.eu\/index.php?rest_route=\/wp\/v2\/users\/1"}],"replies":[{"embeddable":true,"href":"http:\/\/museumek.eu\/index.php?rest_route=%2Fwp%2Fv2%2Fcomments&post=39714"}],"version-history":[{"count":4,"href":"http:\/\/museumek.eu\/index.php?rest_route=\/wp\/v2\/pages\/39714\/revisions"}],"predecessor-version":[{"id":39726,"href":"http:\/\/museumek.eu\/index.php?rest_route=\/wp\/v2\/pages\/39714\/revisions\/39726"}],"up":[{"embeddable":true,"href":"http:\/\/museumek.eu\/index.php?rest_route=\/wp\/v2\/pages\/39508"}],"wp:attachment":[{"href":"http:\/\/museumek.eu\/index.php?rest_route=%2Fwp%2Fv2%2Fmedia&parent=39714"}],"curies":[{"name":"wp","href":"https:\/\/api.w.org\/{rel}","templated":true}]}}