{"id":39815,"date":"2015-05-15T16:38:57","date_gmt":"2015-05-15T14:38:57","guid":{"rendered":"http:\/\/museumek.eu\/?page_id=39815"},"modified":"2015-05-15T16:38:58","modified_gmt":"2015-05-15T14:38:58","slug":"dlxx14","status":"publish","type":"page","link":"http:\/\/museumek.eu\/?page_id=39815","title":{"rendered":"D\/LXX\/14"},"content":{"rendered":"<p><strong>Abteilung Deutschland, Keramik 1860 \u2013 1960, Inventarnummer D\/LXX\/14<\/strong><\/p>\n<p>Reinhold Hanke Fabrik fein verzierter Steinzeugwaaren, vormals Reinhold Hanke Fabrik altdeutscher Steinzeug-Kr\u00fcge, Deutschland, H\u00f6hr, um 1920, Tabaktopf, K\u00fcnstler unbekannt, Werks.-Nr. 9048, Exemplar Nr. ohne, gemarkt Firmenmarke HANKE sowie 9048 gepresst, nicht signiert, Literatur: J\u00fcrgen Schimanski und J\u00fcrgen Erlebach, Westerw\u00e4lder Steinzeug, Die Neue \u00c4ra, Seite 60, Fabrikbeschreibung, weitere Literatur: J\u00fcrgen Schimanski, Braun geflammt und grau gesalzen, Seite 202, Beschreibung der Fabrik sowie Marke Nr. 10 identisch, weitere Literatur: Wolfgang Venzmer, Jugendstil im Landesmuseum Mainz, Seite 342, Beschreibung der Fabrik, weitere Literatur: Johannes und Peter Vogt, Alte Bierkr\u00fcge, Von der Renaissance bis zum Jugendstil, Seite 14, Fabrikbeschreibung und Benennung des Fabriknamens Reinhold Hanke Fabrik altdeutscher Steinzeug-Kr\u00fcge, weitere Literatur: Gisela Reineking von Bock, Meister der deutschen Keramik 1900 \u2013 1950, Seite 321, Marke Nr. 72 identisch (f\u00fcr die Zeit um 1900), 1864 gr\u00fcndete der aus B\u00f6hmen (Ausbildung bei Maresch, Siderolithsteinzeug) zugewanderte Reinhold Hanke zusammen mit Ottmar Speyser eine Siderolithwaarenfabrik in H\u00f6hr, 1868 trennte sich Reinhold Hanke von Ottmar Speyser (ob dieser die Siderlithwaarenfabrik allein weiterf\u00fchrte oder ob diese in Konkurs ging ist noch nicht gekl\u00e4rt) und gr\u00fcndete seine eigene Fabrik, die als Fabrik altdeutscher Steinzeug-Kr\u00fcge firmierte, 1876 wurde die Fabrik von Kaiserin Augusta, Gattin Kaiser Wilhelm des I. zum Hoflieferanten ernannt, bis 1882 wurde ausschlie\u00dflich graues Steinzeug produziert, welches blau bemalt wurde, ab 1883 wurde auch Elfenbeinsteinzeug produziert, Reinhold Hanke starb am 22.06.1886 und seine Witwe Maria Hanke f\u00fchrte die Fabrik fort, gem\u00e4\u00df des Musterbuches von ca. 1888 firmierte die Fabrik ab ca. 1888 als Reinhold Hanke Fabrik feinverzierter Steinzeugwaaren, ab 1901 f\u00fchrten die S\u00f6hne August und Carl Hanke die Fabrik, 1911 bis 1918 schloss sich die Fabrik mit den Fabriken Reinhold Merkelbach, Walter M\u00fcller und S. P. Gerz vertriebstechnisch zu der Steinzeugwerke H\u00f6hr-Grenzhausen GmbH zusammen, Hanke schied aber bereits vor 1918 wieder aus der GmbH aus, 1921 wurden bei einem Brand die Fabrikgeb\u00e4ude zerst\u00f6rt und danach in kleinerem Umfang wieder aufgebaut, 1938, zum Tode von August Hanke wurde die Hank\u2019sche Fabrik endg\u00fcltig stillgelegt, das Fabrikgel\u00e4nde und die Fabrikgeb\u00e4ude wurden aber bis 1983 noch zur Erzeugung keramischer Produkte wohl unter Pacht von den Hank\u2018schen Erben von anderen Fabrikanten zum Beispiel Jean Maas genutzt, <strong>das MEK Exemplar mit der Werks.-Nr. 9048 ist in der Fachliteratur noch nicht erfasst<\/strong>, Ausf\u00fchrung als Steinzeug braun glasiert (k\u00f6lnisch braun), H\u00f6he 21 cm, Breite 14 cm<\/p>\n<p><a href=\"http:\/\/museumek.eu\/?attachment_id=39816\" rel=\"attachment wp-att-39816\"><img loading=\"lazy\" src=\"http:\/\/museumek.eu\/wp-content\/uploads\/2015\/05\/3626-190x300.jpg\" alt=\"\" title=\"3626\" width=\"190\" height=\"300\" class=\"alignnone size-medium wp-image-39816\" srcset=\"http:\/\/museumek.eu\/wp-content\/uploads\/2015\/05\/3626-190x300.jpg 190w, http:\/\/museumek.eu\/wp-content\/uploads\/2015\/05\/3626-95x150.jpg 95w, http:\/\/museumek.eu\/wp-content\/uploads\/2015\/05\/3626.jpg 509w\" sizes=\"(max-width: 190px) 100vw, 190px\" \/><\/a><\/p>\n<p><a href=\"http:\/\/museumek.eu\/?attachment_id=39817\" rel=\"attachment wp-att-39817\"><img loading=\"lazy\" src=\"http:\/\/museumek.eu\/wp-content\/uploads\/2015\/05\/3627-187x300.jpg\" alt=\"\" title=\"3627\" width=\"187\" height=\"300\" class=\"alignnone size-medium wp-image-39817\" srcset=\"http:\/\/museumek.eu\/wp-content\/uploads\/2015\/05\/3627-187x300.jpg 187w, http:\/\/museumek.eu\/wp-content\/uploads\/2015\/05\/3627-93x150.jpg 93w, http:\/\/museumek.eu\/wp-content\/uploads\/2015\/05\/3627.jpg 499w\" sizes=\"(max-width: 187px) 100vw, 187px\" \/><\/a><\/p>\n<p><a href=\"http:\/\/museumek.eu\/?attachment_id=39818\" rel=\"attachment wp-att-39818\"><img loading=\"lazy\" src=\"http:\/\/museumek.eu\/wp-content\/uploads\/2015\/05\/3628-150x300.jpg\" alt=\"\" title=\"3628\" width=\"150\" height=\"300\" class=\"alignnone size-medium wp-image-39818\" srcset=\"http:\/\/museumek.eu\/wp-content\/uploads\/2015\/05\/3628-150x300.jpg 150w, http:\/\/museumek.eu\/wp-content\/uploads\/2015\/05\/3628-75x150.jpg 75w, http:\/\/museumek.eu\/wp-content\/uploads\/2015\/05\/3628.jpg 402w\" sizes=\"(max-width: 150px) 100vw, 150px\" \/><\/a><\/p>\n<p><a href=\"http:\/\/museumek.eu\/?attachment_id=39819\" rel=\"attachment wp-att-39819\"><img loading=\"lazy\" src=\"http:\/\/museumek.eu\/wp-content\/uploads\/2015\/05\/3629-141x300.jpg\" alt=\"\" title=\"3629\" width=\"141\" height=\"300\" class=\"alignnone size-medium wp-image-39819\" srcset=\"http:\/\/museumek.eu\/wp-content\/uploads\/2015\/05\/3629-141x300.jpg 141w, http:\/\/museumek.eu\/wp-content\/uploads\/2015\/05\/3629-70x150.jpg 70w, http:\/\/museumek.eu\/wp-content\/uploads\/2015\/05\/3629.jpg 377w\" sizes=\"(max-width: 141px) 100vw, 141px\" \/><\/a><\/p>\n<p><a href=\"http:\/\/museumek.eu\/?attachment_id=39820\" rel=\"attachment wp-att-39820\"><img loading=\"lazy\" src=\"http:\/\/museumek.eu\/wp-content\/uploads\/2015\/05\/3630-300x207.jpg\" alt=\"\" title=\"3630\" width=\"300\" height=\"207\" class=\"alignnone size-medium wp-image-39820\" srcset=\"http:\/\/museumek.eu\/wp-content\/uploads\/2015\/05\/3630-300x207.jpg 300w, http:\/\/museumek.eu\/wp-content\/uploads\/2015\/05\/3630-150x103.jpg 150w, http:\/\/museumek.eu\/wp-content\/uploads\/2015\/05\/3630-433x300.jpg 433w, http:\/\/museumek.eu\/wp-content\/uploads\/2015\/05\/3630.jpg 800w\" sizes=\"(max-width: 300px) 100vw, 300px\" \/><\/a><\/p>\n","protected":false},"excerpt":{"rendered":"<p>Abteilung Deutschland, Keramik 1860 \u2013 1960, Inventarnummer D\/LXX\/14 Reinhold Hanke Fabrik fein verzierter Steinzeugwaaren, vormals Reinhold Hanke Fabrik altdeutscher Steinzeug-Kr\u00fcge, Deutschland, H\u00f6hr, um 1920, Tabaktopf, K\u00fcnstler unbekannt, Werks.-Nr. 9048, Exemplar Nr. ohne, gemarkt Firmenmarke HANKE sowie 9048 gepresst, nicht signiert, &hellip; <a href=\"http:\/\/museumek.eu\/?page_id=39815\">Weiterlesen <span class=\"meta-nav\">&rarr;<\/span><\/a><\/p>\n","protected":false},"author":1,"featured_media":0,"parent":38406,"menu_order":14,"comment_status":"closed","ping_status":"open","template":"","meta":[],"_links":{"self":[{"href":"http:\/\/museumek.eu\/index.php?rest_route=\/wp\/v2\/pages\/39815"}],"collection":[{"href":"http:\/\/museumek.eu\/index.php?rest_route=\/wp\/v2\/pages"}],"about":[{"href":"http:\/\/museumek.eu\/index.php?rest_route=\/wp\/v2\/types\/page"}],"author":[{"embeddable":true,"href":"http:\/\/museumek.eu\/index.php?rest_route=\/wp\/v2\/users\/1"}],"replies":[{"embeddable":true,"href":"http:\/\/museumek.eu\/index.php?rest_route=%2Fwp%2Fv2%2Fcomments&post=39815"}],"version-history":[{"count":4,"href":"http:\/\/museumek.eu\/index.php?rest_route=\/wp\/v2\/pages\/39815\/revisions"}],"predecessor-version":[{"id":39824,"href":"http:\/\/museumek.eu\/index.php?rest_route=\/wp\/v2\/pages\/39815\/revisions\/39824"}],"up":[{"embeddable":true,"href":"http:\/\/museumek.eu\/index.php?rest_route=\/wp\/v2\/pages\/38406"}],"wp:attachment":[{"href":"http:\/\/museumek.eu\/index.php?rest_route=%2Fwp%2Fv2%2Fmedia&parent=39815"}],"curies":[{"name":"wp","href":"https:\/\/api.w.org\/{rel}","templated":true}]}}