{"id":40134,"date":"2015-05-23T15:23:40","date_gmt":"2015-05-23T13:23:40","guid":{"rendered":"http:\/\/museumek.eu\/?page_id=40134"},"modified":"2015-05-23T15:23:41","modified_gmt":"2015-05-23T13:23:41","slug":"dlxxxiii7","status":"publish","type":"page","link":"http:\/\/museumek.eu\/?page_id=40134","title":{"rendered":"D\/LXXXIII\/7"},"content":{"rendered":"<p><strong>Abteilung Deutschland, Keramik 1860 \u2013 1960, Inventarnummer D\/LXXXIII\/\/7<\/strong><\/p>\n<p>D\u00fcmler &#038; Breiden Fabrik reichverzierter, altdeutscher Steinkr\u00fcge, Trinkhumpen, Pokale, Wein- u. Bierkannen etc. sowie Steinwaren in modernem Geschmack in bunter Glasur und bester Ausf\u00fchrung (attr.), Deutschland, H\u00f6hr, um 1910, Kanne, K\u00fcnstler Paul D\u00fcmler (attr.), Werks.-Nr. 1652, Exemplar Nr. 2 (?), gemarkt keine Firmenmarke aber 1652 sowie 1 \u00bd Ltr. (Ltr. schwer lesbar) gepresst, 2 (?) geritzt, nicht signiert, Literatur: J\u00fcrgen Schimanski und J\u00fcrgen Erlebach, Westerw\u00e4lder Steinzeug, Die Neue \u00c4ra, Seite 38, Beschreibung der Fabrik, weitere Literatur: J\u00fcrgen Schimanski, Braun geflammt und grau gesalzen, Seite 130, Abbildung Nr. 232, identisches Bl\u00fctendekor auf einer Bowle, dort beschrieben mit Entwurf Paul D\u00fcmler sowie Seite 196, Fabrikbeschreibung, die Fabrik wurde 1883\/1884 von Peter D\u00fcmler und seinem sp\u00e4teren Schwager Albert Breiden in H\u00f6hr gegr\u00fcndet, 1907 zum Tode Peter D\u00fcmlers treten seine Witwe Bertha und sein Sohn Paul in die Fabrik ein, Paul wird seit dem WK I vermi\u00dft, um 1913 verkauft Albert Breiden seine Fabrikanteile (an wen konnte nicht recherchiert werden) und um 1918 tritt der Cousin Ernst D\u00fcmler in die Fabrik ein, die o. g. Fabrikbezeichnung wurde von einer Zeitungsanzeige des Jahres 1907 \u00fcbernommen, die Fabrik bestand \u00fcber den WK II hinaus, Fabrikzuordnung: siehe oben sowie auf Grund der Ausf\u00fchrung der Literung Ltr., Ltr. ist identisch mit den MEK Exemplaren D\/LXXXIII\/3 und D\/LXXXIII\/6, K\u00fcnstlerzuordnung: siehe oben, au\u00dferdem hat Paul D\u00fcmler fast alle Dekore im modernen Stil entworfen, <strong>der 0,7 cm hohe und 2,3 cm breite 1 \u00bd Liter Stempel, dient dem MEK als Identifizierungsstempel f\u00fcr nicht mit einer Fabrikmarke versehene Fabrikate von D\u00fcmler &#038; Breiden, wobei es f\u00fcr die Identifizierung vor allem auf die Darstellung der Literangabe Ltr. ankommt, das MEK Exemplar mit der Werks.-Nr. 1652 ist in der Fachliteratur noch nicht erfasst<\/strong>, Ausf\u00fchrung als Elfenbeinsteinzeug kobaltblau, schwarz (die Ringe) und gelb (der Bl\u00fctenstempel) glasiert, Zinnmontur mit Blechdeckel,<br \/>\nH\u00f6he 23 cm, Breite 15,5 cm (nur die Keramik)<\/p>\n<p><a href=\"http:\/\/museumek.eu\/?attachment_id=37400\" rel=\"attachment wp-att-37400\"><img loading=\"lazy\" src=\"http:\/\/museumek.eu\/wp-content\/uploads\/2015\/03\/2685-135x300.jpg\" alt=\"\" title=\"2685\" width=\"135\" height=\"300\" class=\"alignnone size-medium wp-image-37400\" srcset=\"http:\/\/museumek.eu\/wp-content\/uploads\/2015\/03\/2685-135x300.jpg 135w, http:\/\/museumek.eu\/wp-content\/uploads\/2015\/03\/2685-67x150.jpg 67w\" sizes=\"(max-width: 135px) 100vw, 135px\" \/><\/a><\/p>\n<p><a href=\"http:\/\/museumek.eu\/?attachment_id=37401\" rel=\"attachment wp-att-37401\"><img loading=\"lazy\" src=\"http:\/\/museumek.eu\/wp-content\/uploads\/2015\/03\/2686-175x300.jpg\" alt=\"\" title=\"2686\" width=\"175\" height=\"300\" class=\"alignnone size-medium wp-image-37401\" srcset=\"http:\/\/museumek.eu\/wp-content\/uploads\/2015\/03\/2686-175x300.jpg 175w, http:\/\/museumek.eu\/wp-content\/uploads\/2015\/03\/2686-87x150.jpg 87w, http:\/\/museumek.eu\/wp-content\/uploads\/2015\/03\/2686.jpg 467w\" sizes=\"(max-width: 175px) 100vw, 175px\" \/><\/a><\/p>\n<p><a href=\"http:\/\/museumek.eu\/?attachment_id=37402\" rel=\"attachment wp-att-37402\"><img loading=\"lazy\" src=\"http:\/\/museumek.eu\/wp-content\/uploads\/2015\/03\/2687-170x300.jpg\" alt=\"\" title=\"2687\" width=\"170\" height=\"300\" class=\"alignnone size-medium wp-image-37402\" srcset=\"http:\/\/museumek.eu\/wp-content\/uploads\/2015\/03\/2687-170x300.jpg 170w, http:\/\/museumek.eu\/wp-content\/uploads\/2015\/03\/2687-85x150.jpg 85w, http:\/\/museumek.eu\/wp-content\/uploads\/2015\/03\/2687.jpg 454w\" sizes=\"(max-width: 170px) 100vw, 170px\" \/><\/a><\/p>\n<p><a href=\"http:\/\/museumek.eu\/?attachment_id=37403\" rel=\"attachment wp-att-37403\"><img loading=\"lazy\" src=\"http:\/\/museumek.eu\/wp-content\/uploads\/2015\/03\/2688-129x300.jpg\" alt=\"\" title=\"2688\" width=\"129\" height=\"300\" class=\"alignnone size-medium wp-image-37403\" srcset=\"http:\/\/museumek.eu\/wp-content\/uploads\/2015\/03\/2688-129x300.jpg 129w, http:\/\/museumek.eu\/wp-content\/uploads\/2015\/03\/2688-64x150.jpg 64w, http:\/\/museumek.eu\/wp-content\/uploads\/2015\/03\/2688.jpg 344w\" sizes=\"(max-width: 129px) 100vw, 129px\" \/><\/a><\/p>\n<p><a href=\"http:\/\/museumek.eu\/?attachment_id=37404\" rel=\"attachment wp-att-37404\"><img loading=\"lazy\" src=\"http:\/\/museumek.eu\/wp-content\/uploads\/2015\/03\/2689-194x300.jpg\" alt=\"\" title=\"2689\" width=\"194\" height=\"300\" class=\"alignnone size-medium wp-image-37404\" srcset=\"http:\/\/museumek.eu\/wp-content\/uploads\/2015\/03\/2689-194x300.jpg 194w, http:\/\/museumek.eu\/wp-content\/uploads\/2015\/03\/2689-97x150.jpg 97w, http:\/\/museumek.eu\/wp-content\/uploads\/2015\/03\/2689.jpg 519w\" sizes=\"(max-width: 194px) 100vw, 194px\" \/><\/a><\/p>\n<p><a href=\"http:\/\/museumek.eu\/?attachment_id=37405\" rel=\"attachment wp-att-37405\"><img loading=\"lazy\" src=\"http:\/\/museumek.eu\/wp-content\/uploads\/2015\/03\/2690-300x165.jpg\" alt=\"\" title=\"2690\" width=\"300\" height=\"165\" class=\"alignnone size-medium wp-image-37405\" srcset=\"http:\/\/museumek.eu\/wp-content\/uploads\/2015\/03\/2690-300x165.jpg 300w, http:\/\/museumek.eu\/wp-content\/uploads\/2015\/03\/2690-150x82.jpg 150w, http:\/\/museumek.eu\/wp-content\/uploads\/2015\/03\/2690-500x275.jpg 500w, http:\/\/museumek.eu\/wp-content\/uploads\/2015\/03\/2690.jpg 595w\" sizes=\"(max-width: 300px) 100vw, 300px\" \/><\/a><\/p>\n<p><a href=\"http:\/\/museumek.eu\/?attachment_id=37406\" rel=\"attachment wp-att-37406\"><img loading=\"lazy\" src=\"http:\/\/museumek.eu\/wp-content\/uploads\/2015\/03\/2691-300x272.jpg\" alt=\"\" title=\"2691\" width=\"300\" height=\"272\" class=\"alignnone size-medium wp-image-37406\" srcset=\"http:\/\/museumek.eu\/wp-content\/uploads\/2015\/03\/2691-300x272.jpg 300w, http:\/\/museumek.eu\/wp-content\/uploads\/2015\/03\/2691-150x136.jpg 150w, http:\/\/museumek.eu\/wp-content\/uploads\/2015\/03\/2691-330x300.jpg 330w, http:\/\/museumek.eu\/wp-content\/uploads\/2015\/03\/2691.jpg 469w\" sizes=\"(max-width: 300px) 100vw, 300px\" \/><\/a><\/p>\n","protected":false},"excerpt":{"rendered":"<p>Abteilung Deutschland, Keramik 1860 \u2013 1960, Inventarnummer D\/LXXXIII\/\/7 D\u00fcmler &#038; Breiden Fabrik reichverzierter, altdeutscher Steinkr\u00fcge, Trinkhumpen, Pokale, Wein- u. Bierkannen etc. sowie Steinwaren in modernem Geschmack in bunter Glasur und bester Ausf\u00fchrung (attr.), Deutschland, H\u00f6hr, um 1910, Kanne, K\u00fcnstler Paul &hellip; <a href=\"http:\/\/museumek.eu\/?page_id=40134\">Weiterlesen <span class=\"meta-nav\">&rarr;<\/span><\/a><\/p>\n","protected":false},"author":1,"featured_media":0,"parent":22586,"menu_order":7,"comment_status":"closed","ping_status":"open","template":"","meta":[],"_links":{"self":[{"href":"http:\/\/museumek.eu\/index.php?rest_route=\/wp\/v2\/pages\/40134"}],"collection":[{"href":"http:\/\/museumek.eu\/index.php?rest_route=\/wp\/v2\/pages"}],"about":[{"href":"http:\/\/museumek.eu\/index.php?rest_route=\/wp\/v2\/types\/page"}],"author":[{"embeddable":true,"href":"http:\/\/museumek.eu\/index.php?rest_route=\/wp\/v2\/users\/1"}],"replies":[{"embeddable":true,"href":"http:\/\/museumek.eu\/index.php?rest_route=%2Fwp%2Fv2%2Fcomments&post=40134"}],"version-history":[{"count":4,"href":"http:\/\/museumek.eu\/index.php?rest_route=\/wp\/v2\/pages\/40134\/revisions"}],"predecessor-version":[{"id":40138,"href":"http:\/\/museumek.eu\/index.php?rest_route=\/wp\/v2\/pages\/40134\/revisions\/40138"}],"up":[{"embeddable":true,"href":"http:\/\/museumek.eu\/index.php?rest_route=\/wp\/v2\/pages\/22586"}],"wp:attachment":[{"href":"http:\/\/museumek.eu\/index.php?rest_route=%2Fwp%2Fv2%2Fmedia&parent=40134"}],"curies":[{"name":"wp","href":"https:\/\/api.w.org\/{rel}","templated":true}]}}