{"id":40143,"date":"2015-05-23T17:12:49","date_gmt":"2015-05-23T15:12:49","guid":{"rendered":"http:\/\/museumek.eu\/?page_id=40143"},"modified":"2015-05-23T17:14:04","modified_gmt":"2015-05-23T15:14:04","slug":"dcix2","status":"publish","type":"page","link":"http:\/\/museumek.eu\/?page_id=40143","title":{"rendered":"D\/CIX\/2"},"content":{"rendered":"<p><strong>Abteilung Deutschland, Keramik 1860 \u2013 1960, Inventarnummer D\/CIX\/2<\/strong><\/p>\n<p>Johann Peter Thewalt, Inh. Carl Thewalt Fabrik gew\u00f6hnlicher und feinverzierter Steinzeugwaren, Spielzeuge, vormals Johann Peter Thewalt Fabrik kunstgewerblicher und gew\u00f6hnlicher Gebrauchs-Steinzeuge, Deutschland, H\u00f6hr, um 1910, Seidel, K\u00fcnstler Theodor Schmidt, Werks.-Nr. ohne, Exemplar Nr. ohne, gemarkt Firmenmarke mit JPT (f\u00fcr Johann Peter Thewalt) ineinander gesetzt, dar\u00fcber ein Punkt (das ist der Punkt vom j) sowie \u00bd L \u00fcber Eichstrich gepresst, TS (f\u00fcr Theodor Schmidt) ineinander gesetzt schwarz gemalt, im Zinndeckel mit gegossene Rundmarke der Zinngie\u00dferei Johann Lindner, M\u00fcnchen (bestand von ca. 1903 bis ca. 1925), signiert TS, Literatur: J\u00fcrgen Schimanski, Braun geflammt und grau gesalzen, Seite 225, Beschreibung der Fabrik sowie Marke 39 identisch, weitere Literatur: J\u00fcrgen Schimanski und J\u00fcrgen Erlebach, Westerw\u00e4lder Steinzeug, Die Neue \u00c4ra, Seite 114, dort als Firmenmarke der keramischen Fabrik Paulus &#038; Thewalt benannt (die beiden Autoren ordneten damals diese Firmenmarke falsch zu, Schimanski korrigiert das in seinem von ihm allein sp\u00e4ter herausgebrachten Buch, siehe oben) sowie Marke Nr. 39 identisch mit der Bodenmarke des MEK Exemplares, die T\u00f6pfertradition der Familie Thewalt reicht bis in das 18. Jh. zur\u00fcck, ein T\u00f6pfer namens Hermann Thewalt ist bereits im 18. Jh. in den amtlichen B\u00fcchern gelistet, dessen Sohn Johann Peter Thewalt (1784 \u2013 1861) wandert im Zuge seiner Hochzeit mit Katharina Gerz im Jahre 1813 von Hillscheid nach H\u00f6hr aus, Johann Peter Thewalts Sohn Johann Peter Thewalt jr. (1822 \u2013 1887) gr\u00fcndet 1852 in H\u00f6hr eine Steinzeugfabrik und firmierte als Johann Peter Thewalt Fabrik kunstgewerblicher und gew\u00f6hnlicher Gebrauchs-Steinzeuge, nach seinem Tod 1887, f\u00fchrt sein Sohn Carl Thewalt die Fabrik fort und firmierte als Johann Peter Thewalt, Inh. Carl Thewalt Fabrik gew\u00f6hnlicher und feinverzierter Steinzeugwaren, Spielzeuge, nach dessen Tod 1923 f\u00fchren seine Witwe Anna Thewalt und sein Sohn Hubert Thewalt die Fabrik fort, evtl. mit dem Zusatz Witwe, mit dem Tode von Anna Thewalt 1930 wurde die Fabrik aufgel\u00f6st, da Carl Thewalt die Tochter des Tonwarenfabrikenten Johann Wilhelm Remy, Anna Remy geheiratet hat, gab es wohl intensive gesch\u00e4ftliche Verbindungen der Thewalt\u2019schen Fabrik mit der Fabrik von J. W. Remy, Formentausch usw., der zweite Sohn von Joahnn Peter Thewalt jr., Albert Jacob Thewalt (1857 \u2013 1939) gr\u00fcndete 1882 zusammen mit seinem Schwager Jean Paulus die keramische Fabrik Paulus und Thewalt, <strong>der 0,8 cm und 1,4 cm breite \u00bd Liter \u00fcber Eichstrich Stempel, dient dem MEK als Identifizierungsstempel f\u00fcr nicht mit einer Firmenmarke versehenen Fabrikate von Johann Peter Thewalt<\/strong>,<br \/>\nH\u00f6he 12,2 cm, Breite 13,2 cm (nur die Keramik)<\/p>\n<p><a href=\"http:\/\/museumek.eu\/?attachment_id=40144\" rel=\"attachment wp-att-40144\"><img loading=\"lazy\" src=\"http:\/\/museumek.eu\/wp-content\/uploads\/2015\/05\/3428-175x300.jpg\" alt=\"\" title=\"3428\" width=\"175\" height=\"300\" class=\"alignnone size-medium wp-image-40144\" srcset=\"http:\/\/museumek.eu\/wp-content\/uploads\/2015\/05\/3428-175x300.jpg 175w, http:\/\/museumek.eu\/wp-content\/uploads\/2015\/05\/3428-87x150.jpg 87w, http:\/\/museumek.eu\/wp-content\/uploads\/2015\/05\/3428.jpg 469w\" sizes=\"(max-width: 175px) 100vw, 175px\" \/><\/a><\/p>\n<p><a href=\"http:\/\/museumek.eu\/?attachment_id=40145\" rel=\"attachment wp-att-40145\"><img loading=\"lazy\" src=\"http:\/\/museumek.eu\/wp-content\/uploads\/2015\/05\/3429-238x300.jpg\" alt=\"\" title=\"3429\" width=\"238\" height=\"300\" class=\"alignnone size-medium wp-image-40145\" srcset=\"http:\/\/museumek.eu\/wp-content\/uploads\/2015\/05\/3429-238x300.jpg 238w, http:\/\/museumek.eu\/wp-content\/uploads\/2015\/05\/3429-119x150.jpg 119w, http:\/\/museumek.eu\/wp-content\/uploads\/2015\/05\/3429.jpg 600w\" sizes=\"(max-width: 238px) 100vw, 238px\" \/><\/a><\/p>\n<p><a href=\"http:\/\/museumek.eu\/?attachment_id=40146\" rel=\"attachment wp-att-40146\"><img loading=\"lazy\" src=\"http:\/\/museumek.eu\/wp-content\/uploads\/2015\/05\/3430-234x300.jpg\" alt=\"\" title=\"3430\" width=\"234\" height=\"300\" class=\"alignnone size-medium wp-image-40146\" srcset=\"http:\/\/museumek.eu\/wp-content\/uploads\/2015\/05\/3430-234x300.jpg 234w, http:\/\/museumek.eu\/wp-content\/uploads\/2015\/05\/3430-117x150.jpg 117w, http:\/\/museumek.eu\/wp-content\/uploads\/2015\/05\/3430.jpg 600w\" sizes=\"(max-width: 234px) 100vw, 234px\" \/><\/a><\/p>\n<p><a href=\"http:\/\/museumek.eu\/?attachment_id=40147\" rel=\"attachment wp-att-40147\"><img loading=\"lazy\" src=\"http:\/\/museumek.eu\/wp-content\/uploads\/2015\/05\/3431-156x300.jpg\" alt=\"\" title=\"3431\" width=\"156\" height=\"300\" class=\"alignnone size-medium wp-image-40147\" srcset=\"http:\/\/museumek.eu\/wp-content\/uploads\/2015\/05\/3431-156x300.jpg 156w, http:\/\/museumek.eu\/wp-content\/uploads\/2015\/05\/3431-78x150.jpg 78w, http:\/\/museumek.eu\/wp-content\/uploads\/2015\/05\/3431.jpg 416w\" sizes=\"(max-width: 156px) 100vw, 156px\" \/><\/a><\/p>\n<p><a href=\"http:\/\/museumek.eu\/?attachment_id=40148\" rel=\"attachment wp-att-40148\"><img loading=\"lazy\" src=\"http:\/\/museumek.eu\/wp-content\/uploads\/2015\/05\/3459-188x300.jpg\" alt=\"\" title=\"3459\" width=\"188\" height=\"300\" class=\"alignnone size-medium wp-image-40148\" srcset=\"http:\/\/museumek.eu\/wp-content\/uploads\/2015\/05\/3459-188x300.jpg 188w, http:\/\/museumek.eu\/wp-content\/uploads\/2015\/05\/3459-94x150.jpg 94w, http:\/\/museumek.eu\/wp-content\/uploads\/2015\/05\/3459.jpg 229w\" sizes=\"(max-width: 188px) 100vw, 188px\" \/><\/a><\/p>\n<p><a href=\"http:\/\/museumek.eu\/?attachment_id=40149\" rel=\"attachment wp-att-40149\"><img loading=\"lazy\" src=\"http:\/\/museumek.eu\/wp-content\/uploads\/2015\/05\/3432-300x211.jpg\" alt=\"\" title=\"3432\" width=\"300\" height=\"211\" class=\"alignnone size-medium wp-image-40149\" srcset=\"http:\/\/museumek.eu\/wp-content\/uploads\/2015\/05\/3432-300x211.jpg 300w, http:\/\/museumek.eu\/wp-content\/uploads\/2015\/05\/3432-150x105.jpg 150w, http:\/\/museumek.eu\/wp-content\/uploads\/2015\/05\/3432-424x300.jpg 424w, http:\/\/museumek.eu\/wp-content\/uploads\/2015\/05\/3432.jpg 603w\" sizes=\"(max-width: 300px) 100vw, 300px\" \/><\/a><\/p>\n<p><a href=\"http:\/\/museumek.eu\/?attachment_id=40150\" rel=\"attachment wp-att-40150\"><img loading=\"lazy\" src=\"http:\/\/museumek.eu\/wp-content\/uploads\/2015\/05\/3433-220x300.jpg\" alt=\"\" title=\"3433\" width=\"220\" height=\"300\" class=\"alignnone size-medium wp-image-40150\" srcset=\"http:\/\/museumek.eu\/wp-content\/uploads\/2015\/05\/3433-220x300.jpg 220w, http:\/\/museumek.eu\/wp-content\/uploads\/2015\/05\/3433-110x150.jpg 110w, http:\/\/museumek.eu\/wp-content\/uploads\/2015\/05\/3433.jpg 429w\" sizes=\"(max-width: 220px) 100vw, 220px\" \/><\/a><\/p>\n<p><a href=\"http:\/\/museumek.eu\/?attachment_id=40151\" rel=\"attachment wp-att-40151\"><img loading=\"lazy\" src=\"http:\/\/museumek.eu\/wp-content\/uploads\/2015\/05\/3434-300x285.jpg\" alt=\"\" title=\"3434\" width=\"300\" height=\"285\" class=\"alignnone size-medium wp-image-40151\" srcset=\"http:\/\/museumek.eu\/wp-content\/uploads\/2015\/05\/3434-300x285.jpg 300w, http:\/\/museumek.eu\/wp-content\/uploads\/2015\/05\/3434-150x142.jpg 150w, http:\/\/museumek.eu\/wp-content\/uploads\/2015\/05\/3434-315x300.jpg 315w, http:\/\/museumek.eu\/wp-content\/uploads\/2015\/05\/3434.jpg 631w\" sizes=\"(max-width: 300px) 100vw, 300px\" \/><\/a><\/p>\n","protected":false},"excerpt":{"rendered":"<p>Abteilung Deutschland, Keramik 1860 \u2013 1960, Inventarnummer D\/CIX\/2 Johann Peter Thewalt, Inh. Carl Thewalt Fabrik gew\u00f6hnlicher und feinverzierter Steinzeugwaren, Spielzeuge, vormals Johann Peter Thewalt Fabrik kunstgewerblicher und gew\u00f6hnlicher Gebrauchs-Steinzeuge, Deutschland, H\u00f6hr, um 1910, Seidel, K\u00fcnstler Theodor Schmidt, Werks.-Nr. ohne, Exemplar &hellip; <a href=\"http:\/\/museumek.eu\/?page_id=40143\">Weiterlesen <span class=\"meta-nav\">&rarr;<\/span><\/a><\/p>\n","protected":false},"author":1,"featured_media":0,"parent":29899,"menu_order":2,"comment_status":"closed","ping_status":"open","template":"","meta":[],"_links":{"self":[{"href":"http:\/\/museumek.eu\/index.php?rest_route=\/wp\/v2\/pages\/40143"}],"collection":[{"href":"http:\/\/museumek.eu\/index.php?rest_route=\/wp\/v2\/pages"}],"about":[{"href":"http:\/\/museumek.eu\/index.php?rest_route=\/wp\/v2\/types\/page"}],"author":[{"embeddable":true,"href":"http:\/\/museumek.eu\/index.php?rest_route=\/wp\/v2\/users\/1"}],"replies":[{"embeddable":true,"href":"http:\/\/museumek.eu\/index.php?rest_route=%2Fwp%2Fv2%2Fcomments&post=40143"}],"version-history":[{"count":6,"href":"http:\/\/museumek.eu\/index.php?rest_route=\/wp\/v2\/pages\/40143\/revisions"}],"predecessor-version":[{"id":40157,"href":"http:\/\/museumek.eu\/index.php?rest_route=\/wp\/v2\/pages\/40143\/revisions\/40157"}],"up":[{"embeddable":true,"href":"http:\/\/museumek.eu\/index.php?rest_route=\/wp\/v2\/pages\/29899"}],"wp:attachment":[{"href":"http:\/\/museumek.eu\/index.php?rest_route=%2Fwp%2Fv2%2Fmedia&parent=40143"}],"curies":[{"name":"wp","href":"https:\/\/api.w.org\/{rel}","templated":true}]}}