{"id":40167,"date":"2015-05-23T18:13:20","date_gmt":"2015-05-23T16:13:20","guid":{"rendered":"http:\/\/museumek.eu\/?page_id=40167"},"modified":"2015-05-23T23:19:58","modified_gmt":"2015-05-23T21:19:58","slug":"kurzbiografie-und-inventar-zum-kunstler","status":"publish","type":"page","link":"http:\/\/museumek.eu\/?page_id=40167","title":{"rendered":"Kurzbiografie und Inventar zum K\u00fcnstler"},"content":{"rendered":"<p>Zu Theodor Schmidt konnten nur wenige Lebensdaten recherchiert werden. Er wurde 1855 geboren. Er starb 1937. Er betrieb in M\u00fcnchen eine Glas- und Porzellanmalerei. Er schuf um 1910 Entw\u00fcrfe f\u00fcr die Westerw\u00e4lder Steinzeugindustrie.<\/p>\n<p><strong>Abteilung Deutschland, Keramik 1860 \u2013 1960, Inventarnummer D\/XXXVII\/71<\/strong><\/p>\n<p>Thonwaaren \u2013 Fabrik Marzi &#038; Remy (attr.), Deutschland, H\u00f6hr, 1913, Seidel, K\u00fcnstler Theodor Schmidt, Werks.-Nr. ohne, Exemplar Nr. ohne, gemarkt keine Firmenmarke aber 3 sowie \u00bd L \u00fcber Eichstrich gepresst sowie TS (f\u00fcr Theodor Schmidt) ineinander gesetzt schwarz gemalt, signiert TS, Literatur: J\u00fcrgen Schimanski, Braun geflammt und grau gesalzen, Seite 203, Beschreibung der Fabrik, au\u00dferdem dort beschrieben, dass eine eigene Firmenmarke (Anmerkung MEK: die stilisierte T\u00f6pfermarke, bestehend aus Mittelachse, daran Antriebstretscheibe, diese immer in einem quadratischen oder trapezf\u00f6rmigen Rahmen) erst Anfang der 1920\u2018 Jahre eingef\u00fchrt worden ist und dass Erzeugnisse der fr\u00fcheren Jahre oft mit dem Schriftzug \u201eGesetzl. Gesch\u00fctzt\u201c (Anmerkung MEK: richtige Schreibweise des Stempels eigentlich mit Gro\u00dfbuchstaben und nicht wie bei Schimanski klein geschrieben, also GESETZL. GESCH\u00dcTZT) gemarkt sind, dieser Beschreibung stimmt das MEK bez\u00fcglich der Firmenmarke nicht zu, das MEK Exemplar D\/XXXVII\/64 widerlegt diese Aussage, vor, bis um 1900, wurde der M &#038; R. darunter H. in einem Rechteck Stempel verwendet, diesen gibt es auch noch als ausgeschriebene Variante (MARZI &#038; REMY darunter H\u00d6HR.), dann nicht in einem Rechteck, sogar mit dem Zusatzstempel GESETZL. GESCH\u00dcTZT, siehe http:\/\/www.steinmarks.co.uk\/pages\/pv.asp?p=stein164, dort unter Marzi &#038; Remy diese Stempelvariante abgebildet als auch die Stempelvariante des oben genannten MEK Exemplares, M &#038; R. darunter H. steht nicht f\u00fcr Merkelbach &#038; Remy, einer Westerw\u00e4lder Fabrik, die in der gleichen Zeit produzierte und f\u00fcr die bisher in der Fachliteratur noch keine Firmenmarke nachgewiesen worden ist, weil sich diese Fabrik in Grenzhausen und nicht in H\u00f6hr befand, bis 1936 waren die beiden Ortschaften eigenst\u00e4ndig und wurden erst am 01.04.1936 zusammen mit der Gemeinde Grenzau zu H\u00f6hr-Grenzhausen zusammengeschlossen, die Fabrik wurde 1879 von Anton Marzi und seinem Schwager Simon Peter Remy in H\u00f6hr gegr\u00fcndet und firmierte als Thonwaaren \u2013 Fabrik Marzi &#038; Remy, ab 1881 wurde eine eigene Zinngie\u00dferei angeschafft und ab 1883 neben dem grau \u2013 blau salzglasiertem Steinzeug auch Elfenbeinsteinzeug produziert, Simon Peter Remy verstarb 1919 und sein Sohn Werner Remy trat in die Fabrik ein, 1924 verstarb Anton Marzi und sein Schwiegersohn Johann Otto B\u00fchler trat in die Fabrik ein, Werner Remy verlie\u00df 1931 die Fabrik, 1941 trat Johann Otto B\u00fchlers Sohn Otto B\u00fchler in die Fabrik ein und 1953 dessen Sohn Otto Georg B\u00fchler, die Fabrik war bis zum Konkurs in den 1990\u2018 Jahren immer in Familienbesitz, Zuordnung: die Fabrikzuordnung erfolgt auf Grund des 1,4 cm breiten und 0,7 cm hohen \u00bd L \u00fcber Eichstrich Stempels, der identisch ist, mit dem 1,4 cm breiten und 0,7 cm hohen \u00bd L. \u00fcber Eichstrich Stempel des mit der Fabrikmarke versehenen Seidels MEK D\/XXXVII\/29, zeitliche Zuordnung: Zinndeckel mit Datierung 1913, H\u00f6he 12,5 cm, Breite 13,5 cm (nur die Keramik)<\/p>\n<p><a href=\"http:\/\/museumek.eu\/?attachment_id=40204\" rel=\"attachment wp-att-40204\"><img loading=\"lazy\" src=\"http:\/\/museumek.eu\/wp-content\/uploads\/2015\/05\/3420-165x300.jpg\" alt=\"\" title=\"3420\" width=\"165\" height=\"300\" class=\"alignnone size-medium wp-image-40204\" srcset=\"http:\/\/museumek.eu\/wp-content\/uploads\/2015\/05\/3420-165x300.jpg 165w, http:\/\/museumek.eu\/wp-content\/uploads\/2015\/05\/3420-82x150.jpg 82w, http:\/\/museumek.eu\/wp-content\/uploads\/2015\/05\/3420.jpg 442w\" sizes=\"(max-width: 165px) 100vw, 165px\" \/><\/a><\/p>\n<p><a href=\"http:\/\/museumek.eu\/?attachment_id=40205\" rel=\"attachment wp-att-40205\"><img loading=\"lazy\" src=\"http:\/\/museumek.eu\/wp-content\/uploads\/2015\/05\/3421-215x300.jpg\" alt=\"\" title=\"3421\" width=\"215\" height=\"300\" class=\"alignnone size-medium wp-image-40205\" srcset=\"http:\/\/museumek.eu\/wp-content\/uploads\/2015\/05\/3421-215x300.jpg 215w, http:\/\/museumek.eu\/wp-content\/uploads\/2015\/05\/3421-107x150.jpg 107w, http:\/\/museumek.eu\/wp-content\/uploads\/2015\/05\/3421.jpg 574w\" sizes=\"(max-width: 215px) 100vw, 215px\" \/><\/a><\/p>\n<p><a href=\"http:\/\/museumek.eu\/?attachment_id=40206\" rel=\"attachment wp-att-40206\"><img loading=\"lazy\" src=\"http:\/\/museumek.eu\/wp-content\/uploads\/2015\/05\/3422-214x300.jpg\" alt=\"\" title=\"3422\" width=\"214\" height=\"300\" class=\"alignnone size-medium wp-image-40206\" srcset=\"http:\/\/museumek.eu\/wp-content\/uploads\/2015\/05\/3422-214x300.jpg 214w, http:\/\/museumek.eu\/wp-content\/uploads\/2015\/05\/3422-107x150.jpg 107w, http:\/\/museumek.eu\/wp-content\/uploads\/2015\/05\/3422.jpg 571w\" sizes=\"(max-width: 214px) 100vw, 214px\" \/><\/a><\/p>\n<p><a href=\"http:\/\/museumek.eu\/?attachment_id=40207\" rel=\"attachment wp-att-40207\"><img loading=\"lazy\" src=\"http:\/\/museumek.eu\/wp-content\/uploads\/2015\/05\/3423-148x300.jpg\" alt=\"\" title=\"3423\" width=\"148\" height=\"300\" class=\"alignnone size-medium wp-image-40207\" srcset=\"http:\/\/museumek.eu\/wp-content\/uploads\/2015\/05\/3423-148x300.jpg 148w, http:\/\/museumek.eu\/wp-content\/uploads\/2015\/05\/3423-74x150.jpg 74w, http:\/\/museumek.eu\/wp-content\/uploads\/2015\/05\/3423.jpg 396w\" sizes=\"(max-width: 148px) 100vw, 148px\" \/><\/a><\/p>\n<p><a href=\"http:\/\/museumek.eu\/?attachment_id=40208\" rel=\"attachment wp-att-40208\"><img loading=\"lazy\" src=\"http:\/\/museumek.eu\/wp-content\/uploads\/2015\/05\/3426-300x277.jpg\" alt=\"\" title=\"3426\" width=\"300\" height=\"277\" class=\"alignnone size-medium wp-image-40208\" srcset=\"http:\/\/museumek.eu\/wp-content\/uploads\/2015\/05\/3426-300x277.jpg 300w, http:\/\/museumek.eu\/wp-content\/uploads\/2015\/05\/3426-150x138.jpg 150w, http:\/\/museumek.eu\/wp-content\/uploads\/2015\/05\/3426-324x300.jpg 324w, http:\/\/museumek.eu\/wp-content\/uploads\/2015\/05\/3426.jpg 648w\" sizes=\"(max-width: 300px) 100vw, 300px\" \/><\/a><\/p>\n<p><a href=\"http:\/\/museumek.eu\/?attachment_id=40209\" rel=\"attachment wp-att-40209\"><img loading=\"lazy\" src=\"http:\/\/museumek.eu\/wp-content\/uploads\/2015\/05\/3424-300x181.jpg\" alt=\"\" title=\"3424\" width=\"300\" height=\"181\" class=\"alignnone size-medium wp-image-40209\" srcset=\"http:\/\/museumek.eu\/wp-content\/uploads\/2015\/05\/3424-300x181.jpg 300w, http:\/\/museumek.eu\/wp-content\/uploads\/2015\/05\/3424-150x90.jpg 150w, http:\/\/museumek.eu\/wp-content\/uploads\/2015\/05\/3424-495x300.jpg 495w, http:\/\/museumek.eu\/wp-content\/uploads\/2015\/05\/3424.jpg 700w\" sizes=\"(max-width: 300px) 100vw, 300px\" \/><\/a><\/p>\n<p><a href=\"http:\/\/museumek.eu\/?attachment_id=40210\" rel=\"attachment wp-att-40210\"><img loading=\"lazy\" src=\"http:\/\/museumek.eu\/wp-content\/uploads\/2015\/05\/3425.jpg\" alt=\"\" title=\"3425\" width=\"179\" height=\"258\" class=\"alignnone size-full wp-image-40210\" srcset=\"http:\/\/museumek.eu\/wp-content\/uploads\/2015\/05\/3425.jpg 179w, http:\/\/museumek.eu\/wp-content\/uploads\/2015\/05\/3425-104x150.jpg 104w\" sizes=\"(max-width: 179px) 100vw, 179px\" \/><\/a><\/p>\n<p><a href=\"http:\/\/museumek.eu\/?attachment_id=40211\" rel=\"attachment wp-att-40211\"><img loading=\"lazy\" src=\"http:\/\/museumek.eu\/wp-content\/uploads\/2015\/05\/3427-300x291.jpg\" alt=\"\" title=\"3427\" width=\"300\" height=\"291\" class=\"alignnone size-medium wp-image-40211\" srcset=\"http:\/\/museumek.eu\/wp-content\/uploads\/2015\/05\/3427-300x291.jpg 300w, http:\/\/museumek.eu\/wp-content\/uploads\/2015\/05\/3427-150x145.jpg 150w, http:\/\/museumek.eu\/wp-content\/uploads\/2015\/05\/3427-308x300.jpg 308w, http:\/\/museumek.eu\/wp-content\/uploads\/2015\/05\/3427.jpg 617w\" sizes=\"(max-width: 300px) 100vw, 300px\" \/><\/a><\/p>\n<p><strong>Abteilung Deutschland, Keramik 1860 \u2013 1960, Inventarnummer D\/CIX\/2<\/strong><\/p>\n<p>Johann Peter Thewalt, Inh. Carl Thewalt Fabrik gew\u00f6hnlicher und feinverzierter Steinzeugwaren, Spielzeuge, vormals Johann Peter Thewalt Fabrik kunstgewerblicher und gew\u00f6hnlicher Gebrauchs-Steinzeuge, Deutschland, H\u00f6hr, um 1910, Seidel, K\u00fcnstler Theodor Schmidt, Werks.-Nr. ohne, Exemplar Nr. ohne, gemarkt Firmenmarke mit JPT (f\u00fcr Johann Peter Thewalt) ineinander gesetzt, dar\u00fcber ein Punkt (das ist der Punkt vom j) sowie \u00bd L \u00fcber Eichstrich gepresst, TS (f\u00fcr Theodor Schmidt) ineinander gesetzt schwarz gemalt, im Zinndeckel mit gegossene Rundmarke der Zinngie\u00dferei Johann Lindner, M\u00fcnchen (bestand von ca. 1903 bis ca. 1925), signiert TS, Literatur: J\u00fcrgen Schimanski, Braun geflammt und grau gesalzen, Seite 225, Beschreibung der Fabrik sowie Marke 39 identisch, weitere Literatur: J\u00fcrgen Schimanski und J\u00fcrgen Erlebach, Westerw\u00e4lder Steinzeug, Die Neue \u00c4ra, Seite 114, dort als Firmenmarke der keramischen Fabrik Paulus &#038; Thewalt benannt (die beiden Autoren ordneten damals diese Firmenmarke falsch zu, Schimanski korrigiert das in seinem von ihm allein sp\u00e4ter herausgebrachten Buch, siehe oben) sowie Marke Nr. 39 identisch mit der Bodenmarke des MEK Exemplares, die T\u00f6pfertradition der Familie Thewalt reicht bis in das 18. Jh. zur\u00fcck, ein T\u00f6pfer namens Hermann Thewalt ist bereits im 18. Jh. in den amtlichen B\u00fcchern gelistet, dessen Sohn Johann Peter Thewalt (1784 \u2013 1861) wandert im Zuge seiner Hochzeit mit Katharina Gerz im Jahre 1813 von Hillscheid nach H\u00f6hr aus, Johann Peter Thewalts Sohn Johann Peter Thewalt jr. (1822 \u2013 1887) gr\u00fcndet 1852 in H\u00f6hr eine Steinzeugfabrik und firmierte als Johann Peter Thewalt Fabrik kunstgewerblicher und gew\u00f6hnlicher Gebrauchs-Steinzeuge, nach seinem Tod 1887, f\u00fchrt sein Sohn Carl Thewalt die Fabrik fort und firmierte als Johann Peter Thewalt, Inh. Carl Thewalt Fabrik gew\u00f6hnlicher und feinverzierter Steinzeugwaren, Spielzeuge, nach dessen Tod 1923 f\u00fchren seine Witwe Anna Thewalt und sein Sohn Hubert Thewalt die Fabrik fort, evtl. mit dem Zusatz Witwe, mit dem Tode von Anna Thewalt 1930 wurde die Fabrik aufgel\u00f6st, da Carl Thewalt die Tochter des Tonwarenfabrikenten Johann Wilhelm Remy, Anna Remy geheiratet hat, gab es wohl intensive gesch\u00e4ftliche Verbindungen der Thewalt\u2019schen Fabrik mit der Fabrik von J. W. Remy, Formentausch usw., der zweite Sohn von Joahnn Peter Thewalt jr., Albert Jacob Thewalt (1857 \u2013 1939) gr\u00fcndete 1882 zusammen mit seinem Schwager Jean Paulus die keramische Fabrik Paulus und Thewalt, <strong>der 0,8 cm und 1,4 cm breite \u00bd Liter \u00fcber Eichstrich Stempel, dient dem MEK als Identifizierungsstempel f\u00fcr nicht mit einer Firmenmarke versehenen Fabrikate von Johann Peter Thewalt<\/strong>,<br \/>\nH\u00f6he 12,2 cm, Breite 13,2 cm (nur die Keramik)<\/p>\n<p><a href=\"http:\/\/museumek.eu\/?attachment_id=40144\" rel=\"attachment wp-att-40144\"><img loading=\"lazy\" src=\"http:\/\/museumek.eu\/wp-content\/uploads\/2015\/05\/3428-175x300.jpg\" alt=\"\" title=\"3428\" width=\"175\" height=\"300\" class=\"alignnone size-medium wp-image-40144\" srcset=\"http:\/\/museumek.eu\/wp-content\/uploads\/2015\/05\/3428-175x300.jpg 175w, http:\/\/museumek.eu\/wp-content\/uploads\/2015\/05\/3428-87x150.jpg 87w, http:\/\/museumek.eu\/wp-content\/uploads\/2015\/05\/3428.jpg 469w\" sizes=\"(max-width: 175px) 100vw, 175px\" \/><\/a><\/p>\n<p><a href=\"http:\/\/museumek.eu\/?attachment_id=40145\" rel=\"attachment wp-att-40145\"><img loading=\"lazy\" src=\"http:\/\/museumek.eu\/wp-content\/uploads\/2015\/05\/3429-238x300.jpg\" alt=\"\" title=\"3429\" width=\"238\" height=\"300\" class=\"alignnone size-medium wp-image-40145\" srcset=\"http:\/\/museumek.eu\/wp-content\/uploads\/2015\/05\/3429-238x300.jpg 238w, http:\/\/museumek.eu\/wp-content\/uploads\/2015\/05\/3429-119x150.jpg 119w, http:\/\/museumek.eu\/wp-content\/uploads\/2015\/05\/3429.jpg 600w\" sizes=\"(max-width: 238px) 100vw, 238px\" \/><\/a><\/p>\n<p><a href=\"http:\/\/museumek.eu\/?attachment_id=40146\" rel=\"attachment wp-att-40146\"><img loading=\"lazy\" src=\"http:\/\/museumek.eu\/wp-content\/uploads\/2015\/05\/3430-234x300.jpg\" alt=\"\" title=\"3430\" width=\"234\" height=\"300\" class=\"alignnone size-medium wp-image-40146\" srcset=\"http:\/\/museumek.eu\/wp-content\/uploads\/2015\/05\/3430-234x300.jpg 234w, http:\/\/museumek.eu\/wp-content\/uploads\/2015\/05\/3430-117x150.jpg 117w, http:\/\/museumek.eu\/wp-content\/uploads\/2015\/05\/3430.jpg 600w\" sizes=\"(max-width: 234px) 100vw, 234px\" \/><\/a><\/p>\n<p><a href=\"http:\/\/museumek.eu\/?attachment_id=40147\" rel=\"attachment wp-att-40147\"><img loading=\"lazy\" src=\"http:\/\/museumek.eu\/wp-content\/uploads\/2015\/05\/3431-156x300.jpg\" alt=\"\" title=\"3431\" width=\"156\" height=\"300\" class=\"alignnone size-medium wp-image-40147\" srcset=\"http:\/\/museumek.eu\/wp-content\/uploads\/2015\/05\/3431-156x300.jpg 156w, http:\/\/museumek.eu\/wp-content\/uploads\/2015\/05\/3431-78x150.jpg 78w, http:\/\/museumek.eu\/wp-content\/uploads\/2015\/05\/3431.jpg 416w\" sizes=\"(max-width: 156px) 100vw, 156px\" \/><\/a><\/p>\n<p><a href=\"http:\/\/museumek.eu\/?attachment_id=40148\" rel=\"attachment wp-att-40148\"><img loading=\"lazy\" src=\"http:\/\/museumek.eu\/wp-content\/uploads\/2015\/05\/3459-188x300.jpg\" alt=\"\" title=\"3459\" width=\"188\" height=\"300\" class=\"alignnone size-medium wp-image-40148\" srcset=\"http:\/\/museumek.eu\/wp-content\/uploads\/2015\/05\/3459-188x300.jpg 188w, http:\/\/museumek.eu\/wp-content\/uploads\/2015\/05\/3459-94x150.jpg 94w, http:\/\/museumek.eu\/wp-content\/uploads\/2015\/05\/3459.jpg 229w\" sizes=\"(max-width: 188px) 100vw, 188px\" \/><\/a><\/p>\n<p><a href=\"http:\/\/museumek.eu\/?attachment_id=40149\" rel=\"attachment wp-att-40149\"><img loading=\"lazy\" src=\"http:\/\/museumek.eu\/wp-content\/uploads\/2015\/05\/3432-300x211.jpg\" alt=\"\" title=\"3432\" width=\"300\" height=\"211\" class=\"alignnone size-medium wp-image-40149\" srcset=\"http:\/\/museumek.eu\/wp-content\/uploads\/2015\/05\/3432-300x211.jpg 300w, http:\/\/museumek.eu\/wp-content\/uploads\/2015\/05\/3432-150x105.jpg 150w, http:\/\/museumek.eu\/wp-content\/uploads\/2015\/05\/3432-424x300.jpg 424w, http:\/\/museumek.eu\/wp-content\/uploads\/2015\/05\/3432.jpg 603w\" sizes=\"(max-width: 300px) 100vw, 300px\" \/><\/a><\/p>\n<p><a href=\"http:\/\/museumek.eu\/?attachment_id=40150\" rel=\"attachment wp-att-40150\"><img loading=\"lazy\" src=\"http:\/\/museumek.eu\/wp-content\/uploads\/2015\/05\/3433-220x300.jpg\" alt=\"\" title=\"3433\" width=\"220\" height=\"300\" class=\"alignnone size-medium wp-image-40150\" srcset=\"http:\/\/museumek.eu\/wp-content\/uploads\/2015\/05\/3433-220x300.jpg 220w, http:\/\/museumek.eu\/wp-content\/uploads\/2015\/05\/3433-110x150.jpg 110w, http:\/\/museumek.eu\/wp-content\/uploads\/2015\/05\/3433.jpg 429w\" sizes=\"(max-width: 220px) 100vw, 220px\" \/><\/a><\/p>\n<p><a href=\"http:\/\/museumek.eu\/?attachment_id=40151\" rel=\"attachment wp-att-40151\"><img loading=\"lazy\" src=\"http:\/\/museumek.eu\/wp-content\/uploads\/2015\/05\/3434-300x285.jpg\" alt=\"\" title=\"3434\" width=\"300\" height=\"285\" class=\"alignnone size-medium wp-image-40151\" srcset=\"http:\/\/museumek.eu\/wp-content\/uploads\/2015\/05\/3434-300x285.jpg 300w, http:\/\/museumek.eu\/wp-content\/uploads\/2015\/05\/3434-150x142.jpg 150w, http:\/\/museumek.eu\/wp-content\/uploads\/2015\/05\/3434-315x300.jpg 315w, http:\/\/museumek.eu\/wp-content\/uploads\/2015\/05\/3434.jpg 631w\" sizes=\"(max-width: 300px) 100vw, 300px\" \/><\/a><\/p>\n","protected":false},"excerpt":{"rendered":"<p>Zu Theodor Schmidt konnten nur wenige Lebensdaten recherchiert werden. Er wurde 1855 geboren. Er starb 1937. Er betrieb in M\u00fcnchen eine Glas- und Porzellanmalerei. Er schuf um 1910 Entw\u00fcrfe f\u00fcr die Westerw\u00e4lder Steinzeugindustrie. Abteilung Deutschland, Keramik 1860 \u2013 1960, Inventarnummer &hellip; <a href=\"http:\/\/museumek.eu\/?page_id=40167\">Weiterlesen <span class=\"meta-nav\">&rarr;<\/span><\/a><\/p>\n","protected":false},"author":1,"featured_media":0,"parent":40164,"menu_order":1,"comment_status":"closed","ping_status":"open","template":"","meta":[],"_links":{"self":[{"href":"http:\/\/museumek.eu\/index.php?rest_route=\/wp\/v2\/pages\/40167"}],"collection":[{"href":"http:\/\/museumek.eu\/index.php?rest_route=\/wp\/v2\/pages"}],"about":[{"href":"http:\/\/museumek.eu\/index.php?rest_route=\/wp\/v2\/types\/page"}],"author":[{"embeddable":true,"href":"http:\/\/museumek.eu\/index.php?rest_route=\/wp\/v2\/users\/1"}],"replies":[{"embeddable":true,"href":"http:\/\/museumek.eu\/index.php?rest_route=%2Fwp%2Fv2%2Fcomments&post=40167"}],"version-history":[{"count":6,"href":"http:\/\/museumek.eu\/index.php?rest_route=\/wp\/v2\/pages\/40167\/revisions"}],"predecessor-version":[{"id":40223,"href":"http:\/\/museumek.eu\/index.php?rest_route=\/wp\/v2\/pages\/40167\/revisions\/40223"}],"up":[{"embeddable":true,"href":"http:\/\/museumek.eu\/index.php?rest_route=\/wp\/v2\/pages\/40164"}],"wp:attachment":[{"href":"http:\/\/museumek.eu\/index.php?rest_route=%2Fwp%2Fv2%2Fmedia&parent=40167"}],"curies":[{"name":"wp","href":"https:\/\/api.w.org\/{rel}","templated":true}]}}