{"id":40224,"date":"2015-05-24T00:39:55","date_gmt":"2015-05-23T22:39:55","guid":{"rendered":"http:\/\/museumek.eu\/?page_id=40224"},"modified":"2015-05-24T00:41:12","modified_gmt":"2015-05-23T22:41:12","slug":"dxxxvii72","status":"publish","type":"page","link":"http:\/\/museumek.eu\/?page_id=40224","title":{"rendered":"D\/XXXVII\/72"},"content":{"rendered":"<p><strong>Abteilung Deutschland, Keramik 1860 \u2013 1960, Inventarnummer D\/XXXVII\/72<\/strong><\/p>\n<p>Thonwaaren \u2013 Fabrik Marzi &#038; Remy (attr.), Deutschland, H\u00f6hr, um 1910, Krug, K\u00fcnstler unbekannt, Werks.-Nr. 1945, Exemplar Nr. ohne, gemarkt keine Firmenmarke aber 1945 sowie 1 L. \u00fcber Eichstrich gepresst, nicht gedeutete Buchstaben und Zahlen mit Bleistift am Boden gemalt, nicht signiert, Literatur: J\u00fcrgen Schimanski, Braun geflammt und grau gesalzen, Seite 203, Beschreibung der Fabrik au\u00dferdem dort beschrieben, dass eine eigene Firmenmarke (Anmerkung MEK: die stilisierte T\u00f6pfermarke, bestehend aus Mittelachse, daran Antriebstretscheibe, diese immer in einem quadratischen oder trapezf\u00f6rmigen Rahmen) erst Anfang der 1920\u2018 Jahre eingef\u00fchrt worden ist und dass Erzeugnisse der fr\u00fcheren Jahre oft mit dem Schriftzug \u201eGesetzl. Gesch\u00fctzt\u201c (Anmerkung MEK: richtige Schreibweise des Stempels eigentlich mit Gro\u00dfbuchstaben und nicht wie bei Schimanski klein geschrieben, also GESETZL. GESCH\u00dcTZT) gemarkt sind, dieser Beschreibung stimmt das MEK bez\u00fcglich der Firmenmarke nicht zu, das MEK Exemplar D\/XXXVII\/64 widerlegt diese Aussage, vor, bis um 1900, wurde der M &#038; R. darunter H. in einem Rechteck Stempel verwendet, diesen gibt es auch noch als ausgeschriebene Variante (MARZI &#038; REMY darunter H\u00d6HR.), dann nicht in einem Rechteck, sogar mit dem Zusatzstempel GESETZL. GESCH\u00dcTZT, siehe <strong>http:\/\/www.steinmarks.co.uk\/pages\/pv.asp?p=stein164<\/strong>, dort unter Marzi &#038; Remy diese Stempelvariante abgebildet als auch die Stempelvariante des oben genannten MEK Exemplares, M &#038; R. darunter H. steht <strong>nicht<\/strong> f\u00fcr Merkelbach &#038; Remy, einer Westerw\u00e4lder Fabrik, die in der gleichen Zeit produzierte und f\u00fcr die bisher in der Fachliteratur noch keine Firmenmarke nachgewiesen worden ist, weil sich diese Fabrik in Grenzhausen und nicht in H\u00f6hr befand, bis 1936 waren die beiden Ortschaften eigenst\u00e4ndig und wurden erst am 01.04.1936 zusammen mit der Gemeinde Grenzau zu H\u00f6hr-Grenzhausen zusammengeschlossen, die Fabrik wurde 1879 von Anton Marzi und seinem Schwager Simon Peter Remy in H\u00f6hr gegr\u00fcndet und firmierte als Thonwaaren \u2013 Fabrik Marzi &#038; Remy, ab 1881 wurde eine eigene Zinngie\u00dferei angeschafft und ab 1883 neben dem grau \u2013 blau salzglasiertem Steinzeug auch Elfenbeinsteinzeug produziert, Simon Peter Remy verstarb 1919 und sein Sohn Werner Remy trat in die Fabrik ein, 1924 verstarb Anton Marzi und sein Schwiegersohn Johann Otto B\u00fchler trat in die Fabrik ein, Werner Remy verlie\u00df 1931 die Fabrik, 1941 trat Johann Otto B\u00fchlers Sohn Otto B\u00fchler in die Fabrik ein und 1953 dessen Sohn Otto Georg B\u00fchler, die Fabrik war bis zum Konkurs in den 1990\u2018 Jahren immer in Familienbesitz, Zuordnung: der 1 Liter \u00fcber Eichstrich Stempel ist identisch mit dem 1 Liter \u00fcber Eichstrich Stempel des f\u00fcr die Identifizierung f\u00fcr nicht mit einer Firmenmarke versehene Fabrikate von Marzi &#038; Remy bestimmten 1 Liter Kruges MEK D\/XXXVII\/27, <strong>das MEK Exemplar mit der Werks.-Nr. 1945 ist in der Fachliteratur noch nicht erfasst<\/strong>, Ausf\u00fchrung als Steinzeug grau-blau salzglasiert, Zinnmontur mit Blechdeckel, H\u00f6he 16,8 cm, Breite 15,8 cm (nur die Keramik)<\/p>\n<p><a href=\"http:\/\/museumek.eu\/?attachment_id=40225\" rel=\"attachment wp-att-40225\"><img loading=\"lazy\" src=\"http:\/\/museumek.eu\/wp-content\/uploads\/2015\/05\/3676-165x300.jpg\" alt=\"\" title=\"3676\" width=\"165\" height=\"300\" class=\"alignnone size-medium wp-image-40225\" srcset=\"http:\/\/museumek.eu\/wp-content\/uploads\/2015\/05\/3676-165x300.jpg 165w, http:\/\/museumek.eu\/wp-content\/uploads\/2015\/05\/3676-82x150.jpg 82w, http:\/\/museumek.eu\/wp-content\/uploads\/2015\/05\/3676.jpg 440w\" sizes=\"(max-width: 165px) 100vw, 165px\" \/><\/a><\/p>\n<p><a href=\"http:\/\/museumek.eu\/?attachment_id=40226\" rel=\"attachment wp-att-40226\"><img loading=\"lazy\" src=\"http:\/\/museumek.eu\/wp-content\/uploads\/2015\/05\/3677-222x300.jpg\" alt=\"\" title=\"3677\" width=\"222\" height=\"300\" class=\"alignnone size-medium wp-image-40226\" srcset=\"http:\/\/museumek.eu\/wp-content\/uploads\/2015\/05\/3677-222x300.jpg 222w, http:\/\/museumek.eu\/wp-content\/uploads\/2015\/05\/3677-111x150.jpg 111w, http:\/\/museumek.eu\/wp-content\/uploads\/2015\/05\/3677.jpg 594w\" sizes=\"(max-width: 222px) 100vw, 222px\" \/><\/a><\/p>\n<p><a href=\"http:\/\/museumek.eu\/?attachment_id=40227\" rel=\"attachment wp-att-40227\"><img loading=\"lazy\" src=\"http:\/\/museumek.eu\/wp-content\/uploads\/2015\/05\/3678-214x300.jpg\" alt=\"\" title=\"3678\" width=\"214\" height=\"300\" class=\"alignnone size-medium wp-image-40227\" srcset=\"http:\/\/museumek.eu\/wp-content\/uploads\/2015\/05\/3678-214x300.jpg 214w, http:\/\/museumek.eu\/wp-content\/uploads\/2015\/05\/3678-107x150.jpg 107w, http:\/\/museumek.eu\/wp-content\/uploads\/2015\/05\/3678.jpg 571w\" sizes=\"(max-width: 214px) 100vw, 214px\" \/><\/a><\/p>\n<p><a href=\"http:\/\/museumek.eu\/?attachment_id=40228\" rel=\"attachment wp-att-40228\"><img loading=\"lazy\" src=\"http:\/\/museumek.eu\/wp-content\/uploads\/2015\/05\/3679-149x300.jpg\" alt=\"\" title=\"3679\" width=\"149\" height=\"300\" class=\"alignnone size-medium wp-image-40228\" srcset=\"http:\/\/museumek.eu\/wp-content\/uploads\/2015\/05\/3679-149x300.jpg 149w, http:\/\/museumek.eu\/wp-content\/uploads\/2015\/05\/3679-74x150.jpg 74w, http:\/\/museumek.eu\/wp-content\/uploads\/2015\/05\/3679.jpg 399w\" sizes=\"(max-width: 149px) 100vw, 149px\" \/><\/a><\/p>\n<p><a href=\"http:\/\/museumek.eu\/?attachment_id=40229\" rel=\"attachment wp-att-40229\"><img loading=\"lazy\" src=\"http:\/\/museumek.eu\/wp-content\/uploads\/2015\/05\/3680-134x300.jpg\" alt=\"\" title=\"3680\" width=\"134\" height=\"300\" class=\"alignnone size-medium wp-image-40229\" srcset=\"http:\/\/museumek.eu\/wp-content\/uploads\/2015\/05\/3680-134x300.jpg 134w, http:\/\/museumek.eu\/wp-content\/uploads\/2015\/05\/3680-67x150.jpg 67w, http:\/\/museumek.eu\/wp-content\/uploads\/2015\/05\/3680.jpg 358w\" sizes=\"(max-width: 134px) 100vw, 134px\" \/><\/a><\/p>\n<p><a href=\"http:\/\/museumek.eu\/?attachment_id=40230\" rel=\"attachment wp-att-40230\"><img loading=\"lazy\" src=\"http:\/\/museumek.eu\/wp-content\/uploads\/2015\/05\/3681-300x284.jpg\" alt=\"\" title=\"3681\" width=\"300\" height=\"284\" class=\"alignnone size-medium wp-image-40230\" srcset=\"http:\/\/museumek.eu\/wp-content\/uploads\/2015\/05\/3681-300x284.jpg 300w, http:\/\/museumek.eu\/wp-content\/uploads\/2015\/05\/3681-150x142.jpg 150w, http:\/\/museumek.eu\/wp-content\/uploads\/2015\/05\/3681-316x300.jpg 316w, http:\/\/museumek.eu\/wp-content\/uploads\/2015\/05\/3681.jpg 455w\" sizes=\"(max-width: 300px) 100vw, 300px\" \/><\/a><\/p>\n<p><a href=\"http:\/\/museumek.eu\/?attachment_id=40231\" rel=\"attachment wp-att-40231\"><img loading=\"lazy\" src=\"http:\/\/museumek.eu\/wp-content\/uploads\/2015\/05\/3682-300x263.jpg\" alt=\"\" title=\"3682\" width=\"300\" height=\"263\" class=\"alignnone size-medium wp-image-40231\" srcset=\"http:\/\/museumek.eu\/wp-content\/uploads\/2015\/05\/3682-300x263.jpg 300w, http:\/\/museumek.eu\/wp-content\/uploads\/2015\/05\/3682-150x131.jpg 150w, http:\/\/museumek.eu\/wp-content\/uploads\/2015\/05\/3682-341x300.jpg 341w, http:\/\/museumek.eu\/wp-content\/uploads\/2015\/05\/3682.jpg 682w\" sizes=\"(max-width: 300px) 100vw, 300px\" \/><\/a><\/p>\n<p><a href=\"http:\/\/museumek.eu\/?attachment_id=40232\" rel=\"attachment wp-att-40232\"><img loading=\"lazy\" src=\"http:\/\/museumek.eu\/wp-content\/uploads\/2015\/05\/3683-300x231.jpg\" alt=\"\" title=\"3683\" width=\"300\" height=\"231\" class=\"alignnone size-medium wp-image-40232\" srcset=\"http:\/\/museumek.eu\/wp-content\/uploads\/2015\/05\/3683-300x231.jpg 300w, http:\/\/museumek.eu\/wp-content\/uploads\/2015\/05\/3683-150x115.jpg 150w, http:\/\/museumek.eu\/wp-content\/uploads\/2015\/05\/3683-389x300.jpg 389w, http:\/\/museumek.eu\/wp-content\/uploads\/2015\/05\/3683.jpg 778w\" sizes=\"(max-width: 300px) 100vw, 300px\" \/><\/a><\/p>\n","protected":false},"excerpt":{"rendered":"<p>Abteilung Deutschland, Keramik 1860 \u2013 1960, Inventarnummer D\/XXXVII\/72 Thonwaaren \u2013 Fabrik Marzi &#038; Remy (attr.), Deutschland, H\u00f6hr, um 1910, Krug, K\u00fcnstler unbekannt, Werks.-Nr. 1945, Exemplar Nr. ohne, gemarkt keine Firmenmarke aber 1945 sowie 1 L. \u00fcber Eichstrich gepresst, nicht gedeutete &hellip; <a href=\"http:\/\/museumek.eu\/?page_id=40224\">Weiterlesen <span class=\"meta-nav\">&rarr;<\/span><\/a><\/p>\n","protected":false},"author":1,"featured_media":0,"parent":39755,"menu_order":72,"comment_status":"closed","ping_status":"open","template":"","meta":[],"_links":{"self":[{"href":"http:\/\/museumek.eu\/index.php?rest_route=\/wp\/v2\/pages\/40224"}],"collection":[{"href":"http:\/\/museumek.eu\/index.php?rest_route=\/wp\/v2\/pages"}],"about":[{"href":"http:\/\/museumek.eu\/index.php?rest_route=\/wp\/v2\/types\/page"}],"author":[{"embeddable":true,"href":"http:\/\/museumek.eu\/index.php?rest_route=\/wp\/v2\/users\/1"}],"replies":[{"embeddable":true,"href":"http:\/\/museumek.eu\/index.php?rest_route=%2Fwp%2Fv2%2Fcomments&post=40224"}],"version-history":[{"count":6,"href":"http:\/\/museumek.eu\/index.php?rest_route=\/wp\/v2\/pages\/40224\/revisions"}],"predecessor-version":[{"id":40238,"href":"http:\/\/museumek.eu\/index.php?rest_route=\/wp\/v2\/pages\/40224\/revisions\/40238"}],"up":[{"embeddable":true,"href":"http:\/\/museumek.eu\/index.php?rest_route=\/wp\/v2\/pages\/39755"}],"wp:attachment":[{"href":"http:\/\/museumek.eu\/index.php?rest_route=%2Fwp%2Fv2%2Fmedia&parent=40224"}],"curies":[{"name":"wp","href":"https:\/\/api.w.org\/{rel}","templated":true}]}}