{"id":40343,"date":"2015-05-25T17:10:47","date_gmt":"2015-05-25T15:10:47","guid":{"rendered":"http:\/\/museumek.eu\/?page_id=40343"},"modified":"2015-05-25T21:46:21","modified_gmt":"2015-05-25T19:46:21","slug":"dlxxxii32","status":"publish","type":"page","link":"http:\/\/museumek.eu\/?page_id=40343","title":{"rendered":"D\/LXXXII\/32"},"content":{"rendered":"<p><strong>Abteilung Deutschland, Keramik 1860 \u2013 1960, Inventarnummer D\/LXXXII\/32<\/strong><\/p>\n<p>Westerw\u00e4lder Steinzeug ohne Fabrikzuordnung, Deutschland, Westerwald, um 1910, Seidel, K\u00fcnstler unbekannt, Werks.-Nr. ohne, Exemplar Nr. ohne, gemarkt keine Firmenmarke aber 0,5 L. \u00fcber Eichstrich gepresst, 3 geritzt, 14 mit Bleistift gemalt, nicht signiert, siehe auch MEK D\/LXXXII\/33 identischer Seidel mit gr\u00fcner Glasur, der Spruch lautet: \u201eDiE REDE SEi WAHR, DER TRUNK SEi KLAR\u201c, Ausf\u00fchrung als Elfenbeinsteinzeug braun glasiert, H\u00f6he 10,5 cm, Breite 15 cm<\/p>\n<p><a href=\"http:\/\/museumek.eu\/?attachment_id=40344\" rel=\"attachment wp-att-40344\"><img loading=\"lazy\" src=\"http:\/\/museumek.eu\/wp-content\/uploads\/2015\/05\/3639-277x300.jpg\" alt=\"\" title=\"3639\" width=\"277\" height=\"300\" class=\"alignnone size-medium wp-image-40344\" srcset=\"http:\/\/museumek.eu\/wp-content\/uploads\/2015\/05\/3639-277x300.jpg 277w, http:\/\/museumek.eu\/wp-content\/uploads\/2015\/05\/3639-138x150.jpg 138w, http:\/\/museumek.eu\/wp-content\/uploads\/2015\/05\/3639.jpg 600w\" sizes=\"(max-width: 277px) 100vw, 277px\" \/><\/a><\/p>\n<p><a href=\"http:\/\/museumek.eu\/?attachment_id=40345\" rel=\"attachment wp-att-40345\"><img loading=\"lazy\" src=\"http:\/\/museumek.eu\/wp-content\/uploads\/2015\/05\/3640-300x253.jpg\" alt=\"\" title=\"3640\" width=\"300\" height=\"253\" class=\"alignnone size-medium wp-image-40345\" srcset=\"http:\/\/museumek.eu\/wp-content\/uploads\/2015\/05\/3640-300x253.jpg 300w, http:\/\/museumek.eu\/wp-content\/uploads\/2015\/05\/3640-150x126.jpg 150w, http:\/\/museumek.eu\/wp-content\/uploads\/2015\/05\/3640-354x300.jpg 354w, http:\/\/museumek.eu\/wp-content\/uploads\/2015\/05\/3640.jpg 709w\" sizes=\"(max-width: 300px) 100vw, 300px\" \/><\/a><\/p>\n<p><a href=\"http:\/\/museumek.eu\/?attachment_id=40346\" rel=\"attachment wp-att-40346\"><img loading=\"lazy\" src=\"http:\/\/museumek.eu\/wp-content\/uploads\/2015\/05\/3641-300x247.jpg\" alt=\"\" title=\"3641\" width=\"300\" height=\"247\" class=\"alignnone size-medium wp-image-40346\" srcset=\"http:\/\/museumek.eu\/wp-content\/uploads\/2015\/05\/3641-300x247.jpg 300w, http:\/\/museumek.eu\/wp-content\/uploads\/2015\/05\/3641-150x123.jpg 150w, http:\/\/museumek.eu\/wp-content\/uploads\/2015\/05\/3641-364x300.jpg 364w, http:\/\/museumek.eu\/wp-content\/uploads\/2015\/05\/3641.jpg 728w\" sizes=\"(max-width: 300px) 100vw, 300px\" \/><\/a><\/p>\n<p><a href=\"http:\/\/museumek.eu\/?attachment_id=40347\" rel=\"attachment wp-att-40347\"><img loading=\"lazy\" src=\"http:\/\/museumek.eu\/wp-content\/uploads\/2015\/05\/3642-263x300.jpg\" alt=\"\" title=\"3642\" width=\"263\" height=\"300\" class=\"alignnone size-medium wp-image-40347\" srcset=\"http:\/\/museumek.eu\/wp-content\/uploads\/2015\/05\/3642-263x300.jpg 263w, http:\/\/museumek.eu\/wp-content\/uploads\/2015\/05\/3642-131x150.jpg 131w, http:\/\/museumek.eu\/wp-content\/uploads\/2015\/05\/3642.jpg 600w\" sizes=\"(max-width: 263px) 100vw, 263px\" \/><\/a><\/p>\n<p><a href=\"http:\/\/museumek.eu\/?attachment_id=40348\" rel=\"attachment wp-att-40348\"><img loading=\"lazy\" src=\"http:\/\/museumek.eu\/wp-content\/uploads\/2015\/05\/3643-277x300.jpg\" alt=\"\" title=\"3643\" width=\"277\" height=\"300\" class=\"alignnone size-medium wp-image-40348\" srcset=\"http:\/\/museumek.eu\/wp-content\/uploads\/2015\/05\/3643-277x300.jpg 277w, http:\/\/museumek.eu\/wp-content\/uploads\/2015\/05\/3643-138x150.jpg 138w, http:\/\/museumek.eu\/wp-content\/uploads\/2015\/05\/3643.jpg 600w\" sizes=\"(max-width: 277px) 100vw, 277px\" \/><\/a><\/p>\n<p><a href=\"http:\/\/museumek.eu\/?attachment_id=40349\" rel=\"attachment wp-att-40349\"><img loading=\"lazy\" src=\"http:\/\/museumek.eu\/wp-content\/uploads\/2015\/05\/3644-300x289.jpg\" alt=\"\" title=\"3644\" width=\"300\" height=\"289\" class=\"alignnone size-medium wp-image-40349\" srcset=\"http:\/\/museumek.eu\/wp-content\/uploads\/2015\/05\/3644-300x289.jpg 300w, http:\/\/museumek.eu\/wp-content\/uploads\/2015\/05\/3644-150x144.jpg 150w, http:\/\/museumek.eu\/wp-content\/uploads\/2015\/05\/3644-311x300.jpg 311w, http:\/\/museumek.eu\/wp-content\/uploads\/2015\/05\/3644.jpg 622w\" sizes=\"(max-width: 300px) 100vw, 300px\" \/><\/a><\/p>\n<p><a href=\"http:\/\/museumek.eu\/?attachment_id=40350\" rel=\"attachment wp-att-40350\"><img loading=\"lazy\" src=\"http:\/\/museumek.eu\/wp-content\/uploads\/2015\/05\/3645-185x300.jpg\" alt=\"\" title=\"3645\" width=\"185\" height=\"300\" class=\"alignnone size-medium wp-image-40350\" srcset=\"http:\/\/museumek.eu\/wp-content\/uploads\/2015\/05\/3645-185x300.jpg 185w, http:\/\/museumek.eu\/wp-content\/uploads\/2015\/05\/3645-92x150.jpg 92w, http:\/\/museumek.eu\/wp-content\/uploads\/2015\/05\/3645.jpg 495w\" sizes=\"(max-width: 185px) 100vw, 185px\" \/><\/a><\/p>\n<p><a href=\"http:\/\/museumek.eu\/?attachment_id=40351\" rel=\"attachment wp-att-40351\"><img loading=\"lazy\" src=\"http:\/\/museumek.eu\/wp-content\/uploads\/2015\/05\/3646-252x300.jpg\" alt=\"\" title=\"3646\" width=\"252\" height=\"300\" class=\"alignnone size-medium wp-image-40351\" srcset=\"http:\/\/museumek.eu\/wp-content\/uploads\/2015\/05\/3646-252x300.jpg 252w, http:\/\/museumek.eu\/wp-content\/uploads\/2015\/05\/3646-126x150.jpg 126w, http:\/\/museumek.eu\/wp-content\/uploads\/2015\/05\/3646.jpg 600w\" sizes=\"(max-width: 252px) 100vw, 252px\" \/><\/a><\/p>\n<p><a href=\"http:\/\/museumek.eu\/?attachment_id=40352\" rel=\"attachment wp-att-40352\"><img loading=\"lazy\" src=\"http:\/\/museumek.eu\/wp-content\/uploads\/2015\/05\/3647-275x300.jpg\" alt=\"\" title=\"3647\" width=\"275\" height=\"300\" class=\"alignnone size-medium wp-image-40352\" srcset=\"http:\/\/museumek.eu\/wp-content\/uploads\/2015\/05\/3647-275x300.jpg 275w, http:\/\/museumek.eu\/wp-content\/uploads\/2015\/05\/3647-137x150.jpg 137w, http:\/\/museumek.eu\/wp-content\/uploads\/2015\/05\/3647.jpg 600w\" sizes=\"(max-width: 275px) 100vw, 275px\" \/><\/a><\/p>\n<p><a href=\"http:\/\/museumek.eu\/?attachment_id=40353\" rel=\"attachment wp-att-40353\"><img loading=\"lazy\" src=\"http:\/\/museumek.eu\/wp-content\/uploads\/2015\/05\/3648-300x172.jpg\" alt=\"\" title=\"3648\" width=\"300\" height=\"172\" class=\"alignnone size-medium wp-image-40353\" srcset=\"http:\/\/museumek.eu\/wp-content\/uploads\/2015\/05\/3648-300x172.jpg 300w, http:\/\/museumek.eu\/wp-content\/uploads\/2015\/05\/3648-150x86.jpg 150w, http:\/\/museumek.eu\/wp-content\/uploads\/2015\/05\/3648-500x287.jpg 500w, http:\/\/museumek.eu\/wp-content\/uploads\/2015\/05\/3648.jpg 592w\" sizes=\"(max-width: 300px) 100vw, 300px\" \/><\/a><\/p>\n<p><a href=\"http:\/\/museumek.eu\/?attachment_id=40354\" rel=\"attachment wp-att-40354\"><img loading=\"lazy\" src=\"http:\/\/museumek.eu\/wp-content\/uploads\/2015\/05\/3649-240x300.jpg\" alt=\"\" title=\"3649\" width=\"240\" height=\"300\" class=\"alignnone size-medium wp-image-40354\" srcset=\"http:\/\/museumek.eu\/wp-content\/uploads\/2015\/05\/3649-240x300.jpg 240w, http:\/\/museumek.eu\/wp-content\/uploads\/2015\/05\/3649-120x150.jpg 120w, http:\/\/museumek.eu\/wp-content\/uploads\/2015\/05\/3649.jpg 420w\" sizes=\"(max-width: 240px) 100vw, 240px\" \/><\/a><\/p>\n","protected":false},"excerpt":{"rendered":"<p>Abteilung Deutschland, Keramik 1860 \u2013 1960, Inventarnummer D\/LXXXII\/32 Westerw\u00e4lder Steinzeug ohne Fabrikzuordnung, Deutschland, Westerwald, um 1910, Seidel, K\u00fcnstler unbekannt, Werks.-Nr. ohne, Exemplar Nr. ohne, gemarkt keine Firmenmarke aber 0,5 L. \u00fcber Eichstrich gepresst, 3 geritzt, 14 mit Bleistift gemalt, nicht &hellip; <a href=\"http:\/\/museumek.eu\/?page_id=40343\">Weiterlesen <span class=\"meta-nav\">&rarr;<\/span><\/a><\/p>\n","protected":false},"author":1,"featured_media":0,"parent":40323,"menu_order":32,"comment_status":"closed","ping_status":"open","template":"","meta":[],"_links":{"self":[{"href":"http:\/\/museumek.eu\/index.php?rest_route=\/wp\/v2\/pages\/40343"}],"collection":[{"href":"http:\/\/museumek.eu\/index.php?rest_route=\/wp\/v2\/pages"}],"about":[{"href":"http:\/\/museumek.eu\/index.php?rest_route=\/wp\/v2\/types\/page"}],"author":[{"embeddable":true,"href":"http:\/\/museumek.eu\/index.php?rest_route=\/wp\/v2\/users\/1"}],"replies":[{"embeddable":true,"href":"http:\/\/museumek.eu\/index.php?rest_route=%2Fwp%2Fv2%2Fcomments&post=40343"}],"version-history":[{"count":6,"href":"http:\/\/museumek.eu\/index.php?rest_route=\/wp\/v2\/pages\/40343\/revisions"}],"predecessor-version":[{"id":40415,"href":"http:\/\/museumek.eu\/index.php?rest_route=\/wp\/v2\/pages\/40343\/revisions\/40415"}],"up":[{"embeddable":true,"href":"http:\/\/museumek.eu\/index.php?rest_route=\/wp\/v2\/pages\/40323"}],"wp:attachment":[{"href":"http:\/\/museumek.eu\/index.php?rest_route=%2Fwp%2Fv2%2Fmedia&parent=40343"}],"curies":[{"name":"wp","href":"https:\/\/api.w.org\/{rel}","templated":true}]}}