{"id":40362,"date":"2015-05-25T17:18:23","date_gmt":"2015-05-25T15:18:23","guid":{"rendered":"http:\/\/museumek.eu\/?page_id=40362"},"modified":"2015-05-25T21:45:50","modified_gmt":"2015-05-25T19:45:50","slug":"dlxxxii33","status":"publish","type":"page","link":"http:\/\/museumek.eu\/?page_id=40362","title":{"rendered":"D\/LXXXII\/33"},"content":{"rendered":"<p><strong>Abteilung Deutschland, Keramik 1860 \u2013 1960, Inventarnummer D\/LXXXII\/33<\/strong><\/p>\n<p>Westerw\u00e4lder Steinzeug ohne Fabrikzuordnung, Deutschland, Westerwald, um 1910, Seidel, K\u00fcnstler unbekannt, Werks.-Nr. ohne, Exemplar Nr. ohne, gemarkt keine Firmenmarke aber 0,5 L. \u00fcber Eichstrich gepresst, 3 geritzt, nicht signiert, siehe auch MEK D\/LXXXII\/32 identischer Seidel mit brauner Glasur, der Spruch lautet: \u201eDiE REDE SEi WAHR, DER TRUNK SEi KLAR\u201c, Ausf\u00fchrung als Elfenbeinsteinzeug gr\u00fcn glasiert, H\u00f6he 10,5 cm, Breite 15 cm<\/p>\n<p><a href=\"http:\/\/museumek.eu\/?attachment_id=40363\" rel=\"attachment wp-att-40363\"><img loading=\"lazy\" src=\"http:\/\/museumek.eu\/wp-content\/uploads\/2015\/05\/3650-276x300.jpg\" alt=\"\" title=\"3650\" width=\"276\" height=\"300\" class=\"alignnone size-medium wp-image-40363\" srcset=\"http:\/\/museumek.eu\/wp-content\/uploads\/2015\/05\/3650-276x300.jpg 276w, http:\/\/museumek.eu\/wp-content\/uploads\/2015\/05\/3650-138x150.jpg 138w, http:\/\/museumek.eu\/wp-content\/uploads\/2015\/05\/3650.jpg 600w\" sizes=\"(max-width: 276px) 100vw, 276px\" \/><\/a><\/p>\n<p><a href=\"http:\/\/museumek.eu\/?attachment_id=40364\" rel=\"attachment wp-att-40364\"><img loading=\"lazy\" src=\"http:\/\/museumek.eu\/wp-content\/uploads\/2015\/05\/3651-300x248.jpg\" alt=\"\" title=\"3651\" width=\"300\" height=\"248\" class=\"alignnone size-medium wp-image-40364\" srcset=\"http:\/\/museumek.eu\/wp-content\/uploads\/2015\/05\/3651-300x248.jpg 300w, http:\/\/museumek.eu\/wp-content\/uploads\/2015\/05\/3651-150x124.jpg 150w, http:\/\/museumek.eu\/wp-content\/uploads\/2015\/05\/3651-361x300.jpg 361w, http:\/\/museumek.eu\/wp-content\/uploads\/2015\/05\/3651.jpg 723w\" sizes=\"(max-width: 300px) 100vw, 300px\" \/><\/a><\/p>\n<p><a href=\"http:\/\/museumek.eu\/?attachment_id=40365\" rel=\"attachment wp-att-40365\"><img loading=\"lazy\" src=\"http:\/\/museumek.eu\/wp-content\/uploads\/2015\/05\/3652-300x251.jpg\" alt=\"\" title=\"3652\" width=\"300\" height=\"251\" class=\"alignnone size-medium wp-image-40365\" srcset=\"http:\/\/museumek.eu\/wp-content\/uploads\/2015\/05\/3652-300x251.jpg 300w, http:\/\/museumek.eu\/wp-content\/uploads\/2015\/05\/3652-150x125.jpg 150w, http:\/\/museumek.eu\/wp-content\/uploads\/2015\/05\/3652-358x300.jpg 358w, http:\/\/museumek.eu\/wp-content\/uploads\/2015\/05\/3652.jpg 717w\" sizes=\"(max-width: 300px) 100vw, 300px\" \/><\/a><\/p>\n<p><a href=\"http:\/\/museumek.eu\/?attachment_id=40366\" rel=\"attachment wp-att-40366\"><img loading=\"lazy\" src=\"http:\/\/museumek.eu\/wp-content\/uploads\/2015\/05\/3653-276x300.jpg\" alt=\"\" title=\"3653\" width=\"276\" height=\"300\" class=\"alignnone size-medium wp-image-40366\" srcset=\"http:\/\/museumek.eu\/wp-content\/uploads\/2015\/05\/3653-276x300.jpg 276w, http:\/\/museumek.eu\/wp-content\/uploads\/2015\/05\/3653-138x150.jpg 138w, http:\/\/museumek.eu\/wp-content\/uploads\/2015\/05\/3653.jpg 600w\" sizes=\"(max-width: 276px) 100vw, 276px\" \/><\/a><\/p>\n<p><a href=\"http:\/\/museumek.eu\/?attachment_id=40367\" rel=\"attachment wp-att-40367\"><img loading=\"lazy\" src=\"http:\/\/museumek.eu\/wp-content\/uploads\/2015\/05\/3654-285x300.jpg\" alt=\"\" title=\"3654\" width=\"285\" height=\"300\" class=\"alignnone size-medium wp-image-40367\" srcset=\"http:\/\/museumek.eu\/wp-content\/uploads\/2015\/05\/3654-285x300.jpg 285w, http:\/\/museumek.eu\/wp-content\/uploads\/2015\/05\/3654-142x150.jpg 142w, http:\/\/museumek.eu\/wp-content\/uploads\/2015\/05\/3654.jpg 600w\" sizes=\"(max-width: 285px) 100vw, 285px\" \/><\/a><\/p>\n<p><a href=\"http:\/\/museumek.eu\/?attachment_id=40368\" rel=\"attachment wp-att-40368\"><img loading=\"lazy\" src=\"http:\/\/museumek.eu\/wp-content\/uploads\/2015\/05\/3655-295x300.jpg\" alt=\"\" title=\"3655\" width=\"295\" height=\"300\" class=\"alignnone size-medium wp-image-40368\" srcset=\"http:\/\/museumek.eu\/wp-content\/uploads\/2015\/05\/3655-295x300.jpg 295w, http:\/\/museumek.eu\/wp-content\/uploads\/2015\/05\/3655-147x150.jpg 147w, http:\/\/museumek.eu\/wp-content\/uploads\/2015\/05\/3655.jpg 600w\" sizes=\"(max-width: 295px) 100vw, 295px\" \/><\/a><\/p>\n<p><a href=\"http:\/\/museumek.eu\/?attachment_id=40374\" rel=\"attachment wp-att-40374\"><img loading=\"lazy\" src=\"http:\/\/museumek.eu\/wp-content\/uploads\/2015\/05\/36561-194x300.jpg\" alt=\"\" title=\"3656\" width=\"194\" height=\"300\" class=\"alignnone size-medium wp-image-40374\" srcset=\"http:\/\/museumek.eu\/wp-content\/uploads\/2015\/05\/36561-194x300.jpg 194w, http:\/\/museumek.eu\/wp-content\/uploads\/2015\/05\/36561-97x150.jpg 97w, http:\/\/museumek.eu\/wp-content\/uploads\/2015\/05\/36561.jpg 519w\" sizes=\"(max-width: 194px) 100vw, 194px\" \/><\/a><\/p>\n<p><a href=\"http:\/\/museumek.eu\/?attachment_id=40375\" rel=\"attachment wp-att-40375\"><img loading=\"lazy\" src=\"http:\/\/museumek.eu\/wp-content\/uploads\/2015\/05\/3657-265x300.jpg\" alt=\"\" title=\"3657\" width=\"265\" height=\"300\" class=\"alignnone size-medium wp-image-40375\" srcset=\"http:\/\/museumek.eu\/wp-content\/uploads\/2015\/05\/3657-265x300.jpg 265w, http:\/\/museumek.eu\/wp-content\/uploads\/2015\/05\/3657-132x150.jpg 132w, http:\/\/museumek.eu\/wp-content\/uploads\/2015\/05\/3657.jpg 600w\" sizes=\"(max-width: 265px) 100vw, 265px\" \/><\/a><\/p>\n<p><a href=\"http:\/\/museumek.eu\/?attachment_id=40376\" rel=\"attachment wp-att-40376\"><img loading=\"lazy\" src=\"http:\/\/museumek.eu\/wp-content\/uploads\/2015\/05\/3658-300x297.jpg\" alt=\"\" title=\"3658\" width=\"300\" height=\"297\" class=\"alignnone size-medium wp-image-40376\" srcset=\"http:\/\/museumek.eu\/wp-content\/uploads\/2015\/05\/3658-300x297.jpg 300w, http:\/\/museumek.eu\/wp-content\/uploads\/2015\/05\/3658-150x148.jpg 150w, http:\/\/museumek.eu\/wp-content\/uploads\/2015\/05\/3658-302x300.jpg 302w, http:\/\/museumek.eu\/wp-content\/uploads\/2015\/05\/3658.jpg 605w\" sizes=\"(max-width: 300px) 100vw, 300px\" \/><\/a><\/p>\n<p><a href=\"http:\/\/museumek.eu\/?attachment_id=40377\" rel=\"attachment wp-att-40377\"><img loading=\"lazy\" src=\"http:\/\/museumek.eu\/wp-content\/uploads\/2015\/05\/3659-300x193.jpg\" alt=\"\" title=\"3659\" width=\"300\" height=\"193\" class=\"alignnone size-medium wp-image-40377\" srcset=\"http:\/\/museumek.eu\/wp-content\/uploads\/2015\/05\/3659-300x193.jpg 300w, http:\/\/museumek.eu\/wp-content\/uploads\/2015\/05\/3659-150x96.jpg 150w, http:\/\/museumek.eu\/wp-content\/uploads\/2015\/05\/3659.jpg 343w\" sizes=\"(max-width: 300px) 100vw, 300px\" \/><\/a><\/p>\n<p><a href=\"http:\/\/museumek.eu\/?attachment_id=40379\" rel=\"attachment wp-att-40379\"><img loading=\"lazy\" src=\"http:\/\/museumek.eu\/wp-content\/uploads\/2015\/05\/3660-215x300.jpg\" alt=\"\" title=\"3660\" width=\"215\" height=\"300\" class=\"alignnone size-medium wp-image-40379\" srcset=\"http:\/\/museumek.eu\/wp-content\/uploads\/2015\/05\/3660-215x300.jpg 215w, http:\/\/museumek.eu\/wp-content\/uploads\/2015\/05\/3660-107x150.jpg 107w, http:\/\/museumek.eu\/wp-content\/uploads\/2015\/05\/3660.jpg 575w\" sizes=\"(max-width: 215px) 100vw, 215px\" \/><\/a><\/p>\n","protected":false},"excerpt":{"rendered":"<p>Abteilung Deutschland, Keramik 1860 \u2013 1960, Inventarnummer D\/LXXXII\/33 Westerw\u00e4lder Steinzeug ohne Fabrikzuordnung, Deutschland, Westerwald, um 1910, Seidel, K\u00fcnstler unbekannt, Werks.-Nr. ohne, Exemplar Nr. ohne, gemarkt keine Firmenmarke aber 0,5 L. \u00fcber Eichstrich gepresst, 3 geritzt, nicht signiert, siehe auch MEK &hellip; <a href=\"http:\/\/museumek.eu\/?page_id=40362\">Weiterlesen <span class=\"meta-nav\">&rarr;<\/span><\/a><\/p>\n","protected":false},"author":1,"featured_media":0,"parent":40323,"menu_order":33,"comment_status":"closed","ping_status":"open","template":"","meta":[],"_links":{"self":[{"href":"http:\/\/museumek.eu\/index.php?rest_route=\/wp\/v2\/pages\/40362"}],"collection":[{"href":"http:\/\/museumek.eu\/index.php?rest_route=\/wp\/v2\/pages"}],"about":[{"href":"http:\/\/museumek.eu\/index.php?rest_route=\/wp\/v2\/types\/page"}],"author":[{"embeddable":true,"href":"http:\/\/museumek.eu\/index.php?rest_route=\/wp\/v2\/users\/1"}],"replies":[{"embeddable":true,"href":"http:\/\/museumek.eu\/index.php?rest_route=%2Fwp%2Fv2%2Fcomments&post=40362"}],"version-history":[{"count":9,"href":"http:\/\/museumek.eu\/index.php?rest_route=\/wp\/v2\/pages\/40362\/revisions"}],"predecessor-version":[{"id":40413,"href":"http:\/\/museumek.eu\/index.php?rest_route=\/wp\/v2\/pages\/40362\/revisions\/40413"}],"up":[{"embeddable":true,"href":"http:\/\/museumek.eu\/index.php?rest_route=\/wp\/v2\/pages\/40323"}],"wp:attachment":[{"href":"http:\/\/museumek.eu\/index.php?rest_route=%2Fwp%2Fv2%2Fmedia&parent=40362"}],"curies":[{"name":"wp","href":"https:\/\/api.w.org\/{rel}","templated":true}]}}