{"id":40416,"date":"2015-05-26T21:37:01","date_gmt":"2015-05-26T19:37:01","guid":{"rendered":"http:\/\/museumek.eu\/?page_id=40416"},"modified":"2015-05-26T21:38:23","modified_gmt":"2015-05-26T19:38:23","slug":"dxlix19","status":"publish","type":"page","link":"http:\/\/museumek.eu\/?page_id=40416","title":{"rendered":"D\/XLIX\/19"},"content":{"rendered":"<p><strong>Abteilung Deutschland, Keramik 1860 \u2013 1960, Inventarnummer D\/XLIX\/19<\/strong><\/p>\n<p>Simon Peter Gerz I. GmbH Fabrik fein verzierter Gebrauchs- und Luxusgegenst\u00e4nde und Vorg\u00e4nger Simon Peter Gerz I. Fabrik antiker reichverzierter Steinzeugwaaren, Deutschland, H\u00f6hr, 1930 &#8211; 1955, Seidel, K\u00fcnstler unbekannt, Werks.-Nr. ohne, Exemplar Nr. ohne, gemarkt Firmenmarke mit einem Krug in einem Dreieck, darunter FABRIKMARKE, MADE IN GERMANY sowie 7 gepresst, nicht signiert, Literatur: Gisela Reineking von Bock, Meister der deutschen Keramik, Seite 329, Marke Nr. 212 identisch, weitere Literatur: J\u00fcrgen Schimanski und J\u00fcrgen Erlebach, Westerw\u00e4lder Steinzeug, Die Neue \u00c4ra, Seite 44 ff., Fabrikbeschreibung sowie Seite 44, Marke Nr. 6 identisch, weitere Literatur: J\u00fcrgen Schimanski, Braun geflammt und grau gesalzen, Seite 197, Beschreibung der Fabrik sowie Marke Nr. 6 identisch, die Fabrik wurde 1857 von Simon Peter Gerz I (geb. 13.09.1830, gest. 12.09.1893) gegr\u00fcndet, die Registereintragung erfolgte aber erst 1862, insofern ist das Jahr 1862 das amtliche Gr\u00fcndungsdatum, bisher konnte in keiner Literatur eine Erkl\u00e4rung gefunden werden, warum Gerz seinem Namen eine r\u00f6mische I anf\u00fcgte, recherchiert werden konnte, dass es noch einen Steinzeugfabrikanten namens Simon Peter Gerz II (geb. 1833, gest. 1908) gab und dass dieser der Vater von Alois Jacob Gerz, dem Mitbegr\u00fcnder der Steinzeugfabrik Rosskopf &#038; Gerz war, 1867 erhielt die Fabrik das Pr\u00e4dikat eines Hoflieferanten des Herzog von Nassau, 1893 (Gerz Tod) wurde der Schwiegersohn Alphons William Loetschert Inhaber, sehr wahrscheinlich wurde um diese Zeit auch die Fabrikmarke SPG I in einem Kreis in die Dreieckmarke mit einem Krug ge\u00e4ndert, sp\u00e4testens aber sicher 1897, 1897 wurde die Pfeiffenfabrik M\u00fcllenbach &#038; Thewalt Mitinhaber und eine GmbH wurde gegr\u00fcndet (Gr\u00fcndungsdatum: 05.08.1897), die Fabrik bestand bis 1997, zeitliche Zuordnung: keine Literangabe (MEK Nachmessung: 0,5 Liter) verweist im Zusammenhang mit fehlenden Alterungsspuren, unscharfen Konturen des Dekors, was auf jahrzehntelange Benutzung der Form hindeutet und Fehlen der eigentlichen Werks.-Nr. auf eine Entstehungszeit relativ kurz vor Gr\u00fcndung der BRD, weil danach in der Regel mit West Germany gemarkt worden ist und die Fabrikate dann au\u00dferdem oft mit der Firmenmarke GERZIT versehen worden sind,<br \/>\n  H\u00f6he 17 cm, Breite 12 cm<\/p>\n<p><a href=\"http:\/\/museumek.eu\/?attachment_id=40417\" rel=\"attachment wp-att-40417\"><img loading=\"lazy\" src=\"http:\/\/museumek.eu\/wp-content\/uploads\/2015\/05\/3470-145x300.jpg\" alt=\"\" title=\"3470\" width=\"145\" height=\"300\" class=\"alignnone size-medium wp-image-40417\" srcset=\"http:\/\/museumek.eu\/wp-content\/uploads\/2015\/05\/3470-145x300.jpg 145w, http:\/\/museumek.eu\/wp-content\/uploads\/2015\/05\/3470-72x150.jpg 72w, http:\/\/museumek.eu\/wp-content\/uploads\/2015\/05\/3470.jpg 388w\" sizes=\"(max-width: 145px) 100vw, 145px\" \/><\/a><\/p>\n<p><a href=\"http:\/\/museumek.eu\/?attachment_id=40418\" rel=\"attachment wp-att-40418\"><img loading=\"lazy\" src=\"http:\/\/museumek.eu\/wp-content\/uploads\/2015\/05\/3471-184x300.jpg\" alt=\"\" title=\"3471\" width=\"184\" height=\"300\" class=\"alignnone size-medium wp-image-40418\" srcset=\"http:\/\/museumek.eu\/wp-content\/uploads\/2015\/05\/3471-184x300.jpg 184w, http:\/\/museumek.eu\/wp-content\/uploads\/2015\/05\/3471-92x150.jpg 92w, http:\/\/museumek.eu\/wp-content\/uploads\/2015\/05\/3471.jpg 491w\" sizes=\"(max-width: 184px) 100vw, 184px\" \/><\/a><\/p>\n<p><a href=\"http:\/\/museumek.eu\/?attachment_id=40419\" rel=\"attachment wp-att-40419\"><img loading=\"lazy\" src=\"http:\/\/museumek.eu\/wp-content\/uploads\/2015\/05\/3472-187x300.jpg\" alt=\"\" title=\"3472\" width=\"187\" height=\"300\" class=\"alignnone size-medium wp-image-40419\" srcset=\"http:\/\/museumek.eu\/wp-content\/uploads\/2015\/05\/3472-187x300.jpg 187w, http:\/\/museumek.eu\/wp-content\/uploads\/2015\/05\/3472-93x150.jpg 93w, http:\/\/museumek.eu\/wp-content\/uploads\/2015\/05\/3472.jpg 499w\" sizes=\"(max-width: 187px) 100vw, 187px\" \/><\/a><\/p>\n<p><a href=\"http:\/\/museumek.eu\/?attachment_id=40420\" rel=\"attachment wp-att-40420\"><img loading=\"lazy\" src=\"http:\/\/museumek.eu\/wp-content\/uploads\/2015\/05\/3473-137x300.jpg\" alt=\"\" title=\"3473\" width=\"137\" height=\"300\" class=\"alignnone size-medium wp-image-40420\" srcset=\"http:\/\/museumek.eu\/wp-content\/uploads\/2015\/05\/3473-137x300.jpg 137w, http:\/\/museumek.eu\/wp-content\/uploads\/2015\/05\/3473-68x150.jpg 68w, http:\/\/museumek.eu\/wp-content\/uploads\/2015\/05\/3473.jpg 367w\" sizes=\"(max-width: 137px) 100vw, 137px\" \/><\/a><\/p>\n<p><a href=\"http:\/\/museumek.eu\/?attachment_id=40421\" rel=\"attachment wp-att-40421\"><img loading=\"lazy\" src=\"http:\/\/museumek.eu\/wp-content\/uploads\/2015\/05\/3474-152x300.jpg\" alt=\"\" title=\"3474\" width=\"152\" height=\"300\" class=\"alignnone size-medium wp-image-40421\" srcset=\"http:\/\/museumek.eu\/wp-content\/uploads\/2015\/05\/3474-152x300.jpg 152w, http:\/\/museumek.eu\/wp-content\/uploads\/2015\/05\/3474-76x150.jpg 76w, http:\/\/museumek.eu\/wp-content\/uploads\/2015\/05\/3474.jpg 407w\" sizes=\"(max-width: 152px) 100vw, 152px\" \/><\/a><\/p>\n<p><a href=\"http:\/\/museumek.eu\/?attachment_id=40422\" rel=\"attachment wp-att-40422\"><img loading=\"lazy\" src=\"http:\/\/museumek.eu\/wp-content\/uploads\/2015\/05\/3475-155x300.jpg\" alt=\"\" title=\"3475\" width=\"155\" height=\"300\" class=\"alignnone size-medium wp-image-40422\" srcset=\"http:\/\/museumek.eu\/wp-content\/uploads\/2015\/05\/3475-155x300.jpg 155w, http:\/\/museumek.eu\/wp-content\/uploads\/2015\/05\/3475-77x150.jpg 77w, http:\/\/museumek.eu\/wp-content\/uploads\/2015\/05\/3475.jpg 414w\" sizes=\"(max-width: 155px) 100vw, 155px\" \/><\/a><\/p>\n<p><a href=\"http:\/\/museumek.eu\/?attachment_id=40423\" rel=\"attachment wp-att-40423\"><img loading=\"lazy\" src=\"http:\/\/museumek.eu\/wp-content\/uploads\/2015\/05\/3476-300x231.jpg\" alt=\"\" title=\"3476\" width=\"300\" height=\"231\" class=\"alignnone size-medium wp-image-40423\" srcset=\"http:\/\/museumek.eu\/wp-content\/uploads\/2015\/05\/3476-300x231.jpg 300w, http:\/\/museumek.eu\/wp-content\/uploads\/2015\/05\/3476-150x115.jpg 150w, http:\/\/museumek.eu\/wp-content\/uploads\/2015\/05\/3476-389x300.jpg 389w, http:\/\/museumek.eu\/wp-content\/uploads\/2015\/05\/3476.jpg 779w\" sizes=\"(max-width: 300px) 100vw, 300px\" \/><\/a><\/p>\n","protected":false},"excerpt":{"rendered":"<p>Abteilung Deutschland, Keramik 1860 \u2013 1960, Inventarnummer D\/XLIX\/19 Simon Peter Gerz I. GmbH Fabrik fein verzierter Gebrauchs- und Luxusgegenst\u00e4nde und Vorg\u00e4nger Simon Peter Gerz I. Fabrik antiker reichverzierter Steinzeugwaaren, Deutschland, H\u00f6hr, 1930 &#8211; 1955, Seidel, K\u00fcnstler unbekannt, Werks.-Nr. ohne, Exemplar &hellip; <a href=\"http:\/\/museumek.eu\/?page_id=40416\">Weiterlesen <span class=\"meta-nav\">&rarr;<\/span><\/a><\/p>\n","protected":false},"author":1,"featured_media":0,"parent":37296,"menu_order":19,"comment_status":"closed","ping_status":"open","template":"","meta":[],"_links":{"self":[{"href":"http:\/\/museumek.eu\/index.php?rest_route=\/wp\/v2\/pages\/40416"}],"collection":[{"href":"http:\/\/museumek.eu\/index.php?rest_route=\/wp\/v2\/pages"}],"about":[{"href":"http:\/\/museumek.eu\/index.php?rest_route=\/wp\/v2\/types\/page"}],"author":[{"embeddable":true,"href":"http:\/\/museumek.eu\/index.php?rest_route=\/wp\/v2\/users\/1"}],"replies":[{"embeddable":true,"href":"http:\/\/museumek.eu\/index.php?rest_route=%2Fwp%2Fv2%2Fcomments&post=40416"}],"version-history":[{"count":8,"href":"http:\/\/museumek.eu\/index.php?rest_route=\/wp\/v2\/pages\/40416\/revisions"}],"predecessor-version":[{"id":40431,"href":"http:\/\/museumek.eu\/index.php?rest_route=\/wp\/v2\/pages\/40416\/revisions\/40431"}],"up":[{"embeddable":true,"href":"http:\/\/museumek.eu\/index.php?rest_route=\/wp\/v2\/pages\/37296"}],"wp:attachment":[{"href":"http:\/\/museumek.eu\/index.php?rest_route=%2Fwp%2Fv2%2Fmedia&parent=40416"}],"curies":[{"name":"wp","href":"https:\/\/api.w.org\/{rel}","templated":true}]}}