{"id":40435,"date":"2015-05-26T21:44:12","date_gmt":"2015-05-26T19:44:12","guid":{"rendered":"http:\/\/museumek.eu\/?page_id=40435"},"modified":"2015-05-26T21:44:12","modified_gmt":"2015-05-26T19:44:12","slug":"dxlix20","status":"publish","type":"page","link":"http:\/\/museumek.eu\/?page_id=40435","title":{"rendered":"D\/XLIX\/20"},"content":{"rendered":"<p><strong>Abteilung Deutschland, Keramik 1860 \u2013 1960, Inventarnummer D\/XLIX\/20<\/strong><\/p>\n<p>Simon Peter Gerz I. GmbH Fabrik fein verzierter Gebrauchs- und Luxusgegenst\u00e4nde und Vorg\u00e4nger Simon Peter Gerz I. Fabrik antiker reichverzierter Steinzeugwaaren, Deutschland, H\u00f6hr, 1930 &#8211; 1955, Seidel, K\u00fcnstler unbekannt, Werks.-Nr. ohne, Exemplar Nr. ohne, gemarkt Firmenmarke mit einem Krug in einem Dreieck, darunter FABRIKMARKE, MADE IN GERMANY sowie 7 gepresst, nicht signiert, Literatur: Gisela Reineking von Bock, Meister der deutschen Keramik, Seite 329, Marke Nr. 212 identisch, weitere Literatur: J\u00fcrgen Schimanski und J\u00fcrgen Erlebach, Westerw\u00e4lder Steinzeug, Die Neue \u00c4ra, Seite 44 ff., Fabrikbeschreibung sowie Seite 44, Marke Nr. 6 identisch, weitere Literatur: J\u00fcrgen Schimanski, Braun geflammt und grau gesalzen, Seite 197, Beschreibung der Fabrik sowie Marke Nr. 6 identisch, die Fabrik wurde 1857 von Simon Peter Gerz I (geb. 13.09.1830, gest. 12.09.1893) gegr\u00fcndet, die Registereintragung erfolgte aber erst 1862, insofern ist das Jahr 1862 das amtliche Gr\u00fcndungsdatum, bisher konnte in keiner Literatur eine Erkl\u00e4rung gefunden werden, warum Gerz seinem Namen eine r\u00f6mische I anf\u00fcgte, recherchiert werden konnte, dass es noch einen Steinzeugfabrikanten namens Simon Peter Gerz II (geb. 1833, gest. 1908) gab und dass dieser der Vater von Alois Jacob Gerz, dem Mitbegr\u00fcnder der Steinzeugfabrik Rosskopf &#038; Gerz war, 1867 erhielt die Fabrik das Pr\u00e4dikat eines Hoflieferanten des Herzog von Nassau, 1893 (Gerz Tod) wurde der Schwiegersohn Alphons William Loetschert Inhaber, sehr wahrscheinlich wurde um diese Zeit auch die Fabrikmarke SPG I in einem Kreis in die Dreieckmarke mit einem Krug ge\u00e4ndert, sp\u00e4testens aber sicher 1897, 1897 wurde die Pfeiffenfabrik M\u00fcllenbach &#038; Thewalt Mitinhaber und eine GmbH wurde gegr\u00fcndet (Gr\u00fcndungsdatum: 05.08.1897), die Fabrik bestand bis 1997, zeitliche Zuordnung: keine Literangabe (MEK Nachmessung: 0,5 Liter) verweist im Zusammenhang mit fehlenden Alterungsspuren, unscharfen Konturen des Dekors, was auf jahrzehntelange Benutzung der Form hindeutet und Fehlen der eigentlichen Werks.-Nr. auf eine Entstehungszeit relativ kurz vor Gr\u00fcndung der BRD, weil danach in der Regel mit West Germany gemarkt worden ist und die Fabrikate dann au\u00dferdem oft mit der Firmenmarke GERZIT versehen worden sind,<br \/>\n  H\u00f6he 17,5 cm, Breite 12 cm<\/p>\n<p><a href=\"http:\/\/museumek.eu\/?attachment_id=40436\" rel=\"attachment wp-att-40436\"><img loading=\"lazy\" src=\"http:\/\/museumek.eu\/wp-content\/uploads\/2015\/05\/3477-135x300.jpg\" alt=\"\" title=\"3477\" width=\"135\" height=\"300\" class=\"alignnone size-medium wp-image-40436\" srcset=\"http:\/\/museumek.eu\/wp-content\/uploads\/2015\/05\/3477-135x300.jpg 135w, http:\/\/museumek.eu\/wp-content\/uploads\/2015\/05\/3477-67x150.jpg 67w, http:\/\/museumek.eu\/wp-content\/uploads\/2015\/05\/3477.jpg 360w\" sizes=\"(max-width: 135px) 100vw, 135px\" \/><\/a><\/p>\n<p><a href=\"http:\/\/museumek.eu\/?attachment_id=40437\" rel=\"attachment wp-att-40437\"><img loading=\"lazy\" src=\"http:\/\/museumek.eu\/wp-content\/uploads\/2015\/05\/3478-192x300.jpg\" alt=\"\" title=\"3478\" width=\"192\" height=\"300\" class=\"alignnone size-medium wp-image-40437\" srcset=\"http:\/\/museumek.eu\/wp-content\/uploads\/2015\/05\/3478-192x300.jpg 192w, http:\/\/museumek.eu\/wp-content\/uploads\/2015\/05\/3478-96x150.jpg 96w, http:\/\/museumek.eu\/wp-content\/uploads\/2015\/05\/3478.jpg 512w\" sizes=\"(max-width: 192px) 100vw, 192px\" \/><\/a><\/p>\n<p><a href=\"http:\/\/museumek.eu\/?attachment_id=40438\" rel=\"attachment wp-att-40438\"><img loading=\"lazy\" src=\"http:\/\/museumek.eu\/wp-content\/uploads\/2015\/05\/3479-183x300.jpg\" alt=\"\" title=\"3479\" width=\"183\" height=\"300\" class=\"alignnone size-medium wp-image-40438\" srcset=\"http:\/\/museumek.eu\/wp-content\/uploads\/2015\/05\/3479-183x300.jpg 183w, http:\/\/museumek.eu\/wp-content\/uploads\/2015\/05\/3479-91x150.jpg 91w, http:\/\/museumek.eu\/wp-content\/uploads\/2015\/05\/3479.jpg 490w\" sizes=\"(max-width: 183px) 100vw, 183px\" \/><\/a><\/p>\n<p><a href=\"http:\/\/museumek.eu\/?attachment_id=40439\" rel=\"attachment wp-att-40439\"><img loading=\"lazy\" src=\"http:\/\/museumek.eu\/wp-content\/uploads\/2015\/05\/3480-130x300.jpg\" alt=\"\" title=\"3480\" width=\"130\" height=\"300\" class=\"alignnone size-medium wp-image-40439\" srcset=\"http:\/\/museumek.eu\/wp-content\/uploads\/2015\/05\/3480-130x300.jpg 130w, http:\/\/museumek.eu\/wp-content\/uploads\/2015\/05\/3480-65x150.jpg 65w\" sizes=\"(max-width: 130px) 100vw, 130px\" \/><\/a><\/p>\n<p><a href=\"http:\/\/museumek.eu\/?attachment_id=40440\" rel=\"attachment wp-att-40440\"><img loading=\"lazy\" src=\"http:\/\/museumek.eu\/wp-content\/uploads\/2015\/05\/3481-300x174.jpg\" alt=\"\" title=\"3481\" width=\"300\" height=\"174\" class=\"alignnone size-medium wp-image-40440\" srcset=\"http:\/\/museumek.eu\/wp-content\/uploads\/2015\/05\/3481-300x174.jpg 300w, http:\/\/museumek.eu\/wp-content\/uploads\/2015\/05\/3481-150x87.jpg 150w, http:\/\/museumek.eu\/wp-content\/uploads\/2015\/05\/3481-500x290.jpg 500w, http:\/\/museumek.eu\/wp-content\/uploads\/2015\/05\/3481.jpg 800w\" sizes=\"(max-width: 300px) 100vw, 300px\" \/><\/a><\/p>\n","protected":false},"excerpt":{"rendered":"<p>Abteilung Deutschland, Keramik 1860 \u2013 1960, Inventarnummer D\/XLIX\/20 Simon Peter Gerz I. GmbH Fabrik fein verzierter Gebrauchs- und Luxusgegenst\u00e4nde und Vorg\u00e4nger Simon Peter Gerz I. Fabrik antiker reichverzierter Steinzeugwaaren, Deutschland, H\u00f6hr, 1930 &#8211; 1955, Seidel, K\u00fcnstler unbekannt, Werks.-Nr. ohne, Exemplar &hellip; <a href=\"http:\/\/museumek.eu\/?page_id=40435\">Weiterlesen <span class=\"meta-nav\">&rarr;<\/span><\/a><\/p>\n","protected":false},"author":1,"featured_media":0,"parent":37296,"menu_order":20,"comment_status":"closed","ping_status":"open","template":"","meta":[],"_links":{"self":[{"href":"http:\/\/museumek.eu\/index.php?rest_route=\/wp\/v2\/pages\/40435"}],"collection":[{"href":"http:\/\/museumek.eu\/index.php?rest_route=\/wp\/v2\/pages"}],"about":[{"href":"http:\/\/museumek.eu\/index.php?rest_route=\/wp\/v2\/types\/page"}],"author":[{"embeddable":true,"href":"http:\/\/museumek.eu\/index.php?rest_route=\/wp\/v2\/users\/1"}],"replies":[{"embeddable":true,"href":"http:\/\/museumek.eu\/index.php?rest_route=%2Fwp%2Fv2%2Fcomments&post=40435"}],"version-history":[{"count":4,"href":"http:\/\/museumek.eu\/index.php?rest_route=\/wp\/v2\/pages\/40435\/revisions"}],"predecessor-version":[{"id":40444,"href":"http:\/\/museumek.eu\/index.php?rest_route=\/wp\/v2\/pages\/40435\/revisions\/40444"}],"up":[{"embeddable":true,"href":"http:\/\/museumek.eu\/index.php?rest_route=\/wp\/v2\/pages\/37296"}],"wp:attachment":[{"href":"http:\/\/museumek.eu\/index.php?rest_route=%2Fwp%2Fv2%2Fmedia&parent=40435"}],"curies":[{"name":"wp","href":"https:\/\/api.w.org\/{rel}","templated":true}]}}