{"id":40758,"date":"2015-06-06T16:16:06","date_gmt":"2015-06-06T14:16:06","guid":{"rendered":"http:\/\/museumek.eu\/?page_id=40758"},"modified":"2015-06-06T16:16:06","modified_gmt":"2015-06-06T14:16:06","slug":"dcxxx1","status":"publish","type":"page","link":"http:\/\/museumek.eu\/?page_id=40758","title":{"rendered":"D\/CXXX\/1"},"content":{"rendered":"<p><strong>Abteilung Deutschland, Keramik 1860 \u2013 1960, Inventarnummer D\/CXXX\/1<\/strong><\/p>\n<p>Steingutfabrik Akt.-Ges. S\u00f6rnewitz-Meissen, Deutschland, S\u00f6rnewitz, um 1900, Ablageplatte mit F\u00fc\u00dfen, K\u00fcnstler unbekannt, Werks.-Nr. ohne, Exemplar Nr. ohne, gemarkt Firmenmarke in einem Rahmen St. A. G. S\u00f6rnewitz schwarzer Stempel unter Glasur, nicht signiert, die Fabrik wurde am 29.12.1897 in S\u00f6rnewitz bei Meissen gegr\u00fcndet und bereits am 11.02.1898 handelsgerichtlich eingetragen, die Produktion begann 1899, Firmierung wie oben, zu den Gr\u00fcndern geh\u00f6rten Willy Heckmann (eingesetzt als Direktor), Sohn von Adolf Heckmann, dem Gr\u00fcnder und Eigent\u00fcmer der Annaberger Steingutfabrik, Christian Teichert Ofen- und Porzellanfabrikant aus Meissen, Bernhard Heckmann aus Berlin sowie Otto Bretschneider aus S\u00f6rnewitz, 1906 \u00fcbernahm die Fabrik die Porzellan-Aktien-Gesellschaft S\u00f6rnewitz sowie die S\u00f6rnewitzer Glash\u00fctten Aktiengesellschaft, fortan gliederte sich die Fabrik in 3 Abteilungen, 1. Abteilung Steingut, 2. Abteilung Glas, 3. Abteilung Porzellan, ab 1911 geh\u00f6rte die Abteilung Steingut der Bonner Preiskonvention Vereinigte Steingutfabriken GmbH an, nach WK II wurde die Fabrik enteignet, H\u00f6he 16,5 cm, Breite 16,5 cm<\/p>\n<p><a href=\"http:\/\/museumek.eu\/?attachment_id=40759\" rel=\"attachment wp-att-40759\"><img loading=\"lazy\" src=\"http:\/\/museumek.eu\/wp-content\/uploads\/2015\/06\/1157-300x290.jpg\" alt=\"\" title=\"1157\" width=\"300\" height=\"290\" class=\"alignnone size-medium wp-image-40759\" srcset=\"http:\/\/museumek.eu\/wp-content\/uploads\/2015\/06\/1157-300x290.jpg 300w, http:\/\/museumek.eu\/wp-content\/uploads\/2015\/06\/1157-150x145.jpg 150w, http:\/\/museumek.eu\/wp-content\/uploads\/2015\/06\/1157-309x300.jpg 309w, http:\/\/museumek.eu\/wp-content\/uploads\/2015\/06\/1157.jpg 562w\" sizes=\"(max-width: 300px) 100vw, 300px\" \/><\/a><\/p>\n<p><a href=\"http:\/\/museumek.eu\/?attachment_id=40760\" rel=\"attachment wp-att-40760\"><img loading=\"lazy\" src=\"http:\/\/museumek.eu\/wp-content\/uploads\/2015\/06\/1158-300x300.jpg\" alt=\"\" title=\"1158\" width=\"300\" height=\"300\" class=\"alignnone size-medium wp-image-40760\" srcset=\"http:\/\/museumek.eu\/wp-content\/uploads\/2015\/06\/1158-300x300.jpg 300w, http:\/\/museumek.eu\/wp-content\/uploads\/2015\/06\/1158-150x150.jpg 150w, http:\/\/museumek.eu\/wp-content\/uploads\/2015\/06\/1158-299x300.jpg 299w, http:\/\/museumek.eu\/wp-content\/uploads\/2015\/06\/1158.jpg 525w\" sizes=\"(max-width: 300px) 100vw, 300px\" \/><\/a><\/p>\n<p><a href=\"http:\/\/museumek.eu\/?attachment_id=40761\" rel=\"attachment wp-att-40761\"><img loading=\"lazy\" src=\"http:\/\/museumek.eu\/wp-content\/uploads\/2015\/06\/1159-300x285.jpg\" alt=\"\" title=\"1159\" width=\"300\" height=\"285\" class=\"alignnone size-medium wp-image-40761\" srcset=\"http:\/\/museumek.eu\/wp-content\/uploads\/2015\/06\/1159-300x285.jpg 300w, http:\/\/museumek.eu\/wp-content\/uploads\/2015\/06\/1159-150x142.jpg 150w, http:\/\/museumek.eu\/wp-content\/uploads\/2015\/06\/1159-315x300.jpg 315w, http:\/\/museumek.eu\/wp-content\/uploads\/2015\/06\/1159.jpg 342w\" sizes=\"(max-width: 300px) 100vw, 300px\" \/><\/a><\/p>\n","protected":false},"excerpt":{"rendered":"<p>Abteilung Deutschland, Keramik 1860 \u2013 1960, Inventarnummer D\/CXXX\/1 Steingutfabrik Akt.-Ges. S\u00f6rnewitz-Meissen, Deutschland, S\u00f6rnewitz, um 1900, Ablageplatte mit F\u00fc\u00dfen, K\u00fcnstler unbekannt, Werks.-Nr. ohne, Exemplar Nr. ohne, gemarkt Firmenmarke in einem Rahmen St. A. G. S\u00f6rnewitz schwarzer Stempel unter Glasur, nicht signiert, &hellip; <a href=\"http:\/\/museumek.eu\/?page_id=40758\">Weiterlesen <span class=\"meta-nav\">&rarr;<\/span><\/a><\/p>\n","protected":false},"author":1,"featured_media":0,"parent":40755,"menu_order":1,"comment_status":"closed","ping_status":"open","template":"","meta":[],"_links":{"self":[{"href":"http:\/\/museumek.eu\/index.php?rest_route=\/wp\/v2\/pages\/40758"}],"collection":[{"href":"http:\/\/museumek.eu\/index.php?rest_route=\/wp\/v2\/pages"}],"about":[{"href":"http:\/\/museumek.eu\/index.php?rest_route=\/wp\/v2\/types\/page"}],"author":[{"embeddable":true,"href":"http:\/\/museumek.eu\/index.php?rest_route=\/wp\/v2\/users\/1"}],"replies":[{"embeddable":true,"href":"http:\/\/museumek.eu\/index.php?rest_route=%2Fwp%2Fv2%2Fcomments&post=40758"}],"version-history":[{"count":4,"href":"http:\/\/museumek.eu\/index.php?rest_route=\/wp\/v2\/pages\/40758\/revisions"}],"predecessor-version":[{"id":40765,"href":"http:\/\/museumek.eu\/index.php?rest_route=\/wp\/v2\/pages\/40758\/revisions\/40765"}],"up":[{"embeddable":true,"href":"http:\/\/museumek.eu\/index.php?rest_route=\/wp\/v2\/pages\/40755"}],"wp:attachment":[{"href":"http:\/\/museumek.eu\/index.php?rest_route=%2Fwp%2Fv2%2Fmedia&parent=40758"}],"curies":[{"name":"wp","href":"https:\/\/api.w.org\/{rel}","templated":true}]}}