{"id":40911,"date":"2015-06-09T00:43:09","date_gmt":"2015-06-08T22:43:09","guid":{"rendered":"http:\/\/museumek.eu\/?page_id=40911"},"modified":"2015-06-09T00:43:56","modified_gmt":"2015-06-08T22:43:56","slug":"dcxxxii1","status":"publish","type":"page","link":"http:\/\/museumek.eu\/?page_id=40911","title":{"rendered":"D\/CXXXII\/1"},"content":{"rendered":"<p><strong>Abteilung Deutschland, Keramik 1860 \u2013 1960, Inventarnummer D\/CXXXII\/1<\/strong><\/p>\n<p>Kunstwerkst\u00e4tte Konstanz Albert Schatz, Deutschland, Konstanz, 1918, Vase, K\u00fcnstler Albert Schatz, Werks.-Nr. 502, Exemplar Nr. 2 (?), gemarkt Firmenmarke in einem Dreieck die Buchstaben KWAS (f\u00fcr Kunstwerkst\u00e4tte Konstanz Albert Schatz, wobei das K und das A ligiert in den linken Schenkel des Dreiecks eingebunden sind, das W mittig im Dreieck angeordnet ist und sich das S wohl im unteren rechten Teil des Dreiecks befindet und in den rechten Schenkel des W \u00fcbergeht, \u00fcber dem W im Dreieck die Datierung 1918, unter dem Dreieck KONSTANZ, 502 sowie 2 alles gepresst, die Kunstwerkstatt wurde wohl in der Zeit von ca. 1910 bis ca. 1950 betrieben,<br \/>\nH\u00f6he 7,5 cm Breite 9,5 cm<\/p>\n<p><a href=\"http:\/\/museumek.eu\/?attachment_id=40912\" rel=\"attachment wp-att-40912\"><img loading=\"lazy\" src=\"http:\/\/museumek.eu\/wp-content\/uploads\/2015\/06\/1301-300x275.jpg\" alt=\"\" title=\"1301\" width=\"300\" height=\"275\" class=\"alignnone size-medium wp-image-40912\" srcset=\"http:\/\/museumek.eu\/wp-content\/uploads\/2015\/06\/1301-300x275.jpg 300w, http:\/\/museumek.eu\/wp-content\/uploads\/2015\/06\/1301-150x137.jpg 150w, http:\/\/museumek.eu\/wp-content\/uploads\/2015\/06\/1301-326x300.jpg 326w, http:\/\/museumek.eu\/wp-content\/uploads\/2015\/06\/1301.jpg 653w\" sizes=\"(max-width: 300px) 100vw, 300px\" \/><\/a><\/p>\n<p><a href=\"http:\/\/museumek.eu\/?attachment_id=40913\" rel=\"attachment wp-att-40913\"><img loading=\"lazy\" src=\"http:\/\/museumek.eu\/wp-content\/uploads\/2015\/06\/1302-278x300.jpg\" alt=\"\" title=\"1302\" width=\"278\" height=\"300\" class=\"alignnone size-medium wp-image-40913\" srcset=\"http:\/\/museumek.eu\/wp-content\/uploads\/2015\/06\/1302-278x300.jpg 278w, http:\/\/museumek.eu\/wp-content\/uploads\/2015\/06\/1302-139x150.jpg 139w, http:\/\/museumek.eu\/wp-content\/uploads\/2015\/06\/1302.jpg 600w\" sizes=\"(max-width: 278px) 100vw, 278px\" \/><\/a><\/p>\n<p><a href=\"http:\/\/museumek.eu\/?attachment_id=40914\" rel=\"attachment wp-att-40914\"><img loading=\"lazy\" src=\"http:\/\/museumek.eu\/wp-content\/uploads\/2015\/06\/1303-259x300.jpg\" alt=\"\" title=\"1303\" width=\"259\" height=\"300\" class=\"alignnone size-medium wp-image-40914\" srcset=\"http:\/\/museumek.eu\/wp-content\/uploads\/2015\/06\/1303-259x300.jpg 259w, http:\/\/museumek.eu\/wp-content\/uploads\/2015\/06\/1303-129x150.jpg 129w, http:\/\/museumek.eu\/wp-content\/uploads\/2015\/06\/1303.jpg 600w\" sizes=\"(max-width: 259px) 100vw, 259px\" \/><\/a><\/p>\n<p><a href=\"http:\/\/museumek.eu\/?attachment_id=40915\" rel=\"attachment wp-att-40915\"><img loading=\"lazy\" src=\"http:\/\/museumek.eu\/wp-content\/uploads\/2015\/06\/1304-300x206.jpg\" alt=\"\" title=\"1304\" width=\"300\" height=\"206\" class=\"alignnone size-medium wp-image-40915\" srcset=\"http:\/\/museumek.eu\/wp-content\/uploads\/2015\/06\/1304-300x206.jpg 300w, http:\/\/museumek.eu\/wp-content\/uploads\/2015\/06\/1304-150x103.jpg 150w, http:\/\/museumek.eu\/wp-content\/uploads\/2015\/06\/1304-436x300.jpg 436w, http:\/\/museumek.eu\/wp-content\/uploads\/2015\/06\/1304.jpg 669w\" sizes=\"(max-width: 300px) 100vw, 300px\" \/><\/a><\/p>\n","protected":false},"excerpt":{"rendered":"<p>Abteilung Deutschland, Keramik 1860 \u2013 1960, Inventarnummer D\/CXXXII\/1 Kunstwerkst\u00e4tte Konstanz Albert Schatz, Deutschland, Konstanz, 1918, Vase, K\u00fcnstler Albert Schatz, Werks.-Nr. 502, Exemplar Nr. 2 (?), gemarkt Firmenmarke in einem Dreieck die Buchstaben KWAS (f\u00fcr Kunstwerkst\u00e4tte Konstanz Albert Schatz, wobei das &hellip; <a href=\"http:\/\/museumek.eu\/?page_id=40911\">Weiterlesen <span class=\"meta-nav\">&rarr;<\/span><\/a><\/p>\n","protected":false},"author":1,"featured_media":0,"parent":40908,"menu_order":1,"comment_status":"closed","ping_status":"open","template":"","meta":[],"_links":{"self":[{"href":"http:\/\/museumek.eu\/index.php?rest_route=\/wp\/v2\/pages\/40911"}],"collection":[{"href":"http:\/\/museumek.eu\/index.php?rest_route=\/wp\/v2\/pages"}],"about":[{"href":"http:\/\/museumek.eu\/index.php?rest_route=\/wp\/v2\/types\/page"}],"author":[{"embeddable":true,"href":"http:\/\/museumek.eu\/index.php?rest_route=\/wp\/v2\/users\/1"}],"replies":[{"embeddable":true,"href":"http:\/\/museumek.eu\/index.php?rest_route=%2Fwp%2Fv2%2Fcomments&post=40911"}],"version-history":[{"count":6,"href":"http:\/\/museumek.eu\/index.php?rest_route=\/wp\/v2\/pages\/40911\/revisions"}],"predecessor-version":[{"id":40921,"href":"http:\/\/museumek.eu\/index.php?rest_route=\/wp\/v2\/pages\/40911\/revisions\/40921"}],"up":[{"embeddable":true,"href":"http:\/\/museumek.eu\/index.php?rest_route=\/wp\/v2\/pages\/40908"}],"wp:attachment":[{"href":"http:\/\/museumek.eu\/index.php?rest_route=%2Fwp%2Fv2%2Fmedia&parent=40911"}],"curies":[{"name":"wp","href":"https:\/\/api.w.org\/{rel}","templated":true}]}}