{"id":41012,"date":"2015-06-14T19:28:50","date_gmt":"2015-06-14T17:28:50","guid":{"rendered":"http:\/\/museumek.eu\/?page_id=41012"},"modified":"2015-06-14T19:28:50","modified_gmt":"2015-06-14T17:28:50","slug":"veb-schaubach-kunst-wallendorfer-porzellan-vormals-porzellanfabrik-schaubach-kunst-vormals-porzellanfabrik-fraureuth-ag-kunstabteilung-wallendorf-vormals-porzellanfabrik-kampfe-heubach-ag-vorm","status":"publish","type":"page","link":"http:\/\/museumek.eu\/?page_id=41012","title":{"rendered":"VEB Schaubach Kunst Wallendorfer Porzellan, vormals Porzellanfabrik Schaubach-Kunst, vormals, Porzellanfabrik Fraureuth AG, Kunstabteilung Wallendorf, vormals Porzellanfabrik K\u00e4mpfe &#038; Heubach AG, vormals Porzallanfabrik Heubach, K\u00e4mpfe &#038; Sontag, vormals Porzallanfabrik Hutschenreuther, K\u00e4mpfe &#038; Heubach, vormals Porzallanfabrik Hutschenreuther &#038; Kieser, vormals Porzallanfabrik Hamman, vormals Porzallanfabrik Hamman &#038; Greiner"},"content":{"rendered":"","protected":false},"excerpt":{"rendered":"","protected":false},"author":1,"featured_media":0,"parent":44,"menu_order":133,"comment_status":"closed","ping_status":"open","template":"","meta":[],"_links":{"self":[{"href":"http:\/\/museumek.eu\/index.php?rest_route=\/wp\/v2\/pages\/41012"}],"collection":[{"href":"http:\/\/museumek.eu\/index.php?rest_route=\/wp\/v2\/pages"}],"about":[{"href":"http:\/\/museumek.eu\/index.php?rest_route=\/wp\/v2\/types\/page"}],"author":[{"embeddable":true,"href":"http:\/\/museumek.eu\/index.php?rest_route=\/wp\/v2\/users\/1"}],"replies":[{"embeddable":true,"href":"http:\/\/museumek.eu\/index.php?rest_route=%2Fwp%2Fv2%2Fcomments&post=41012"}],"version-history":[{"count":2,"href":"http:\/\/museumek.eu\/index.php?rest_route=\/wp\/v2\/pages\/41012\/revisions"}],"predecessor-version":[{"id":41014,"href":"http:\/\/museumek.eu\/index.php?rest_route=\/wp\/v2\/pages\/41012\/revisions\/41014"}],"up":[{"embeddable":true,"href":"http:\/\/museumek.eu\/index.php?rest_route=\/wp\/v2\/pages\/44"}],"wp:attachment":[{"href":"http:\/\/museumek.eu\/index.php?rest_route=%2Fwp%2Fv2%2Fmedia&parent=41012"}],"curies":[{"name":"wp","href":"https:\/\/api.w.org\/{rel}","templated":true}]}}