{"id":41025,"date":"2015-06-14T20:15:24","date_gmt":"2015-06-14T18:15:24","guid":{"rendered":"http:\/\/museumek.eu\/?page_id=41025"},"modified":"2015-06-14T20:15:34","modified_gmt":"2015-06-14T18:15:34","slug":"dcxxxiii1","status":"publish","type":"page","link":"http:\/\/museumek.eu\/?page_id=41025","title":{"rendered":"D\/CXXXIII\/1"},"content":{"rendered":"<p><strong>Abteilung Deutschland, Keramik 1860 \u2013 1960, Inventarnummer D\/CXXXIII\/1<\/strong><\/p>\n<p>VEB Schaubach Kunst Wallendorfer Porzellan, vormals Porzellanfabrik Schaubach-Kunst, vormals, Porzellanfabrik Fraureuth AG, Kunstabteilung Wallendorf, vormals Porzellanfabrik K\u00e4mpfe &#038; Heubach AG, vormals Porzallanfabrik Heubach, K\u00e4mpfe &#038; Sontag, vormals Porzallanfabrik Hutschenreuther, K\u00e4mpfe &#038; Heubach, vormals Porzallanfabrik Hutschenreuther &#038; Kieser, vormals Porzallanfabrik Hamman, vormals Porzallanfabrik Hamman &#038; Greiner, Deutschland, Wallendorf, um 1955, Vase, K\u00fcnstler unbekannt, Werks.-Nr. 2063, Exemplar Nr. ohne, gemarkt Firmenmarke Krone, darunter SCHAUBACH KUNST von halbkreisf\u00f6rmigen B\u00f6gen eingerahmt, darunter zwei sich kreuzenden Degen \u00e4hnliche Gegenst\u00e4nde, darin der Buchstabe E, darunter GERMANY gr\u00fcner Stempel unter Glasur, 2063\/0 gepresst, nicht signiert, H\u00fcttenmeister Johann Wolfgang Hamman aus Katzh\u00fctte kaufte um 1763 das Hohenthalsche Rittergut (Rittergut Wallendorf) und er\u00f6ffnete 1764 zusammen mit dem T\u00f6pfer Johann Georg D\u00fcmler und den Limbachern Gotthelf Greiner (Glasmaler) und dessen Vetter Gottfried Greiner mit Privileg des Herzogs Franz Josias von Coburg-Saalfeld eine Porzellanfabrik, Firmierung Porzellanfabrik Hamman &#038; Greiner, 1768 verstarb Gottfried Greiner, 1772 verlie\u00df Gotthelf Greiner die Fabrik und gr\u00fcndete in Limbach eine eigene Porzellanfabrik, Hamman wird alleiniger eigent\u00fcmer und firmiert als Porzellanfabrik Hamman, 1776 verpachtete Hamman die Fabrik an seinen Sohn Ferdinand Friedrich Hamman, 1782 kaufte dieser seinem Vater die Fabrik ab, 1786 verstarb Ferdinand Friedrich Hamman und seine Witwe Anna Magareta Hamman f\u00fchrte die Fabrik bis 1811 fort, danach \u00fcbernahm der Sohn Ferdinand Friedrich Hamman (wohl gleicher Name wie sein Vater) die Fabrik, bereits 1794 gr\u00fcndete der Porzellanmaler Johann Heinrich Hutschenreuther eine Porzellanmalerei in Wallendorf, die Wei\u00dfware bezog er von der Porzellanfabrik Wallendorf, 1829 verpachtete Ferdinand Friedrich Hamman die Fabrik an Friedrich Christian Hutschenreuther (wohl Sohn von Johann Heinrich Hutschenreuther) und Herman Kieser, Firmierung Porzellanfabrik Hutschenreuther &#038; Kieser, 1833 verstarb Ferdinand Friedrich Hamman und die Fabrik wurde an Friedrich Christian Hutschenreuther, Friedrich K\u00e4mpfe und Gabriel Heubach verkauft, Firmierung Porzellanfabrik Hutschenreuther, K\u00e4mpfe und Heubach (evtl. wurde eine GmbH gegr\u00fcndet, Firmierung dann Porzellanfabrik Hutschenreuther, K\u00e4mpfe &#038; Heubach GmbH), 1887 scheidet Hutschenreuther aus und Sontag tritt ein, Firmierung Porzellanfabrik Heubach, K\u00e4mpfe &#038; Sontag (evtl. als GmbH weitergef\u00fchrt, Firmierung dann Porzellanfabrik Heubach, K\u00e4mpfe &#038; Sontag GmbH), 1897 wurde die Fabrik Aktiengesellschaft, Firmierung Porzellanfabrik K\u00e4mpfe &#038; Heubach AG, von 1915 bis 1919 wurde die Fabrik stillgelegt, von 1919 bis 1926 war die Fabrik im Eigentum der Porzellanfabrik Fraureuth AG, Firmierung Porzellanfabrik Fraureuth AG, Kunstabteilung Wallendorf, Leiter dieser Kunstabteilung war der am 26.10.1886 in Alzey geborene Heinz Schaubach, dieser kaufte die konkurse Wallendorfer Fabrik um 1926 und richtete dort bis 1928 seine eigene Porzellanfabrik ein, Produktionsbeginn 1928, Firmierung Porzellanfabrik Schaubach-Kunst, 1953 wurde die Fabrik verstaatlicht und firmierte als VEB Schaubach Kunst Wallendorfer Porzellan, die Firmenmarke dieser Vase ist f\u00fcr die Zeit von 1953 bis 1958 g\u00fcltig, die Firmenmarke f\u00fcr die Zeit von 1926 bis 1953 unterscheidet sich dreifach von der j\u00fcngeren Firmenmarke, erstens, die Krone ist anders ausgef\u00fchrt, zweitens SCHAUBACH KUNST ist von Verschn\u00f6rkelungen eingerahmt und drittens wurde der Buchstabe E nicht verwendet, ob es eine \u00e4ltere Firmenmarke mit dem Zusatz GERMANY gab, konnte das MEK nicht recherchieren, ab 1963 wurde eine v\u00f6llig andere Firmenmarke verwendet Krone, darunter W, darin 1764 oder 1763, H\u00f6he 10,2 cm, Breite 7,2 cm<\/p>\n<p><a href=\"http:\/\/museumek.eu\/?attachment_id=41026\" rel=\"attachment wp-att-41026\"><img loading=\"lazy\" src=\"http:\/\/museumek.eu\/wp-content\/uploads\/2015\/06\/3748-217x300.jpg\" alt=\"\" title=\"3748\" width=\"217\" height=\"300\" class=\"alignnone size-medium wp-image-41026\" srcset=\"http:\/\/museumek.eu\/wp-content\/uploads\/2015\/06\/3748-217x300.jpg 217w, http:\/\/museumek.eu\/wp-content\/uploads\/2015\/06\/3748-108x150.jpg 108w, http:\/\/museumek.eu\/wp-content\/uploads\/2015\/06\/3748.jpg 579w\" sizes=\"(max-width: 217px) 100vw, 217px\" \/><\/a><\/p>\n<p><a href=\"http:\/\/museumek.eu\/?attachment_id=41027\" rel=\"attachment wp-att-41027\"><img loading=\"lazy\" src=\"http:\/\/museumek.eu\/wp-content\/uploads\/2015\/06\/3749-203x300.jpg\" alt=\"\" title=\"3749\" width=\"203\" height=\"300\" class=\"alignnone size-medium wp-image-41027\" srcset=\"http:\/\/museumek.eu\/wp-content\/uploads\/2015\/06\/3749-203x300.jpg 203w, http:\/\/museumek.eu\/wp-content\/uploads\/2015\/06\/3749-101x150.jpg 101w, http:\/\/museumek.eu\/wp-content\/uploads\/2015\/06\/3749.jpg 543w\" sizes=\"(max-width: 203px) 100vw, 203px\" \/><\/a><\/p>\n<p><a href=\"http:\/\/museumek.eu\/?attachment_id=41028\" rel=\"attachment wp-att-41028\"><img loading=\"lazy\" src=\"http:\/\/museumek.eu\/wp-content\/uploads\/2015\/06\/3751-199x300.jpg\" alt=\"\" title=\"3751\" width=\"199\" height=\"300\" class=\"alignnone size-medium wp-image-41028\" srcset=\"http:\/\/museumek.eu\/wp-content\/uploads\/2015\/06\/3751-199x300.jpg 199w, http:\/\/museumek.eu\/wp-content\/uploads\/2015\/06\/3751-99x150.jpg 99w, http:\/\/museumek.eu\/wp-content\/uploads\/2015\/06\/3751.jpg 533w\" sizes=\"(max-width: 199px) 100vw, 199px\" \/><\/a><\/p>\n<p><a href=\"http:\/\/museumek.eu\/?attachment_id=41029\" rel=\"attachment wp-att-41029\"><img loading=\"lazy\" src=\"http:\/\/museumek.eu\/wp-content\/uploads\/2015\/06\/3750-279x300.jpg\" alt=\"\" title=\"3750\" width=\"279\" height=\"300\" class=\"alignnone size-medium wp-image-41029\" srcset=\"http:\/\/museumek.eu\/wp-content\/uploads\/2015\/06\/3750-279x300.jpg 279w, http:\/\/museumek.eu\/wp-content\/uploads\/2015\/06\/3750-139x150.jpg 139w, http:\/\/museumek.eu\/wp-content\/uploads\/2015\/06\/3750.jpg 600w\" sizes=\"(max-width: 279px) 100vw, 279px\" \/><\/a><\/p>\n","protected":false},"excerpt":{"rendered":"<p>Abteilung Deutschland, Keramik 1860 \u2013 1960, Inventarnummer D\/CXXXIII\/1 VEB Schaubach Kunst Wallendorfer Porzellan, vormals Porzellanfabrik Schaubach-Kunst, vormals, Porzellanfabrik Fraureuth AG, Kunstabteilung Wallendorf, vormals Porzellanfabrik K\u00e4mpfe &#038; Heubach AG, vormals Porzallanfabrik Heubach, K\u00e4mpfe &#038; Sontag, vormals Porzallanfabrik Hutschenreuther, K\u00e4mpfe &#038; Heubach, &hellip; <a href=\"http:\/\/museumek.eu\/?page_id=41025\">Weiterlesen <span class=\"meta-nav\">&rarr;<\/span><\/a><\/p>\n","protected":false},"author":1,"featured_media":0,"parent":41015,"menu_order":1,"comment_status":"closed","ping_status":"open","template":"","meta":[],"_links":{"self":[{"href":"http:\/\/museumek.eu\/index.php?rest_route=\/wp\/v2\/pages\/41025"}],"collection":[{"href":"http:\/\/museumek.eu\/index.php?rest_route=\/wp\/v2\/pages"}],"about":[{"href":"http:\/\/museumek.eu\/index.php?rest_route=\/wp\/v2\/types\/page"}],"author":[{"embeddable":true,"href":"http:\/\/museumek.eu\/index.php?rest_route=\/wp\/v2\/users\/1"}],"replies":[{"embeddable":true,"href":"http:\/\/museumek.eu\/index.php?rest_route=%2Fwp%2Fv2%2Fcomments&post=41025"}],"version-history":[{"count":6,"href":"http:\/\/museumek.eu\/index.php?rest_route=\/wp\/v2\/pages\/41025\/revisions"}],"predecessor-version":[{"id":41035,"href":"http:\/\/museumek.eu\/index.php?rest_route=\/wp\/v2\/pages\/41025\/revisions\/41035"}],"up":[{"embeddable":true,"href":"http:\/\/museumek.eu\/index.php?rest_route=\/wp\/v2\/pages\/41015"}],"wp:attachment":[{"href":"http:\/\/museumek.eu\/index.php?rest_route=%2Fwp%2Fv2%2Fmedia&parent=41025"}],"curies":[{"name":"wp","href":"https:\/\/api.w.org\/{rel}","templated":true}]}}