{"id":41142,"date":"2015-06-19T00:11:49","date_gmt":"2015-06-18T22:11:49","guid":{"rendered":"http:\/\/museumek.eu\/?page_id=41142"},"modified":"2021-03-05T21:16:17","modified_gmt":"2021-03-05T20:16:17","slug":"fotos-und-beschreibung","status":"publish","type":"page","link":"http:\/\/museumek.eu\/?page_id=41142","title":{"rendered":"Fotos und Beschreibung"},"content":{"rendered":"<p><strong>Abteilung Deutschland, Keramik 1860 \u2013 1960, Inventarnummer D\/CXXXIV\/1<\/strong><\/p>\n<p>Porzellan-Manufaktur Burgau a. S. Ferdinand Selle, Deutschland, Burgau, 1903\/1904, Teller mit Dekor Agnes, K\u00fcnstler Wiener Kunstgewerbeschule (f\u00fcr den Entwurf), Werks.-Nr. ohne, Exemplar Nr. ohne, gemarkt Firmenmarke in einem Schild-f\u00f6rmigen Rahmen PBM (f\u00fcr Porzellan-Manufaktur Burgau), darunter ein Querstrich, darunter ein S-f\u00f6rmiger nach rechts blickender Fisch (das S steht entweder f\u00fcr Selle oder f\u00fcr den Fluss Saale) auf Wellengrund gr\u00fcner Stempel unter Glasur, 3 blau unter Glasur gemalt, nicht signiert, Literatur: Bernd Fritz und Birgitt Hellmann, St\u00e4dtische Museen Jena, Porzellan-Manufaktur Burgau a. d. Saale Ferdinand Selle 1901 \u2013 1929, Seite 22, Firmenbrief, dort identische Marke in schwarz-weiss abgebildet, Seite 25, Chronologie der Erzeugnisse der Porzellanmanufaktur, dort unter Jahr 1903 Dekor Agnes aufgef\u00fchrt sowie Seiten 50\/51 Abbildungen von Geschirrteilen mit diesem Dekor wie folgt beschrieben: Dekor Agnes, chromblaues, schabloniertes Blattmotiv, achtfach wiederholt auf umlaufender Grundlinie, Entwurf Wiener Kunstgewerbeschule 1904, urspr\u00fcnglich wohl f\u00fcr Jos. B\u00f6ck, Wien entworfen, f\u00fcr das englische Kaufhaus Liberty\u2019s wurde das Dekor mit Ostia bezeichnet, weitere Literatur: Otto Pelka, Keramik der Neuzeit, Markentafel II, Marke Nr. 13 identisch, Seite 209, Herstellerverzeichnis, dort unter Burgau: Porzellan-Manufaktur Burgau Ferdinand Selle sowie Seite 221, Namenverzeichnis, dort Selle, Ferdinand, Burgau, 1901 gr\u00fcndet der Leipziger Kaufmann (Porzellanhandlung zusammen mit seinen zwei Br\u00fcdern in Leipzig) Ferdinand Otto Reinhold Selle in Burgau bei Jena eine Porzellanfabrik, handelsgerichtliche Eintragungen: 20.11.1901 Anmeldung, 26.03.1902 Eintragung, Firmierung Porzellan-Manufaktur Burgau a. S. Ferdinand Selle (a. S. steht f\u00fcr an der Saale), die Entw\u00fcrfe, die unter anderem von van de Velde und Albin M\u00fcller stammen, bilden fast ausschlie\u00dflich den Zeitgeschmack des Jugendstils ab, am 09.02.1915 stirbt Selle und seine Witwe Anna Agnes Selle f\u00fchrt die Fabrik fort, 1929 wird die Fabrik geschlossen, Durchmesser 26,7 cm<\/p>\n<p><a href=\"http:\/\/museumek.eu\/?attachment_id=41125\" rel=\"attachment wp-att-41125\"><img loading=\"lazy\" src=\"http:\/\/museumek.eu\/wp-content\/uploads\/2015\/06\/3886-297x300.jpg\" alt=\"\" title=\"3886\" width=\"297\" height=\"300\" class=\"alignnone size-medium wp-image-41125\" srcset=\"http:\/\/museumek.eu\/wp-content\/uploads\/2015\/06\/3886-297x300.jpg 297w, http:\/\/museumek.eu\/wp-content\/uploads\/2015\/06\/3886-148x150.jpg 148w, http:\/\/museumek.eu\/wp-content\/uploads\/2015\/06\/3886.jpg 600w\" sizes=\"(max-width: 297px) 100vw, 297px\" \/><\/a><\/p>\n<p><a href=\"http:\/\/museumek.eu\/?attachment_id=41126\" rel=\"attachment wp-att-41126\"><img loading=\"lazy\" src=\"http:\/\/museumek.eu\/wp-content\/uploads\/2015\/06\/3887-300x139.jpg\" alt=\"\" title=\"3887\" width=\"300\" height=\"139\" class=\"alignnone size-medium wp-image-41126\" srcset=\"http:\/\/museumek.eu\/wp-content\/uploads\/2015\/06\/3887-300x139.jpg 300w, http:\/\/museumek.eu\/wp-content\/uploads\/2015\/06\/3887-150x69.jpg 150w, http:\/\/museumek.eu\/wp-content\/uploads\/2015\/06\/3887-500x231.jpg 500w, http:\/\/museumek.eu\/wp-content\/uploads\/2015\/06\/3887.jpg 800w\" sizes=\"(max-width: 300px) 100vw, 300px\" \/><\/a><\/p>\n<p><a href=\"http:\/\/museumek.eu\/?attachment_id=41127\" rel=\"attachment wp-att-41127\"><img loading=\"lazy\" src=\"http:\/\/museumek.eu\/wp-content\/uploads\/2015\/06\/3888-300x300.jpg\" alt=\"\" title=\"3888\" width=\"300\" height=\"300\" class=\"alignnone size-medium wp-image-41127\" srcset=\"http:\/\/museumek.eu\/wp-content\/uploads\/2015\/06\/3888-300x300.jpg 300w, http:\/\/museumek.eu\/wp-content\/uploads\/2015\/06\/3888-150x150.jpg 150w, http:\/\/museumek.eu\/wp-content\/uploads\/2015\/06\/3888-299x300.jpg 299w, http:\/\/museumek.eu\/wp-content\/uploads\/2015\/06\/3888.jpg 600w\" sizes=\"(max-width: 300px) 100vw, 300px\" \/><\/a><\/p>\n<p><a href=\"http:\/\/museumek.eu\/?attachment_id=41128\" rel=\"attachment wp-att-41128\"><img loading=\"lazy\" src=\"http:\/\/museumek.eu\/wp-content\/uploads\/2015\/06\/3889-235x300.jpg\" alt=\"\" title=\"3889\" width=\"235\" height=\"300\" class=\"alignnone size-medium wp-image-41128\" srcset=\"http:\/\/museumek.eu\/wp-content\/uploads\/2015\/06\/3889-235x300.jpg 235w, http:\/\/museumek.eu\/wp-content\/uploads\/2015\/06\/3889-117x150.jpg 117w, http:\/\/museumek.eu\/wp-content\/uploads\/2015\/06\/3889.jpg 395w\" sizes=\"(max-width: 235px) 100vw, 235px\" \/><\/a><\/p>\n<p><a href=\"http:\/\/museumek.eu\/?attachment_id=41134\" rel=\"attachment wp-att-41134\"><img loading=\"lazy\" src=\"http:\/\/museumek.eu\/wp-content\/uploads\/2015\/06\/38901.jpg\" alt=\"\" title=\"3890\" width=\"161\" height=\"176\" class=\"alignnone size-full wp-image-41134\" srcset=\"http:\/\/museumek.eu\/wp-content\/uploads\/2015\/06\/38901.jpg 161w, http:\/\/museumek.eu\/wp-content\/uploads\/2015\/06\/38901-137x150.jpg 137w\" sizes=\"(max-width: 161px) 100vw, 161px\" \/><\/a><\/p>\n<p><strong>Abteilung Deutschland, Keramik 1860 \u2013 1960, Inventarnummer D\/CXXXIV\/2<\/strong><\/p>\n<p>Porzellan-Manufaktur Burgau a. S. Ferdinand Selle, Deutschland, Burgau, 1909 &#8211; 1911, Schale mit Dekor R\u00e4dchen, K\u00fcnstler unbekannt, Werks.-Nr. ohne, Exemplar Nr. ohne, gemarkt Firmenmarke in einem Schild-f\u00f6rmigen Rahmen PBM (f\u00fcr Porzellan-Manufaktur Burgau), darunter ein Querstrich, darunter ein S-f\u00f6rmiger nach rechts blickender Fisch (das S steht entweder f\u00fcr Selle oder f\u00fcr den Fluss Saale) auf Wellengrund gr\u00fcner Stempel unter Glasur, nicht signiert, Literatur: Bernd Fritz und Birgitt Hellmann, St\u00e4dtische Museen Jena, Porzellan-Manufaktur Burgau a. d. Saale Ferdinand Selle 1901 \u2013 1929, Seite 22, Firmenbrief, dort identische Marke in schwarz-weiss abgebildet, Seite 25, Chronologie der Erzeugnisse der Porzellanmanufaktur, dort unter Jahr 1909 \u2013 1911 Dekor R\u00e4dchen aufgef\u00fchrt sowie Seiten 74\/75 Abbildungen von Geschirrteilen mit diesem Dekor wie folgt beschrieben: R\u00e4dchen-Dekor, kobaltblaues P\u00fcnktchenmuster aus radial angeordneten Reihen, Kreisen und Bl\u00fctensternen, weitere Literatur: Otto Pelka, Keramik der Neuzeit, Markentafel II, Marke Nr. 13 identisch, Seite 209, Herstellerverzeichnis, dort unter Burgau: Porzellan-Manufaktur Burgau Ferdinand Selle sowie Seite 221, Namenverzeichnis, dort Selle, Ferdinand, Burgau, 1901 gr\u00fcndet der Leipziger Kaufmann (Porzellanhandlung zusammen mit seinen zwei Br\u00fcdern in Leipzig) Ferdinand Otto Reinhold Selle in Burgau bei Jena eine Porzellanfabrik, handelsgerichtliche Eintragungen: 20.11.1901 Anmeldung, 26.03.1902 Eintragung, Firmierung Porzellan-Manufaktur Burgau a. S. Ferdinand Selle (a. S. steht f\u00fcr an der Saale), die Entw\u00fcrfe, die unter anderem von van de Velde und Albin M\u00fcller stammen, bilden fast ausschlie\u00dflich den Zeitgeschmack des Jugendstils ab, am 09.02.1915 stirbt Selle und seine Witwe Anna Agnes Selle f\u00fchrt die Fabrik fort, 1929 wird die Fabrik geschlossen, H\u00f6he 3,5 cm, Breite 30 cm<\/p>\n<p><a href=\"http:\/\/museumek.eu\/?attachment_id=43790\" rel=\"attachment wp-att-43790\"><img loading=\"lazy\" src=\"http:\/\/museumek.eu\/wp-content\/uploads\/2015\/08\/4473-300x196.jpg\" alt=\"\" title=\"4473\" width=\"300\" height=\"196\" class=\"alignnone size-medium wp-image-43790\" srcset=\"http:\/\/museumek.eu\/wp-content\/uploads\/2015\/08\/4473-300x196.jpg 300w, http:\/\/museumek.eu\/wp-content\/uploads\/2015\/08\/4473-150x98.jpg 150w, http:\/\/museumek.eu\/wp-content\/uploads\/2015\/08\/4473-458x300.jpg 458w, http:\/\/museumek.eu\/wp-content\/uploads\/2015\/08\/4473.jpg 800w\" sizes=\"(max-width: 300px) 100vw, 300px\" \/><\/a><\/p>\n<p><a href=\"http:\/\/museumek.eu\/?attachment_id=43791\" rel=\"attachment wp-att-43791\"><img loading=\"lazy\" src=\"http:\/\/museumek.eu\/wp-content\/uploads\/2015\/08\/4474-300x180.jpg\" alt=\"\" title=\"4474\" width=\"300\" height=\"180\" class=\"alignnone size-medium wp-image-43791\" srcset=\"http:\/\/museumek.eu\/wp-content\/uploads\/2015\/08\/4474-300x180.jpg 300w, http:\/\/museumek.eu\/wp-content\/uploads\/2015\/08\/4474-150x90.jpg 150w, http:\/\/museumek.eu\/wp-content\/uploads\/2015\/08\/4474-497x300.jpg 497w, http:\/\/museumek.eu\/wp-content\/uploads\/2015\/08\/4474.jpg 800w\" sizes=\"(max-width: 300px) 100vw, 300px\" \/><\/a><\/p>\n<p><a href=\"http:\/\/museumek.eu\/?attachment_id=43792\" rel=\"attachment wp-att-43792\"><img loading=\"lazy\" src=\"http:\/\/museumek.eu\/wp-content\/uploads\/2015\/08\/4475-275x300.jpg\" alt=\"\" title=\"4475\" width=\"275\" height=\"300\" class=\"alignnone size-medium wp-image-43792\" srcset=\"http:\/\/museumek.eu\/wp-content\/uploads\/2015\/08\/4475-275x300.jpg 275w, http:\/\/museumek.eu\/wp-content\/uploads\/2015\/08\/4475-137x150.jpg 137w, http:\/\/museumek.eu\/wp-content\/uploads\/2015\/08\/4475.jpg 600w\" sizes=\"(max-width: 275px) 100vw, 275px\" \/><\/a><\/p>\n<p><a href=\"http:\/\/museumek.eu\/?attachment_id=43793\" rel=\"attachment wp-att-43793\"><img loading=\"lazy\" src=\"http:\/\/museumek.eu\/wp-content\/uploads\/2015\/08\/4477-300x94.jpg\" alt=\"\" title=\"4477\" width=\"300\" height=\"94\" class=\"alignnone size-medium wp-image-43793\" srcset=\"http:\/\/museumek.eu\/wp-content\/uploads\/2015\/08\/4477-300x94.jpg 300w, http:\/\/museumek.eu\/wp-content\/uploads\/2015\/08\/4477-150x47.jpg 150w, http:\/\/museumek.eu\/wp-content\/uploads\/2015\/08\/4477-500x157.jpg 500w, http:\/\/museumek.eu\/wp-content\/uploads\/2015\/08\/4477.jpg 800w\" sizes=\"(max-width: 300px) 100vw, 300px\" \/><\/a><\/p>\n<p><a href=\"http:\/\/museumek.eu\/?attachment_id=43794\" rel=\"attachment wp-att-43794\"><img loading=\"lazy\" src=\"http:\/\/museumek.eu\/wp-content\/uploads\/2015\/08\/4476-196x300.jpg\" alt=\"\" title=\"4476\" width=\"196\" height=\"300\" class=\"alignnone size-medium wp-image-43794\" srcset=\"http:\/\/museumek.eu\/wp-content\/uploads\/2015\/08\/4476-196x300.jpg 196w, http:\/\/museumek.eu\/wp-content\/uploads\/2015\/08\/4476-98x150.jpg 98w, http:\/\/museumek.eu\/wp-content\/uploads\/2015\/08\/4476.jpg 525w\" sizes=\"(max-width: 196px) 100vw, 196px\" \/><\/a><\/p>\n<p><a href=\"http:\/\/museumek.eu\/?attachment_id=43795\" rel=\"attachment wp-att-43795\"><img loading=\"lazy\" src=\"http:\/\/museumek.eu\/wp-content\/uploads\/2015\/08\/4478-239x300.jpg\" alt=\"\" title=\"4478\" width=\"239\" height=\"300\" class=\"alignnone size-medium wp-image-43795\" srcset=\"http:\/\/museumek.eu\/wp-content\/uploads\/2015\/08\/4478-239x300.jpg 239w, http:\/\/museumek.eu\/wp-content\/uploads\/2015\/08\/4478-119x150.jpg 119w, http:\/\/museumek.eu\/wp-content\/uploads\/2015\/08\/4478.jpg 420w\" sizes=\"(max-width: 239px) 100vw, 239px\" \/><\/a><\/p>\n<p><strong>Abteilung Deutschland, Keramik 1860 \u2013 1960, Inventarnummer D\/CXXXIV\/3<\/strong><\/p>\n<p>Porzellan-Manufaktur Burgau a. S. Ferdinand Selle, Deutschland, Burgau, 1910, Teller Form gerippt, Dekor Viktoria, K\u00fcnstler Erich Kuithan, Werks.-Nr. ohne, Exemplar Nr. ohne, gemarkt Firmenmarke in einem Schild-f\u00f6rmigen Rahmen PBM (f\u00fcr Porzellan-Manufaktur Burgau), darunter ein Querstrich, darunter ein S-f\u00f6rmiger nach rechts blickender Fisch (das S steht entweder f\u00fcr Selle oder f\u00fcr den Fluss Saale) auf Wellengrund gr\u00fcner Stempel unter Glasur, 3 blau unter Glasur gemalt, nicht signiert, Literatur: Bernd Fritz und Birgitt Hellmann, St\u00e4dtische Museen Jena, Porzellan-Manufaktur Burgau a. d. Saale Ferdinand Selle 1901 \u2013 1929, Seite 22, Firmenbrief, dort identische Marke in schwarz-weiss abgebildet, Seite 25, Chronologie der Erzeugnisse der Porzellanmanufaktur, dort unter Jahr 1910 Form gerippt und Dekor Viktoria aufgef\u00fchrt, Seite 33, Abb. 30, Tafel- und Speiseserviceteile der Form &#8222;Gerippt&#8220;, Dekor &#8222;Victoria&#8220; von Erich Kuithan sowie Seiten 84\/85 Abbildungen von Geschirrteilen mit diesem Dekor wie folgt beschrieben: Dekor Viktoria, unterglasurblaue Randb\u00f6gen sowie variables v-f\u00f6rmiges H\u00e4kchenmuster mit Zwischenpunkten auf den Rippengraten, weitere Literatur: Otto Pelka, Keramik der Neuzeit, Markentafel II, Marke Nr. 13 identisch, Seite 209, Herstellerverzeichnis, dort unter Burgau: Porzellan-Manufaktur Burgau Ferdinand Selle sowie Seite 221, Namenverzeichnis, dort Selle, Ferdinand, Burgau, 1901 gr\u00fcndet der Leipziger Kaufmann (Porzellanhandlung zusammen mit seinen zwei Br\u00fcdern in Leipzig) Ferdinand Otto Reinhold Selle in Burgau bei Jena eine Porzellanfabrik, handelsgerichtliche Eintragungen: 20.11.1901 Anmeldung, 26.03.1902 Eintragung, Firmierung Porzellan-Manufaktur Burgau a. S. Ferdinand Selle (a. S. steht f\u00fcr an der Saale), die Entw\u00fcrfe, die unter anderem von van de Velde und Albin M\u00fcller stammen, bilden fast ausschlie\u00dflich den Zeitgeschmack des Jugendstils ab, am 09.02.1915 stirbt Selle und seine Witwe Anna Agnes Selle f\u00fchrt die Fabrik fort, 1929 wird die Fabrik geschlossen, Durchmesser 14,5 cm<\/p>\n<p><a href=\"http:\/\/museumek.eu\/?attachment_id=52566\" rel=\"attachment wp-att-52566\"><img loading=\"lazy\" src=\"http:\/\/museumek.eu\/wp-content\/uploads\/2015\/06\/Selle-Teller-1-300x294.jpg\" alt=\"\" title=\"Selle Teller 1\" width=\"300\" height=\"294\" class=\"alignnone size-medium wp-image-52566\" srcset=\"http:\/\/museumek.eu\/wp-content\/uploads\/2015\/06\/Selle-Teller-1-300x294.jpg 300w, http:\/\/museumek.eu\/wp-content\/uploads\/2015\/06\/Selle-Teller-1-150x147.jpg 150w, http:\/\/museumek.eu\/wp-content\/uploads\/2015\/06\/Selle-Teller-1-305x300.jpg 305w, http:\/\/museumek.eu\/wp-content\/uploads\/2015\/06\/Selle-Teller-1.jpg 489w\" sizes=\"(max-width: 300px) 100vw, 300px\" \/><\/a><\/p>\n<p><a href=\"http:\/\/museumek.eu\/?attachment_id=52567\" rel=\"attachment wp-att-52567\"><img loading=\"lazy\" src=\"http:\/\/museumek.eu\/wp-content\/uploads\/2015\/06\/Selle-Teller-2-300x296.jpg\" alt=\"\" title=\"Selle Teller 2\" width=\"300\" height=\"296\" class=\"alignnone size-medium wp-image-52567\" srcset=\"http:\/\/museumek.eu\/wp-content\/uploads\/2015\/06\/Selle-Teller-2-300x296.jpg 300w, http:\/\/museumek.eu\/wp-content\/uploads\/2015\/06\/Selle-Teller-2-150x148.jpg 150w, http:\/\/museumek.eu\/wp-content\/uploads\/2015\/06\/Selle-Teller-2-303x300.jpg 303w, http:\/\/museumek.eu\/wp-content\/uploads\/2015\/06\/Selle-Teller-2.jpg 485w\" sizes=\"(max-width: 300px) 100vw, 300px\" \/><\/a><\/p>\n<p><a href=\"http:\/\/museumek.eu\/?attachment_id=52568\" rel=\"attachment wp-att-52568\"><img loading=\"lazy\" src=\"http:\/\/museumek.eu\/wp-content\/uploads\/2015\/06\/Selle-Teller-3-253x300.jpg\" alt=\"\" title=\"Selle Teller 3\" width=\"253\" height=\"300\" class=\"alignnone size-medium wp-image-52568\" srcset=\"http:\/\/museumek.eu\/wp-content\/uploads\/2015\/06\/Selle-Teller-3-253x300.jpg 253w, http:\/\/museumek.eu\/wp-content\/uploads\/2015\/06\/Selle-Teller-3-126x150.jpg 126w, http:\/\/museumek.eu\/wp-content\/uploads\/2015\/06\/Selle-Teller-3.jpg 480w\" sizes=\"(max-width: 253px) 100vw, 253px\" \/><\/a><\/p>\n<p><strong>Abteilung Deutschland, Keramik 1860 \u2013 1960, Inventarnummer D\/CXXXIV\/4<\/strong><\/p>\n<p>Porzellan-Manufaktur Burgau a. S. Ferdinand Selle, Deutschland, Burgau, 1909 &#8211; 1911, Teller mit Dekor Weinlaub, K\u00fcnstler unbekannt, Werks.-Nr. ohne, Exemplar Nr. ohne, gemarkt Firmenmarke in einem Schild-f\u00f6rmigen Rahmen PBM (f\u00fcr Porzellan-Manufaktur Burgau), darunter ein Querstrich, darunter ein S-f\u00f6rmiger nach rechts blickender Fisch (das S steht entweder f\u00fcr Selle oder f\u00fcr den Fluss Saale) auf Wellengrund gr\u00fcner Stempel unter Glasur, nicht signiert, Literatur: Bernd Fritz und Birgitt Hellmann, St\u00e4dtische Museen Jena, Porzellan-Manufaktur Burgau a. d. Saale Ferdinand Selle 1901 \u2013 1929, Seite 22, Firmenbrief, dort identische Marke in schwarz-weiss abgebildet, Seite 25, Chronologie der Erzeugnisse der Porzellanmanufaktur, dort unter Jahr 1909 \u2013 1911 Dekor Weinlaub aufgef\u00fchrt sowie Seiten 77 Abbildungen von Geschirrteilen mit diesem Dekor (auch der MEK Teller) wie folgt beschrieben: Weinlaub-Dekor, Randborte aus unterglasurgr\u00fcnen Bl\u00e4ttern und Ranken schabloniert und gemalt, weitere Literatur: Otto Pelka, Keramik der Neuzeit, Markentafel II, Marke Nr. 13 identisch, Seite 209, Herstellerverzeichnis, dort unter Burgau: Porzellan-Manufaktur Burgau Ferdinand Selle sowie Seite 221, Namenverzeichnis, dort Selle, Ferdinand, Burgau, 1901 gr\u00fcndet der Leipziger Kaufmann (Porzellanhandlung zusammen mit seinen zwei Br\u00fcdern in Leipzig) Ferdinand Otto Reinhold Selle in Burgau bei Jena eine Porzellanfabrik, handelsgerichtliche Eintragungen: 20.11.1901 Anmeldung, 26.03.1902 Eintragung, Firmierung Porzellan-Manufaktur Burgau a. S. Ferdinand Selle (a. S. steht f\u00fcr an der Saale), die Entw\u00fcrfe, die unter anderem von van de Velde und Albin M\u00fcller stammen, bilden fast ausschlie\u00dflich den Zeitgeschmack des Jugendstils ab, am 09.02.1915 stirbt Selle und seine Witwe Anna Agnes Selle f\u00fchrt die Fabrik fort, 1929 wird die Fabrik geschlossen, Durchmesser 28 cm<\/p>\n<p><a href=\"http:\/\/museumek.eu\/?attachment_id=53805\" rel=\"attachment wp-att-53805\"><img loading=\"lazy\" src=\"http:\/\/museumek.eu\/wp-content\/uploads\/2015\/06\/Ferdinand-Selle-Teller-mit-Weinlaubdekor-1-300x291.jpg\" alt=\"\" title=\"Ferdinand Selle Teller mit Weinlaubdekor 1\" width=\"300\" height=\"291\" class=\"alignnone size-medium wp-image-53805\" srcset=\"http:\/\/museumek.eu\/wp-content\/uploads\/2015\/06\/Ferdinand-Selle-Teller-mit-Weinlaubdekor-1-300x291.jpg 300w, http:\/\/museumek.eu\/wp-content\/uploads\/2015\/06\/Ferdinand-Selle-Teller-mit-Weinlaubdekor-1-150x145.jpg 150w, http:\/\/museumek.eu\/wp-content\/uploads\/2015\/06\/Ferdinand-Selle-Teller-mit-Weinlaubdekor-1-308x300.jpg 308w, http:\/\/museumek.eu\/wp-content\/uploads\/2015\/06\/Ferdinand-Selle-Teller-mit-Weinlaubdekor-1.jpg 494w\" sizes=\"(max-width: 300px) 100vw, 300px\" \/><\/a><\/p>\n<p><a href=\"http:\/\/museumek.eu\/?attachment_id=53806\" rel=\"attachment wp-att-53806\"><img loading=\"lazy\" src=\"http:\/\/museumek.eu\/wp-content\/uploads\/2015\/06\/Ferdinand-Selle-Teller-mit-Weinlaubdekor-2-300x133.jpg\" alt=\"\" title=\"Ferdinand Selle Teller mit Weinlaubdekor 2\" width=\"300\" height=\"133\" class=\"alignnone size-medium wp-image-53806\" srcset=\"http:\/\/museumek.eu\/wp-content\/uploads\/2015\/06\/Ferdinand-Selle-Teller-mit-Weinlaubdekor-2-300x133.jpg 300w, http:\/\/museumek.eu\/wp-content\/uploads\/2015\/06\/Ferdinand-Selle-Teller-mit-Weinlaubdekor-2-150x66.jpg 150w, http:\/\/museumek.eu\/wp-content\/uploads\/2015\/06\/Ferdinand-Selle-Teller-mit-Weinlaubdekor-2-500x222.jpg 500w, http:\/\/museumek.eu\/wp-content\/uploads\/2015\/06\/Ferdinand-Selle-Teller-mit-Weinlaubdekor-2.jpg 640w\" sizes=\"(max-width: 300px) 100vw, 300px\" \/><\/a><\/p>\n<p><a href=\"http:\/\/museumek.eu\/?attachment_id=53807\" rel=\"attachment wp-att-53807\"><img loading=\"lazy\" src=\"http:\/\/museumek.eu\/wp-content\/uploads\/2015\/06\/Ferdinand-Selle-Teller-mit-Weinlaubdekor-3-300x289.jpg\" alt=\"\" title=\"Ferdinand Selle Teller mit Weinlaubdekor 3\" width=\"300\" height=\"289\" class=\"alignnone size-medium wp-image-53807\" srcset=\"http:\/\/museumek.eu\/wp-content\/uploads\/2015\/06\/Ferdinand-Selle-Teller-mit-Weinlaubdekor-3-300x289.jpg 300w, http:\/\/museumek.eu\/wp-content\/uploads\/2015\/06\/Ferdinand-Selle-Teller-mit-Weinlaubdekor-3-150x144.jpg 150w, http:\/\/museumek.eu\/wp-content\/uploads\/2015\/06\/Ferdinand-Selle-Teller-mit-Weinlaubdekor-3-311x300.jpg 311w, http:\/\/museumek.eu\/wp-content\/uploads\/2015\/06\/Ferdinand-Selle-Teller-mit-Weinlaubdekor-3.jpg 498w\" sizes=\"(max-width: 300px) 100vw, 300px\" \/><\/a><\/p>\n<p><a href=\"http:\/\/museumek.eu\/?attachment_id=53808\" rel=\"attachment wp-att-53808\"><img loading=\"lazy\" src=\"http:\/\/museumek.eu\/wp-content\/uploads\/2015\/06\/Ferdinand-Selle-Teller-mit-Weinlaubdekor-4-282x300.jpg\" alt=\"\" title=\"Ferdinand Selle Teller mit Weinlaubdekor 4\" width=\"282\" height=\"300\" class=\"alignnone size-medium wp-image-53808\" srcset=\"http:\/\/museumek.eu\/wp-content\/uploads\/2015\/06\/Ferdinand-Selle-Teller-mit-Weinlaubdekor-4-282x300.jpg 282w, http:\/\/museumek.eu\/wp-content\/uploads\/2015\/06\/Ferdinand-Selle-Teller-mit-Weinlaubdekor-4-141x150.jpg 141w, http:\/\/museumek.eu\/wp-content\/uploads\/2015\/06\/Ferdinand-Selle-Teller-mit-Weinlaubdekor-4.jpg 453w\" sizes=\"(max-width: 282px) 100vw, 282px\" \/><\/a><\/p>\n","protected":false},"excerpt":{"rendered":"<p>Abteilung Deutschland, Keramik 1860 \u2013 1960, Inventarnummer D\/CXXXIV\/1 Porzellan-Manufaktur Burgau a. S. Ferdinand Selle, Deutschland, Burgau, 1903\/1904, Teller mit Dekor Agnes, K\u00fcnstler Wiener Kunstgewerbeschule (f\u00fcr den Entwurf), Werks.-Nr. ohne, Exemplar Nr. ohne, gemarkt Firmenmarke in einem Schild-f\u00f6rmigen Rahmen PBM (f\u00fcr &hellip; <a href=\"http:\/\/museumek.eu\/?page_id=41142\">Weiterlesen <span class=\"meta-nav\">&rarr;<\/span><\/a><\/p>\n","protected":false},"author":1,"featured_media":0,"parent":41086,"menu_order":1,"comment_status":"closed","ping_status":"open","template":"","meta":[],"_links":{"self":[{"href":"http:\/\/museumek.eu\/index.php?rest_route=\/wp\/v2\/pages\/41142"}],"collection":[{"href":"http:\/\/museumek.eu\/index.php?rest_route=\/wp\/v2\/pages"}],"about":[{"href":"http:\/\/museumek.eu\/index.php?rest_route=\/wp\/v2\/types\/page"}],"author":[{"embeddable":true,"href":"http:\/\/museumek.eu\/index.php?rest_route=\/wp\/v2\/users\/1"}],"replies":[{"embeddable":true,"href":"http:\/\/museumek.eu\/index.php?rest_route=%2Fwp%2Fv2%2Fcomments&post=41142"}],"version-history":[{"count":15,"href":"http:\/\/museumek.eu\/index.php?rest_route=\/wp\/v2\/pages\/41142\/revisions"}],"predecessor-version":[{"id":53810,"href":"http:\/\/museumek.eu\/index.php?rest_route=\/wp\/v2\/pages\/41142\/revisions\/53810"}],"up":[{"embeddable":true,"href":"http:\/\/museumek.eu\/index.php?rest_route=\/wp\/v2\/pages\/41086"}],"wp:attachment":[{"href":"http:\/\/museumek.eu\/index.php?rest_route=%2Fwp%2Fv2%2Fmedia&parent=41142"}],"curies":[{"name":"wp","href":"https:\/\/api.w.org\/{rel}","templated":true}]}}