{"id":41203,"date":"2015-06-20T22:15:02","date_gmt":"2015-06-20T20:15:02","guid":{"rendered":"http:\/\/museumek.eu\/?page_id=41203"},"modified":"2015-06-21T00:05:32","modified_gmt":"2015-06-20T22:05:32","slug":"dlvii4","status":"publish","type":"page","link":"http:\/\/museumek.eu\/?page_id=41203","title":{"rendered":"D\/LVII\/4"},"content":{"rendered":"<p><strong>Abteilung Deutschland, Keramik 1860 \u2013 1960, Inventarnummer D\/LVII\/4<\/strong><\/p>\n<p>Meringer Kunstt\u00f6pferei Johann Lipp, vormals Meringer T\u00f6pferei Georg Lipp, Deutschland, Mering, um 1900, Kanne, K\u00fcnstler unbekannt, Werks.-Nr. 218, Exemplar Nr. ohne, gemarkt Firmenmarke gemaltes senkrechtes Schwert, Knauf oben (Bestandteil des Meringer Stadtwappens) sowie 218. braun auf Glasur gemalt, weitere Firmenmarke J. LIPP (zweiter Bestandteil des zweiteiligen Stempels) gepresst, nicht signiert, Literatur: Gisela Reineking von Bock, Meister der Deutschen Keramik 1900 bis 1950, Seite 200, Beschreibung der T\u00f6pferei, weitere Literatur: Otto Pelka, Keramik der Neuzeit, Seite 193, Nennung der Lippschen Kunstt\u00f6pferei sowie Seite 290, Namensverzeichnis Nr. 193, Johann Lipp, weitere Literatur: J.G.Th. Graesse und E. Jaennicke, F\u00fchrer f\u00fcr Sammler von Porzellan und Fayence, Steinzeug, Steingut usw., Seite 127, Marke Nr. 1 identisch (Anm. MEK: allerdings hier mit Knauf unten abgebildet, da beim MEK Exemplar die Werks.-Nr. 218 unterhalb der Schwertspitze steht und da im Meringer Stadtwappen dass Schwert ebenfalls mit Knauf oben enthalten ist, ist davon auszugehen, dass das MEK die Marke richtig beschrieben hat und Graesse\/Jaennicke die Marke falschherum abgebildet haben), dort beschrieben mit Mering, Kunstt\u00f6pferei Johann Lipp, Hafnermeister Georg Lipp (geb. 1832, gest. 1893) aus Dinkelscherben heiratete 1862 Barbara Schegg, Tochter des Hafnermeisters Dominikus Schegg aus Mering, vermutlich \u00fcbernimmt er damit diese Meringer T\u00f6pferei oder er gr\u00fcndet mit Unterst\u00fctzung der Scheggs seine eigene T\u00f6pferei, das ist nicht genau nachvollziehbar, die Firmierung lautet wohl Meringer T\u00f6pferei Georg Lipp oder \u00e4hnlich, Johann Lipp (geb. 1867), Sohn von Georg Lipp, lernte im v\u00e4terlichen Betrieb und besuchte die Keramikfachschule in Landshut, sp\u00e4testens um 1893, dem Todesjahr von Georg Lipp, \u00fcbernahm Johann Lipp die v\u00e4terliche T\u00f6pferei, Firmierung nun Meringer Kunstt\u00f6pferei Johann Lipp, Johann Lipp versuchte das Handwerk auf die Stufe des Kunstgewerbes zu heben, war Kgl. Bayerischer Hoflieferant und beteiligte sich erfolgreich an nationalen und internationalen Ausstellungen und Messen, Lipp war mit Max Laeuger befreundet, der ihn zu Arbeiten mit Schlickermalerei anregte und sicher auch daf\u00fcr sorgte, dass das Handelshaus C. F. Otto M\u00fcller in Karlsruhe Lipps Produkte mitvertrieb, die T\u00f6pferei Lipp verwendete verschiedene Firmenmarken, das MEK kann die meisten davon nachweisen, ca. 1932 \u00fcbernahm Lipp die M\u00fcnchner Majolika Werkst\u00e4tte, Johann Lipp leitete seine T\u00f6pferei als Kaufmann und Handwerker bis 1936, danach \u00fcbernahm der Ehemann seiner in der T\u00f6pferei mitarbeitenden Tochter Elisabeth, der Bankkaufmann Ludwig Klopfer, die Gesch\u00e4ftsf\u00fchrung, Elisabeth verstarb 1943 und deren Schwester Maria arbeitete in der T\u00f6pferei mit, Elisabeth Klopfers Sohn, mit gleichem Namen wie sein Vater, Ludwig Klopfer trat nach seiner innerbetrieblichen T\u00f6pferlehre und dem Besuch der Keramikfachschule Landshut in die T\u00f6pferei ein, die T\u00f6pferei existiert noch heute, zeitliche Einordnung nach Werks.-Nr., vermutlich hat Georg Lipp seine Produkte nicht mit Werks.-Nr. versehen und die Werks.-Nr. Vergabe begann erst mit Johann Lipp, die kleinste Werks.-Nr. im MEK Inventar mit Stempel von Johann Lipp lautet 218, es ist unwahrscheinlich, das Georg Lipp in 30 Jahren T\u00e4tigkeit erst bei einer Werks.-Nr. unter 218 angekommen sein soll, wahrscheinlicher ist, dass Johann Lipp ab ca. 1893 seine Produkte mit Werks.-Nr. versah, so dass er ungef\u00e4hr um 1900 bei der Werks.-Nr. 200 angekommen war, um 1910 bei der Werks.-Nr. 500, um 1920 bei der Werks.-Nr. 800, zeitliche Einordnung der Firmenmarke: ob diese bereits von Georg Lipp verwendet worden ist, konnte das MEK nicht kl\u00e4ren, im MEK Inventar befindet sich unter D\/LVII\/6 eine in der Form fast identische kleinere Kanne mit der gleichen Werks.-Nr. 218, diese allerdings gepresst, diese Kanne wurde mit dem vollst\u00e4ndigen Johann Lipp Stempel, siehe MEK D\/LVII\/5, versehen, das MEK konnte nicht aufkl\u00e4ren, warum es zwei Kannen mit gleicher Werks.-Nr. gibt, die dazu auch noch unterschiedliche Firmenmarken tragen, H\u00f6he 24 cm, Breite 17,5 cm<\/p>\n<p><a href=\"http:\/\/museumek.eu\/?attachment_id=41205\" rel=\"attachment wp-att-41205\"><img loading=\"lazy\" src=\"http:\/\/museumek.eu\/wp-content\/uploads\/2015\/06\/35571-183x300.jpg\" alt=\"\" title=\"3557\" width=\"183\" height=\"300\" class=\"alignnone size-medium wp-image-41205\" srcset=\"http:\/\/museumek.eu\/wp-content\/uploads\/2015\/06\/35571-183x300.jpg 183w, http:\/\/museumek.eu\/wp-content\/uploads\/2015\/06\/35571-91x150.jpg 91w, http:\/\/museumek.eu\/wp-content\/uploads\/2015\/06\/35571.jpg 488w\" sizes=\"(max-width: 183px) 100vw, 183px\" \/><\/a><\/p>\n<p><a href=\"http:\/\/museumek.eu\/?attachment_id=41210\" rel=\"attachment wp-att-41210\"><img loading=\"lazy\" src=\"http:\/\/museumek.eu\/wp-content\/uploads\/2015\/06\/3558-192x300.jpg\" alt=\"\" title=\"3558\" width=\"192\" height=\"300\" class=\"alignnone size-medium wp-image-41210\" srcset=\"http:\/\/museumek.eu\/wp-content\/uploads\/2015\/06\/3558-192x300.jpg 192w, http:\/\/museumek.eu\/wp-content\/uploads\/2015\/06\/3558-96x150.jpg 96w, http:\/\/museumek.eu\/wp-content\/uploads\/2015\/06\/3558.jpg 514w\" sizes=\"(max-width: 192px) 100vw, 192px\" \/><\/a><\/p>\n<p><a href=\"http:\/\/museumek.eu\/?attachment_id=41211\" rel=\"attachment wp-att-41211\"><img loading=\"lazy\" src=\"http:\/\/museumek.eu\/wp-content\/uploads\/2015\/06\/3559-201x300.jpg\" alt=\"\" title=\"3559\" width=\"201\" height=\"300\" class=\"alignnone size-medium wp-image-41211\" srcset=\"http:\/\/museumek.eu\/wp-content\/uploads\/2015\/06\/3559-201x300.jpg 201w, http:\/\/museumek.eu\/wp-content\/uploads\/2015\/06\/3559-100x150.jpg 100w, http:\/\/museumek.eu\/wp-content\/uploads\/2015\/06\/3559.jpg 538w\" sizes=\"(max-width: 201px) 100vw, 201px\" \/><\/a><\/p>\n<p><a href=\"http:\/\/museumek.eu\/?attachment_id=41212\" rel=\"attachment wp-att-41212\"><img loading=\"lazy\" src=\"http:\/\/museumek.eu\/wp-content\/uploads\/2015\/06\/3560-177x300.jpg\" alt=\"\" title=\"3560\" width=\"177\" height=\"300\" class=\"alignnone size-medium wp-image-41212\" srcset=\"http:\/\/museumek.eu\/wp-content\/uploads\/2015\/06\/3560-177x300.jpg 177w, http:\/\/museumek.eu\/wp-content\/uploads\/2015\/06\/3560-88x150.jpg 88w, http:\/\/museumek.eu\/wp-content\/uploads\/2015\/06\/3560.jpg 472w\" sizes=\"(max-width: 177px) 100vw, 177px\" \/><\/a><\/p>\n<p><a href=\"http:\/\/museumek.eu\/?attachment_id=41213\" rel=\"attachment wp-att-41213\"><img loading=\"lazy\" src=\"http:\/\/museumek.eu\/wp-content\/uploads\/2015\/06\/3561-204x300.jpg\" alt=\"\" title=\"3561\" width=\"204\" height=\"300\" class=\"alignnone size-medium wp-image-41213\" srcset=\"http:\/\/museumek.eu\/wp-content\/uploads\/2015\/06\/3561-204x300.jpg 204w, http:\/\/museumek.eu\/wp-content\/uploads\/2015\/06\/3561-102x150.jpg 102w, http:\/\/museumek.eu\/wp-content\/uploads\/2015\/06\/3561.jpg 545w\" sizes=\"(max-width: 204px) 100vw, 204px\" \/><\/a><\/p>\n<p><a href=\"http:\/\/museumek.eu\/?attachment_id=41214\" rel=\"attachment wp-att-41214\"><img loading=\"lazy\" src=\"http:\/\/museumek.eu\/wp-content\/uploads\/2015\/06\/3563-242x300.jpg\" alt=\"\" title=\"3563\" width=\"242\" height=\"300\" class=\"alignnone size-medium wp-image-41214\" srcset=\"http:\/\/museumek.eu\/wp-content\/uploads\/2015\/06\/3563-242x300.jpg 242w, http:\/\/museumek.eu\/wp-content\/uploads\/2015\/06\/3563-121x150.jpg 121w, http:\/\/museumek.eu\/wp-content\/uploads\/2015\/06\/3563.jpg 600w\" sizes=\"(max-width: 242px) 100vw, 242px\" \/><\/a><\/p>\n<p><a href=\"http:\/\/museumek.eu\/?attachment_id=41215\" rel=\"attachment wp-att-41215\"><img loading=\"lazy\" src=\"http:\/\/museumek.eu\/wp-content\/uploads\/2015\/06\/3562.jpg\" alt=\"\" title=\"3562\" width=\"171\" height=\"226\" class=\"alignnone size-full wp-image-41215\" srcset=\"http:\/\/museumek.eu\/wp-content\/uploads\/2015\/06\/3562.jpg 171w, http:\/\/museumek.eu\/wp-content\/uploads\/2015\/06\/3562-113x150.jpg 113w\" sizes=\"(max-width: 171px) 100vw, 171px\" \/><\/a><\/p>\n<p><a href=\"http:\/\/museumek.eu\/?attachment_id=41216\" rel=\"attachment wp-att-41216\"><img loading=\"lazy\" src=\"http:\/\/museumek.eu\/wp-content\/uploads\/2015\/06\/3564-300x171.jpg\" alt=\"\" title=\"3564\" width=\"300\" height=\"171\" class=\"alignnone size-medium wp-image-41216\" srcset=\"http:\/\/museumek.eu\/wp-content\/uploads\/2015\/06\/3564-300x171.jpg 300w, http:\/\/museumek.eu\/wp-content\/uploads\/2015\/06\/3564-150x85.jpg 150w, http:\/\/museumek.eu\/wp-content\/uploads\/2015\/06\/3564.jpg 484w\" sizes=\"(max-width: 300px) 100vw, 300px\" \/><\/a><\/p>\n","protected":false},"excerpt":{"rendered":"<p>Abteilung Deutschland, Keramik 1860 \u2013 1960, Inventarnummer D\/LVII\/4 Meringer Kunstt\u00f6pferei Johann Lipp, vormals Meringer T\u00f6pferei Georg Lipp, Deutschland, Mering, um 1900, Kanne, K\u00fcnstler unbekannt, Werks.-Nr. 218, Exemplar Nr. ohne, gemarkt Firmenmarke gemaltes senkrechtes Schwert, Knauf oben (Bestandteil des Meringer Stadtwappens) &hellip; <a href=\"http:\/\/museumek.eu\/?page_id=41203\">Weiterlesen <span class=\"meta-nav\">&rarr;<\/span><\/a><\/p>\n","protected":false},"author":1,"featured_media":0,"parent":13969,"menu_order":4,"comment_status":"closed","ping_status":"open","template":"","meta":[],"_links":{"self":[{"href":"http:\/\/museumek.eu\/index.php?rest_route=\/wp\/v2\/pages\/41203"}],"collection":[{"href":"http:\/\/museumek.eu\/index.php?rest_route=\/wp\/v2\/pages"}],"about":[{"href":"http:\/\/museumek.eu\/index.php?rest_route=\/wp\/v2\/types\/page"}],"author":[{"embeddable":true,"href":"http:\/\/museumek.eu\/index.php?rest_route=\/wp\/v2\/users\/1"}],"replies":[{"embeddable":true,"href":"http:\/\/museumek.eu\/index.php?rest_route=%2Fwp%2Fv2%2Fcomments&post=41203"}],"version-history":[{"count":8,"href":"http:\/\/museumek.eu\/index.php?rest_route=\/wp\/v2\/pages\/41203\/revisions"}],"predecessor-version":[{"id":41316,"href":"http:\/\/museumek.eu\/index.php?rest_route=\/wp\/v2\/pages\/41203\/revisions\/41316"}],"up":[{"embeddable":true,"href":"http:\/\/museumek.eu\/index.php?rest_route=\/wp\/v2\/pages\/13969"}],"wp:attachment":[{"href":"http:\/\/museumek.eu\/index.php?rest_route=%2Fwp%2Fv2%2Fmedia&parent=41203"}],"curies":[{"name":"wp","href":"https:\/\/api.w.org\/{rel}","templated":true}]}}