{"id":41225,"date":"2015-06-20T22:45:25","date_gmt":"2015-06-20T20:45:25","guid":{"rendered":"http:\/\/museumek.eu\/?page_id=41225"},"modified":"2015-06-21T00:06:09","modified_gmt":"2015-06-20T22:06:09","slug":"dlvii5","status":"publish","type":"page","link":"http:\/\/museumek.eu\/?page_id=41225","title":{"rendered":"D\/LVII\/5"},"content":{"rendered":"<p><strong>Abteilung Deutschland, Keramik 1860 \u2013 1960, Inventarnummer D\/LVII\/5<\/strong><\/p>\n<p>Meringer Kunstt\u00f6pferei Johann Lipp, vormals Meringer T\u00f6pferei Georg Lipp, Deutschland, Mering, um 1912, Kanne, K\u00fcnstler Johann Lipp (attr.), Werks.-Nr. 328, Exemplar Nr. ohne, gemarkt Firmenmarke mit 3 Vasen, in den Vasen die Buchstaben MKT (f\u00fcr Meringer Kunstt\u00f6pferei (erster Bestandteil des vollst\u00e4ndigen Stempels), darunter J. LIPP (zweiter Bestandteil des vollst\u00e4ndigen Stempels), 328 sowie MADE IN, darunter GERMANY (dieser Stempel wurde wohl f\u00fcr Exportprodukte verwendet) alles gepresst, Reste eines alten Papieraufklebers, darauf noch die Hand schriftliche Werks.-Nr. 328 erkennbar, nicht signiert, Literatur: Gisela Reineking von Bock, Meister der Deutschen Keramik 1900 bis 1950, Seite 200, Beschreibung der T\u00f6pferei, weitere Literatur: Otto Pelka, Keramik der Neuzeit, Seite 193, Nennung der Lippschen Kunstt\u00f6pferei sowie Seite 290, Namensverzeichnis Nr. 193, Johann Lipp, Hafnermeister Georg Lipp (geb. 1832, gest. 1893) aus Dinkelscherben heiratete 1862 Barbara Schegg, Tochter des Hafnermeisters Dominikus Schegg aus Mering, vermutlich \u00fcbernimmt er damit diese Meringer T\u00f6pferei oder er gr\u00fcndet mit Unterst\u00fctzung der Scheggs seine eigene T\u00f6pferei, das ist nicht genau nachvollziehbar, die Firmierung lautet wohl Meringer T\u00f6pferei Georg Lipp oder \u00e4hnlich, Johann Lipp (geb. 1867), Sohn von Georg Lipp, lernte im v\u00e4terlichen Betrieb und besuchte die Keramikfachschule in Landshut, sp\u00e4testens um 1893, dem Todesjahr von Georg Lipp, \u00fcbernahm Johann Lipp die v\u00e4terliche T\u00f6pferei, Firmierung nun Meringer Kunstt\u00f6pferei Johann Lipp, Johann Lipp versuchte das Handwerk auf die Stufe des Kunstgewerbes zu heben, war Kgl. Bayerischer Hoflieferant und beteiligte sich erfolgreich an nationalen und internationalen Ausstellungen und Messen, Lipp war mit Max Laeuger befreundet, der ihn zu Arbeiten mit Schlickermalerei anregte und sicher auch daf\u00fcr sorgte, dass das Handelshaus C. F. Otto M\u00fcller in Karlsruhe Lipps Produkte mitvertrieb, die T\u00f6pferei Lipp verwendete verschiedene Firmenmarken, das MEK kann die meisten davon nachweisen, ca. 1932 \u00fcbernahm Lipp die M\u00fcnchner Majolika Werkst\u00e4tte, Johann Lipp leitete seine T\u00f6pferei als Kaufmann und Handwerker bis 1936, danach \u00fcbernahm der Ehemann seiner in der T\u00f6pferei mitarbeitenden Tochter Elisabeth, der Bankkaufmann Ludwig Klopfer, die Gesch\u00e4ftsf\u00fchrung, Elisabeth verstarb 1943 und deren Schwester Maria arbeitete in der T\u00f6pferei mit, Elisabeth Klopfers Sohn, mit gleichem Namen wie sein Vater, Ludwig Klopfer trat nach seiner innerbetrieblichen T\u00f6pferlehre und dem Besuch der Keramikfachschule Landshut in die T\u00f6pferei ein, die T\u00f6pferei existiert noch heute, zeitliche Einordnung nach Werks.-Nr., vermutlich hat Georg Lipp seine Produkte nicht mit Werks.-Nr. versehen und die Werks.-Nr. Vergabe begann erst mit Johann Lipp, die kleinste Werks.-Nr. im MEK Inventar mit Stempel von Johann Lipp lautet 218, es ist unwahrscheinlich, das Georg Lipp in 30 Jahren T\u00e4tigkeit erst bei einer Werks.-Nr. unter 218 angekommen sein soll, wahrscheinlicher ist, dass Johann Lipp ab ca. 1893 seine Produkte mit Werks.-Nr. versah, so dass er ungef\u00e4hr um 1900 bei der Werks.-Nr. 200 angekommen war, um 1910 bei der Werks.-Nr. 500, um 1920 bei der Werks.-Nr. 800, H\u00f6he 34,5 cm, Breite 24,5 cm<\/p>\n<p><a href=\"http:\/\/museumek.eu\/?attachment_id=41226\" rel=\"attachment wp-att-41226\"><img loading=\"lazy\" src=\"http:\/\/museumek.eu\/wp-content\/uploads\/2015\/06\/3543-205x300.jpg\" alt=\"\" title=\"3543\" width=\"205\" height=\"300\" class=\"alignnone size-medium wp-image-41226\" srcset=\"http:\/\/museumek.eu\/wp-content\/uploads\/2015\/06\/3543-205x300.jpg 205w, http:\/\/museumek.eu\/wp-content\/uploads\/2015\/06\/3543-102x150.jpg 102w, http:\/\/museumek.eu\/wp-content\/uploads\/2015\/06\/3543.jpg 548w\" sizes=\"(max-width: 205px) 100vw, 205px\" \/><\/a><\/p>\n<p><a href=\"http:\/\/museumek.eu\/?attachment_id=41227\" rel=\"attachment wp-att-41227\"><img loading=\"lazy\" src=\"http:\/\/museumek.eu\/wp-content\/uploads\/2015\/06\/3542-211x300.jpg\" alt=\"\" title=\"3542\" width=\"211\" height=\"300\" class=\"alignnone size-medium wp-image-41227\" srcset=\"http:\/\/museumek.eu\/wp-content\/uploads\/2015\/06\/3542-211x300.jpg 211w, http:\/\/museumek.eu\/wp-content\/uploads\/2015\/06\/3542-105x150.jpg 105w, http:\/\/museumek.eu\/wp-content\/uploads\/2015\/06\/3542.jpg 563w\" sizes=\"(max-width: 211px) 100vw, 211px\" \/><\/a><\/p>\n<p><a href=\"http:\/\/museumek.eu\/?attachment_id=41228\" rel=\"attachment wp-att-41228\"><img loading=\"lazy\" src=\"http:\/\/museumek.eu\/wp-content\/uploads\/2015\/06\/3544-214x300.jpg\" alt=\"\" title=\"3544\" width=\"214\" height=\"300\" class=\"alignnone size-medium wp-image-41228\" srcset=\"http:\/\/museumek.eu\/wp-content\/uploads\/2015\/06\/3544-214x300.jpg 214w, http:\/\/museumek.eu\/wp-content\/uploads\/2015\/06\/3544-107x150.jpg 107w, http:\/\/museumek.eu\/wp-content\/uploads\/2015\/06\/3544.jpg 572w\" sizes=\"(max-width: 214px) 100vw, 214px\" \/><\/a><\/p>\n<p><a href=\"http:\/\/museumek.eu\/?attachment_id=41234\" rel=\"attachment wp-att-41234\"><img loading=\"lazy\" src=\"http:\/\/museumek.eu\/wp-content\/uploads\/2015\/06\/35451-209x300.jpg\" alt=\"\" title=\"3545\" width=\"209\" height=\"300\" class=\"alignnone size-medium wp-image-41234\" srcset=\"http:\/\/museumek.eu\/wp-content\/uploads\/2015\/06\/35451-209x300.jpg 209w, http:\/\/museumek.eu\/wp-content\/uploads\/2015\/06\/35451-104x150.jpg 104w, http:\/\/museumek.eu\/wp-content\/uploads\/2015\/06\/35451.jpg 558w\" sizes=\"(max-width: 209px) 100vw, 209px\" \/><\/a><\/p>\n<p><a href=\"http:\/\/museumek.eu\/?attachment_id=41235\" rel=\"attachment wp-att-41235\"><img loading=\"lazy\" src=\"http:\/\/museumek.eu\/wp-content\/uploads\/2015\/06\/3546-204x300.jpg\" alt=\"\" title=\"3546\" width=\"204\" height=\"300\" class=\"alignnone size-medium wp-image-41235\" srcset=\"http:\/\/museumek.eu\/wp-content\/uploads\/2015\/06\/3546-204x300.jpg 204w, http:\/\/museumek.eu\/wp-content\/uploads\/2015\/06\/3546-102x150.jpg 102w, http:\/\/museumek.eu\/wp-content\/uploads\/2015\/06\/3546.jpg 544w\" sizes=\"(max-width: 204px) 100vw, 204px\" \/><\/a><\/p>\n<p><a href=\"http:\/\/museumek.eu\/?attachment_id=41236\" rel=\"attachment wp-att-41236\"><img loading=\"lazy\" src=\"http:\/\/museumek.eu\/wp-content\/uploads\/2015\/06\/3547-253x300.jpg\" alt=\"\" title=\"3547\" width=\"253\" height=\"300\" class=\"alignnone size-medium wp-image-41236\" srcset=\"http:\/\/museumek.eu\/wp-content\/uploads\/2015\/06\/3547-253x300.jpg 253w, http:\/\/museumek.eu\/wp-content\/uploads\/2015\/06\/3547-126x150.jpg 126w, http:\/\/museumek.eu\/wp-content\/uploads\/2015\/06\/3547.jpg 600w\" sizes=\"(max-width: 253px) 100vw, 253px\" \/><\/a><\/p>\n<p><a href=\"http:\/\/museumek.eu\/?attachment_id=41237\" rel=\"attachment wp-att-41237\"><img loading=\"lazy\" src=\"http:\/\/museumek.eu\/wp-content\/uploads\/2015\/06\/3548-223x300.jpg\" alt=\"\" title=\"3548\" width=\"223\" height=\"300\" class=\"alignnone size-medium wp-image-41237\" srcset=\"http:\/\/museumek.eu\/wp-content\/uploads\/2015\/06\/3548-223x300.jpg 223w, http:\/\/museumek.eu\/wp-content\/uploads\/2015\/06\/3548-111x150.jpg 111w, http:\/\/museumek.eu\/wp-content\/uploads\/2015\/06\/3548.jpg 596w\" sizes=\"(max-width: 223px) 100vw, 223px\" \/><\/a><\/p>\n<p><a href=\"http:\/\/museumek.eu\/?attachment_id=41238\" rel=\"attachment wp-att-41238\"><img loading=\"lazy\" src=\"http:\/\/museumek.eu\/wp-content\/uploads\/2015\/06\/3549-225x300.jpg\" alt=\"\" title=\"3549\" width=\"225\" height=\"300\" class=\"alignnone size-medium wp-image-41238\" srcset=\"http:\/\/museumek.eu\/wp-content\/uploads\/2015\/06\/3549-225x300.jpg 225w, http:\/\/museumek.eu\/wp-content\/uploads\/2015\/06\/3549-112x150.jpg 112w, http:\/\/museumek.eu\/wp-content\/uploads\/2015\/06\/3549.jpg 348w\" sizes=\"(max-width: 225px) 100vw, 225px\" \/><\/a><\/p>\n<p><a href=\"http:\/\/museumek.eu\/?attachment_id=41239\" rel=\"attachment wp-att-41239\"><img loading=\"lazy\" src=\"http:\/\/museumek.eu\/wp-content\/uploads\/2015\/06\/3550-300x137.jpg\" alt=\"\" title=\"3550\" width=\"300\" height=\"137\" class=\"alignnone size-medium wp-image-41239\" srcset=\"http:\/\/museumek.eu\/wp-content\/uploads\/2015\/06\/3550-300x137.jpg 300w, http:\/\/museumek.eu\/wp-content\/uploads\/2015\/06\/3550-150x68.jpg 150w, http:\/\/museumek.eu\/wp-content\/uploads\/2015\/06\/3550-500x229.jpg 500w, http:\/\/museumek.eu\/wp-content\/uploads\/2015\/06\/3550.jpg 800w\" sizes=\"(max-width: 300px) 100vw, 300px\" \/><\/a><\/p>\n","protected":false},"excerpt":{"rendered":"<p>Abteilung Deutschland, Keramik 1860 \u2013 1960, Inventarnummer D\/LVII\/5 Meringer Kunstt\u00f6pferei Johann Lipp, vormals Meringer T\u00f6pferei Georg Lipp, Deutschland, Mering, um 1912, Kanne, K\u00fcnstler Johann Lipp (attr.), Werks.-Nr. 328, Exemplar Nr. ohne, gemarkt Firmenmarke mit 3 Vasen, in den Vasen die &hellip; <a href=\"http:\/\/museumek.eu\/?page_id=41225\">Weiterlesen <span class=\"meta-nav\">&rarr;<\/span><\/a><\/p>\n","protected":false},"author":1,"featured_media":0,"parent":13969,"menu_order":5,"comment_status":"closed","ping_status":"open","template":"","meta":[],"_links":{"self":[{"href":"http:\/\/museumek.eu\/index.php?rest_route=\/wp\/v2\/pages\/41225"}],"collection":[{"href":"http:\/\/museumek.eu\/index.php?rest_route=\/wp\/v2\/pages"}],"about":[{"href":"http:\/\/museumek.eu\/index.php?rest_route=\/wp\/v2\/types\/page"}],"author":[{"embeddable":true,"href":"http:\/\/museumek.eu\/index.php?rest_route=\/wp\/v2\/users\/1"}],"replies":[{"embeddable":true,"href":"http:\/\/museumek.eu\/index.php?rest_route=%2Fwp%2Fv2%2Fcomments&post=41225"}],"version-history":[{"count":9,"href":"http:\/\/museumek.eu\/index.php?rest_route=\/wp\/v2\/pages\/41225\/revisions"}],"predecessor-version":[{"id":41318,"href":"http:\/\/museumek.eu\/index.php?rest_route=\/wp\/v2\/pages\/41225\/revisions\/41318"}],"up":[{"embeddable":true,"href":"http:\/\/museumek.eu\/index.php?rest_route=\/wp\/v2\/pages\/13969"}],"wp:attachment":[{"href":"http:\/\/museumek.eu\/index.php?rest_route=%2Fwp%2Fv2%2Fmedia&parent=41225"}],"curies":[{"name":"wp","href":"https:\/\/api.w.org\/{rel}","templated":true}]}}