{"id":41247,"date":"2015-06-20T23:23:14","date_gmt":"2015-06-20T21:23:14","guid":{"rendered":"http:\/\/museumek.eu\/?page_id=41247"},"modified":"2015-06-21T00:06:49","modified_gmt":"2015-06-20T22:06:49","slug":"dlvii6","status":"publish","type":"page","link":"http:\/\/museumek.eu\/?page_id=41247","title":{"rendered":"D\/LVII\/6"},"content":{"rendered":"<p><strong>Abteilung Deutschland, Keramik 1860 \u2013 1960, Inventarnummer D\/LVII\/6<\/strong><\/p>\n<p>Meringer Kunstt\u00f6pferei Johann Lipp, vormals Meringer T\u00f6pferei Georg Lipp, Deutschland, Mering, um 1900, Kanne, K\u00fcnstler unbekannt, Werks.-Nr. 218, Exemplar Nr. ohne, gemarkt Firmenmarke mit 3 Vasen, in den Vasen die Buchstaben MKT (f\u00fcr Meringer Kunstt\u00f6pferei (erster Bestandteil des vollst\u00e4ndigen Stempels), darunter J. LIPP (zweiter Bestandteil des vollst\u00e4ndigen Stempels) sowie 218 gepresst, nicht signiert, Literatur: Gisela Reineking von Bock, Meister der Deutschen Keramik 1900 bis 1950, Seite 200, Beschreibung der T\u00f6pferei, weitere Literatur: Otto Pelka, Keramik der Neuzeit, Seite 193, Nennung der Lippschen Kunstt\u00f6pferei sowie Seite 290, Namensverzeichnis Nr. 193, Johann Lipp, Hafnermeister Georg Lipp (geb. 1832, gest. 1893) aus Dinkelscherben heiratete 1862 Barbara Schegg, Tochter des Hafnermeisters Dominikus Schegg aus Mering, vermutlich \u00fcbernimmt er damit diese Meringer T\u00f6pferei oder er gr\u00fcndet mit Unterst\u00fctzung der Scheggs seine eigene T\u00f6pferei, das ist nicht genau nachvollziehbar, die Firmierung lautet wohl Meringer T\u00f6pferei Georg Lipp oder \u00e4hnlich, Johann Lipp (geb. 1867), Sohn von Georg Lipp, lernte im v\u00e4terlichen Betrieb und besuchte die Keramikfachschule in Landshut, sp\u00e4testens um 1893, dem Todesjahr von Georg Lipp, \u00fcbernahm Johann Lipp die v\u00e4terliche T\u00f6pferei, Firmierung nun Meringer Kunstt\u00f6pferei Johann Lipp, Johann Lipp versuchte das Handwerk auf die Stufe des Kunstgewerbes zu heben, war Kgl. Bayerischer Hoflieferant und beteiligte sich erfolgreich an nationalen und internationalen Ausstellungen und Messen, Lipp war mit Max Laeuger befreundet, der ihn zu Arbeiten mit Schlickermalerei anregte und sicher auch daf\u00fcr sorgte, dass das Handelshaus C. F. Otto M\u00fcller in Karlsruhe Lipps Produkte mitvertrieb, die T\u00f6pferei Lipp verwendete verschiedene Firmenmarken, das MEK kann die meisten davon nachweisen, ca. 1932 \u00fcbernahm Lipp die M\u00fcnchner Majolika Werkst\u00e4tte, Johann Lipp leitete seine T\u00f6pferei als Kaufmann und Handwerker bis 1936, danach \u00fcbernahm der Ehemann seiner in der T\u00f6pferei mitarbeitenden Tochter Elisabeth, der Bankkaufmann Ludwig Klopfer, die Gesch\u00e4ftsf\u00fchrung, Elisabeth verstarb 1943 und deren Schwester Maria arbeitete in der T\u00f6pferei mit, Elisabeth Klopfers Sohn, mit gleichem Namen wie sein Vater, Ludwig Klopfer trat nach seiner innerbetrieblichen T\u00f6pferlehre und dem Besuch der Keramikfachschule Landshut in die T\u00f6pferei ein, die T\u00f6pferei existiert noch heute, zeitliche Einordnung nach Werks.-Nr., vermutlich hat Georg Lipp seine Produkte nicht mit Werks.-Nr. versehen und die Werks.-Nr. Vergabe begann erst mit Johann Lipp, die kleinste Werks.-Nr. im MEK Inventar mit Stempel von Johann Lipp lautet 218, es ist unwahrscheinlich, das Georg Lipp in 30 Jahren T\u00e4tigkeit erst bei einer Werks.-Nr. unter 218 angekommen sein soll, wahrscheinlicher ist, dass Johann Lipp ab ca. 1893 seine Produkte mit Werks.-Nr. versah, so dass er ungef\u00e4hr um 1900 bei der Werks.-Nr. 200 angekommen war, um 1910 bei der Werks.-Nr. 500, um 1920 bei der Werks.-Nr. 800, im MEK Inventar befindet sich unter D\/LVII\/4 eine in der Form fast identische gr\u00f6\u00dfere Kanne mit der gleichen Werks.-Nr. 218, diese allerdings braun gemalt, diese Kanne wurde mit dem zweiten Bestandteil des vollst\u00e4ndigen Firmenstempels J. LIPP (siehe MEK D\/LVII\/5) sowie mit der Firmenmarke braun gemaltes senkrechtes Schwert, Knauf oben, versehen, das MEK konnte nicht aufkl\u00e4ren, warum es zwei Kannen mit gleicher Werks.-Nr. gibt, die dazu auch noch unterschiedliche Firmenmarken tragen, H\u00f6he 16 cm, Breite 10 cm<\/p>\n<p><a href=\"http:\/\/museumek.eu\/?attachment_id=41248\" rel=\"attachment wp-att-41248\"><img loading=\"lazy\" src=\"http:\/\/museumek.eu\/wp-content\/uploads\/2015\/06\/3565-150x300.jpg\" alt=\"\" title=\"3565\" width=\"150\" height=\"300\" class=\"alignnone size-medium wp-image-41248\" srcset=\"http:\/\/museumek.eu\/wp-content\/uploads\/2015\/06\/3565-150x300.jpg 150w, http:\/\/museumek.eu\/wp-content\/uploads\/2015\/06\/3565-75x150.jpg 75w, http:\/\/museumek.eu\/wp-content\/uploads\/2015\/06\/3565.jpg 402w\" sizes=\"(max-width: 150px) 100vw, 150px\" \/><\/a><\/p>\n<p><a href=\"http:\/\/museumek.eu\/?attachment_id=41249\" rel=\"attachment wp-att-41249\"><img loading=\"lazy\" src=\"http:\/\/museumek.eu\/wp-content\/uploads\/2015\/06\/3566-186x300.jpg\" alt=\"\" title=\"3566\" width=\"186\" height=\"300\" class=\"alignnone size-medium wp-image-41249\" srcset=\"http:\/\/museumek.eu\/wp-content\/uploads\/2015\/06\/3566-186x300.jpg 186w, http:\/\/museumek.eu\/wp-content\/uploads\/2015\/06\/3566-93x150.jpg 93w, http:\/\/museumek.eu\/wp-content\/uploads\/2015\/06\/3566.jpg 497w\" sizes=\"(max-width: 186px) 100vw, 186px\" \/><\/a><\/p>\n<p><a href=\"http:\/\/museumek.eu\/?attachment_id=41258\" rel=\"attachment wp-att-41258\"><img loading=\"lazy\" src=\"http:\/\/museumek.eu\/wp-content\/uploads\/2015\/06\/35671-184x300.jpg\" alt=\"\" title=\"3567\" width=\"184\" height=\"300\" class=\"alignnone size-medium wp-image-41258\" srcset=\"http:\/\/museumek.eu\/wp-content\/uploads\/2015\/06\/35671-184x300.jpg 184w, http:\/\/museumek.eu\/wp-content\/uploads\/2015\/06\/35671-92x150.jpg 92w, http:\/\/museumek.eu\/wp-content\/uploads\/2015\/06\/35671.jpg 491w\" sizes=\"(max-width: 184px) 100vw, 184px\" \/><\/a><\/p>\n<p><a href=\"http:\/\/museumek.eu\/?attachment_id=41259\" rel=\"attachment wp-att-41259\"><img loading=\"lazy\" src=\"http:\/\/museumek.eu\/wp-content\/uploads\/2015\/06\/3568-151x300.jpg\" alt=\"\" title=\"3568\" width=\"151\" height=\"300\" class=\"alignnone size-medium wp-image-41259\" srcset=\"http:\/\/museumek.eu\/wp-content\/uploads\/2015\/06\/3568-151x300.jpg 151w, http:\/\/museumek.eu\/wp-content\/uploads\/2015\/06\/3568-75x150.jpg 75w, http:\/\/museumek.eu\/wp-content\/uploads\/2015\/06\/3568.jpg 404w\" sizes=\"(max-width: 151px) 100vw, 151px\" \/><\/a><\/p>\n<p><a href=\"http:\/\/museumek.eu\/?attachment_id=41260\" rel=\"attachment wp-att-41260\"><img loading=\"lazy\" src=\"http:\/\/museumek.eu\/wp-content\/uploads\/2015\/06\/3569-186x300.jpg\" alt=\"\" title=\"3569\" width=\"186\" height=\"300\" class=\"alignnone size-medium wp-image-41260\" srcset=\"http:\/\/museumek.eu\/wp-content\/uploads\/2015\/06\/3569-186x300.jpg 186w, http:\/\/museumek.eu\/wp-content\/uploads\/2015\/06\/3569-93x150.jpg 93w, http:\/\/museumek.eu\/wp-content\/uploads\/2015\/06\/3569.jpg 497w\" sizes=\"(max-width: 186px) 100vw, 186px\" \/><\/a><\/p>\n<p><a href=\"http:\/\/museumek.eu\/?attachment_id=41261\" rel=\"attachment wp-att-41261\"><img loading=\"lazy\" src=\"http:\/\/museumek.eu\/wp-content\/uploads\/2015\/06\/3570-256x300.jpg\" alt=\"\" title=\"3570\" width=\"256\" height=\"300\" class=\"alignnone size-medium wp-image-41261\" srcset=\"http:\/\/museumek.eu\/wp-content\/uploads\/2015\/06\/3570-256x300.jpg 256w, http:\/\/museumek.eu\/wp-content\/uploads\/2015\/06\/3570-128x150.jpg 128w, http:\/\/museumek.eu\/wp-content\/uploads\/2015\/06\/3570.jpg 600w\" sizes=\"(max-width: 256px) 100vw, 256px\" \/><\/a><\/p>\n","protected":false},"excerpt":{"rendered":"<p>Abteilung Deutschland, Keramik 1860 \u2013 1960, Inventarnummer D\/LVII\/6 Meringer Kunstt\u00f6pferei Johann Lipp, vormals Meringer T\u00f6pferei Georg Lipp, Deutschland, Mering, um 1900, Kanne, K\u00fcnstler unbekannt, Werks.-Nr. 218, Exemplar Nr. ohne, gemarkt Firmenmarke mit 3 Vasen, in den Vasen die Buchstaben MKT &hellip; <a href=\"http:\/\/museumek.eu\/?page_id=41247\">Weiterlesen <span class=\"meta-nav\">&rarr;<\/span><\/a><\/p>\n","protected":false},"author":1,"featured_media":0,"parent":13969,"menu_order":6,"comment_status":"closed","ping_status":"open","template":"","meta":[],"_links":{"self":[{"href":"http:\/\/museumek.eu\/index.php?rest_route=\/wp\/v2\/pages\/41247"}],"collection":[{"href":"http:\/\/museumek.eu\/index.php?rest_route=\/wp\/v2\/pages"}],"about":[{"href":"http:\/\/museumek.eu\/index.php?rest_route=\/wp\/v2\/types\/page"}],"author":[{"embeddable":true,"href":"http:\/\/museumek.eu\/index.php?rest_route=\/wp\/v2\/users\/1"}],"replies":[{"embeddable":true,"href":"http:\/\/museumek.eu\/index.php?rest_route=%2Fwp%2Fv2%2Fcomments&post=41247"}],"version-history":[{"count":10,"href":"http:\/\/museumek.eu\/index.php?rest_route=\/wp\/v2\/pages\/41247\/revisions"}],"predecessor-version":[{"id":41320,"href":"http:\/\/museumek.eu\/index.php?rest_route=\/wp\/v2\/pages\/41247\/revisions\/41320"}],"up":[{"embeddable":true,"href":"http:\/\/museumek.eu\/index.php?rest_route=\/wp\/v2\/pages\/13969"}],"wp:attachment":[{"href":"http:\/\/museumek.eu\/index.php?rest_route=%2Fwp%2Fv2%2Fmedia&parent=41247"}],"curies":[{"name":"wp","href":"https:\/\/api.w.org\/{rel}","templated":true}]}}