{"id":41414,"date":"2015-06-21T18:11:38","date_gmt":"2015-06-21T16:11:38","guid":{"rendered":"http:\/\/museumek.eu\/?page_id=41414"},"modified":"2015-06-21T18:11:38","modified_gmt":"2015-06-21T16:11:38","slug":"fotos-und-beschreibung","status":"publish","type":"page","link":"http:\/\/museumek.eu\/?page_id=41414","title":{"rendered":"Fotos und Beschreibung"},"content":{"rendered":"<p><strong>Abteilung Deutschland, Keramik 1860 \u2013 1960, Inventarnummer D\/CXXXV\/1<\/strong><\/p>\n<p>T\u00f6pferei Helma Klett, Deutschland, Moringen\/Fredelsloh, um 1940, Kanne, K\u00fcnstler Helma Klett, Werks.-Nr. ohne, Exemplar Nr. ohne, gemarkt Firmenmarke mit T\u00f6pferei, darunter Klett, darunter Moringen (?) gepresst, nicht signiert, die gelernte T\u00f6pferin und Bildhauerin Helma Klett gr\u00fcndet 1940 im Fredelsloher Ortsteil Moringen eine T\u00f6pferei, 1975 \u00fcbernimmt der Sohn Johannes Klett-Dechsel diese T\u00f6pferei,<br \/>\nH\u00f6he 16 cm, Breite 15 cm<\/p>\n<p><a href=\"http:\/\/museumek.eu\/?attachment_id=41399\" rel=\"attachment wp-att-41399\"><img loading=\"lazy\" src=\"http:\/\/museumek.eu\/wp-content\/uploads\/2015\/06\/3793-198x300.jpg\" alt=\"\" title=\"3793\" width=\"198\" height=\"300\" class=\"alignnone size-medium wp-image-41399\" srcset=\"http:\/\/museumek.eu\/wp-content\/uploads\/2015\/06\/3793-198x300.jpg 198w, http:\/\/museumek.eu\/wp-content\/uploads\/2015\/06\/3793-99x150.jpg 99w, http:\/\/museumek.eu\/wp-content\/uploads\/2015\/06\/3793.jpg 530w\" sizes=\"(max-width: 198px) 100vw, 198px\" \/><\/a><\/p>\n<p><a href=\"http:\/\/museumek.eu\/?attachment_id=41400\" rel=\"attachment wp-att-41400\"><img loading=\"lazy\" src=\"http:\/\/museumek.eu\/wp-content\/uploads\/2015\/06\/3794-257x300.jpg\" alt=\"\" title=\"3794\" width=\"257\" height=\"300\" class=\"alignnone size-medium wp-image-41400\" srcset=\"http:\/\/museumek.eu\/wp-content\/uploads\/2015\/06\/3794-257x300.jpg 257w, http:\/\/museumek.eu\/wp-content\/uploads\/2015\/06\/3794-128x150.jpg 128w, http:\/\/museumek.eu\/wp-content\/uploads\/2015\/06\/3794.jpg 600w\" sizes=\"(max-width: 257px) 100vw, 257px\" \/><\/a><\/p>\n<p><a href=\"http:\/\/museumek.eu\/?attachment_id=41401\" rel=\"attachment wp-att-41401\"><img loading=\"lazy\" src=\"http:\/\/museumek.eu\/wp-content\/uploads\/2015\/06\/3795-250x300.jpg\" alt=\"\" title=\"3795\" width=\"250\" height=\"300\" class=\"alignnone size-medium wp-image-41401\" srcset=\"http:\/\/museumek.eu\/wp-content\/uploads\/2015\/06\/3795-250x300.jpg 250w, http:\/\/museumek.eu\/wp-content\/uploads\/2015\/06\/3795-125x150.jpg 125w, http:\/\/museumek.eu\/wp-content\/uploads\/2015\/06\/3795.jpg 600w\" sizes=\"(max-width: 250px) 100vw, 250px\" \/><\/a><\/p>\n<p><a href=\"http:\/\/museumek.eu\/?attachment_id=41402\" rel=\"attachment wp-att-41402\"><img loading=\"lazy\" src=\"http:\/\/museumek.eu\/wp-content\/uploads\/2015\/06\/3796-201x300.jpg\" alt=\"\" title=\"3796\" width=\"201\" height=\"300\" class=\"alignnone size-medium wp-image-41402\" srcset=\"http:\/\/museumek.eu\/wp-content\/uploads\/2015\/06\/3796-201x300.jpg 201w, http:\/\/museumek.eu\/wp-content\/uploads\/2015\/06\/3796-100x150.jpg 100w, http:\/\/museumek.eu\/wp-content\/uploads\/2015\/06\/3796.jpg 536w\" sizes=\"(max-width: 201px) 100vw, 201px\" \/><\/a><\/p>\n<p><a href=\"http:\/\/museumek.eu\/?attachment_id=41403\" rel=\"attachment wp-att-41403\"><img loading=\"lazy\" src=\"http:\/\/museumek.eu\/wp-content\/uploads\/2015\/06\/3797-187x300.jpg\" alt=\"\" title=\"3797\" width=\"187\" height=\"300\" class=\"alignnone size-medium wp-image-41403\" srcset=\"http:\/\/museumek.eu\/wp-content\/uploads\/2015\/06\/3797-187x300.jpg 187w, http:\/\/museumek.eu\/wp-content\/uploads\/2015\/06\/3797-93x150.jpg 93w, http:\/\/museumek.eu\/wp-content\/uploads\/2015\/06\/3797.jpg 500w\" sizes=\"(max-width: 187px) 100vw, 187px\" \/><\/a><\/p>\n<p><a href=\"http:\/\/museumek.eu\/?attachment_id=41404\" rel=\"attachment wp-att-41404\"><img loading=\"lazy\" src=\"http:\/\/museumek.eu\/wp-content\/uploads\/2015\/06\/3798-210x300.jpg\" alt=\"\" title=\"3798\" width=\"210\" height=\"300\" class=\"alignnone size-medium wp-image-41404\" srcset=\"http:\/\/museumek.eu\/wp-content\/uploads\/2015\/06\/3798-210x300.jpg 210w, http:\/\/museumek.eu\/wp-content\/uploads\/2015\/06\/3798-105x150.jpg 105w, http:\/\/museumek.eu\/wp-content\/uploads\/2015\/06\/3798.jpg 560w\" sizes=\"(max-width: 210px) 100vw, 210px\" \/><\/a><\/p>\n<p><a href=\"http:\/\/museumek.eu\/?attachment_id=41405\" rel=\"attachment wp-att-41405\"><img loading=\"lazy\" src=\"http:\/\/museumek.eu\/wp-content\/uploads\/2015\/06\/3799-250x300.jpg\" alt=\"\" title=\"3799\" width=\"250\" height=\"300\" class=\"alignnone size-medium wp-image-41405\" srcset=\"http:\/\/museumek.eu\/wp-content\/uploads\/2015\/06\/3799-250x300.jpg 250w, http:\/\/museumek.eu\/wp-content\/uploads\/2015\/06\/3799-125x150.jpg 125w, http:\/\/museumek.eu\/wp-content\/uploads\/2015\/06\/3799.jpg 600w\" sizes=\"(max-width: 250px) 100vw, 250px\" \/><\/a><\/p>\n<p><a href=\"http:\/\/museumek.eu\/?attachment_id=41406\" rel=\"attachment wp-att-41406\"><img loading=\"lazy\" src=\"http:\/\/museumek.eu\/wp-content\/uploads\/2015\/06\/3800-242x300.jpg\" alt=\"\" title=\"3800\" width=\"242\" height=\"300\" class=\"alignnone size-medium wp-image-41406\" srcset=\"http:\/\/museumek.eu\/wp-content\/uploads\/2015\/06\/3800-242x300.jpg 242w, http:\/\/museumek.eu\/wp-content\/uploads\/2015\/06\/3800-121x150.jpg 121w, http:\/\/museumek.eu\/wp-content\/uploads\/2015\/06\/3800.jpg 600w\" sizes=\"(max-width: 242px) 100vw, 242px\" \/><\/a><\/p>\n<p><a href=\"http:\/\/museumek.eu\/?attachment_id=41407\" rel=\"attachment wp-att-41407\"><img loading=\"lazy\" src=\"http:\/\/museumek.eu\/wp-content\/uploads\/2015\/06\/3801-300x267.jpg\" alt=\"\" title=\"3801\" width=\"300\" height=\"267\" class=\"alignnone size-medium wp-image-41407\" srcset=\"http:\/\/museumek.eu\/wp-content\/uploads\/2015\/06\/3801-300x267.jpg 300w, http:\/\/museumek.eu\/wp-content\/uploads\/2015\/06\/3801-150x133.jpg 150w, http:\/\/museumek.eu\/wp-content\/uploads\/2015\/06\/3801-336x300.jpg 336w, http:\/\/museumek.eu\/wp-content\/uploads\/2015\/06\/3801.jpg 673w\" sizes=\"(max-width: 300px) 100vw, 300px\" \/><\/a><\/p>\n","protected":false},"excerpt":{"rendered":"<p>Abteilung Deutschland, Keramik 1860 \u2013 1960, Inventarnummer D\/CXXXV\/1 T\u00f6pferei Helma Klett, Deutschland, Moringen\/Fredelsloh, um 1940, Kanne, K\u00fcnstler Helma Klett, Werks.-Nr. ohne, Exemplar Nr. ohne, gemarkt Firmenmarke mit T\u00f6pferei, darunter Klett, darunter Moringen (?) gepresst, nicht signiert, die gelernte T\u00f6pferin und &hellip; <a href=\"http:\/\/museumek.eu\/?page_id=41414\">Weiterlesen <span class=\"meta-nav\">&rarr;<\/span><\/a><\/p>\n","protected":false},"author":1,"featured_media":0,"parent":41387,"menu_order":1,"comment_status":"closed","ping_status":"open","template":"","meta":[],"_links":{"self":[{"href":"http:\/\/museumek.eu\/index.php?rest_route=\/wp\/v2\/pages\/41414"}],"collection":[{"href":"http:\/\/museumek.eu\/index.php?rest_route=\/wp\/v2\/pages"}],"about":[{"href":"http:\/\/museumek.eu\/index.php?rest_route=\/wp\/v2\/types\/page"}],"author":[{"embeddable":true,"href":"http:\/\/museumek.eu\/index.php?rest_route=\/wp\/v2\/users\/1"}],"replies":[{"embeddable":true,"href":"http:\/\/museumek.eu\/index.php?rest_route=%2Fwp%2Fv2%2Fcomments&post=41414"}],"version-history":[{"count":4,"href":"http:\/\/museumek.eu\/index.php?rest_route=\/wp\/v2\/pages\/41414\/revisions"}],"predecessor-version":[{"id":41418,"href":"http:\/\/museumek.eu\/index.php?rest_route=\/wp\/v2\/pages\/41414\/revisions\/41418"}],"up":[{"embeddable":true,"href":"http:\/\/museumek.eu\/index.php?rest_route=\/wp\/v2\/pages\/41387"}],"wp:attachment":[{"href":"http:\/\/museumek.eu\/index.php?rest_route=%2Fwp%2Fv2%2Fmedia&parent=41414"}],"curies":[{"name":"wp","href":"https:\/\/api.w.org\/{rel}","templated":true}]}}