{"id":41426,"date":"2015-06-21T18:41:45","date_gmt":"2015-06-21T16:41:45","guid":{"rendered":"http:\/\/museumek.eu\/?page_id=41426"},"modified":"2015-06-21T18:43:03","modified_gmt":"2015-06-21T16:43:03","slug":"dxxxvii77","status":"publish","type":"page","link":"http:\/\/museumek.eu\/?page_id=41426","title":{"rendered":"D\/XXXVII\/77"},"content":{"rendered":"<p><strong>Abteilung Deutschland, Keramik 1860 \u2013 1960, Inventarnummer D\/XXXVII\/77<\/strong><\/p>\n<p>Thonwaaren \u2013 Fabrik Marzi &#038; Remy, Deutschland, H\u00f6hr, um 1930, Krug, K\u00fcnstler unbekannt, Werks.-Nr. 2657, Exemplar Nr. ohne, gemarkt Firmenmarke als stilisierte T\u00f6pfermarke, bestehend aus Mittelachse, daran Antriebstretscheibe, diese immer in einem quadratischen oder trapezf\u00f6rmigen Rahmen, manchmal auch mit M links neben der Mittelachse und R rechts neben der Mittelachse (f\u00fcr Marzi &#038; Remy), Drehscheibe \u00fcber dem Rahmen, darauf eine Vase, 2657, 15 sowie 1 L \u00fcber Eichstrich gepresst, nicht signiert, Literatur: J\u00fcrgen Erlebach, J\u00fcrgen Schimanski, Westerw\u00e4lder Steinzeug, Die Neue \u00c4ra 1900 \u2013 1930, Jugendstil und Werkbund, Seite 72, Marke Nr. 17 identisch, weitere Literatur: Gisela Reineking von Bock, Meister der deutschen Keramik, Seite 329, Marke Nr. 218 identisch (dort noch als unbekannte Marke gef\u00fchrt), weitere Literatur: J\u00fcrgen Schimanski, Braun geflammt und grau gesalzen, Seite 203, Beschreibung der Fabrik sowie Marke Nr. 17 identisch, au\u00dferdem dort beschrieben, dass eine eigene Firmenmarke (Anmerkung MEK: die stilisierte T\u00f6pfermarke, bestehend aus Mittelachse, daran Antriebstretscheibe, diese immer in einem quadratischen oder trapezf\u00f6rmigen Rahmen) erst Anfang der 1920\u2018 Jahre eingef\u00fchrt worden ist und dass Erzeugnisse der fr\u00fcheren Jahre oft mit dem Schriftzug \u201eGesetzl. Gesch\u00fctzt\u201c (Anmerkung MEK: richtige Schreibweise des Stempels eigentlich mit Gro\u00dfbuchstaben und nicht wie bei Schimanski klein geschrieben, also GESETZL. GESCH\u00dcTZT) gemarkt sind, dieser Beschreibung stimmt das MEK bez\u00fcglich der Firmenmarke nicht zu, das MEK Exemplar D\/XXXVII\/64 widerlegt diese Aussage, vor, bis um 1900, wurde der M &#038; R. darunter H. in einem Rechteck Stempel verwendet, diesen gibt es auch noch als ausgeschriebene Variante (MARZI &#038; REMY darunter H\u00d6HR.), dann nicht in einem Rechteck, sogar mit dem Zusatzstempel GESETZL. GESCH\u00dcTZT, siehe <strong>http:\/\/www.steinmarks.co.uk\/pages\/pv.asp?p=stein164<\/strong>, dort unter Marzi &#038; Remy diese Stempelvariante abgebildet als auch die Stempelvariante des oben genannten MEK Exemplares, M &#038; R. darunter H. steht <strong>nicht<\/strong> f\u00fcr Merkelbach &#038; Remy, einer Westerw\u00e4lder Fabrik, die in der gleichen Zeit produzierte und f\u00fcr die bisher in der Fachliteratur noch keine Firmenmarke nachgewiesen worden ist, weil sich diese Fabrik in Grenzhausen und nicht in H\u00f6hr befand, bis 1936 waren die beiden Ortschaften eigenst\u00e4ndig und wurden erst am 01.04.1936 zusammen mit der Gemeinde Grenzau zu H\u00f6hr-Grenzhausen zusammengeschlossen, die Fabrik wurde 1879 von Anton Marzi und seinem Schwager Simon Peter Remy in H\u00f6hr gegr\u00fcndet und firmierte als Thonwaaren \u2013 Fabrik Marzi &#038; Remy, ab 1881 wurde eine eigene Zinngie\u00dferei angeschafft und ab 1883 neben dem grau \u2013 blau salzglasiertem Steinzeug auch Elfenbeinsteinzeug produziert, Simon Peter Remy verstarb 1919 und sein Sohn Werner Remy trat in die Fabrik ein, 1924 verstarb Anton Marzi und sein Schwiegersohn Johann Otto B\u00fchler trat in die Fabrik ein, Werner Remy verlie\u00df 1931 die Fabrik, 1941 trat Johann Otto B\u00fchlers Sohn Otto B\u00fchler in die Fabrik ein und 1953 dessen Sohn Otto Georg B\u00fchler, die Fabrik war bis zum Konkurs in den 1990\u2018 Jahren immer in Familienbesitz, <strong>das MEK Exemplar mit der Werks.-Nr. 2657 ist noch nicht in der Fachliteratur erfasst<\/strong>, H\u00f6he 16 cm, Breite 15,5 cm (nur die Keramik)<\/p>\n<p><a href=\"http:\/\/museumek.eu\/?attachment_id=41427\" rel=\"attachment wp-att-41427\"><img loading=\"lazy\" src=\"http:\/\/museumek.eu\/wp-content\/uploads\/2015\/06\/3684-150x300.jpg\" alt=\"\" title=\"3684\" width=\"150\" height=\"300\" class=\"alignnone size-medium wp-image-41427\" srcset=\"http:\/\/museumek.eu\/wp-content\/uploads\/2015\/06\/3684-150x300.jpg 150w, http:\/\/museumek.eu\/wp-content\/uploads\/2015\/06\/3684-75x150.jpg 75w, http:\/\/museumek.eu\/wp-content\/uploads\/2015\/06\/3684.jpg 401w\" sizes=\"(max-width: 150px) 100vw, 150px\" \/><\/a><\/p>\n<p><a href=\"http:\/\/museumek.eu\/?attachment_id=41428\" rel=\"attachment wp-att-41428\"><img loading=\"lazy\" src=\"http:\/\/museumek.eu\/wp-content\/uploads\/2015\/06\/3685-187x300.jpg\" alt=\"\" title=\"3685\" width=\"187\" height=\"300\" class=\"alignnone size-medium wp-image-41428\" srcset=\"http:\/\/museumek.eu\/wp-content\/uploads\/2015\/06\/3685-187x300.jpg 187w, http:\/\/museumek.eu\/wp-content\/uploads\/2015\/06\/3685-93x150.jpg 93w, http:\/\/museumek.eu\/wp-content\/uploads\/2015\/06\/3685.jpg 499w\" sizes=\"(max-width: 187px) 100vw, 187px\" \/><\/a><\/p>\n<p><a href=\"http:\/\/museumek.eu\/?attachment_id=41429\" rel=\"attachment wp-att-41429\"><img loading=\"lazy\" src=\"http:\/\/museumek.eu\/wp-content\/uploads\/2015\/06\/3686-193x300.jpg\" alt=\"\" title=\"3686\" width=\"193\" height=\"300\" class=\"alignnone size-medium wp-image-41429\" srcset=\"http:\/\/museumek.eu\/wp-content\/uploads\/2015\/06\/3686-193x300.jpg 193w, http:\/\/museumek.eu\/wp-content\/uploads\/2015\/06\/3686-96x150.jpg 96w, http:\/\/museumek.eu\/wp-content\/uploads\/2015\/06\/3686.jpg 515w\" sizes=\"(max-width: 193px) 100vw, 193px\" \/><\/a><\/p>\n<p><a href=\"http:\/\/museumek.eu\/?attachment_id=41430\" rel=\"attachment wp-att-41430\"><img loading=\"lazy\" src=\"http:\/\/museumek.eu\/wp-content\/uploads\/2015\/06\/3687-137x300.jpg\" alt=\"\" title=\"3687\" width=\"137\" height=\"300\" class=\"alignnone size-medium wp-image-41430\" srcset=\"http:\/\/museumek.eu\/wp-content\/uploads\/2015\/06\/3687-137x300.jpg 137w, http:\/\/museumek.eu\/wp-content\/uploads\/2015\/06\/3687-68x150.jpg 68w, http:\/\/museumek.eu\/wp-content\/uploads\/2015\/06\/3687.jpg 366w\" sizes=\"(max-width: 137px) 100vw, 137px\" \/><\/a><\/p>\n<p><a href=\"http:\/\/museumek.eu\/?attachment_id=41431\" rel=\"attachment wp-att-41431\"><img loading=\"lazy\" src=\"http:\/\/museumek.eu\/wp-content\/uploads\/2015\/06\/3688-300x232.jpg\" alt=\"\" title=\"3688\" width=\"300\" height=\"232\" class=\"alignnone size-medium wp-image-41431\" srcset=\"http:\/\/museumek.eu\/wp-content\/uploads\/2015\/06\/3688-300x232.jpg 300w, http:\/\/museumek.eu\/wp-content\/uploads\/2015\/06\/3688-150x116.jpg 150w, http:\/\/museumek.eu\/wp-content\/uploads\/2015\/06\/3688-386x300.jpg 386w, http:\/\/museumek.eu\/wp-content\/uploads\/2015\/06\/3688.jpg 773w\" sizes=\"(max-width: 300px) 100vw, 300px\" \/><\/a><\/p>\n<p><a href=\"http:\/\/museumek.eu\/?attachment_id=41432\" rel=\"attachment wp-att-41432\"><img loading=\"lazy\" src=\"http:\/\/museumek.eu\/wp-content\/uploads\/2015\/06\/3689-300x202.jpg\" alt=\"\" title=\"3689\" width=\"300\" height=\"202\" class=\"alignnone size-medium wp-image-41432\" srcset=\"http:\/\/museumek.eu\/wp-content\/uploads\/2015\/06\/3689-300x202.jpg 300w, http:\/\/museumek.eu\/wp-content\/uploads\/2015\/06\/3689-150x101.jpg 150w, http:\/\/museumek.eu\/wp-content\/uploads\/2015\/06\/3689-445x300.jpg 445w, http:\/\/museumek.eu\/wp-content\/uploads\/2015\/06\/3689.jpg 800w\" sizes=\"(max-width: 300px) 100vw, 300px\" \/><\/a><\/p>\n","protected":false},"excerpt":{"rendered":"<p>Abteilung Deutschland, Keramik 1860 \u2013 1960, Inventarnummer D\/XXXVII\/77 Thonwaaren \u2013 Fabrik Marzi &#038; Remy, Deutschland, H\u00f6hr, um 1930, Krug, K\u00fcnstler unbekannt, Werks.-Nr. 2657, Exemplar Nr. ohne, gemarkt Firmenmarke als stilisierte T\u00f6pfermarke, bestehend aus Mittelachse, daran Antriebstretscheibe, diese immer in einem &hellip; <a href=\"http:\/\/museumek.eu\/?page_id=41426\">Weiterlesen <span class=\"meta-nav\">&rarr;<\/span><\/a><\/p>\n","protected":false},"author":1,"featured_media":0,"parent":39755,"menu_order":77,"comment_status":"closed","ping_status":"open","template":"","meta":[],"_links":{"self":[{"href":"http:\/\/museumek.eu\/index.php?rest_route=\/wp\/v2\/pages\/41426"}],"collection":[{"href":"http:\/\/museumek.eu\/index.php?rest_route=\/wp\/v2\/pages"}],"about":[{"href":"http:\/\/museumek.eu\/index.php?rest_route=\/wp\/v2\/types\/page"}],"author":[{"embeddable":true,"href":"http:\/\/museumek.eu\/index.php?rest_route=\/wp\/v2\/users\/1"}],"replies":[{"embeddable":true,"href":"http:\/\/museumek.eu\/index.php?rest_route=%2Fwp%2Fv2%2Fcomments&post=41426"}],"version-history":[{"count":6,"href":"http:\/\/museumek.eu\/index.php?rest_route=\/wp\/v2\/pages\/41426\/revisions"}],"predecessor-version":[{"id":41438,"href":"http:\/\/museumek.eu\/index.php?rest_route=\/wp\/v2\/pages\/41426\/revisions\/41438"}],"up":[{"embeddable":true,"href":"http:\/\/museumek.eu\/index.php?rest_route=\/wp\/v2\/pages\/39755"}],"wp:attachment":[{"href":"http:\/\/museumek.eu\/index.php?rest_route=%2Fwp%2Fv2%2Fmedia&parent=41426"}],"curies":[{"name":"wp","href":"https:\/\/api.w.org\/{rel}","templated":true}]}}