{"id":41442,"date":"2015-06-21T20:50:19","date_gmt":"2015-06-21T18:50:19","guid":{"rendered":"http:\/\/museumek.eu\/?page_id=41442"},"modified":"2015-06-21T20:54:54","modified_gmt":"2015-06-21T18:54:54","slug":"dliii37","status":"publish","type":"page","link":"http:\/\/museumek.eu\/?page_id=41442","title":{"rendered":"D\/LIII\/37"},"content":{"rendered":"<p><strong>Abteilung Deutschland, Keramik 1860 \u2013 1960, Inventarnummer D\/LIII\/37<\/strong><\/p>\n<p>Steingut- und Steinzeugfabrik, Kunstt\u00f6pferei, Zinngie\u00dferei Merkelbach &#038; Wick und Nachfolger Steingutfabrik Wick Werke AG, Vereinigte Fabriken Merkelbach &#038; Wick und Merkelbach, Stadelmann &#038; Co., Deutschland, Grenzhausen, um 1910, Krug, K\u00fcnstler unbekannt, Werks.-Nr. 1889, Exemplar Nr. ohne, gemarkt Firmenmarke Rundstempel mit M &#038; W sowie Gr. (f\u00fcr Merkelbach, Wick, Grenzhausen), 1889, II (oder DI) unter dem Henkel, sowie 2 L. gepresst, nicht signiert, Literatur: Gisela Reineking von Bock, Meister der deutschen Keramik, Seite 329, Marke Nr. 214 identisch, weitere Literatur: J\u00fcrgen Schimanski und J\u00fcrgen Erlebach, Westerw\u00e4lder Steinzeug, Die Neue \u00c4ra, Seite 109, Fabrikbeschreibung sowie Marke Nr. 36 identisch, weitere Literatur: J\u00fcrgen Schimanski, Braun geflammt und grau gesalzen, Seite 216, Marke Nr. 36 identisch, weitere Literatur: Beate Dry-von Zezschwitz, Westerw\u00e4lder Steinzug des Jugendstils I, Reinhold Merkelbach, Spezialpreisliste 1905, Seite 10 ff., Fabrikbeschreibung, der 1840 geborene Friedrich Wilhelm Merkelbach (gest. 1896) betrieb eine Kannenb\u00e4ckerei oder bereits eine keramische Fabrik, die unter dem Namen F. W. Merkelbach II. firmierte, 1872 (oder 1874) nimmt Friedrich Wilhelm Merkelbach den Bildhauer (Johann) Georg Peter Wick (geb. 1837, gest. 1914) in die Firma auf, die Firmierung \u00e4ndert sich in Steingut- und Steinzeugfabrik, Kunstt\u00f6pferei, Zinngie\u00dferei Merkelbach &#038; Wick, ab 1882\/1883 produzieren Sie als eine der ersten Westerw\u00e4lder Fabriken Elfenbeinsteinzeug, \u00fcber die H\u00e4lfte der Produktion wird in die USA exportiert, in der Zeit von 1886 bis 1897 liefert die Fabrik Halbfertigerzeugnisse an die keramische Fabrik von Hauber &#038; Reuther, Jugenstilk\u00fcnstler wie Peter Behrens und Henry van de Velde liefern um 1900 herausragende Entw\u00fcrfe, 1895 tritt Wicks Sohn (und evtl. gleichzeitig Merkelbachs Schwiegersohn) Ludwig Konrad Wick in die Fabrik ein und \u00fcbernimmt sicher zeitnah auch deren Leitung, bis er 1910\/1911 die Leitung an seine Frau Emma abgibt, 1921\/1922 fusioniert die Fabrik mit der um 1867 in Grenzhausen von Friedrich Wilhelm Merkelbach, Theodor Stadelmann und Julius Schr\u00f6der als Mahl- und Schleifsteinfabrik gegr\u00fcndeten Fabrik Merkelbach, Stadelmann &#038; Co. (wahrscheinlich war Konrad Wicks Frau Emma bereits Miteigent\u00fcmer dieser Fabrik) zur Steingutfabrik Wick Werke AG, Vereinigte Fabriken Merkelbach &#038; Wick und Merkelbach, Stadelmann &#038; Co., die Fabrik bestand rund 100 Jahre, <strong>der 0,7 cm hohe und 1,1 cm breite 2 Liter Stempel, dient dem MEK als Identifizierungsstempel f\u00fcr nicht mit einer Firmenmarke versehene Fabrikate der Fabrik Merkelbach und Wick, das MEK Exemplar mit der Werks.-Nr. 1889 ist in der Fachliteratur noch nicht erfasst<\/strong>, Ausf\u00fchrung als Elfenbeinsteinzeug dunkelgr\u00fcn und braun glasiert,<br \/>\nH\u00f6he 29,5 cm, Breite 18 cm<\/p>\n<p><a href=\"http:\/\/museumek.eu\/?attachment_id=41443\" rel=\"attachment wp-att-41443\"><img loading=\"lazy\" src=\"http:\/\/museumek.eu\/wp-content\/uploads\/2015\/06\/3690-124x300.jpg\" alt=\"\" title=\"3690\" width=\"124\" height=\"300\" class=\"alignnone size-medium wp-image-41443\" srcset=\"http:\/\/museumek.eu\/wp-content\/uploads\/2015\/06\/3690-124x300.jpg 124w, http:\/\/museumek.eu\/wp-content\/uploads\/2015\/06\/3690-62x150.jpg 62w, http:\/\/museumek.eu\/wp-content\/uploads\/2015\/06\/3690.jpg 332w\" sizes=\"(max-width: 124px) 100vw, 124px\" \/><\/a><\/p>\n<p><a href=\"http:\/\/museumek.eu\/?attachment_id=41444\" rel=\"attachment wp-att-41444\"><img loading=\"lazy\" src=\"http:\/\/museumek.eu\/wp-content\/uploads\/2015\/06\/3691-145x300.jpg\" alt=\"\" title=\"3691\" width=\"145\" height=\"300\" class=\"alignnone size-medium wp-image-41444\" srcset=\"http:\/\/museumek.eu\/wp-content\/uploads\/2015\/06\/3691-145x300.jpg 145w, http:\/\/museumek.eu\/wp-content\/uploads\/2015\/06\/3691-72x150.jpg 72w, http:\/\/museumek.eu\/wp-content\/uploads\/2015\/06\/3691.jpg 388w\" sizes=\"(max-width: 145px) 100vw, 145px\" \/><\/a><\/p>\n<p><a href=\"http:\/\/museumek.eu\/?attachment_id=41445\" rel=\"attachment wp-att-41445\"><img loading=\"lazy\" src=\"http:\/\/museumek.eu\/wp-content\/uploads\/2015\/06\/3692-183x300.jpg\" alt=\"\" title=\"3692\" width=\"183\" height=\"300\" class=\"alignnone size-medium wp-image-41445\" srcset=\"http:\/\/museumek.eu\/wp-content\/uploads\/2015\/06\/3692-183x300.jpg 183w, http:\/\/museumek.eu\/wp-content\/uploads\/2015\/06\/3692-91x150.jpg 91w, http:\/\/museumek.eu\/wp-content\/uploads\/2015\/06\/3692.jpg 488w\" sizes=\"(max-width: 183px) 100vw, 183px\" \/><\/a><\/p>\n<p><a href=\"http:\/\/museumek.eu\/?attachment_id=41446\" rel=\"attachment wp-att-41446\"><img loading=\"lazy\" src=\"http:\/\/museumek.eu\/wp-content\/uploads\/2015\/06\/3693-194x300.jpg\" alt=\"\" title=\"3693\" width=\"194\" height=\"300\" class=\"alignnone size-medium wp-image-41446\" srcset=\"http:\/\/museumek.eu\/wp-content\/uploads\/2015\/06\/3693-194x300.jpg 194w, http:\/\/museumek.eu\/wp-content\/uploads\/2015\/06\/3693-97x150.jpg 97w, http:\/\/museumek.eu\/wp-content\/uploads\/2015\/06\/3693.jpg 518w\" sizes=\"(max-width: 194px) 100vw, 194px\" \/><\/a><\/p>\n<p><a href=\"http:\/\/museumek.eu\/?attachment_id=41447\" rel=\"attachment wp-att-41447\"><img loading=\"lazy\" src=\"http:\/\/museumek.eu\/wp-content\/uploads\/2015\/06\/3694-117x300.jpg\" alt=\"\" title=\"3694\" width=\"117\" height=\"300\" class=\"alignnone size-medium wp-image-41447\" srcset=\"http:\/\/museumek.eu\/wp-content\/uploads\/2015\/06\/3694-117x300.jpg 117w, http:\/\/museumek.eu\/wp-content\/uploads\/2015\/06\/3694-58x150.jpg 58w\" sizes=\"(max-width: 117px) 100vw, 117px\" \/><\/a><\/p>\n<p><a href=\"http:\/\/museumek.eu\/?attachment_id=41448\" rel=\"attachment wp-att-41448\"><img loading=\"lazy\" src=\"http:\/\/museumek.eu\/wp-content\/uploads\/2015\/06\/3695-115x300.jpg\" alt=\"\" title=\"3695\" width=\"115\" height=\"300\" class=\"alignnone size-medium wp-image-41448\" srcset=\"http:\/\/museumek.eu\/wp-content\/uploads\/2015\/06\/3695-115x300.jpg 115w, http:\/\/museumek.eu\/wp-content\/uploads\/2015\/06\/3695-57x150.jpg 57w, http:\/\/museumek.eu\/wp-content\/uploads\/2015\/06\/3695.jpg 307w\" sizes=\"(max-width: 115px) 100vw, 115px\" \/><\/a><\/p>\n<p><a href=\"http:\/\/museumek.eu\/?attachment_id=41456\" rel=\"attachment wp-att-41456\"><img loading=\"lazy\" src=\"http:\/\/museumek.eu\/wp-content\/uploads\/2015\/06\/36991-300x259.jpg\" alt=\"\" title=\"3699\" width=\"300\" height=\"259\" class=\"alignnone size-medium wp-image-41456\" srcset=\"http:\/\/museumek.eu\/wp-content\/uploads\/2015\/06\/36991-300x259.jpg 300w, http:\/\/museumek.eu\/wp-content\/uploads\/2015\/06\/36991-150x129.jpg 150w, http:\/\/museumek.eu\/wp-content\/uploads\/2015\/06\/36991-346x300.jpg 346w, http:\/\/museumek.eu\/wp-content\/uploads\/2015\/06\/36991.jpg 472w\" sizes=\"(max-width: 300px) 100vw, 300px\" \/><\/a><\/p>\n<p><a href=\"http:\/\/museumek.eu\/?attachment_id=41457\" rel=\"attachment wp-att-41457\"><img loading=\"lazy\" src=\"http:\/\/museumek.eu\/wp-content\/uploads\/2015\/06\/3696-300x237.jpg\" alt=\"\" title=\"3696\" width=\"300\" height=\"237\" class=\"alignnone size-medium wp-image-41457\" srcset=\"http:\/\/museumek.eu\/wp-content\/uploads\/2015\/06\/3696-300x237.jpg 300w, http:\/\/museumek.eu\/wp-content\/uploads\/2015\/06\/3696-150x118.jpg 150w, http:\/\/museumek.eu\/wp-content\/uploads\/2015\/06\/3696-379x300.jpg 379w, http:\/\/museumek.eu\/wp-content\/uploads\/2015\/06\/3696.jpg 454w\" sizes=\"(max-width: 300px) 100vw, 300px\" \/><\/a><\/p>\n<p><a href=\"http:\/\/museumek.eu\/?attachment_id=41458\" rel=\"attachment wp-att-41458\"><img loading=\"lazy\" src=\"http:\/\/museumek.eu\/wp-content\/uploads\/2015\/06\/3697-295x300.jpg\" alt=\"\" title=\"3697\" width=\"295\" height=\"300\" class=\"alignnone size-medium wp-image-41458\" srcset=\"http:\/\/museumek.eu\/wp-content\/uploads\/2015\/06\/3697-295x300.jpg 295w, http:\/\/museumek.eu\/wp-content\/uploads\/2015\/06\/3697-147x150.jpg 147w, http:\/\/museumek.eu\/wp-content\/uploads\/2015\/06\/3697.jpg 407w\" sizes=\"(max-width: 295px) 100vw, 295px\" \/><\/a><\/p>\n<p><a href=\"http:\/\/museumek.eu\/?attachment_id=41459\" rel=\"attachment wp-att-41459\"><img loading=\"lazy\" src=\"http:\/\/museumek.eu\/wp-content\/uploads\/2015\/06\/3698-294x300.jpg\" alt=\"\" title=\"3698\" width=\"294\" height=\"300\" class=\"alignnone size-medium wp-image-41459\" srcset=\"http:\/\/museumek.eu\/wp-content\/uploads\/2015\/06\/3698-294x300.jpg 294w, http:\/\/museumek.eu\/wp-content\/uploads\/2015\/06\/3698-147x150.jpg 147w, http:\/\/museumek.eu\/wp-content\/uploads\/2015\/06\/3698.jpg 404w\" sizes=\"(max-width: 294px) 100vw, 294px\" \/><\/a><\/p>\n","protected":false},"excerpt":{"rendered":"<p>Abteilung Deutschland, Keramik 1860 \u2013 1960, Inventarnummer D\/LIII\/37 Steingut- und Steinzeugfabrik, Kunstt\u00f6pferei, Zinngie\u00dferei Merkelbach &#038; Wick und Nachfolger Steingutfabrik Wick Werke AG, Vereinigte Fabriken Merkelbach &#038; Wick und Merkelbach, Stadelmann &#038; Co., Deutschland, Grenzhausen, um 1910, Krug, K\u00fcnstler unbekannt, Werks.-Nr. &hellip; <a href=\"http:\/\/museumek.eu\/?page_id=41442\">Weiterlesen <span class=\"meta-nav\">&rarr;<\/span><\/a><\/p>\n","protected":false},"author":1,"featured_media":0,"parent":38630,"menu_order":37,"comment_status":"closed","ping_status":"open","template":"","meta":[],"_links":{"self":[{"href":"http:\/\/museumek.eu\/index.php?rest_route=\/wp\/v2\/pages\/41442"}],"collection":[{"href":"http:\/\/museumek.eu\/index.php?rest_route=\/wp\/v2\/pages"}],"about":[{"href":"http:\/\/museumek.eu\/index.php?rest_route=\/wp\/v2\/types\/page"}],"author":[{"embeddable":true,"href":"http:\/\/museumek.eu\/index.php?rest_route=\/wp\/v2\/users\/1"}],"replies":[{"embeddable":true,"href":"http:\/\/museumek.eu\/index.php?rest_route=%2Fwp%2Fv2%2Fcomments&post=41442"}],"version-history":[{"count":12,"href":"http:\/\/museumek.eu\/index.php?rest_route=\/wp\/v2\/pages\/41442\/revisions"}],"predecessor-version":[{"id":41465,"href":"http:\/\/museumek.eu\/index.php?rest_route=\/wp\/v2\/pages\/41442\/revisions\/41465"}],"up":[{"embeddable":true,"href":"http:\/\/museumek.eu\/index.php?rest_route=\/wp\/v2\/pages\/38630"}],"wp:attachment":[{"href":"http:\/\/museumek.eu\/index.php?rest_route=%2Fwp%2Fv2%2Fmedia&parent=41442"}],"curies":[{"name":"wp","href":"https:\/\/api.w.org\/{rel}","templated":true}]}}