{"id":41479,"date":"2015-06-25T21:18:44","date_gmt":"2015-06-25T19:18:44","guid":{"rendered":"http:\/\/museumek.eu\/?page_id=41479"},"modified":"2015-06-25T21:19:35","modified_gmt":"2015-06-25T19:19:35","slug":"dlxxxv4","status":"publish","type":"page","link":"http:\/\/museumek.eu\/?page_id=41479","title":{"rendered":"D\/LXXXV\/4"},"content":{"rendered":"<p><strong>Abteilung Deutschland, Keramik 1860 \u2013 1960, Inventarnummer D\/LXXXV\/\/4<\/strong><\/p>\n<p>Keramische Werke C. &#038; E. Carstens, Rheinsberger Steingutfabrik, vormals Rheinsberger Steingutfabrik R. Schanz &#038; Co., Deutschland, Rheinsberg, um 1910, Vase, K\u00fcnstler unbekannt, Werks.-Nr. ohne, Exemplar Nr. ohne, gemarkt Firmenmarke Rheinsberg blauer Schriftzug unter Glasur, G oder D blauer Stempel unter Glasur, nicht signiert, der Ursprung der insgesamt 15 Carstens Fabriken bis ca. Ende WK II mit ca. 4.000 Mitarbeitern (Neuhaldensleben 1900 \u2013 1948, Elmshorn 1905 \u2013 1938, Sorau 1918 \u2013 1945, Hirschau 1918 \u2013 1945, Gr\u00e4fenroda um 1918 \u2013 1948, Zeven 1924 \u2013 1927, Georgenthal 1919 \u2013 1948, Rheinsberg 1901 \u2013 1948, Wallhausen 1912 \u2013 heute, Reichenbach 1918 \u2013 1948, Rathenow 1919 \u2013 1929, Neuhaldensleben ehemals Uffrecht 1924 \u2013 1948, Blankenhain 1933 \u2013 1945, Greu\u00dfen und L\u00fcbeck) geht zur\u00fcck auf den Porzellan-, Keramik- und Glasgrossh\u00e4ndler Christian Hinrich Carstens der seine Firma 1878 gr\u00fcndete, die S\u00f6hne Christian und Ernst kauften um 1900 bis 1924 o. g. Fabriken auf, Eigent\u00fcmer war jeweils entweder Ernst oder Christian, wohl jeweils mit einer eigenen KG f\u00fcr jede Fabrik, interessant ist die wohl nach dem WK II entstandene T\u00f6pferei T\u00f6nnieshof, Eigent\u00fcmer Ernst Carstens, die sp\u00e4ter Goldscheider Entw\u00fcrfe und als Goldscheider Weltmarke der Keramik auch eigene Entw\u00fcrfe produzierte, 1816 erh\u00e4lt der Apotheker Pollnow die Konzession f\u00fcr eine Steingutfabrik (Anm. MEK: in Rheinsberg gab es bereits seit 1762 eine Steingutfabrik, die aber 1866 unter der letzten Inhaberin der Witwe von Karl Valentin L\u00fcdicke Konkurs anmeldete) in Rheinsberg am M\u00fchlentor, heute Rhinstr., danach wurde wohl der Engl\u00e4nder Jackson Eigent\u00fcmer, vielleicht zusammen mit R. Schanz, denn die Fabrik firmierte um 1895 als Rheinsberger Steingutfabrik R. Schanz &#038; Co., 1901 kauft Christian Carstens die Fabrik, die Fabrik ist nun den Keramischen Werken C. &#038; E. Carstens zugeh\u00f6rig, die Firmierung lautet Keramische Werke C. &#038; E. Carstens, Rheinsberger Steingutfabrik, 1948 wird die Fabrik enteignet, das MEK fasst die Carstens Fabriken als Keramische Werke C. &#038; E. Carstens als Oberbegriff zusammen und benennt dann im weiteren die einzelne Fabrik, ob und f\u00fcr welchen Zeitraum das richtig ist, l\u00e4\u00dft sich nur schwer eruieren, da das gesamte keramische Schaffen der Carstens in der Literatur nur unzureichend aufgearbeitet ist, der Oberbegriff findet sich auch aber eben unbestimmt,<br \/>\nH\u00f6he 8,5 cm, Breite 15,5 cm<\/p>\n<p><a href=\"http:\/\/museumek.eu\/?attachment_id=41480\" rel=\"attachment wp-att-41480\"><img loading=\"lazy\" src=\"http:\/\/museumek.eu\/wp-content\/uploads\/2015\/06\/3891-300x232.jpg\" alt=\"\" title=\"3891\" width=\"300\" height=\"232\" class=\"alignnone size-medium wp-image-41480\" srcset=\"http:\/\/museumek.eu\/wp-content\/uploads\/2015\/06\/3891-300x232.jpg 300w, http:\/\/museumek.eu\/wp-content\/uploads\/2015\/06\/3891-150x116.jpg 150w, http:\/\/museumek.eu\/wp-content\/uploads\/2015\/06\/3891-387x300.jpg 387w, http:\/\/museumek.eu\/wp-content\/uploads\/2015\/06\/3891.jpg 775w\" sizes=\"(max-width: 300px) 100vw, 300px\" \/><\/a><\/p>\n<p><a href=\"http:\/\/museumek.eu\/?attachment_id=41481\" rel=\"attachment wp-att-41481\"><img loading=\"lazy\" src=\"http:\/\/museumek.eu\/wp-content\/uploads\/2015\/06\/3892-300x285.jpg\" alt=\"\" title=\"3892\" width=\"300\" height=\"285\" class=\"alignnone size-medium wp-image-41481\" srcset=\"http:\/\/museumek.eu\/wp-content\/uploads\/2015\/06\/3892-300x285.jpg 300w, http:\/\/museumek.eu\/wp-content\/uploads\/2015\/06\/3892-150x142.jpg 150w, http:\/\/museumek.eu\/wp-content\/uploads\/2015\/06\/3892-315x300.jpg 315w, http:\/\/museumek.eu\/wp-content\/uploads\/2015\/06\/3892.jpg 630w\" sizes=\"(max-width: 300px) 100vw, 300px\" \/><\/a><\/p>\n<p><a href=\"http:\/\/museumek.eu\/?attachment_id=41482\" rel=\"attachment wp-att-41482\"><img loading=\"lazy\" src=\"http:\/\/museumek.eu\/wp-content\/uploads\/2015\/06\/3894-300x300.jpg\" alt=\"\" title=\"3894\" width=\"300\" height=\"300\" class=\"alignnone size-medium wp-image-41482\" srcset=\"http:\/\/museumek.eu\/wp-content\/uploads\/2015\/06\/3894-300x300.jpg 300w, http:\/\/museumek.eu\/wp-content\/uploads\/2015\/06\/3894-150x150.jpg 150w, http:\/\/museumek.eu\/wp-content\/uploads\/2015\/06\/3894-301x300.jpg 301w, http:\/\/museumek.eu\/wp-content\/uploads\/2015\/06\/3894.jpg 602w\" sizes=\"(max-width: 300px) 100vw, 300px\" \/><\/a><\/p>\n<p><a href=\"http:\/\/museumek.eu\/?attachment_id=41483\" rel=\"attachment wp-att-41483\"><img loading=\"lazy\" src=\"http:\/\/museumek.eu\/wp-content\/uploads\/2015\/06\/3895-300x115.jpg\" alt=\"\" title=\"3895\" width=\"300\" height=\"115\" class=\"alignnone size-medium wp-image-41483\" srcset=\"http:\/\/museumek.eu\/wp-content\/uploads\/2015\/06\/3895-300x115.jpg 300w, http:\/\/museumek.eu\/wp-content\/uploads\/2015\/06\/3895-150x57.jpg 150w, http:\/\/museumek.eu\/wp-content\/uploads\/2015\/06\/3895-500x191.jpg 500w, http:\/\/museumek.eu\/wp-content\/uploads\/2015\/06\/3895.jpg 800w\" sizes=\"(max-width: 300px) 100vw, 300px\" \/><\/a><\/p>\n<p><a href=\"http:\/\/museumek.eu\/?attachment_id=41484\" rel=\"attachment wp-att-41484\"><img loading=\"lazy\" src=\"http:\/\/museumek.eu\/wp-content\/uploads\/2015\/06\/3896-300x112.jpg\" alt=\"\" title=\"3896\" width=\"300\" height=\"112\" class=\"alignnone size-medium wp-image-41484\" srcset=\"http:\/\/museumek.eu\/wp-content\/uploads\/2015\/06\/3896-300x112.jpg 300w, http:\/\/museumek.eu\/wp-content\/uploads\/2015\/06\/3896-150x56.jpg 150w, http:\/\/museumek.eu\/wp-content\/uploads\/2015\/06\/3896-500x186.jpg 500w, http:\/\/museumek.eu\/wp-content\/uploads\/2015\/06\/3896.jpg 800w\" sizes=\"(max-width: 300px) 100vw, 300px\" \/><\/a><\/p>\n","protected":false},"excerpt":{"rendered":"<p>Abteilung Deutschland, Keramik 1860 \u2013 1960, Inventarnummer D\/LXXXV\/\/4 Keramische Werke C. &#038; E. Carstens, Rheinsberger Steingutfabrik, vormals Rheinsberger Steingutfabrik R. Schanz &#038; Co., Deutschland, Rheinsberg, um 1910, Vase, K\u00fcnstler unbekannt, Werks.-Nr. ohne, Exemplar Nr. ohne, gemarkt Firmenmarke Rheinsberg blauer Schriftzug &hellip; <a href=\"http:\/\/museumek.eu\/?page_id=41479\">Weiterlesen <span class=\"meta-nav\">&rarr;<\/span><\/a><\/p>\n","protected":false},"author":1,"featured_media":0,"parent":23355,"menu_order":4,"comment_status":"closed","ping_status":"open","template":"","meta":[],"_links":{"self":[{"href":"http:\/\/museumek.eu\/index.php?rest_route=\/wp\/v2\/pages\/41479"}],"collection":[{"href":"http:\/\/museumek.eu\/index.php?rest_route=\/wp\/v2\/pages"}],"about":[{"href":"http:\/\/museumek.eu\/index.php?rest_route=\/wp\/v2\/types\/page"}],"author":[{"embeddable":true,"href":"http:\/\/museumek.eu\/index.php?rest_route=\/wp\/v2\/users\/1"}],"replies":[{"embeddable":true,"href":"http:\/\/museumek.eu\/index.php?rest_route=%2Fwp%2Fv2%2Fcomments&post=41479"}],"version-history":[{"count":6,"href":"http:\/\/museumek.eu\/index.php?rest_route=\/wp\/v2\/pages\/41479\/revisions"}],"predecessor-version":[{"id":41490,"href":"http:\/\/museumek.eu\/index.php?rest_route=\/wp\/v2\/pages\/41479\/revisions\/41490"}],"up":[{"embeddable":true,"href":"http:\/\/museumek.eu\/index.php?rest_route=\/wp\/v2\/pages\/23355"}],"wp:attachment":[{"href":"http:\/\/museumek.eu\/index.php?rest_route=%2Fwp%2Fv2%2Fmedia&parent=41479"}],"curies":[{"name":"wp","href":"https:\/\/api.w.org\/{rel}","templated":true}]}}