{"id":41498,"date":"2015-06-25T21:36:28","date_gmt":"2015-06-25T19:36:28","guid":{"rendered":"http:\/\/museumek.eu\/?page_id=41498"},"modified":"2015-06-25T21:36:29","modified_gmt":"2015-06-25T19:36:29","slug":"dlxxxv5","status":"publish","type":"page","link":"http:\/\/museumek.eu\/?page_id=41498","title":{"rendered":"D\/LXXXV\/5"},"content":{"rendered":"<p><strong>Abteilung Deutschland, Keramik 1860 \u2013 1960, Inventarnummer D\/LXXXV\/\/5<\/strong><\/p>\n<p>Keramische Werke C. &#038; E. Carstens, Porzellanfabrik Sorau N\/L KG, vormals Keramische Werke C. &#038; E. Carstens, Porzellanfabrik Sorau N\/L, Inhaber Ernst Carstens Erben, vormals Keramische Werke C. &#038; E. Carstens, Porzellanfabrik Sorau N\/L, vormals Porzellanfabrik Sorau N\/L GmbH, vormals Porzellanfabrik Sorau N\/L, Deutschland, Sorau\/Zary, 1939, Zuckerdose, K\u00fcnstler unbekannt, Werks.-Nr. ohne, Exemplar Nr. ohne, gemarkt Firmenmarke Krone, darunter ein Lorbeerkranz, in diesem SORAU, darunter CARSTENS, darunter PORZELLAN sowie 8 gr\u00fcne Stempel unter Glasur, nicht signiert, Literatur: Gustav Wei\u00df, Ullstein Porzellanbuch, Seite 306, Marke Nr. 2 identisch (hier ohne den Zusatz CARSTENS PORZELLAN), weitere Literatur: Emanuel Poche, Porzellanmarken aus aller Welt, Marke Nr. 1543 identisch (hier ohne den Zusatz CARSTENS PORZELLAN), der Ursprung der insgesamt 15 Carstens Fabriken bis ca. Ende WK II mit ca. 4.000 Mitarbeitern (Neuhaldensleben 1900 \u2013 1948, Elmshorn 1905 \u2013 1938, Sorau 1918 \u2013 1945, Hirschau 1918 \u2013 1945, Gr\u00e4fenroda um 1918 \u2013 1948, Zeven 1924 \u2013 1927, Georgenthal 1919 \u2013 1948, Rheinsberg 1901 \u2013 1948, Wallhausen 1912 \u2013 heute, Reichenbach 1918 \u2013 1948, Rathenow 1919 \u2013 1929, Neuhaldensleben ehemals Uffrecht 1924 \u2013 1948, Blankenhain 1933 \u2013 1945, Greu\u00dfen und L\u00fcbeck) geht zur\u00fcck auf den Porzellan-, Keramik- und Glasgrossh\u00e4ndler Christian Hinrich Carstens der seine Firma 1878 gr\u00fcndete, die S\u00f6hne Christian und Ernst kauften um 1900 bis 1924 o. g. Fabriken auf, Eigent\u00fcmer war jeweils entweder Ernst oder Christian, wohl jeweils mit einer eigenen KG f\u00fcr jede Fabrik, interessant ist die wohl nach dem WK II entstandene T\u00f6pferei T\u00f6nnieshof, Eigent\u00fcmer Ernst Carstens, die sp\u00e4ter Goldscheider Entw\u00fcrfe und als Goldscheider Weltmarke der Keramik auch eigene Entw\u00fcrfe produzierte, 1888 gr\u00fcndet Gustav Otremba in Sorau\/Preussen eine Porzellanfabrik, Firmierung Porzellanfabrik Sorau N\/L (Anm. MEK: N\/L steht f\u00fcr Nieder Lausitz), 1889 trat Franz B\u00f6hme als Teilhaber in die Fabrik ein, am 03.06.1892 kaufte B\u00f6hme Otremba die Fabrik ab und war nun Alleineigent\u00fcmer, B\u00f6hme behielt die Firmierung bei, am 01.10.1901 gr\u00fcndeten Franz B\u00f6hme und sein Sohn Fritz B\u00f6hme eine GmbH, Firmierung Porzellanfabrik Sorau N\/L GmbH, im M\u00e4rz 1918 verkauften die B\u00f6hmes die Fabrik an den Kaufmann Gotthard Curtius, Curtius behielt die Firmierung bei, noch 1918 verkaufte Curtius die Fabrik an Ernst Carstens weiter und die Fabrik wurde den Keramischen Werken C. &#038; E. Carstens zugeh\u00f6rig, Firmierung Keramische Werke C. &#038; E. Carsten, Porzellanfabrik Sorau N\/L, 1923 verstarb Ernst Carstens und seine Witwe Anna Christina Carstens und seine beiden S\u00f6hne Walter und Ernst Carstens wurden Inhaber, Firmierung Keramische Werke C. &#038; E. Carstens, Porzellanfabrik Sorau N\/L, Inhaber Ernst Carstens Erben, 1943 wurde die Fabrik eine Kommanditgesellschaft, Firmierung Keramische Werke C. &#038; E. Carstens, Porzellanfabrik Sorau N\/L KG, im Februar 1945 wurde fast die gesamte Fabrik bei einem Bombenangriff zerst\u00f6rt und nicht wieder aufgebaut, au\u00dferdem wurde die Carstens nach Ende WK II enteignet, das MEK fasst die Carstens Fabriken als Keramische Werke C. &#038; E. Carstens als Oberbegriff zusammen und benennt dann im weiteren die einzelne Fabrik, ob und f\u00fcr welchen Zeitraum das richtig ist, l\u00e4\u00dft sich nur schwer eruieren, da das gesamte keramische Schaffen der Carstens in der Literatur nur unzureichend aufgearbeitet ist, der Oberbegriff findet sich auch aber eben unbestimmt, zeitliche Zuordnung: erstens, durch handchriftliche Mitteilung der Verk\u00e4uferin der Zuckerdose (siehe Foto), zweitens, wurde die Zuckerdose noch mit Gold geh\u00f6ht, die Fabrik verwendete aber ab 1940 kein Gold mehr f\u00fcr die Bemalung (allen Porzellanfabriken war es w\u00e4hrend des WK II verboten f\u00fcr die Bemalung Gold zu verwenden), H\u00f6he 13 cm, Breite 17 cm<\/p>\n<p><a href=\"http:\/\/museumek.eu\/?attachment_id=41499\" rel=\"attachment wp-att-41499\"><img loading=\"lazy\" src=\"http:\/\/museumek.eu\/wp-content\/uploads\/2015\/06\/3661-300x269.jpg\" alt=\"\" title=\"3661\" width=\"300\" height=\"269\" class=\"alignnone size-medium wp-image-41499\" srcset=\"http:\/\/museumek.eu\/wp-content\/uploads\/2015\/06\/3661-300x269.jpg 300w, http:\/\/museumek.eu\/wp-content\/uploads\/2015\/06\/3661-150x134.jpg 150w, http:\/\/museumek.eu\/wp-content\/uploads\/2015\/06\/3661-334x300.jpg 334w, http:\/\/museumek.eu\/wp-content\/uploads\/2015\/06\/3661.jpg 669w\" sizes=\"(max-width: 300px) 100vw, 300px\" \/><\/a><\/p>\n<p><a href=\"http:\/\/museumek.eu\/?attachment_id=41500\" rel=\"attachment wp-att-41500\"><img loading=\"lazy\" src=\"http:\/\/museumek.eu\/wp-content\/uploads\/2015\/06\/3662-237x300.jpg\" alt=\"\" title=\"3662\" width=\"237\" height=\"300\" class=\"alignnone size-medium wp-image-41500\" srcset=\"http:\/\/museumek.eu\/wp-content\/uploads\/2015\/06\/3662-237x300.jpg 237w, http:\/\/museumek.eu\/wp-content\/uploads\/2015\/06\/3662-118x150.jpg 118w, http:\/\/museumek.eu\/wp-content\/uploads\/2015\/06\/3662.jpg 600w\" sizes=\"(max-width: 237px) 100vw, 237px\" \/><\/a><\/p>\n<p><a href=\"http:\/\/museumek.eu\/?attachment_id=41501\" rel=\"attachment wp-att-41501\"><img loading=\"lazy\" src=\"http:\/\/museumek.eu\/wp-content\/uploads\/2015\/06\/3663-259x300.jpg\" alt=\"\" title=\"3663\" width=\"259\" height=\"300\" class=\"alignnone size-medium wp-image-41501\" srcset=\"http:\/\/museumek.eu\/wp-content\/uploads\/2015\/06\/3663-259x300.jpg 259w, http:\/\/museumek.eu\/wp-content\/uploads\/2015\/06\/3663-129x150.jpg 129w, http:\/\/museumek.eu\/wp-content\/uploads\/2015\/06\/3663.jpg 600w\" sizes=\"(max-width: 259px) 100vw, 259px\" \/><\/a><\/p>\n<p><a href=\"http:\/\/museumek.eu\/?attachment_id=41502\" rel=\"attachment wp-att-41502\"><img loading=\"lazy\" src=\"http:\/\/museumek.eu\/wp-content\/uploads\/2015\/06\/3664-218x300.jpg\" alt=\"\" title=\"3664\" width=\"218\" height=\"300\" class=\"alignnone size-medium wp-image-41502\" srcset=\"http:\/\/museumek.eu\/wp-content\/uploads\/2015\/06\/3664-218x300.jpg 218w, http:\/\/museumek.eu\/wp-content\/uploads\/2015\/06\/3664-109x150.jpg 109w, http:\/\/museumek.eu\/wp-content\/uploads\/2015\/06\/3664.jpg 582w\" sizes=\"(max-width: 218px) 100vw, 218px\" \/><\/a><\/p>\n<p><a href=\"http:\/\/museumek.eu\/?attachment_id=41503\" rel=\"attachment wp-att-41503\"><img loading=\"lazy\" src=\"http:\/\/museumek.eu\/wp-content\/uploads\/2015\/06\/3665-210x300.jpg\" alt=\"\" title=\"3665\" width=\"210\" height=\"300\" class=\"alignnone size-medium wp-image-41503\" srcset=\"http:\/\/museumek.eu\/wp-content\/uploads\/2015\/06\/3665-210x300.jpg 210w, http:\/\/museumek.eu\/wp-content\/uploads\/2015\/06\/3665-105x150.jpg 105w, http:\/\/museumek.eu\/wp-content\/uploads\/2015\/06\/3665.jpg 453w\" sizes=\"(max-width: 210px) 100vw, 210px\" \/><\/a><\/p>\n<p><a href=\"http:\/\/museumek.eu\/?attachment_id=41504\" rel=\"attachment wp-att-41504\"><img loading=\"lazy\" src=\"http:\/\/museumek.eu\/wp-content\/uploads\/2015\/06\/3666-222x300.jpg\" alt=\"\" title=\"3666\" width=\"222\" height=\"300\" class=\"alignnone size-medium wp-image-41504\" srcset=\"http:\/\/museumek.eu\/wp-content\/uploads\/2015\/06\/3666-222x300.jpg 222w, http:\/\/museumek.eu\/wp-content\/uploads\/2015\/06\/3666-111x150.jpg 111w, http:\/\/museumek.eu\/wp-content\/uploads\/2015\/06\/3666.jpg 592w\" sizes=\"(max-width: 222px) 100vw, 222px\" \/><\/a><\/p>\n","protected":false},"excerpt":{"rendered":"<p>Abteilung Deutschland, Keramik 1860 \u2013 1960, Inventarnummer D\/LXXXV\/\/5 Keramische Werke C. &#038; E. Carstens, Porzellanfabrik Sorau N\/L KG, vormals Keramische Werke C. &#038; E. Carstens, Porzellanfabrik Sorau N\/L, Inhaber Ernst Carstens Erben, vormals Keramische Werke C. &#038; E. Carstens, Porzellanfabrik &hellip; <a href=\"http:\/\/museumek.eu\/?page_id=41498\">Weiterlesen <span class=\"meta-nav\">&rarr;<\/span><\/a><\/p>\n","protected":false},"author":1,"featured_media":0,"parent":23355,"menu_order":5,"comment_status":"closed","ping_status":"open","template":"","meta":[],"_links":{"self":[{"href":"http:\/\/museumek.eu\/index.php?rest_route=\/wp\/v2\/pages\/41498"}],"collection":[{"href":"http:\/\/museumek.eu\/index.php?rest_route=\/wp\/v2\/pages"}],"about":[{"href":"http:\/\/museumek.eu\/index.php?rest_route=\/wp\/v2\/types\/page"}],"author":[{"embeddable":true,"href":"http:\/\/museumek.eu\/index.php?rest_route=\/wp\/v2\/users\/1"}],"replies":[{"embeddable":true,"href":"http:\/\/museumek.eu\/index.php?rest_route=%2Fwp%2Fv2%2Fcomments&post=41498"}],"version-history":[{"count":4,"href":"http:\/\/museumek.eu\/index.php?rest_route=\/wp\/v2\/pages\/41498\/revisions"}],"predecessor-version":[{"id":41508,"href":"http:\/\/museumek.eu\/index.php?rest_route=\/wp\/v2\/pages\/41498\/revisions\/41508"}],"up":[{"embeddable":true,"href":"http:\/\/museumek.eu\/index.php?rest_route=\/wp\/v2\/pages\/23355"}],"wp:attachment":[{"href":"http:\/\/museumek.eu\/index.php?rest_route=%2Fwp%2Fv2%2Fmedia&parent=41498"}],"curies":[{"name":"wp","href":"https:\/\/api.w.org\/{rel}","templated":true}]}}