{"id":41514,"date":"2015-06-27T18:53:16","date_gmt":"2015-06-27T16:53:16","guid":{"rendered":"http:\/\/museumek.eu\/?page_id=41514"},"modified":"2015-06-27T19:01:09","modified_gmt":"2015-06-27T17:01:09","slug":"ai144","status":"publish","type":"page","link":"http:\/\/museumek.eu\/?page_id=41514","title":{"rendered":"A\/I\/144"},"content":{"rendered":"<p><strong>Abteilung Austria\/Ungarn\/B\u00f6hmen, Keramik 1860 &#8211; 1960, Inventarnummer A\/I\/144<\/strong><\/p>\n<p>Friedrich Goldscheider Erste Wiener Terrakottafabrik, Austria, Wien, um 1902, B\u00fcste Holl\u00e4nder M\u00e4dchen, K\u00fcnstler Simon (Pseudonym), Werks.-Nr. 2596, Exemplar Nr. 14, Modelleur Nr. 6, gemarkt Firmenmarke mit FRIEDRICH GOLDSCHEIDER darunter WIEN, REPRODUCTION RESERV\u00c9E, F 2596, 14 sowie 6 gepresst, weitere Firmenmarke Goldscheider schwarz unter Glasur gemalt, weitere Firmenmarke Sculpture Marke aufgelegt und mit glasiert, geritzt Simon, signiert Simon, Literatur: Robert E. Dechant\/Filipp Goldscheider, Firmengeschichte und Werkverzeichnis, Seite 363, dort noch nicht erfasst, Seite 604, Firmenmarke Nr. GS 6 (f\u00fcr die Zeit 1895 \u2013 1910) identisch, Firmenmarke Nr. GS 9 (f\u00fcr die Zeit 1900 \u2013 1917) identisch, Firmenmarke GS 13 (f\u00fcr die Zeit 1900 \u2013 1920) identisch sowie Seite 606, dort nicht vermerktes Firmenmarkenzusatzzeichen REPRODUCTION RESERV\u00c9E als Ausf\u00fchrung nebeneinander, statt wie Firmenmarkenzusatzzeichen GS Z 11 (f\u00fcr die Zeit 1885 \u2013 1922) untereinander, die Urspr\u00fcnge der Firma gehen zur\u00fcck auf das Pilsener Handelsunternehmen Moritz Goldscheider der 1860\u2018 Jahre, nach dem Tode von Moritz Goldscheider werden die Br\u00fcder Eduard und Friedrich Goldscheider Eigent\u00fcmer und firmieren ab 1877 als M. Goldscheider\u2019s Erben, Thon-und Kunststeinmanufactur Werk Moldau und ab 1878 als Br\u00fcder Goldscheider, im Jahre 1878 wandert Friedrich Goldscheider nach Wien aus und Eduard f\u00fchrt die Firma in Pilsen bis zum Konkurs 1892 allein weiter, Friedrich Goldscheider firmiert in Wien ab 1880 als Goldscheider\u2019sche Porzellan-Manufaktur und Porzellanmalerei, neben Handelsgesch\u00e4ften betreibt die Firma vorwiegend die Porzellanmalerei, das Porzellan wird von b\u00f6hmischen Manufakturen bezogen und teilweise auch in B\u00f6hmen bemalt, ab 1885 \u00e4ndert sich die Firmierung in Goldscheider\u2019sche Porzellan-Manufaktur und Majolicafabrik, das Jahr 1885 gilt als das offizielle Gr\u00fcndungsjahr, ab 1887 bezeichnet Friedrich Goldscheider seine Fabrik als Erste Wiener Terracotta- und Majolika-Fabrik Friedrich Goldscheider oder als Erste Wiener Kunst-Terracotta-Fabrik und kunstgewerbliche Ateliers Friedrich Goldscheider und offiziell ab 1894 als Friedrich Goldscheider Erste Wiener Terrakottafabrik, Friedrich Goldscheider stirbt im Jahre 1897, seine Ehefrau Regine Goldscheider wird Alleineigent\u00fcmer und firmiert ab 1899 als Friedrich Goldscheider in Wien, Berlin und Leipzig, ab 1907 firmiert die Firma als Erste Wiener Terrakottafabrik und Atelier f\u00fcr k\u00fcnstlerische Fayencen Friedrich Goldscheider, im Jahre 1918 stirbt Regine und die S\u00f6hne Walter und Marcell Goldscheider werden Inhaber, ab 1921 \u00e4ndert sich die Firmierung in Wiener Manufaktur Friedrich Goldscheider, 1928 scheidet Marcell Goldscheider aus und gr\u00fcndet seine eigene Firma in Wien, 1939 wird die Firma arisiert und Josef Schuster wird Inhaber, Firmierung ab 1939, Wiener Manufaktur Friedrich Goldscheider Nachf., Inhaber Josef Schuster, ab 1941 lautet die Firmierung Wiener Manufaktur Josef Schuster, vorm. Friedrich Goldscheider, nach dem WK II erh\u00e4lt Friedrich Goldscheider seine Firma zur\u00fcck und firmiert ab 1950 wieder als Wiener Manufaktur Friedrich Goldscheider, in dieser Zeit verkauft er die Firma an die Majolikafabrik Carstens, in Fredelsloh, die in Fredelsloh Wiederauflagen alter Modelle in minderwertigem braunem Ton aber auch neue Modelle ebenfalls in dieser Tonart produziert, ab 1953 firmiert die Firma als Kunstkeramische Manufaktur Goldscheider GmbH und 1960 wird die Produktion in Fredelsloh eingestellt, <strong>das MEK Exemplar dieser B\u00fcste ist eines der Wenigen, wenn nicht das Letzte weltweit erhalten gebliebene Exemplar<\/strong>, H\u00f6he 33 cm, Breite 21 cm<\/p>\n<p><a href=\"http:\/\/museumek.eu\/?attachment_id=41515\" rel=\"attachment wp-att-41515\"><img loading=\"lazy\" src=\"http:\/\/museumek.eu\/wp-content\/uploads\/2015\/06\/3924-186x300.jpg\" alt=\"\" title=\"3924\" width=\"186\" height=\"300\" class=\"alignnone size-medium wp-image-41515\" srcset=\"http:\/\/museumek.eu\/wp-content\/uploads\/2015\/06\/3924-186x300.jpg 186w, http:\/\/museumek.eu\/wp-content\/uploads\/2015\/06\/3924-93x150.jpg 93w, http:\/\/museumek.eu\/wp-content\/uploads\/2015\/06\/3924.jpg 498w\" sizes=\"(max-width: 186px) 100vw, 186px\" \/><\/a><\/p>\n<p><a href=\"http:\/\/museumek.eu\/?attachment_id=41516\" rel=\"attachment wp-att-41516\"><img loading=\"lazy\" src=\"http:\/\/museumek.eu\/wp-content\/uploads\/2015\/06\/3925-138x300.jpg\" alt=\"\" title=\"3925\" width=\"138\" height=\"300\" class=\"alignnone size-medium wp-image-41516\" srcset=\"http:\/\/museumek.eu\/wp-content\/uploads\/2015\/06\/3925-138x300.jpg 138w, http:\/\/museumek.eu\/wp-content\/uploads\/2015\/06\/3925-69x150.jpg 69w, http:\/\/museumek.eu\/wp-content\/uploads\/2015\/06\/3925.jpg 368w\" sizes=\"(max-width: 138px) 100vw, 138px\" \/><\/a><\/p>\n<p><a href=\"http:\/\/museumek.eu\/?attachment_id=41517\" rel=\"attachment wp-att-41517\"><img loading=\"lazy\" src=\"http:\/\/museumek.eu\/wp-content\/uploads\/2015\/06\/3926-192x300.jpg\" alt=\"\" title=\"3926\" width=\"192\" height=\"300\" class=\"alignnone size-medium wp-image-41517\" srcset=\"http:\/\/museumek.eu\/wp-content\/uploads\/2015\/06\/3926-192x300.jpg 192w, http:\/\/museumek.eu\/wp-content\/uploads\/2015\/06\/3926-96x150.jpg 96w, http:\/\/museumek.eu\/wp-content\/uploads\/2015\/06\/3926.jpg 512w\" sizes=\"(max-width: 192px) 100vw, 192px\" \/><\/a><\/p>\n<p><a href=\"http:\/\/museumek.eu\/?attachment_id=41518\" rel=\"attachment wp-att-41518\"><img loading=\"lazy\" src=\"http:\/\/museumek.eu\/wp-content\/uploads\/2015\/06\/3927-130x300.jpg\" alt=\"\" title=\"3927\" width=\"130\" height=\"300\" class=\"alignnone size-medium wp-image-41518\" srcset=\"http:\/\/museumek.eu\/wp-content\/uploads\/2015\/06\/3927-130x300.jpg 130w, http:\/\/museumek.eu\/wp-content\/uploads\/2015\/06\/3927-65x150.jpg 65w\" sizes=\"(max-width: 130px) 100vw, 130px\" \/><\/a><\/p>\n<p><a href=\"http:\/\/museumek.eu\/?attachment_id=41519\" rel=\"attachment wp-att-41519\"><img loading=\"lazy\" src=\"http:\/\/museumek.eu\/wp-content\/uploads\/2015\/06\/3928-225x300.jpg\" alt=\"\" title=\"3928\" width=\"225\" height=\"300\" class=\"alignnone size-medium wp-image-41519\" srcset=\"http:\/\/museumek.eu\/wp-content\/uploads\/2015\/06\/3928-225x300.jpg 225w, http:\/\/museumek.eu\/wp-content\/uploads\/2015\/06\/3928-112x150.jpg 112w, http:\/\/museumek.eu\/wp-content\/uploads\/2015\/06\/3928.jpg 600w\" sizes=\"(max-width: 225px) 100vw, 225px\" \/><\/a><\/p>\n<p><a href=\"http:\/\/museumek.eu\/?attachment_id=41520\" rel=\"attachment wp-att-41520\"><img loading=\"lazy\" src=\"http:\/\/museumek.eu\/wp-content\/uploads\/2015\/06\/3929-254x300.jpg\" alt=\"\" title=\"3929\" width=\"254\" height=\"300\" class=\"alignnone size-medium wp-image-41520\" srcset=\"http:\/\/museumek.eu\/wp-content\/uploads\/2015\/06\/3929-254x300.jpg 254w, http:\/\/museumek.eu\/wp-content\/uploads\/2015\/06\/3929-127x150.jpg 127w, http:\/\/museumek.eu\/wp-content\/uploads\/2015\/06\/3929.jpg 600w\" sizes=\"(max-width: 254px) 100vw, 254px\" \/><\/a><\/p>\n<p><a href=\"http:\/\/museumek.eu\/?attachment_id=41521\" rel=\"attachment wp-att-41521\"><img loading=\"lazy\" src=\"http:\/\/museumek.eu\/wp-content\/uploads\/2015\/06\/3932-300x165.jpg\" alt=\"\" title=\"3932\" width=\"300\" height=\"165\" class=\"alignnone size-medium wp-image-41521\" srcset=\"http:\/\/museumek.eu\/wp-content\/uploads\/2015\/06\/3932-300x165.jpg 300w, http:\/\/museumek.eu\/wp-content\/uploads\/2015\/06\/3932-150x82.jpg 150w, http:\/\/museumek.eu\/wp-content\/uploads\/2015\/06\/3932.jpg 396w\" sizes=\"(max-width: 300px) 100vw, 300px\" \/><\/a><\/p>\n<p><a href=\"http:\/\/museumek.eu\/?attachment_id=41527\" rel=\"attachment wp-att-41527\"><img loading=\"lazy\" src=\"http:\/\/museumek.eu\/wp-content\/uploads\/2015\/06\/39301-300x78.jpg\" alt=\"\" title=\"3930\" width=\"300\" height=\"78\" class=\"alignnone size-medium wp-image-41527\" srcset=\"http:\/\/museumek.eu\/wp-content\/uploads\/2015\/06\/39301-300x78.jpg 300w, http:\/\/museumek.eu\/wp-content\/uploads\/2015\/06\/39301-150x39.jpg 150w, http:\/\/museumek.eu\/wp-content\/uploads\/2015\/06\/39301-500x131.jpg 500w, http:\/\/museumek.eu\/wp-content\/uploads\/2015\/06\/39301.jpg 800w\" sizes=\"(max-width: 300px) 100vw, 300px\" \/><\/a><\/p>\n<p><a href=\"http:\/\/museumek.eu\/?attachment_id=41528\" rel=\"attachment wp-att-41528\"><img loading=\"lazy\" src=\"http:\/\/museumek.eu\/wp-content\/uploads\/2015\/06\/3936-300x248.jpg\" alt=\"\" title=\"3936\" width=\"300\" height=\"248\" class=\"alignnone size-medium wp-image-41528\" srcset=\"http:\/\/museumek.eu\/wp-content\/uploads\/2015\/06\/3936-300x248.jpg 300w, http:\/\/museumek.eu\/wp-content\/uploads\/2015\/06\/3936-150x124.jpg 150w, http:\/\/museumek.eu\/wp-content\/uploads\/2015\/06\/3936-362x300.jpg 362w, http:\/\/museumek.eu\/wp-content\/uploads\/2015\/06\/3936.jpg 724w\" sizes=\"(max-width: 300px) 100vw, 300px\" \/><\/a><\/p>\n<p><a href=\"http:\/\/museumek.eu\/?attachment_id=41530\" rel=\"attachment wp-att-41530\"><img loading=\"lazy\" src=\"http:\/\/museumek.eu\/wp-content\/uploads\/2015\/06\/3935-181x300.jpg\" alt=\"\" title=\"3935\" width=\"181\" height=\"300\" class=\"alignnone size-medium wp-image-41530\" srcset=\"http:\/\/museumek.eu\/wp-content\/uploads\/2015\/06\/3935-181x300.jpg 181w, http:\/\/museumek.eu\/wp-content\/uploads\/2015\/06\/3935-90x150.jpg 90w, http:\/\/museumek.eu\/wp-content\/uploads\/2015\/06\/3935.jpg 325w\" sizes=\"(max-width: 181px) 100vw, 181px\" \/><\/a><\/p>\n<p><a href=\"http:\/\/museumek.eu\/?attachment_id=41531\" rel=\"attachment wp-att-41531\"><img loading=\"lazy\" src=\"http:\/\/museumek.eu\/wp-content\/uploads\/2015\/06\/3934-211x300.jpg\" alt=\"\" title=\"3934\" width=\"211\" height=\"300\" class=\"alignnone size-medium wp-image-41531\" srcset=\"http:\/\/museumek.eu\/wp-content\/uploads\/2015\/06\/3934-211x300.jpg 211w, http:\/\/museumek.eu\/wp-content\/uploads\/2015\/06\/3934-105x150.jpg 105w, http:\/\/museumek.eu\/wp-content\/uploads\/2015\/06\/3934.jpg 563w\" sizes=\"(max-width: 211px) 100vw, 211px\" \/><\/a><\/p>\n","protected":false},"excerpt":{"rendered":"<p>Abteilung Austria\/Ungarn\/B\u00f6hmen, Keramik 1860 &#8211; 1960, Inventarnummer A\/I\/144 Friedrich Goldscheider Erste Wiener Terrakottafabrik, Austria, Wien, um 1902, B\u00fcste Holl\u00e4nder M\u00e4dchen, K\u00fcnstler Simon (Pseudonym), Werks.-Nr. 2596, Exemplar Nr. 14, Modelleur Nr. 6, gemarkt Firmenmarke mit FRIEDRICH GOLDSCHEIDER darunter WIEN, REPRODUCTION RESERV\u00c9E, &hellip; <a href=\"http:\/\/museumek.eu\/?page_id=41514\">Weiterlesen <span class=\"meta-nav\">&rarr;<\/span><\/a><\/p>\n","protected":false},"author":1,"featured_media":0,"parent":39508,"menu_order":144,"comment_status":"closed","ping_status":"open","template":"","meta":[],"_links":{"self":[{"href":"http:\/\/museumek.eu\/index.php?rest_route=\/wp\/v2\/pages\/41514"}],"collection":[{"href":"http:\/\/museumek.eu\/index.php?rest_route=\/wp\/v2\/pages"}],"about":[{"href":"http:\/\/museumek.eu\/index.php?rest_route=\/wp\/v2\/types\/page"}],"author":[{"embeddable":true,"href":"http:\/\/museumek.eu\/index.php?rest_route=\/wp\/v2\/users\/1"}],"replies":[{"embeddable":true,"href":"http:\/\/museumek.eu\/index.php?rest_route=%2Fwp%2Fv2%2Fcomments&post=41514"}],"version-history":[{"count":7,"href":"http:\/\/museumek.eu\/index.php?rest_route=\/wp\/v2\/pages\/41514\/revisions"}],"predecessor-version":[{"id":41533,"href":"http:\/\/museumek.eu\/index.php?rest_route=\/wp\/v2\/pages\/41514\/revisions\/41533"}],"up":[{"embeddable":true,"href":"http:\/\/museumek.eu\/index.php?rest_route=\/wp\/v2\/pages\/39508"}],"wp:attachment":[{"href":"http:\/\/museumek.eu\/index.php?rest_route=%2Fwp%2Fv2%2Fmedia&parent=41514"}],"curies":[{"name":"wp","href":"https:\/\/api.w.org\/{rel}","templated":true}]}}