{"id":41596,"date":"2015-07-01T00:28:12","date_gmt":"2015-06-30T22:28:12","guid":{"rendered":"http:\/\/museumek.eu\/?page_id=41596"},"modified":"2015-07-01T00:38:25","modified_gmt":"2015-06-30T22:38:25","slug":"ai145","status":"publish","type":"page","link":"http:\/\/museumek.eu\/?page_id=41596","title":{"rendered":"A\/I\/145"},"content":{"rendered":"<p><strong>Abteilung Austria\/Ungarn\/B\u00f6hmen, Keramik 1860 &#8211; 1960, Inventarnummer A\/I\/145<\/strong><\/p>\n<p>Friedrich Goldscheider Erste Wiener Terrakottafabrik, Austria, Wien, ca. 1898, B\u00fcste Junge Frau mit Haube (auf Blumen verziertem Sockel), K\u00fcnstler unbekannt, Werks.-Nr. 1264, Exemplar Nr. 496, Modelleur Nr. 8 (3 ?) oder 17, gemarkt Firmenmarke mit Friedrich Goldscheider Wien (3 x), einmal richtig herum, einmal auf dem Kopf stehend und eine missgl\u00fcckte Goldscheider Firmenmarke davon nur Goldscheider lesbar, P, 1264, 496, 3 sowie 17 alles gepresst, im Sockel zwei nicht gedeutete Pressungen, nicht signiert, Literatur: Robert E. Dechant\/Filipp Goldscheider, Firmengeschichte und Werkverzeichnis, Seite 317, dort noch ohne Foto und unvollst\u00e4ndig erfasst, Seite 604, Firmenmarke Nr. GS 7 (f\u00fcr die Zeit 1895 \u2013 1910) identisch sowie Seite 606, Zusatzzeichen GS Z 3 (f\u00fcr die Zeit 1885 \u2013 1922) identisch, die Urspr\u00fcnge der Firma gehen zur\u00fcck auf das Pilsener Handelsunternehmen Moritz Goldscheider der 1860\u2018 Jahre, nach dem Tode von Moritz Goldscheider werden die Br\u00fcder Eduard und Friedrich Goldscheider Eigent\u00fcmer und firmieren ab 1877 als M. Goldscheider\u2019s Erben, Thon-und Kunststeinmanufactur Werk Moldau und ab 1878 als Br\u00fcder Goldscheider, im Jahre 1878 wandert Friedrich Goldscheider nach Wien aus und Eduard f\u00fchrt die Firma in Pilsen bis zum Konkurs 1892 allein weiter, Friedrich Goldscheider firmiert in Wien ab 1880 als Goldscheider\u2019sche Porzellan-Manufaktur und Porzellanmalerei, neben Handelsgesch\u00e4ften betreibt die Firma vorwiegend die Porzellanmalerei, das Porzellan wird von b\u00f6hmischen Manufakturen bezogen und teilweise auch in B\u00f6hmen bemalt, ab 1885 \u00e4ndert sich die Firmierung in Goldscheider\u2019sche Porzellan-Manufaktur und Majolicafabrik, das Jahr 1885 gilt als das offizielle Gr\u00fcndungsjahr, ab 1887 bezeichnet Friedrich Goldscheider seine Fabrik als Erste Wiener Terracotta- und Majolika-Fabrik Friedrich Goldscheider oder als Erste Wiener Kunst-Terracotta-Fabrik und kunstgewerbliche Ateliers Friedrich Goldscheider und offiziell ab 1894 als Friedrich Goldscheider Erste Wiener Terrakottafabrik, Friedrich Goldscheider stirbt im Jahre 1897, seine Ehefrau Regine Goldscheider wird Alleineigent\u00fcmer und firmiert ab 1899 als Friedrich Goldscheider in Wien, Berlin und Leipzig, ab 1907 firmiert die Firma als Erste Wiener Terrakottafabrik und Atelier f\u00fcr k\u00fcnstlerische Fayencen Friedrich Goldscheider, im Jahre 1918 stirbt Regine und die S\u00f6hne Walter und Marcell Goldscheider werden Inhaber, ab 1921 \u00e4ndert sich die Firmierung in Wiener Manufaktur Friedrich Goldscheider, 1928 scheidet Marcell Goldscheider aus und gr\u00fcndet seine eigene Firma in Wien, 1939 wird die Firma arisiert und Josef Schuster wird Inhaber, Firmierung ab 1939, Wiener Manufaktur Friedrich Goldscheider Nachf., Inhaber Josef Schuster, ab 1941 lautet die Firmierung Wiener Manufaktur Josef Schuster, vorm. Friedrich Goldscheider, nach dem WK II erh\u00e4lt Friedrich Goldscheider seine Firma zur\u00fcck und firmiert ab 1950 wieder als Wiener Manufaktur Friedrich Goldscheider, in dieser Zeit verkauft er die Firma an die Majolikafabrik Carstens, in Fredelsloh, die in Fredelsloh Wiederauflagen alter Modelle in minderwertigem braunem Ton aber auch neue Modelle ebenfalls in dieser Tonart produziert, ab 1953 firmiert die Firma als Kunstkeramische Manufaktur Goldscheider GmbH und 1960 wird die Produktion in Fredelsloh eingestellt, <strong>das MEK Exemplar dieser B\u00fcste ist eines der Wenigen, wenn nicht das Letzte weltweit erhalten gebliebene Exemplar<\/strong>,<br \/>\nH\u00f6he 28,5 cm, Breite 17 cm<\/p>\n<p><a href=\"http:\/\/museumek.eu\/?attachment_id=41597\" rel=\"attachment wp-att-41597\"><img loading=\"lazy\" src=\"http:\/\/museumek.eu\/wp-content\/uploads\/2015\/07\/4011-160x300.jpg\" alt=\"\" title=\"4011\" width=\"160\" height=\"300\" class=\"alignnone size-medium wp-image-41597\" srcset=\"http:\/\/museumek.eu\/wp-content\/uploads\/2015\/07\/4011-160x300.jpg 160w, http:\/\/museumek.eu\/wp-content\/uploads\/2015\/07\/4011-80x150.jpg 80w, http:\/\/museumek.eu\/wp-content\/uploads\/2015\/07\/4011.jpg 428w\" sizes=\"(max-width: 160px) 100vw, 160px\" \/><\/a><\/p>\n<p><a href=\"http:\/\/museumek.eu\/?attachment_id=41603\" rel=\"attachment wp-att-41603\"><img loading=\"lazy\" src=\"http:\/\/museumek.eu\/wp-content\/uploads\/2015\/07\/40141-157x300.jpg\" alt=\"\" title=\"4014\" width=\"157\" height=\"300\" class=\"alignnone size-medium wp-image-41603\" srcset=\"http:\/\/museumek.eu\/wp-content\/uploads\/2015\/07\/40141-157x300.jpg 157w, http:\/\/museumek.eu\/wp-content\/uploads\/2015\/07\/40141-78x150.jpg 78w, http:\/\/museumek.eu\/wp-content\/uploads\/2015\/07\/40141.jpg 419w\" sizes=\"(max-width: 157px) 100vw, 157px\" \/><\/a><\/p>\n<p><a href=\"http:\/\/museumek.eu\/?attachment_id=41604\" rel=\"attachment wp-att-41604\"><img loading=\"lazy\" src=\"http:\/\/museumek.eu\/wp-content\/uploads\/2015\/07\/4015-183x300.jpg\" alt=\"\" title=\"4015\" width=\"183\" height=\"300\" class=\"alignnone size-medium wp-image-41604\" srcset=\"http:\/\/museumek.eu\/wp-content\/uploads\/2015\/07\/4015-183x300.jpg 183w, http:\/\/museumek.eu\/wp-content\/uploads\/2015\/07\/4015-91x150.jpg 91w, http:\/\/museumek.eu\/wp-content\/uploads\/2015\/07\/4015.jpg 490w\" sizes=\"(max-width: 183px) 100vw, 183px\" \/><\/a><\/p>\n<p><a href=\"http:\/\/museumek.eu\/?attachment_id=41605\" rel=\"attachment wp-att-41605\"><img loading=\"lazy\" src=\"http:\/\/museumek.eu\/wp-content\/uploads\/2015\/07\/4016-146x300.jpg\" alt=\"\" title=\"4016\" width=\"146\" height=\"300\" class=\"alignnone size-medium wp-image-41605\" srcset=\"http:\/\/museumek.eu\/wp-content\/uploads\/2015\/07\/4016-146x300.jpg 146w, http:\/\/museumek.eu\/wp-content\/uploads\/2015\/07\/4016-73x150.jpg 73w, http:\/\/museumek.eu\/wp-content\/uploads\/2015\/07\/4016.jpg 390w\" sizes=\"(max-width: 146px) 100vw, 146px\" \/><\/a><\/p>\n<p><a href=\"http:\/\/museumek.eu\/?attachment_id=41606\" rel=\"attachment wp-att-41606\"><img loading=\"lazy\" src=\"http:\/\/museumek.eu\/wp-content\/uploads\/2015\/07\/4012-225x300.jpg\" alt=\"\" title=\"4012\" width=\"225\" height=\"300\" class=\"alignnone size-medium wp-image-41606\" srcset=\"http:\/\/museumek.eu\/wp-content\/uploads\/2015\/07\/4012-225x300.jpg 225w, http:\/\/museumek.eu\/wp-content\/uploads\/2015\/07\/4012-112x150.jpg 112w, http:\/\/museumek.eu\/wp-content\/uploads\/2015\/07\/4012.jpg 600w\" sizes=\"(max-width: 225px) 100vw, 225px\" \/><\/a><\/p>\n<p><a href=\"http:\/\/museumek.eu\/?attachment_id=41607\" rel=\"attachment wp-att-41607\"><img loading=\"lazy\" src=\"http:\/\/museumek.eu\/wp-content\/uploads\/2015\/07\/4013-222x300.jpg\" alt=\"\" title=\"4013\" width=\"222\" height=\"300\" class=\"alignnone size-medium wp-image-41607\" srcset=\"http:\/\/museumek.eu\/wp-content\/uploads\/2015\/07\/4013-222x300.jpg 222w, http:\/\/museumek.eu\/wp-content\/uploads\/2015\/07\/4013-111x150.jpg 111w, http:\/\/museumek.eu\/wp-content\/uploads\/2015\/07\/4013.jpg 594w\" sizes=\"(max-width: 222px) 100vw, 222px\" \/><\/a><\/p>\n<p><a href=\"http:\/\/museumek.eu\/?attachment_id=41608\" rel=\"attachment wp-att-41608\"><img loading=\"lazy\" src=\"http:\/\/museumek.eu\/wp-content\/uploads\/2015\/07\/4018-172x300.jpg\" alt=\"\" title=\"4018\" width=\"172\" height=\"300\" class=\"alignnone size-medium wp-image-41608\" srcset=\"http:\/\/museumek.eu\/wp-content\/uploads\/2015\/07\/4018-172x300.jpg 172w, http:\/\/museumek.eu\/wp-content\/uploads\/2015\/07\/4018-86x150.jpg 86w, http:\/\/museumek.eu\/wp-content\/uploads\/2015\/07\/4018.jpg 459w\" sizes=\"(max-width: 172px) 100vw, 172px\" \/><\/a><\/p>\n<p><a href=\"http:\/\/museumek.eu\/?attachment_id=41609\" rel=\"attachment wp-att-41609\"><img loading=\"lazy\" src=\"http:\/\/museumek.eu\/wp-content\/uploads\/2015\/07\/4019-103x300.jpg\" alt=\"\" title=\"4019\" width=\"103\" height=\"300\" class=\"alignnone size-medium wp-image-41609\" srcset=\"http:\/\/museumek.eu\/wp-content\/uploads\/2015\/07\/4019-103x300.jpg 103w, http:\/\/museumek.eu\/wp-content\/uploads\/2015\/07\/4019-51x150.jpg 51w\" sizes=\"(max-width: 103px) 100vw, 103px\" \/><\/a><\/p>\n<p><a href=\"http:\/\/museumek.eu\/?attachment_id=41613\" rel=\"attachment wp-att-41613\"><img loading=\"lazy\" src=\"http:\/\/museumek.eu\/wp-content\/uploads\/2015\/07\/40221-208x300.jpg\" alt=\"\" title=\"4022\" width=\"208\" height=\"300\" class=\"alignnone size-medium wp-image-41613\" srcset=\"http:\/\/museumek.eu\/wp-content\/uploads\/2015\/07\/40221-208x300.jpg 208w, http:\/\/museumek.eu\/wp-content\/uploads\/2015\/07\/40221-104x150.jpg 104w, http:\/\/museumek.eu\/wp-content\/uploads\/2015\/07\/40221.jpg 556w\" sizes=\"(max-width: 208px) 100vw, 208px\" \/><\/a><\/p>\n<p><a href=\"http:\/\/museumek.eu\/?attachment_id=41614\" rel=\"attachment wp-att-41614\"><img loading=\"lazy\" src=\"http:\/\/museumek.eu\/wp-content\/uploads\/2015\/07\/4020-269x300.jpg\" alt=\"\" title=\"4020\" width=\"269\" height=\"300\" class=\"alignnone size-medium wp-image-41614\" srcset=\"http:\/\/museumek.eu\/wp-content\/uploads\/2015\/07\/4020-269x300.jpg 269w, http:\/\/museumek.eu\/wp-content\/uploads\/2015\/07\/4020-134x150.jpg 134w, http:\/\/museumek.eu\/wp-content\/uploads\/2015\/07\/4020.jpg 600w\" sizes=\"(max-width: 269px) 100vw, 269px\" \/><\/a><\/p>\n<p><a href=\"http:\/\/museumek.eu\/?attachment_id=41615\" rel=\"attachment wp-att-41615\"><img loading=\"lazy\" src=\"http:\/\/museumek.eu\/wp-content\/uploads\/2015\/07\/4021-300x243.jpg\" alt=\"\" title=\"4021\" width=\"300\" height=\"243\" class=\"alignnone size-medium wp-image-41615\" srcset=\"http:\/\/museumek.eu\/wp-content\/uploads\/2015\/07\/4021-300x243.jpg 300w, http:\/\/museumek.eu\/wp-content\/uploads\/2015\/07\/4021-150x121.jpg 150w, http:\/\/museumek.eu\/wp-content\/uploads\/2015\/07\/4021-370x300.jpg 370w, http:\/\/museumek.eu\/wp-content\/uploads\/2015\/07\/4021.jpg 740w\" sizes=\"(max-width: 300px) 100vw, 300px\" \/><\/a><\/p>\n<p><a href=\"http:\/\/museumek.eu\/?attachment_id=41616\" rel=\"attachment wp-att-41616\"><img loading=\"lazy\" src=\"http:\/\/museumek.eu\/wp-content\/uploads\/2015\/07\/4017-300x221.jpg\" alt=\"\" title=\"4017\" width=\"300\" height=\"221\" class=\"alignnone size-medium wp-image-41616\" srcset=\"http:\/\/museumek.eu\/wp-content\/uploads\/2015\/07\/4017-300x221.jpg 300w, http:\/\/museumek.eu\/wp-content\/uploads\/2015\/07\/4017-150x110.jpg 150w, http:\/\/museumek.eu\/wp-content\/uploads\/2015\/07\/4017-406x300.jpg 406w, http:\/\/museumek.eu\/wp-content\/uploads\/2015\/07\/4017.jpg 800w\" sizes=\"(max-width: 300px) 100vw, 300px\" \/><\/a><\/p>\n<p><a href=\"http:\/\/museumek.eu\/?attachment_id=41617\" rel=\"attachment wp-att-41617\"><img loading=\"lazy\" src=\"http:\/\/museumek.eu\/wp-content\/uploads\/2015\/07\/4024-221x300.jpg\" alt=\"\" title=\"4024\" width=\"221\" height=\"300\" class=\"alignnone size-medium wp-image-41617\" srcset=\"http:\/\/museumek.eu\/wp-content\/uploads\/2015\/07\/4024-221x300.jpg 221w, http:\/\/museumek.eu\/wp-content\/uploads\/2015\/07\/4024-110x150.jpg 110w, http:\/\/museumek.eu\/wp-content\/uploads\/2015\/07\/4024.jpg 590w\" sizes=\"(max-width: 221px) 100vw, 221px\" \/><\/a><\/p>\n<p><a href=\"http:\/\/museumek.eu\/?attachment_id=41618\" rel=\"attachment wp-att-41618\"><img loading=\"lazy\" src=\"http:\/\/museumek.eu\/wp-content\/uploads\/2015\/07\/4023-251x300.jpg\" alt=\"\" title=\"4023\" width=\"251\" height=\"300\" class=\"alignnone size-medium wp-image-41618\" srcset=\"http:\/\/museumek.eu\/wp-content\/uploads\/2015\/07\/4023-251x300.jpg 251w, http:\/\/museumek.eu\/wp-content\/uploads\/2015\/07\/4023-125x150.jpg 125w, http:\/\/museumek.eu\/wp-content\/uploads\/2015\/07\/4023.jpg 600w\" sizes=\"(max-width: 251px) 100vw, 251px\" \/><\/a><\/p>\n","protected":false},"excerpt":{"rendered":"<p>Abteilung Austria\/Ungarn\/B\u00f6hmen, Keramik 1860 &#8211; 1960, Inventarnummer A\/I\/145 Friedrich Goldscheider Erste Wiener Terrakottafabrik, Austria, Wien, ca. 1898, B\u00fcste Junge Frau mit Haube (auf Blumen verziertem Sockel), K\u00fcnstler unbekannt, Werks.-Nr. 1264, Exemplar Nr. 496, Modelleur Nr. 8 (3 ?) oder 17, &hellip; <a href=\"http:\/\/museumek.eu\/?page_id=41596\">Weiterlesen <span class=\"meta-nav\">&rarr;<\/span><\/a><\/p>\n","protected":false},"author":1,"featured_media":0,"parent":39508,"menu_order":145,"comment_status":"closed","ping_status":"open","template":"","meta":[],"_links":{"self":[{"href":"http:\/\/museumek.eu\/index.php?rest_route=\/wp\/v2\/pages\/41596"}],"collection":[{"href":"http:\/\/museumek.eu\/index.php?rest_route=\/wp\/v2\/pages"}],"about":[{"href":"http:\/\/museumek.eu\/index.php?rest_route=\/wp\/v2\/types\/page"}],"author":[{"embeddable":true,"href":"http:\/\/museumek.eu\/index.php?rest_route=\/wp\/v2\/users\/1"}],"replies":[{"embeddable":true,"href":"http:\/\/museumek.eu\/index.php?rest_route=%2Fwp%2Fv2%2Fcomments&post=41596"}],"version-history":[{"count":8,"href":"http:\/\/museumek.eu\/index.php?rest_route=\/wp\/v2\/pages\/41596\/revisions"}],"predecessor-version":[{"id":41620,"href":"http:\/\/museumek.eu\/index.php?rest_route=\/wp\/v2\/pages\/41596\/revisions\/41620"}],"up":[{"embeddable":true,"href":"http:\/\/museumek.eu\/index.php?rest_route=\/wp\/v2\/pages\/39508"}],"wp:attachment":[{"href":"http:\/\/museumek.eu\/index.php?rest_route=%2Fwp%2Fv2%2Fmedia&parent=41596"}],"curies":[{"name":"wp","href":"https:\/\/api.w.org\/{rel}","templated":true}]}}