{"id":41627,"date":"2015-07-02T21:03:54","date_gmt":"2015-07-02T19:03:54","guid":{"rendered":"http:\/\/museumek.eu\/?page_id=41627"},"modified":"2015-07-02T21:08:05","modified_gmt":"2015-07-02T19:08:05","slug":"ai146","status":"publish","type":"page","link":"http:\/\/museumek.eu\/?page_id=41627","title":{"rendered":"A\/I\/146"},"content":{"rendered":"<p><strong>Abteilung Austria\/Ungarn\/B\u00f6hmen, Keramik 1860 &#8211; 1960, Inventarnummer A\/I\/146<\/strong><\/p>\n<p>Friedrich Goldscheider Erste Wiener Terrakottafabrik, Austria, Wien, ca. 1898, B\u00fcste Dante, K\u00fcnstler unbekannt, Werks.-Nr. 1491, Exemplar Nr. 33, Modelleur Nr. 59, gemarkt Firmenmarke F. Goldscheider Wien, TAN TES (f\u00fcr Dante auf den Schultern), 1491, 33 sowie 59 alles geritzt, nicht signiert, Literatur: Robert E. Dechant\/Filipp Goldscheider, Firmengeschichte und Werkverzeichnis, Seite 323, dort noch nicht erfasst, Seite 604, Hand geritzte Firmenmarke dort nicht verzeichnet, die Urspr\u00fcnge der Firma gehen zur\u00fcck auf das Pilsener Handelsunternehmen Moritz Goldscheider der 1860\u2018 Jahre, nach dem Tode von Moritz Goldscheider werden die Br\u00fcder Eduard und Friedrich Goldscheider Eigent\u00fcmer und firmieren ab 1877 als M. Goldscheider\u2019s Erben, Thon-und Kunststeinmanufactur Werk Moldau und ab 1878 als Br\u00fcder Goldscheider, im Jahre 1878 wandert Friedrich Goldscheider nach Wien aus und Eduard f\u00fchrt die Firma in Pilsen bis zum Konkurs 1892 allein weiter, Friedrich Goldscheider firmiert in Wien ab 1880 als Goldscheider\u2019sche Porzellan-Manufaktur und Porzellanmalerei, neben Handelsgesch\u00e4ften betreibt die Firma vorwiegend die Porzellanmalerei, das Porzellan wird von b\u00f6hmischen Manufakturen bezogen und teilweise auch in B\u00f6hmen bemalt, ab 1885 \u00e4ndert sich die Firmierung in Goldscheider\u2019sche Porzellan-Manufaktur und Majolicafabrik, das Jahr 1885 gilt als das offizielle Gr\u00fcndungsjahr, ab 1887 bezeichnet Friedrich Goldscheider seine Fabrik als Erste Wiener Terracotta- und Majolika-Fabrik Friedrich Goldscheider oder als Erste Wiener Kunst-Terracotta-Fabrik und kunstgewerbliche Ateliers Friedrich Goldscheider und offiziell ab 1894 als Friedrich Goldscheider Erste Wiener Terrakottafabrik, Friedrich Goldscheider stirbt im Jahre 1897, seine Ehefrau Regine Goldscheider wird Alleineigent\u00fcmer und firmiert ab 1899 als Friedrich Goldscheider in Wien, Berlin und Leipzig, ab 1907 firmiert die Firma als Erste Wiener Terrakottafabrik und Atelier f\u00fcr k\u00fcnstlerische Fayencen Friedrich Goldscheider, im Jahre 1918 stirbt Regine und die S\u00f6hne Walter und Marcell Goldscheider werden Inhaber, ab 1921 \u00e4ndert sich die Firmierung in Wiener Manufaktur Friedrich Goldscheider, 1928 scheidet Marcell Goldscheider aus und gr\u00fcndet seine eigene Firma in Wien, 1939 wird die Firma arisiert und Josef Schuster wird Inhaber, Firmierung ab 1939, Wiener Manufaktur Friedrich Goldscheider Nachf., Inhaber Josef Schuster, ab 1941 lautet die Firmierung Wiener Manufaktur Josef Schuster, vorm. Friedrich Goldscheider, nach dem WK II erh\u00e4lt Friedrich Goldscheider seine Firma zur\u00fcck und firmiert ab 1950 wieder als Wiener Manufaktur Friedrich Goldscheider, in dieser Zeit verkauft er die Firma an die Majolikafabrik Carstens, in Fredelsloh, die in Fredelsloh Wiederauflagen alter Modelle in minderwertigem braunem Ton aber auch neue Modelle ebenfalls in dieser Tonart produziert, ab 1953 firmiert die Firma als Kunstkeramische Manufaktur Goldscheider GmbH und 1960 wird die Produktion in Fredelsloh eingestellt, f\u00fcr die B\u00fcste war wohl kein Sockel vorgesehen, evtl. Verwendung: Briefbeschwerer, <strong>das MEK Exemplar dieser B\u00fcste ist eines der Wenigen, wenn nicht das Letzte weltweit erhalten gebliebene Exemplar<\/strong>,<br \/>\nH\u00f6he 13 cm, Breite 15,5 cm<\/p>\n<p><a href=\"http:\/\/museumek.eu\/?attachment_id=41628\" rel=\"attachment wp-att-41628\"><img loading=\"lazy\" src=\"http:\/\/museumek.eu\/wp-content\/uploads\/2015\/07\/4066-298x300.jpg\" alt=\"\" title=\"4066\" width=\"298\" height=\"300\" class=\"alignnone size-medium wp-image-41628\" srcset=\"http:\/\/museumek.eu\/wp-content\/uploads\/2015\/07\/4066-298x300.jpg 298w, http:\/\/museumek.eu\/wp-content\/uploads\/2015\/07\/4066-150x150.jpg 150w, http:\/\/museumek.eu\/wp-content\/uploads\/2015\/07\/4066.jpg 600w\" sizes=\"(max-width: 298px) 100vw, 298px\" \/><\/a><\/p>\n<p><a href=\"http:\/\/museumek.eu\/?attachment_id=41629\" rel=\"attachment wp-att-41629\"><img loading=\"lazy\" src=\"http:\/\/museumek.eu\/wp-content\/uploads\/2015\/07\/4068-143x300.jpg\" alt=\"\" title=\"4068\" width=\"143\" height=\"300\" class=\"alignnone size-medium wp-image-41629\" srcset=\"http:\/\/museumek.eu\/wp-content\/uploads\/2015\/07\/4068-143x300.jpg 143w, http:\/\/museumek.eu\/wp-content\/uploads\/2015\/07\/4068-71x150.jpg 71w, http:\/\/museumek.eu\/wp-content\/uploads\/2015\/07\/4068.jpg 382w\" sizes=\"(max-width: 143px) 100vw, 143px\" \/><\/a><\/p>\n<p><a href=\"http:\/\/museumek.eu\/?attachment_id=41630\" rel=\"attachment wp-att-41630\"><img loading=\"lazy\" src=\"http:\/\/museumek.eu\/wp-content\/uploads\/2015\/07\/4069-300x300.jpg\" alt=\"\" title=\"4069\" width=\"300\" height=\"300\" class=\"alignnone size-medium wp-image-41630\" srcset=\"http:\/\/museumek.eu\/wp-content\/uploads\/2015\/07\/4069-300x300.jpg 300w, http:\/\/museumek.eu\/wp-content\/uploads\/2015\/07\/4069-150x150.jpg 150w, http:\/\/museumek.eu\/wp-content\/uploads\/2015\/07\/4069-301x300.jpg 301w, http:\/\/museumek.eu\/wp-content\/uploads\/2015\/07\/4069.jpg 602w\" sizes=\"(max-width: 300px) 100vw, 300px\" \/><\/a><\/p>\n<p><a href=\"http:\/\/museumek.eu\/?attachment_id=41631\" rel=\"attachment wp-att-41631\"><img loading=\"lazy\" src=\"http:\/\/museumek.eu\/wp-content\/uploads\/2015\/07\/4070-144x300.jpg\" alt=\"\" title=\"4070\" width=\"144\" height=\"300\" class=\"alignnone size-medium wp-image-41631\" srcset=\"http:\/\/museumek.eu\/wp-content\/uploads\/2015\/07\/4070-144x300.jpg 144w, http:\/\/museumek.eu\/wp-content\/uploads\/2015\/07\/4070-72x150.jpg 72w\" sizes=\"(max-width: 144px) 100vw, 144px\" \/><\/a><\/p>\n<p><a href=\"http:\/\/museumek.eu\/?attachment_id=41632\" rel=\"attachment wp-att-41632\"><img loading=\"lazy\" src=\"http:\/\/museumek.eu\/wp-content\/uploads\/2015\/07\/4067-225x300.jpg\" alt=\"\" title=\"4067\" width=\"225\" height=\"300\" class=\"alignnone size-medium wp-image-41632\" srcset=\"http:\/\/museumek.eu\/wp-content\/uploads\/2015\/07\/4067-225x300.jpg 225w, http:\/\/museumek.eu\/wp-content\/uploads\/2015\/07\/4067-112x150.jpg 112w, http:\/\/museumek.eu\/wp-content\/uploads\/2015\/07\/4067.jpg 600w\" sizes=\"(max-width: 225px) 100vw, 225px\" \/><\/a><\/p>\n<p><a href=\"http:\/\/museumek.eu\/?attachment_id=41633\" rel=\"attachment wp-att-41633\"><img loading=\"lazy\" src=\"http:\/\/museumek.eu\/wp-content\/uploads\/2015\/07\/4071-300x216.jpg\" alt=\"\" title=\"4071\" width=\"300\" height=\"216\" class=\"alignnone size-medium wp-image-41633\" srcset=\"http:\/\/museumek.eu\/wp-content\/uploads\/2015\/07\/4071-300x216.jpg 300w, http:\/\/museumek.eu\/wp-content\/uploads\/2015\/07\/4071-150x108.jpg 150w, http:\/\/museumek.eu\/wp-content\/uploads\/2015\/07\/4071-416x300.jpg 416w, http:\/\/museumek.eu\/wp-content\/uploads\/2015\/07\/4071.jpg 800w\" sizes=\"(max-width: 300px) 100vw, 300px\" \/><\/a><\/p>\n<p><a href=\"http:\/\/museumek.eu\/?attachment_id=41639\" rel=\"attachment wp-att-41639\"><img loading=\"lazy\" src=\"http:\/\/museumek.eu\/wp-content\/uploads\/2015\/07\/40721-300x218.jpg\" alt=\"\" title=\"4072\" width=\"300\" height=\"218\" class=\"alignnone size-medium wp-image-41639\" srcset=\"http:\/\/museumek.eu\/wp-content\/uploads\/2015\/07\/40721-300x218.jpg 300w, http:\/\/museumek.eu\/wp-content\/uploads\/2015\/07\/40721-150x109.jpg 150w, http:\/\/museumek.eu\/wp-content\/uploads\/2015\/07\/40721-411x300.jpg 411w, http:\/\/museumek.eu\/wp-content\/uploads\/2015\/07\/40721.jpg 800w\" sizes=\"(max-width: 300px) 100vw, 300px\" \/><\/a><\/p>\n<p><a href=\"http:\/\/museumek.eu\/?attachment_id=41640\" rel=\"attachment wp-att-41640\"><img loading=\"lazy\" src=\"http:\/\/museumek.eu\/wp-content\/uploads\/2015\/07\/4073-300x253.jpg\" alt=\"\" title=\"4073\" width=\"300\" height=\"253\" class=\"alignnone size-medium wp-image-41640\" srcset=\"http:\/\/museumek.eu\/wp-content\/uploads\/2015\/07\/4073-300x253.jpg 300w, http:\/\/museumek.eu\/wp-content\/uploads\/2015\/07\/4073-150x126.jpg 150w, http:\/\/museumek.eu\/wp-content\/uploads\/2015\/07\/4073-355x300.jpg 355w, http:\/\/museumek.eu\/wp-content\/uploads\/2015\/07\/4073.jpg 711w\" sizes=\"(max-width: 300px) 100vw, 300px\" \/><\/a><\/p>\n<p><a href=\"http:\/\/museumek.eu\/?attachment_id=41641\" rel=\"attachment wp-att-41641\"><img loading=\"lazy\" src=\"http:\/\/museumek.eu\/wp-content\/uploads\/2015\/07\/4076-300x156.jpg\" alt=\"\" title=\"4076\" width=\"300\" height=\"156\" class=\"alignnone size-medium wp-image-41641\" srcset=\"http:\/\/museumek.eu\/wp-content\/uploads\/2015\/07\/4076-300x156.jpg 300w, http:\/\/museumek.eu\/wp-content\/uploads\/2015\/07\/4076-150x78.jpg 150w, http:\/\/museumek.eu\/wp-content\/uploads\/2015\/07\/4076-500x261.jpg 500w, http:\/\/museumek.eu\/wp-content\/uploads\/2015\/07\/4076.jpg 800w\" sizes=\"(max-width: 300px) 100vw, 300px\" \/><\/a><\/p>\n<p><a href=\"http:\/\/museumek.eu\/?attachment_id=41642\" rel=\"attachment wp-att-41642\"><img loading=\"lazy\" src=\"http:\/\/museumek.eu\/wp-content\/uploads\/2015\/07\/4075-156x300.jpg\" alt=\"\" title=\"4075\" width=\"156\" height=\"300\" class=\"alignnone size-medium wp-image-41642\" srcset=\"http:\/\/museumek.eu\/wp-content\/uploads\/2015\/07\/4075-156x300.jpg 156w, http:\/\/museumek.eu\/wp-content\/uploads\/2015\/07\/4075-78x150.jpg 78w, http:\/\/museumek.eu\/wp-content\/uploads\/2015\/07\/4075.jpg 418w\" sizes=\"(max-width: 156px) 100vw, 156px\" \/><\/a><\/p>\n<p><a href=\"http:\/\/museumek.eu\/?attachment_id=41643\" rel=\"attachment wp-att-41643\"><img loading=\"lazy\" src=\"http:\/\/museumek.eu\/wp-content\/uploads\/2015\/07\/4077-300x158.jpg\" alt=\"\" title=\"4077\" width=\"300\" height=\"158\" class=\"alignnone size-medium wp-image-41643\" srcset=\"http:\/\/museumek.eu\/wp-content\/uploads\/2015\/07\/4077-300x158.jpg 300w, http:\/\/museumek.eu\/wp-content\/uploads\/2015\/07\/4077-150x79.jpg 150w, http:\/\/museumek.eu\/wp-content\/uploads\/2015\/07\/4077-500x263.jpg 500w, http:\/\/museumek.eu\/wp-content\/uploads\/2015\/07\/4077.jpg 800w\" sizes=\"(max-width: 300px) 100vw, 300px\" \/><\/a><\/p>\n","protected":false},"excerpt":{"rendered":"<p>Abteilung Austria\/Ungarn\/B\u00f6hmen, Keramik 1860 &#8211; 1960, Inventarnummer A\/I\/146 Friedrich Goldscheider Erste Wiener Terrakottafabrik, Austria, Wien, ca. 1898, B\u00fcste Dante, K\u00fcnstler unbekannt, Werks.-Nr. 1491, Exemplar Nr. 33, Modelleur Nr. 59, gemarkt Firmenmarke F. Goldscheider Wien, TAN TES (f\u00fcr Dante auf den &hellip; <a href=\"http:\/\/museumek.eu\/?page_id=41627\">Weiterlesen <span class=\"meta-nav\">&rarr;<\/span><\/a><\/p>\n","protected":false},"author":1,"featured_media":0,"parent":39508,"menu_order":146,"comment_status":"closed","ping_status":"open","template":"","meta":[],"_links":{"self":[{"href":"http:\/\/museumek.eu\/index.php?rest_route=\/wp\/v2\/pages\/41627"}],"collection":[{"href":"http:\/\/museumek.eu\/index.php?rest_route=\/wp\/v2\/pages"}],"about":[{"href":"http:\/\/museumek.eu\/index.php?rest_route=\/wp\/v2\/types\/page"}],"author":[{"embeddable":true,"href":"http:\/\/museumek.eu\/index.php?rest_route=\/wp\/v2\/users\/1"}],"replies":[{"embeddable":true,"href":"http:\/\/museumek.eu\/index.php?rest_route=%2Fwp%2Fv2%2Fcomments&post=41627"}],"version-history":[{"count":7,"href":"http:\/\/museumek.eu\/index.php?rest_route=\/wp\/v2\/pages\/41627\/revisions"}],"predecessor-version":[{"id":41646,"href":"http:\/\/museumek.eu\/index.php?rest_route=\/wp\/v2\/pages\/41627\/revisions\/41646"}],"up":[{"embeddable":true,"href":"http:\/\/museumek.eu\/index.php?rest_route=\/wp\/v2\/pages\/39508"}],"wp:attachment":[{"href":"http:\/\/museumek.eu\/index.php?rest_route=%2Fwp%2Fv2%2Fmedia&parent=41627"}],"curies":[{"name":"wp","href":"https:\/\/api.w.org\/{rel}","templated":true}]}}