{"id":41783,"date":"2015-07-04T20:02:47","date_gmt":"2015-07-04T18:02:47","guid":{"rendered":"http:\/\/museumek.eu\/?page_id=41783"},"modified":"2015-07-04T20:25:15","modified_gmt":"2015-07-04T18:25:15","slug":"fotos-und-beschreibung","status":"publish","type":"page","link":"http:\/\/museumek.eu\/?page_id=41783","title":{"rendered":"Fotos und Beschreibung"},"content":{"rendered":"<p><strong>Abteilung Austria\/Ungarn\/B\u00f6hmen, Keramik 1860 \u2013 1960, Inventarnummer A\/XLIX\/1<\/strong><\/p>\n<p>Gebr\u00fcder Mehner Metallwaren- und Steingut- Fabriken, B\u00f6hmen\/Austria, Eulau\/Jilov\u00e9, um 1900, Kuchenplatte, K\u00fcnstler unbekannt, Werks.-Nr. 518 (Dekornummer), Exemplar Nr. ohne, gemarkt Firmenmarke in einem Kreis, eine, auf einem Querstab, der an einem Hochstab befestigt ist, sitzende Eule, links neben der Eule G., rechts neben der Eule M. (f\u00fcr Gebr\u00fcder Mehner) darunter Dec. 518 blaue Stempel unter Glasur, nicht signiert, Literatur: Jana Kybalov\u00e1, Keramik-Marken aus aller Welt, Marke Nr. 1701 identisch, weitere Literatur: Volker M\u00f6lle-Riessner, Amphora, Die Porzellan- und Keramikmanufaktur in Nord-B\u00f6hmen, Seite 188, unter Bodenbach, Nennung der Fabrik, die Fabrik wurde 1887 in Eulau bei Bodenbach gegr\u00fcndet und bestand wohl bis ca. 1945, die Metalleinfassung der Platte entstammt sicher der eigenen Metallwarenfabrikation, Durchmesser 25 cm<\/p>\n<p><a href=\"http:\/\/museumek.eu\/?attachment_id=41769\" rel=\"attachment wp-att-41769\"><img loading=\"lazy\" src=\"http:\/\/museumek.eu\/wp-content\/uploads\/2015\/07\/3388-300x296.jpg\" alt=\"\" title=\"3388\" width=\"300\" height=\"296\" class=\"alignnone size-medium wp-image-41769\" srcset=\"http:\/\/museumek.eu\/wp-content\/uploads\/2015\/07\/3388-300x296.jpg 300w, http:\/\/museumek.eu\/wp-content\/uploads\/2015\/07\/3388-150x148.jpg 150w, http:\/\/museumek.eu\/wp-content\/uploads\/2015\/07\/3388-303x300.jpg 303w, http:\/\/museumek.eu\/wp-content\/uploads\/2015\/07\/3388.jpg 607w\" sizes=\"(max-width: 300px) 100vw, 300px\" \/><\/a><\/p>\n<p><a href=\"http:\/\/museumek.eu\/?attachment_id=41770\" rel=\"attachment wp-att-41770\"><img loading=\"lazy\" src=\"http:\/\/museumek.eu\/wp-content\/uploads\/2015\/07\/3389-300x296.jpg\" alt=\"\" title=\"3389\" width=\"300\" height=\"296\" class=\"alignnone size-medium wp-image-41770\" srcset=\"http:\/\/museumek.eu\/wp-content\/uploads\/2015\/07\/3389-300x296.jpg 300w, http:\/\/museumek.eu\/wp-content\/uploads\/2015\/07\/3389-150x148.jpg 150w, http:\/\/museumek.eu\/wp-content\/uploads\/2015\/07\/3389-304x300.jpg 304w, http:\/\/museumek.eu\/wp-content\/uploads\/2015\/07\/3389.jpg 608w\" sizes=\"(max-width: 300px) 100vw, 300px\" \/><\/a><\/p>\n<p><a href=\"http:\/\/museumek.eu\/?attachment_id=41771\" rel=\"attachment wp-att-41771\"><img loading=\"lazy\" src=\"http:\/\/museumek.eu\/wp-content\/uploads\/2015\/07\/3390-281x300.jpg\" alt=\"\" title=\"3390\" width=\"281\" height=\"300\" class=\"alignnone size-medium wp-image-41771\" srcset=\"http:\/\/museumek.eu\/wp-content\/uploads\/2015\/07\/3390-281x300.jpg 281w, http:\/\/museumek.eu\/wp-content\/uploads\/2015\/07\/3390-140x150.jpg 140w, http:\/\/museumek.eu\/wp-content\/uploads\/2015\/07\/3390.jpg 532w\" sizes=\"(max-width: 281px) 100vw, 281px\" \/><\/a><\/p>\n","protected":false},"excerpt":{"rendered":"<p>Abteilung Austria\/Ungarn\/B\u00f6hmen, Keramik 1860 \u2013 1960, Inventarnummer A\/XLIX\/1 Gebr\u00fcder Mehner Metallwaren- und Steingut- Fabriken, B\u00f6hmen\/Austria, Eulau\/Jilov\u00e9, um 1900, Kuchenplatte, K\u00fcnstler unbekannt, Werks.-Nr. 518 (Dekornummer), Exemplar Nr. ohne, gemarkt Firmenmarke in einem Kreis, eine, auf einem Querstab, der an einem Hochstab &hellip; <a href=\"http:\/\/museumek.eu\/?page_id=41783\">Weiterlesen <span class=\"meta-nav\">&rarr;<\/span><\/a><\/p>\n","protected":false},"author":1,"featured_media":0,"parent":41779,"menu_order":1,"comment_status":"closed","ping_status":"open","template":"","meta":[],"_links":{"self":[{"href":"http:\/\/museumek.eu\/index.php?rest_route=\/wp\/v2\/pages\/41783"}],"collection":[{"href":"http:\/\/museumek.eu\/index.php?rest_route=\/wp\/v2\/pages"}],"about":[{"href":"http:\/\/museumek.eu\/index.php?rest_route=\/wp\/v2\/types\/page"}],"author":[{"embeddable":true,"href":"http:\/\/museumek.eu\/index.php?rest_route=\/wp\/v2\/users\/1"}],"replies":[{"embeddable":true,"href":"http:\/\/museumek.eu\/index.php?rest_route=%2Fwp%2Fv2%2Fcomments&post=41783"}],"version-history":[{"count":6,"href":"http:\/\/museumek.eu\/index.php?rest_route=\/wp\/v2\/pages\/41783\/revisions"}],"predecessor-version":[{"id":41812,"href":"http:\/\/museumek.eu\/index.php?rest_route=\/wp\/v2\/pages\/41783\/revisions\/41812"}],"up":[{"embeddable":true,"href":"http:\/\/museumek.eu\/index.php?rest_route=\/wp\/v2\/pages\/41779"}],"wp:attachment":[{"href":"http:\/\/museumek.eu\/index.php?rest_route=%2Fwp%2Fv2%2Fmedia&parent=41783"}],"curies":[{"name":"wp","href":"https:\/\/api.w.org\/{rel}","templated":true}]}}