{"id":41826,"date":"2015-07-04T22:45:30","date_gmt":"2015-07-04T20:45:30","guid":{"rendered":"http:\/\/museumek.eu\/?page_id=41826"},"modified":"2015-07-04T22:46:44","modified_gmt":"2015-07-04T20:46:44","slug":"dcxxxvi1","status":"publish","type":"page","link":"http:\/\/museumek.eu\/?page_id=41826","title":{"rendered":"D\/CXXXVI\/1"},"content":{"rendered":"<p><strong>Abteilung Deutschland, Keramik 1860 \u2013 1960, Inventarnummer D\/CXXXVI\/1<\/strong><\/p>\n<p>Fritz Krug Porzellan- und Terrakottenfabrik, Deutschland, Lauf, um 1900, Vase, K\u00fcnstler unbekannt, Werks.-Nr. 957 (Formnummer ?), Exemplar Nr. ohne, gemarkt Firmenmarke in einem Krug ligiertes FK (f\u00fcr Fritz Krug) gr\u00fcner Stempel unter Glasur, weitere identische Firmenmarke als gepresste Marke \u00fcber der Zahl 957 (schwer zu erkennen), Handmalerei schwarz unter Glasur gemalt, D 18\/5 (D steht wohl f\u00fcr Dekor) schwarz auf Glasur gemalt, 957 gepresst, nicht signiert, Literatur: Gustav Wei\u00df, Ullstein Porzellanbuch, Seite 272, Marke Nr. 7 identisch, weitere Literatur: Emanuel Poche, Porzellan-Marken aus aller Welt, Marke Nr. 1011 identisch, weitere Literatur: Otto Pelka, Keramik der Neuzeit, Markentafel V, Marke Nr. 76 identisch sowie Seite 219, Namenverzeichnis, dort Eintrag Fritz Krug Marke Nr. 76, Fritz Krug aus Sonneberg (Th\u00fcringen) gr\u00fcndet 1871 in Lauf bei N\u00fcrnberg eine Porzellanfabrik, Firmierung Fritz Krug Porzellan- und Terrakottenfabrik, laut Danckert stellte die Fabrik 1968 die Produktion ein, die Fabrik scheint aber in anderer Form weiter existiert zu haben, da die handelsgerichtliche L\u00f6schung erst am 12.01.2009 erfolgte, zu diesem Datum wurde die Fabrik als Fritz Krug Porzellan- und Terrakottafabrik OHG gel\u00f6scht,<br \/>\nH\u00f6he 12 cm, Breite 13,3 cm<\/p>\n<p><a href=\"http:\/\/museumek.eu\/?attachment_id=41827\" rel=\"attachment wp-att-41827\"><img loading=\"lazy\" src=\"http:\/\/museumek.eu\/wp-content\/uploads\/2015\/07\/4025-267x300.jpg\" alt=\"\" title=\"4025\" width=\"267\" height=\"300\" class=\"alignnone size-medium wp-image-41827\" srcset=\"http:\/\/museumek.eu\/wp-content\/uploads\/2015\/07\/4025-267x300.jpg 267w, http:\/\/museumek.eu\/wp-content\/uploads\/2015\/07\/4025-133x150.jpg 133w, http:\/\/museumek.eu\/wp-content\/uploads\/2015\/07\/4025.jpg 600w\" sizes=\"(max-width: 267px) 100vw, 267px\" \/><\/a><\/p>\n<p><a href=\"http:\/\/museumek.eu\/?attachment_id=41828\" rel=\"attachment wp-att-41828\"><img loading=\"lazy\" src=\"http:\/\/museumek.eu\/wp-content\/uploads\/2015\/07\/4078-235x300.jpg\" alt=\"\" title=\"4078\" width=\"235\" height=\"300\" class=\"alignnone size-medium wp-image-41828\" srcset=\"http:\/\/museumek.eu\/wp-content\/uploads\/2015\/07\/4078-235x300.jpg 235w, http:\/\/museumek.eu\/wp-content\/uploads\/2015\/07\/4078-117x150.jpg 117w, http:\/\/museumek.eu\/wp-content\/uploads\/2015\/07\/4078.jpg 600w\" sizes=\"(max-width: 235px) 100vw, 235px\" \/><\/a><\/p>\n<p><a href=\"http:\/\/museumek.eu\/?attachment_id=41829\" rel=\"attachment wp-att-41829\"><img loading=\"lazy\" src=\"http:\/\/museumek.eu\/wp-content\/uploads\/2015\/07\/4027-300x295.jpg\" alt=\"\" title=\"4027\" width=\"300\" height=\"295\" class=\"alignnone size-medium wp-image-41829\" srcset=\"http:\/\/museumek.eu\/wp-content\/uploads\/2015\/07\/4027-300x295.jpg 300w, http:\/\/museumek.eu\/wp-content\/uploads\/2015\/07\/4027-150x147.jpg 150w, http:\/\/museumek.eu\/wp-content\/uploads\/2015\/07\/4027-305x300.jpg 305w, http:\/\/museumek.eu\/wp-content\/uploads\/2015\/07\/4027.jpg 610w\" sizes=\"(max-width: 300px) 100vw, 300px\" \/><\/a><\/p>\n<p><a href=\"http:\/\/museumek.eu\/?attachment_id=41830\" rel=\"attachment wp-att-41830\"><img loading=\"lazy\" src=\"http:\/\/museumek.eu\/wp-content\/uploads\/2015\/07\/4026-204x300.jpg\" alt=\"\" title=\"4026\" width=\"204\" height=\"300\" class=\"alignnone size-medium wp-image-41830\" srcset=\"http:\/\/museumek.eu\/wp-content\/uploads\/2015\/07\/4026-204x300.jpg 204w, http:\/\/museumek.eu\/wp-content\/uploads\/2015\/07\/4026-102x150.jpg 102w, http:\/\/museumek.eu\/wp-content\/uploads\/2015\/07\/4026.jpg 544w\" sizes=\"(max-width: 204px) 100vw, 204px\" \/><\/a><\/p>\n<p><a href=\"http:\/\/museumek.eu\/?attachment_id=41831\" rel=\"attachment wp-att-41831\"><img loading=\"lazy\" src=\"http:\/\/museumek.eu\/wp-content\/uploads\/2015\/07\/4028-286x300.jpg\" alt=\"\" title=\"4028\" width=\"286\" height=\"300\" class=\"alignnone size-medium wp-image-41831\" srcset=\"http:\/\/museumek.eu\/wp-content\/uploads\/2015\/07\/4028-286x300.jpg 286w, http:\/\/museumek.eu\/wp-content\/uploads\/2015\/07\/4028-143x150.jpg 143w, http:\/\/museumek.eu\/wp-content\/uploads\/2015\/07\/4028.jpg 600w\" sizes=\"(max-width: 286px) 100vw, 286px\" \/><\/a><\/p>\n","protected":false},"excerpt":{"rendered":"<p>Abteilung Deutschland, Keramik 1860 \u2013 1960, Inventarnummer D\/CXXXVI\/1 Fritz Krug Porzellan- und Terrakottenfabrik, Deutschland, Lauf, um 1900, Vase, K\u00fcnstler unbekannt, Werks.-Nr. 957 (Formnummer ?), Exemplar Nr. ohne, gemarkt Firmenmarke in einem Krug ligiertes FK (f\u00fcr Fritz Krug) gr\u00fcner Stempel unter &hellip; <a href=\"http:\/\/museumek.eu\/?page_id=41826\">Weiterlesen <span class=\"meta-nav\">&rarr;<\/span><\/a><\/p>\n","protected":false},"author":1,"featured_media":0,"parent":41819,"menu_order":1,"comment_status":"closed","ping_status":"open","template":"","meta":[],"_links":{"self":[{"href":"http:\/\/museumek.eu\/index.php?rest_route=\/wp\/v2\/pages\/41826"}],"collection":[{"href":"http:\/\/museumek.eu\/index.php?rest_route=\/wp\/v2\/pages"}],"about":[{"href":"http:\/\/museumek.eu\/index.php?rest_route=\/wp\/v2\/types\/page"}],"author":[{"embeddable":true,"href":"http:\/\/museumek.eu\/index.php?rest_route=\/wp\/v2\/users\/1"}],"replies":[{"embeddable":true,"href":"http:\/\/museumek.eu\/index.php?rest_route=%2Fwp%2Fv2%2Fcomments&post=41826"}],"version-history":[{"count":8,"href":"http:\/\/museumek.eu\/index.php?rest_route=\/wp\/v2\/pages\/41826\/revisions"}],"predecessor-version":[{"id":41839,"href":"http:\/\/museumek.eu\/index.php?rest_route=\/wp\/v2\/pages\/41826\/revisions\/41839"}],"up":[{"embeddable":true,"href":"http:\/\/museumek.eu\/index.php?rest_route=\/wp\/v2\/pages\/41819"}],"wp:attachment":[{"href":"http:\/\/museumek.eu\/index.php?rest_route=%2Fwp%2Fv2%2Fmedia&parent=41826"}],"curies":[{"name":"wp","href":"https:\/\/api.w.org\/{rel}","templated":true}]}}