{"id":41880,"date":"2015-07-05T13:58:40","date_gmt":"2015-07-05T11:58:40","guid":{"rendered":"http:\/\/museumek.eu\/?page_id=41880"},"modified":"2015-07-05T14:03:21","modified_gmt":"2015-07-05T12:03:21","slug":"fotos-und-beschreibung","status":"publish","type":"page","link":"http:\/\/museumek.eu\/?page_id=41880","title":{"rendered":"Fotos und Beschreibung"},"content":{"rendered":"<p><strong>Abteilung Deutschland, Keramik 1860 \u2013 1960, Inventarnummer D\/CXXXVII\/1<\/strong><\/p>\n<p>Porzellanfabrik Carl Alberti und Vorg\u00e4nger Porzellanfabrik H.G. Meurer &#038; I. Schreinhardt und Nachfolger Porzellanfabrik Carl Alberti, Inhaber Karl Wei\u00df, Deutschland, Uhlst\u00e4dt, vor 1954, Dose, K\u00fcnstler unbekannt, Werks.-Nr. ohne, Exemplar Nr. ohne, gemarkt Firmenmarke Krone, darunter CA (f\u00fcr Carl Alberti), darunter Uhlst\u00e4dt schwarzer Stempel unter Glasur, nicht signiert, Literatur: Gustav Wei\u00df, Ullstein Porzellanbuch, Seite 311, Marke Nr. 7 identisch (ohne Uhlst\u00e4dt), weitere Literatur: Emanuel Poche, Porzellan-Marken aus aller Welt, Marke Nr. 564 identisch (ohne Uhlst\u00e4dt), dort falsch benannt mit R. Albert, Uhlst\u00e4dt, 1837 gr\u00fcndeten H. G. Meurer und I. Schreinhardt in Uhlst\u00e4dt eine Porzellanfabrik, die Lizenz daf\u00fcr wurde von Prinz Josef von Sachsenhausen und Altenburg erteilt, Firmierung Porzellanfabrik H.G. Meurer &#038; I. Schreinhardt, es folgten wechselnde Eigent\u00fcmer, 1873 kaufte Carl Alberti die Fabrik, Firmierung Porzellanfabrik Carl Alberti, von 1931 bis 1934 wurde die Fabrik stillgelegt, um 1940 war Karl Wei\u00df Eigent\u00fcmer, der aber die Firmierung beibehielt, 1954 wurde die Fabrik enteignet, H\u00f6he 8 cm, Breite 11 cm<\/p>\n<p><a href=\"http:\/\/museumek.eu\/?attachment_id=41873\" rel=\"attachment wp-att-41873\"><img loading=\"lazy\" src=\"http:\/\/museumek.eu\/wp-content\/uploads\/2015\/07\/38491-300x255.jpg\" alt=\"\" title=\"3849\" width=\"300\" height=\"255\" class=\"alignnone size-medium wp-image-41873\" srcset=\"http:\/\/museumek.eu\/wp-content\/uploads\/2015\/07\/38491-300x255.jpg 300w, http:\/\/museumek.eu\/wp-content\/uploads\/2015\/07\/38491-150x127.jpg 150w, http:\/\/museumek.eu\/wp-content\/uploads\/2015\/07\/38491-352x300.jpg 352w, http:\/\/museumek.eu\/wp-content\/uploads\/2015\/07\/38491.jpg 705w\" sizes=\"(max-width: 300px) 100vw, 300px\" \/><\/a><\/p>\n<p><a href=\"http:\/\/museumek.eu\/?attachment_id=41874\" rel=\"attachment wp-att-41874\"><img loading=\"lazy\" src=\"http:\/\/museumek.eu\/wp-content\/uploads\/2015\/07\/3850-176x300.jpg\" alt=\"\" title=\"3850\" width=\"176\" height=\"300\" class=\"alignnone size-medium wp-image-41874\" srcset=\"http:\/\/museumek.eu\/wp-content\/uploads\/2015\/07\/3850-176x300.jpg 176w, http:\/\/museumek.eu\/wp-content\/uploads\/2015\/07\/3850-88x150.jpg 88w, http:\/\/museumek.eu\/wp-content\/uploads\/2015\/07\/3850.jpg 470w\" sizes=\"(max-width: 176px) 100vw, 176px\" \/><\/a><\/p>\n<p><a href=\"http:\/\/museumek.eu\/?attachment_id=41875\" rel=\"attachment wp-att-41875\"><img loading=\"lazy\" src=\"http:\/\/museumek.eu\/wp-content\/uploads\/2015\/07\/3853-300x267.jpg\" alt=\"\" title=\"3853\" width=\"300\" height=\"267\" class=\"alignnone size-medium wp-image-41875\" srcset=\"http:\/\/museumek.eu\/wp-content\/uploads\/2015\/07\/3853-300x267.jpg 300w, http:\/\/museumek.eu\/wp-content\/uploads\/2015\/07\/3853-150x133.jpg 150w, http:\/\/museumek.eu\/wp-content\/uploads\/2015\/07\/3853-336x300.jpg 336w, http:\/\/museumek.eu\/wp-content\/uploads\/2015\/07\/3853.jpg 350w\" sizes=\"(max-width: 300px) 100vw, 300px\" \/><\/a><\/p>\n","protected":false},"excerpt":{"rendered":"<p>Abteilung Deutschland, Keramik 1860 \u2013 1960, Inventarnummer D\/CXXXVII\/1 Porzellanfabrik Carl Alberti und Vorg\u00e4nger Porzellanfabrik H.G. Meurer &#038; I. Schreinhardt und Nachfolger Porzellanfabrik Carl Alberti, Inhaber Karl Wei\u00df, Deutschland, Uhlst\u00e4dt, vor 1954, Dose, K\u00fcnstler unbekannt, Werks.-Nr. ohne, Exemplar Nr. ohne, gemarkt &hellip; <a href=\"http:\/\/museumek.eu\/?page_id=41880\">Weiterlesen <span class=\"meta-nav\">&rarr;<\/span><\/a><\/p>\n","protected":false},"author":1,"featured_media":0,"parent":41864,"menu_order":1,"comment_status":"closed","ping_status":"open","template":"","meta":[],"_links":{"self":[{"href":"http:\/\/museumek.eu\/index.php?rest_route=\/wp\/v2\/pages\/41880"}],"collection":[{"href":"http:\/\/museumek.eu\/index.php?rest_route=\/wp\/v2\/pages"}],"about":[{"href":"http:\/\/museumek.eu\/index.php?rest_route=\/wp\/v2\/types\/page"}],"author":[{"embeddable":true,"href":"http:\/\/museumek.eu\/index.php?rest_route=\/wp\/v2\/users\/1"}],"replies":[{"embeddable":true,"href":"http:\/\/museumek.eu\/index.php?rest_route=%2Fwp%2Fv2%2Fcomments&post=41880"}],"version-history":[{"count":6,"href":"http:\/\/museumek.eu\/index.php?rest_route=\/wp\/v2\/pages\/41880\/revisions"}],"predecessor-version":[{"id":41886,"href":"http:\/\/museumek.eu\/index.php?rest_route=\/wp\/v2\/pages\/41880\/revisions\/41886"}],"up":[{"embeddable":true,"href":"http:\/\/museumek.eu\/index.php?rest_route=\/wp\/v2\/pages\/41864"}],"wp:attachment":[{"href":"http:\/\/museumek.eu\/index.php?rest_route=%2Fwp%2Fv2%2Fmedia&parent=41880"}],"curies":[{"name":"wp","href":"https:\/\/api.w.org\/{rel}","templated":true}]}}