{"id":42043,"date":"2015-07-11T13:11:43","date_gmt":"2015-07-11T11:11:43","guid":{"rendered":"http:\/\/museumek.eu\/?page_id=42043"},"modified":"2021-01-30T14:27:48","modified_gmt":"2021-01-30T13:27:48","slug":"dxxxvii79","status":"publish","type":"page","link":"http:\/\/museumek.eu\/?page_id=42043","title":{"rendered":"D\/XXXVII\/79"},"content":{"rendered":"<p><strong>Abteilung Deutschland, Keramik 1860 \u2013 1960, Inventarnummer D\/XXXVII\/79<\/strong><\/p>\n<p><strong>Abteilung Deutschland, Keramik 1860 \u2013 1960, Inventarnummer D\/XXXVII\/79<\/strong><\/p>\n<p>Thonwaaren \u2013 Fabrik Marzi &#038; Remy, Deutschland, H\u00f6hr, um 1910, Seidel, K\u00fcnstler Hans Christiansen (nach), Werks.-Nr. 2008, Exemplar Nr. ohne, gemarkt keine Firmenmarke aber GESETZL. GESCH\u00dcTZT, 2008, 23 sowie 0,5 L. \u00fcber Eichstrich gepresst, nicht signiert, Literatur: J\u00fcrgen Erlebach, J\u00fcrgen Schimanski, Westerw\u00e4lder Steinzeug, Die Neue \u00c4ra 1900 \u2013 1930, Jugendstil und Werkbund, Seite 72, Marke Nr. 16 identisch sowie Seite 75, Abbildung Nr. 126, Seidel mit identischen Motiven aber mit Werks.-Nr. 2127, weitere Literatur: J\u00fcrgen Schimanski, Braun geflammt und grau gesalzen, Seite 128, Abbildung Nr. 235, identischer Seidel (Werks.-Nr. 2127) mit Zuschreibung zu Christiansen (das MEK h\u00e4lt die Zuschreibung zu Christiansen f\u00fcr nicht nachgewiesen, Schimanski beruft sich f\u00fcr die Zuschreibung auf eine Fliese der D.T.\u2013AG f\u00fcr die Christiansen nachweislich (?, Nachweis wird nicht erbracht) Entw\u00fcrfe geliefert hat, das ist evtl. richtig aber die von ihm angef\u00fchrte und abgebildete Fliese ist ein Fabrikat der Fabrik Utzschneider &#038; Cie., siehe dazu folgende Literatur: Ren\u00e9 Simmermacher, Jugendstil Fliesen, Bestandskatalog des Badischen Landesmuseums Karlsruhe, Seite 67, Abb. 19., dort identischer Fliesenr\u00fccken f\u00fcr die Fliesenr\u00fccken von Utzschneider &#038; Cie. abgebildet, siehe auch MEK F\/X\/15, dort die Fliese inventarisiert,  bis jetzt ist nicht bekannt, dass Christiansen f\u00fcr Utzschneider Entw\u00fcrfe f\u00fcr Fliesen geliefert hat, deshalb ordnet das MEK den Seidel bez\u00fcglich der K\u00fcnstlerzuschreibung als Entwurf &#8222;nach&#8220; Hans Christiansen ein), Seite 203, Beschreibung der Fabrik sowie Marke Nr. 16 identisch, au\u00dferdem dort beschrieben, dass eine eigene Firmenmarke (Anmerkung MEK: die stilisierte T\u00f6pfermarke, bestehend aus Mittelachse, daran Antriebstretscheibe, diese immer in einem quadratischen oder trapezf\u00f6rmigen Rahmen) erst Anfang der 1920\u2018 Jahre eingef\u00fchrt worden ist und dass Erzeugnisse der fr\u00fcheren Jahre oft mit dem Schriftzug \u201eGesetzl. Gesch\u00fctzt\u201c (Anmerkung MEK: richtige Schreibweise des Stempels eigentlich mit Gro\u00dfbuchstaben und nicht wie bei Schimanski klein geschrieben, also GESETZL. GESCH\u00dcTZT) gemarkt sind, dieser Beschreibung stimmt das MEK bez\u00fcglich der Firmenmarke nicht zu, das MEK Exemplar D\/XXXVII\/64 widerlegt diese Aussage, vor, bis um 1900, wurde der M &#038; R. darunter H. in einem Rechteck Stempel verwendet, diesen gibt es auch noch als ausgeschriebene Variante (MARZI &#038; REMY darunter H\u00d6HR.), dann nicht in einem Rechteck, sogar mit dem Zusatzstempel GESETZL. GESCH\u00dcTZT, siehe <strong>http:\/\/www.steinmarks.co.uk\/pages\/pv.asp?p=stein164<\/strong>, dort unter Marzi &#038; Remy diese Stempelvariante abgebildet als auch die Stempelvariante des oben genannten MEK Exemplares, M &#038; R. darunter H. steht <strong>nicht<\/strong> f\u00fcr Merkelbach &#038; Remy, einer Westerw\u00e4lder Fabrik, die in der gleichen Zeit produzierte und f\u00fcr die bisher in der Fachliteratur noch keine Firmenmarke nachgewiesen worden ist, weil sich diese Fabrik in Grenzhausen und nicht in H\u00f6hr befand, bis 1936 waren die beiden Ortschaften eigenst\u00e4ndig und wurden erst am 01.04.1936 zusammen mit der Gemeinde Grenzau zu H\u00f6hr-Grenzhausen zusammengeschlossen, die Fabrik wurde 1879 von Anton Marzi und seinem Schwager Simon Peter Remy in H\u00f6hr gegr\u00fcndet und firmierte als Thonwaaren \u2013 Fabrik Marzi &#038; Remy, ab 1881 wurde eine eigene Zinngie\u00dferei angeschafft und ab 1883 neben dem grau \u2013 blau salzglasiertem Steinzeug auch Elfenbeinsteinzeug produziert, Simon Peter Remy verstarb 1919 und sein Sohn Werner Remy trat in die Fabrik ein, 1924 verstarb Anton Marzi und sein Schwiegersohn Johann Otto B\u00fchler trat in die Fabrik ein, Werner Remy verlie\u00df 1931 die Fabrik, 1941 trat Johann Otto B\u00fchlers Sohn Otto B\u00fchler in die Fabrik ein und 1953 dessen Sohn Otto Georg B\u00fchler, die Fabrik war bis zum Konkurs in den 1990\u2018 Jahren immer in Familienbesitz, <strong>das MEK Exemplar mit der Werks.-Nr. 2008 ist in der Fachliteratur noch nicht erfasst<\/strong>, Ausf\u00fchrung als Feinsteinzeug grau, gr\u00fcn-braun glasiert, Datierung auf dem Zinndeckel 1914, diese wohl sp\u00e4ter hinzugef\u00fcgt,<br \/>\nH\u00f6he 12,3 cm, Breite 13 cm (nur die Keramik)<\/p>\n<p><a href=\"http:\/\/museumek.eu\/?attachment_id=42044\" rel=\"attachment wp-att-42044\"><img loading=\"lazy\" src=\"http:\/\/museumek.eu\/wp-content\/uploads\/2015\/07\/40855-174x300.jpg\" alt=\"\" title=\"4085\" width=\"174\" height=\"300\" class=\"alignnone size-medium wp-image-42044\" srcset=\"http:\/\/museumek.eu\/wp-content\/uploads\/2015\/07\/40855-174x300.jpg 174w, http:\/\/museumek.eu\/wp-content\/uploads\/2015\/07\/40855-87x150.jpg 87w, http:\/\/museumek.eu\/wp-content\/uploads\/2015\/07\/40855.jpg 466w\" sizes=\"(max-width: 174px) 100vw, 174px\" \/><\/a><\/p>\n<p><a href=\"http:\/\/museumek.eu\/?attachment_id=42045\" rel=\"attachment wp-att-42045\"><img loading=\"lazy\" src=\"http:\/\/museumek.eu\/wp-content\/uploads\/2015\/07\/4086-218x300.jpg\" alt=\"\" title=\"4086\" width=\"218\" height=\"300\" class=\"alignnone size-medium wp-image-42045\" srcset=\"http:\/\/museumek.eu\/wp-content\/uploads\/2015\/07\/4086-218x300.jpg 218w, http:\/\/museumek.eu\/wp-content\/uploads\/2015\/07\/4086-109x150.jpg 109w, http:\/\/museumek.eu\/wp-content\/uploads\/2015\/07\/4086.jpg 583w\" sizes=\"(max-width: 218px) 100vw, 218px\" \/><\/a><\/p>\n<p><a href=\"http:\/\/museumek.eu\/?attachment_id=42046\" rel=\"attachment wp-att-42046\"><img loading=\"lazy\" src=\"http:\/\/museumek.eu\/wp-content\/uploads\/2015\/07\/4087-223x300.jpg\" alt=\"\" title=\"4087\" width=\"223\" height=\"300\" class=\"alignnone size-medium wp-image-42046\" srcset=\"http:\/\/museumek.eu\/wp-content\/uploads\/2015\/07\/4087-223x300.jpg 223w, http:\/\/museumek.eu\/wp-content\/uploads\/2015\/07\/4087-111x150.jpg 111w, http:\/\/museumek.eu\/wp-content\/uploads\/2015\/07\/4087.jpg 595w\" sizes=\"(max-width: 223px) 100vw, 223px\" \/><\/a><\/p>\n<p><a href=\"http:\/\/museumek.eu\/?attachment_id=42047\" rel=\"attachment wp-att-42047\"><img loading=\"lazy\" src=\"http:\/\/museumek.eu\/wp-content\/uploads\/2015\/07\/4088-155x300.jpg\" alt=\"\" title=\"4088\" width=\"155\" height=\"300\" class=\"alignnone size-medium wp-image-42047\" srcset=\"http:\/\/museumek.eu\/wp-content\/uploads\/2015\/07\/4088-155x300.jpg 155w, http:\/\/museumek.eu\/wp-content\/uploads\/2015\/07\/4088-77x150.jpg 77w, http:\/\/museumek.eu\/wp-content\/uploads\/2015\/07\/4088.jpg 415w\" sizes=\"(max-width: 155px) 100vw, 155px\" \/><\/a><\/p>\n<p><a href=\"http:\/\/museumek.eu\/?attachment_id=42048\" rel=\"attachment wp-att-42048\"><img loading=\"lazy\" src=\"http:\/\/museumek.eu\/wp-content\/uploads\/2015\/07\/4089-234x300.jpg\" alt=\"\" title=\"4089\" width=\"234\" height=\"300\" class=\"alignnone size-medium wp-image-42048\" srcset=\"http:\/\/museumek.eu\/wp-content\/uploads\/2015\/07\/4089-234x300.jpg 234w, http:\/\/museumek.eu\/wp-content\/uploads\/2015\/07\/4089-117x150.jpg 117w, http:\/\/museumek.eu\/wp-content\/uploads\/2015\/07\/4089.jpg 600w\" sizes=\"(max-width: 234px) 100vw, 234px\" \/><\/a><\/p>\n<p><a href=\"http:\/\/museumek.eu\/?attachment_id=42049\" rel=\"attachment wp-att-42049\"><img loading=\"lazy\" src=\"http:\/\/museumek.eu\/wp-content\/uploads\/2015\/07\/4090-293x300.jpg\" alt=\"\" title=\"4090\" width=\"293\" height=\"300\" class=\"alignnone size-medium wp-image-42049\" srcset=\"http:\/\/museumek.eu\/wp-content\/uploads\/2015\/07\/4090-293x300.jpg 293w, http:\/\/museumek.eu\/wp-content\/uploads\/2015\/07\/4090-146x150.jpg 146w, http:\/\/museumek.eu\/wp-content\/uploads\/2015\/07\/4090.jpg 600w\" sizes=\"(max-width: 293px) 100vw, 293px\" \/><\/a><\/p>\n<p><a href=\"http:\/\/museumek.eu\/?attachment_id=42050\" rel=\"attachment wp-att-42050\"><img loading=\"lazy\" src=\"http:\/\/museumek.eu\/wp-content\/uploads\/2015\/07\/4091.jpg\" alt=\"\" title=\"4091\" width=\"284\" height=\"179\" class=\"alignnone size-full wp-image-42050\" srcset=\"http:\/\/museumek.eu\/wp-content\/uploads\/2015\/07\/4091.jpg 284w, http:\/\/museumek.eu\/wp-content\/uploads\/2015\/07\/4091-150x94.jpg 150w\" sizes=\"(max-width: 284px) 100vw, 284px\" \/><\/a><\/p>\n<p><a href=\"http:\/\/museumek.eu\/?attachment_id=42051\" rel=\"attachment wp-att-42051\"><img loading=\"lazy\" src=\"http:\/\/museumek.eu\/wp-content\/uploads\/2015\/07\/4093-300x222.jpg\" alt=\"\" title=\"4093\" width=\"300\" height=\"222\" class=\"alignnone size-medium wp-image-42051\" srcset=\"http:\/\/museumek.eu\/wp-content\/uploads\/2015\/07\/4093-300x222.jpg 300w, http:\/\/museumek.eu\/wp-content\/uploads\/2015\/07\/4093-150x111.jpg 150w, http:\/\/museumek.eu\/wp-content\/uploads\/2015\/07\/4093-405x300.jpg 405w, http:\/\/museumek.eu\/wp-content\/uploads\/2015\/07\/4093.jpg 648w\" sizes=\"(max-width: 300px) 100vw, 300px\" \/><\/a><\/p>\n<p><a href=\"http:\/\/museumek.eu\/?attachment_id=42052\" rel=\"attachment wp-att-42052\"><img loading=\"lazy\" src=\"http:\/\/museumek.eu\/wp-content\/uploads\/2015\/07\/4094-195x300.jpg\" alt=\"\" title=\"4094\" width=\"195\" height=\"300\" class=\"alignnone size-medium wp-image-42052\" srcset=\"http:\/\/museumek.eu\/wp-content\/uploads\/2015\/07\/4094-195x300.jpg 195w, http:\/\/museumek.eu\/wp-content\/uploads\/2015\/07\/4094-97x150.jpg 97w, http:\/\/museumek.eu\/wp-content\/uploads\/2015\/07\/4094.jpg 521w\" sizes=\"(max-width: 195px) 100vw, 195px\" \/><\/a><\/p>\n<p><a href=\"http:\/\/museumek.eu\/?attachment_id=42053\" rel=\"attachment wp-att-42053\"><img loading=\"lazy\" src=\"http:\/\/museumek.eu\/wp-content\/uploads\/2015\/07\/4095-256x300.jpg\" alt=\"\" title=\"4095\" width=\"256\" height=\"300\" class=\"alignnone size-medium wp-image-42053\" srcset=\"http:\/\/museumek.eu\/wp-content\/uploads\/2015\/07\/4095-256x300.jpg 256w, http:\/\/museumek.eu\/wp-content\/uploads\/2015\/07\/4095-128x150.jpg 128w, http:\/\/museumek.eu\/wp-content\/uploads\/2015\/07\/4095.jpg 600w\" sizes=\"(max-width: 256px) 100vw, 256px\" \/><\/a><\/p>\n","protected":false},"excerpt":{"rendered":"<p>Abteilung Deutschland, Keramik 1860 \u2013 1960, Inventarnummer D\/XXXVII\/79 Abteilung Deutschland, Keramik 1860 \u2013 1960, Inventarnummer D\/XXXVII\/79 Thonwaaren \u2013 Fabrik Marzi &#038; Remy, Deutschland, H\u00f6hr, um 1910, Seidel, K\u00fcnstler Hans Christiansen (nach), Werks.-Nr. 2008, Exemplar Nr. ohne, gemarkt keine Firmenmarke aber &hellip; <a href=\"http:\/\/museumek.eu\/?page_id=42043\">Weiterlesen <span class=\"meta-nav\">&rarr;<\/span><\/a><\/p>\n","protected":false},"author":1,"featured_media":0,"parent":39755,"menu_order":79,"comment_status":"closed","ping_status":"open","template":"","meta":[],"_links":{"self":[{"href":"http:\/\/museumek.eu\/index.php?rest_route=\/wp\/v2\/pages\/42043"}],"collection":[{"href":"http:\/\/museumek.eu\/index.php?rest_route=\/wp\/v2\/pages"}],"about":[{"href":"http:\/\/museumek.eu\/index.php?rest_route=\/wp\/v2\/types\/page"}],"author":[{"embeddable":true,"href":"http:\/\/museumek.eu\/index.php?rest_route=\/wp\/v2\/users\/1"}],"replies":[{"embeddable":true,"href":"http:\/\/museumek.eu\/index.php?rest_route=%2Fwp%2Fv2%2Fcomments&post=42043"}],"version-history":[{"count":6,"href":"http:\/\/museumek.eu\/index.php?rest_route=\/wp\/v2\/pages\/42043\/revisions"}],"predecessor-version":[{"id":52787,"href":"http:\/\/museumek.eu\/index.php?rest_route=\/wp\/v2\/pages\/42043\/revisions\/52787"}],"up":[{"embeddable":true,"href":"http:\/\/museumek.eu\/index.php?rest_route=\/wp\/v2\/pages\/39755"}],"wp:attachment":[{"href":"http:\/\/museumek.eu\/index.php?rest_route=%2Fwp%2Fv2%2Fmedia&parent=42043"}],"curies":[{"name":"wp","href":"https:\/\/api.w.org\/{rel}","templated":true}]}}