{"id":42065,"date":"2015-07-11T19:00:24","date_gmt":"2015-07-11T17:00:24","guid":{"rendered":"http:\/\/museumek.eu\/?page_id=42065"},"modified":"2015-07-11T19:00:24","modified_gmt":"2015-07-11T17:00:24","slug":"dxxxvii80","status":"publish","type":"page","link":"http:\/\/museumek.eu\/?page_id=42065","title":{"rendered":"D\/XXXVII\/80"},"content":{"rendered":"<p><strong>Abteilung Deutschland, Keramik 1860 \u2013 1960, Inventarnummer D\/XXXVII\/80<\/strong><\/p>\n<p>Thonwaaren \u2013 Fabrik Marzi &#038; Remy, Deutschland, H\u00f6hr, vor 1900, Seidel, K\u00fcnstler unbekannt, Werks.-Nr. 1036, Exemplar Nr. ohne, gemarkt keine Firmenmarke aber 1036. schwarz unter Glasur gemalt, 3 sowie \u00bd L. rechts neben Eichstrich (nicht vollst\u00e4ndig) gepresst, nicht signiert, Literatur: J\u00fcrgen Schimanski, Braun geflammt und grau gesalzen, Seite 203, Beschreibung der Fabrik, au\u00dferdem dort beschrieben, dass eine eigene Firmenmarke (Anmerkung MEK: die stilisierte T\u00f6pfermarke, bestehend aus Mittelachse, daran Antriebstretscheibe, diese immer in einem quadratischen oder trapezf\u00f6rmigen Rahmen) erst Anfang der 1920\u2018 Jahre eingef\u00fchrt worden ist und dass Erzeugnisse der fr\u00fcheren Jahre oft mit dem Schriftzug \u201eGesetzl. Gesch\u00fctzt\u201c (Anmerkung MEK: richtige Schreibweise des Stempels eigentlich mit Gro\u00dfbuchstaben und nicht wie bei Schimanski klein geschrieben, also GESETZL. GESCH\u00dcTZT) gemarkt sind, dieser Beschreibung stimmt das MEK bez\u00fcglich der Firmenmarke nicht zu, das MEK Exemplar D\/XXXVII\/64 widerlegt diese Aussage, vor, bis um 1900, wurde der M &#038; R. darunter H. in einem Rechteck Stempel verwendet, diesen gibt es auch noch als ausgeschriebene Variante (MARZI &#038; REMY darunter H\u00d6HR.), dann nicht in einem Rechteck, sogar mit dem Zusatzstempel GESETZL. GESCH\u00dcTZT, siehe <strong>http:\/\/www.steinmarks.co.uk\/pages\/pv.asp?p=stein164<\/strong>, dort unter Marzi &#038; Remy diese Stempelvariante abgebildet als auch die Stempelvariante des oben genannten MEK Exemplares, M &#038; R. darunter H. steht <strong>nicht<\/strong> f\u00fcr Merkelbach &#038; Remy, einer Westerw\u00e4lder Fabrik, die in der gleichen Zeit produzierte und f\u00fcr die bisher in der Fachliteratur noch keine Firmenmarke nachgewiesen worden ist, weil sich diese Fabrik in Grenzhausen und nicht in H\u00f6hr befand, bis 1936 waren die beiden Ortschaften eigenst\u00e4ndig und wurden erst am 01.04.1936 zusammen mit der Gemeinde Grenzau zu H\u00f6hr-Grenzhausen zusammengeschlossen, die Fabrik wurde 1879 von Anton Marzi und seinem Schwager Simon Peter Remy in H\u00f6hr gegr\u00fcndet und firmierte als Thonwaaren \u2013 Fabrik Marzi &#038; Remy, ab 1881 wurde eine eigene Zinngie\u00dferei angeschafft und ab 1883 neben dem grau \u2013 blau salzglasiertem Steinzeug auch Elfenbeinsteinzeug produziert, Simon Peter Remy verstarb 1919 und sein Sohn Werner Remy trat in die Fabrik ein, 1924 verstarb Anton Marzi und sein Schwiegersohn Johann Otto B\u00fchler trat in die Fabrik ein, Werner Remy verlie\u00df 1931 die Fabrik, 1941 trat Johann Otto B\u00fchlers Sohn Otto B\u00fchler in die Fabrik ein und 1953 dessen Sohn Otto Georg B\u00fchler, die Fabrik war bis zum Konkurs in den 1990\u2018 Jahren immer in Familienbesitz, Zuordnung: <strong>der 0,4 cm hohe und 1,4 cm breite \u00bd L. rechts neben Eichstrich Stempel, ist identisch mit Identifizierungsstempel f\u00fcr nicht mit einer Firmenmarke versehene Fabrikate von Marzi &#038; Remy des MEK Exemplares D\/XXXVII\/39, au\u00dferdem ist der Seidel mit einer wulstigen Lasche unterhalb der Zinnmonturbefestigung am Henkel versehen, dieses Verfahren wurde ebenfalls beim MEK Exemplar D\/XXXVII\/39 angewendet<\/strong>, Ausf\u00fchrung als Elfenbeinseidel, Druckdekor mit teilweiser Hand Bemalung, H\u00f6he 17,2 cm, Breite 14,5 cm<\/p>\n<p><a href=\"http:\/\/museumek.eu\/?attachment_id=42066\" rel=\"attachment wp-att-42066\"><img loading=\"lazy\" src=\"http:\/\/museumek.eu\/wp-content\/uploads\/2015\/07\/4167-163x300.jpg\" alt=\"\" title=\"4167\" width=\"163\" height=\"300\" class=\"alignnone size-medium wp-image-42066\" srcset=\"http:\/\/museumek.eu\/wp-content\/uploads\/2015\/07\/4167-163x300.jpg 163w, http:\/\/museumek.eu\/wp-content\/uploads\/2015\/07\/4167-81x150.jpg 81w\" sizes=\"(max-width: 163px) 100vw, 163px\" \/><\/a><\/p>\n<p><a href=\"http:\/\/museumek.eu\/?attachment_id=42067\" rel=\"attachment wp-att-42067\"><img loading=\"lazy\" src=\"http:\/\/museumek.eu\/wp-content\/uploads\/2015\/07\/4170-214x300.jpg\" alt=\"\" title=\"4170\" width=\"214\" height=\"300\" class=\"alignnone size-medium wp-image-42067\" srcset=\"http:\/\/museumek.eu\/wp-content\/uploads\/2015\/07\/4170-214x300.jpg 214w, http:\/\/museumek.eu\/wp-content\/uploads\/2015\/07\/4170-107x150.jpg 107w, http:\/\/museumek.eu\/wp-content\/uploads\/2015\/07\/4170.jpg 571w\" sizes=\"(max-width: 214px) 100vw, 214px\" \/><\/a><\/p>\n<p><a href=\"http:\/\/museumek.eu\/?attachment_id=42068\" rel=\"attachment wp-att-42068\"><img loading=\"lazy\" src=\"http:\/\/museumek.eu\/wp-content\/uploads\/2015\/07\/4171-212x300.jpg\" alt=\"\" title=\"4171\" width=\"212\" height=\"300\" class=\"alignnone size-medium wp-image-42068\" srcset=\"http:\/\/museumek.eu\/wp-content\/uploads\/2015\/07\/4171-212x300.jpg 212w, http:\/\/museumek.eu\/wp-content\/uploads\/2015\/07\/4171-106x150.jpg 106w, http:\/\/museumek.eu\/wp-content\/uploads\/2015\/07\/4171.jpg 566w\" sizes=\"(max-width: 212px) 100vw, 212px\" \/><\/a><\/p>\n<p><a href=\"http:\/\/museumek.eu\/?attachment_id=42069\" rel=\"attachment wp-att-42069\"><img loading=\"lazy\" src=\"http:\/\/museumek.eu\/wp-content\/uploads\/2015\/07\/4172-158x300.jpg\" alt=\"\" title=\"4172\" width=\"158\" height=\"300\" class=\"alignnone size-medium wp-image-42069\" srcset=\"http:\/\/museumek.eu\/wp-content\/uploads\/2015\/07\/4172-158x300.jpg 158w, http:\/\/museumek.eu\/wp-content\/uploads\/2015\/07\/4172-79x150.jpg 79w, http:\/\/museumek.eu\/wp-content\/uploads\/2015\/07\/4172.jpg 423w\" sizes=\"(max-width: 158px) 100vw, 158px\" \/><\/a><\/p>\n<p><a href=\"http:\/\/museumek.eu\/?attachment_id=42070\" rel=\"attachment wp-att-42070\"><img loading=\"lazy\" src=\"http:\/\/museumek.eu\/wp-content\/uploads\/2015\/07\/4168-153x300.jpg\" alt=\"\" title=\"4168\" width=\"153\" height=\"300\" class=\"alignnone size-medium wp-image-42070\" srcset=\"http:\/\/museumek.eu\/wp-content\/uploads\/2015\/07\/4168-153x300.jpg 153w, http:\/\/museumek.eu\/wp-content\/uploads\/2015\/07\/4168-76x150.jpg 76w, http:\/\/museumek.eu\/wp-content\/uploads\/2015\/07\/4168.jpg 410w\" sizes=\"(max-width: 153px) 100vw, 153px\" \/><\/a><\/p>\n<p><a href=\"http:\/\/museumek.eu\/?attachment_id=42071\" rel=\"attachment wp-att-42071\"><img loading=\"lazy\" src=\"http:\/\/museumek.eu\/wp-content\/uploads\/2015\/07\/4169-152x300.jpg\" alt=\"\" title=\"4169\" width=\"152\" height=\"300\" class=\"alignnone size-medium wp-image-42071\" srcset=\"http:\/\/museumek.eu\/wp-content\/uploads\/2015\/07\/4169-152x300.jpg 152w, http:\/\/museumek.eu\/wp-content\/uploads\/2015\/07\/4169-76x150.jpg 76w, http:\/\/museumek.eu\/wp-content\/uploads\/2015\/07\/4169.jpg 407w\" sizes=\"(max-width: 152px) 100vw, 152px\" \/><\/a><\/p>\n<p><a href=\"http:\/\/museumek.eu\/?attachment_id=42072\" rel=\"attachment wp-att-42072\"><img loading=\"lazy\" src=\"http:\/\/museumek.eu\/wp-content\/uploads\/2015\/07\/4173-200x300.jpg\" alt=\"\" title=\"4173\" width=\"200\" height=\"300\" class=\"alignnone size-medium wp-image-42072\" srcset=\"http:\/\/museumek.eu\/wp-content\/uploads\/2015\/07\/4173-200x300.jpg 200w, http:\/\/museumek.eu\/wp-content\/uploads\/2015\/07\/4173-100x150.jpg 100w, http:\/\/museumek.eu\/wp-content\/uploads\/2015\/07\/4173.jpg 534w\" sizes=\"(max-width: 200px) 100vw, 200px\" \/><\/a><\/p>\n<p><a href=\"http:\/\/museumek.eu\/?attachment_id=42073\" rel=\"attachment wp-att-42073\"><img loading=\"lazy\" src=\"http:\/\/museumek.eu\/wp-content\/uploads\/2015\/07\/4174-300x294.jpg\" alt=\"\" title=\"4174\" width=\"300\" height=\"294\" class=\"alignnone size-medium wp-image-42073\" srcset=\"http:\/\/museumek.eu\/wp-content\/uploads\/2015\/07\/4174-300x294.jpg 300w, http:\/\/museumek.eu\/wp-content\/uploads\/2015\/07\/4174-150x147.jpg 150w, http:\/\/museumek.eu\/wp-content\/uploads\/2015\/07\/4174-305x300.jpg 305w, http:\/\/museumek.eu\/wp-content\/uploads\/2015\/07\/4174.jpg 611w\" sizes=\"(max-width: 300px) 100vw, 300px\" \/><\/a><\/p>\n<p><a href=\"http:\/\/museumek.eu\/?attachment_id=42074\" rel=\"attachment wp-att-42074\"><img loading=\"lazy\" src=\"http:\/\/museumek.eu\/wp-content\/uploads\/2015\/07\/4175-143x300.jpg\" alt=\"\" title=\"4175\" width=\"143\" height=\"300\" class=\"alignnone size-medium wp-image-42074\" srcset=\"http:\/\/museumek.eu\/wp-content\/uploads\/2015\/07\/4175-143x300.jpg 143w, http:\/\/museumek.eu\/wp-content\/uploads\/2015\/07\/4175-71x150.jpg 71w, http:\/\/museumek.eu\/wp-content\/uploads\/2015\/07\/4175.jpg 184w\" sizes=\"(max-width: 143px) 100vw, 143px\" \/><\/a><\/p>\n","protected":false},"excerpt":{"rendered":"<p>Abteilung Deutschland, Keramik 1860 \u2013 1960, Inventarnummer D\/XXXVII\/80 Thonwaaren \u2013 Fabrik Marzi &#038; Remy, Deutschland, H\u00f6hr, vor 1900, Seidel, K\u00fcnstler unbekannt, Werks.-Nr. 1036, Exemplar Nr. ohne, gemarkt keine Firmenmarke aber 1036. schwarz unter Glasur gemalt, 3 sowie \u00bd L. rechts &hellip; <a href=\"http:\/\/museumek.eu\/?page_id=42065\">Weiterlesen <span class=\"meta-nav\">&rarr;<\/span><\/a><\/p>\n","protected":false},"author":1,"featured_media":0,"parent":39755,"menu_order":80,"comment_status":"closed","ping_status":"open","template":"","meta":[],"_links":{"self":[{"href":"http:\/\/museumek.eu\/index.php?rest_route=\/wp\/v2\/pages\/42065"}],"collection":[{"href":"http:\/\/museumek.eu\/index.php?rest_route=\/wp\/v2\/pages"}],"about":[{"href":"http:\/\/museumek.eu\/index.php?rest_route=\/wp\/v2\/types\/page"}],"author":[{"embeddable":true,"href":"http:\/\/museumek.eu\/index.php?rest_route=\/wp\/v2\/users\/1"}],"replies":[{"embeddable":true,"href":"http:\/\/museumek.eu\/index.php?rest_route=%2Fwp%2Fv2%2Fcomments&post=42065"}],"version-history":[{"count":4,"href":"http:\/\/museumek.eu\/index.php?rest_route=\/wp\/v2\/pages\/42065\/revisions"}],"predecessor-version":[{"id":42078,"href":"http:\/\/museumek.eu\/index.php?rest_route=\/wp\/v2\/pages\/42065\/revisions\/42078"}],"up":[{"embeddable":true,"href":"http:\/\/museumek.eu\/index.php?rest_route=\/wp\/v2\/pages\/39755"}],"wp:attachment":[{"href":"http:\/\/museumek.eu\/index.php?rest_route=%2Fwp%2Fv2%2Fmedia&parent=42065"}],"curies":[{"name":"wp","href":"https:\/\/api.w.org\/{rel}","templated":true}]}}