{"id":42110,"date":"2015-07-11T23:10:59","date_gmt":"2015-07-11T21:10:59","guid":{"rendered":"http:\/\/museumek.eu\/?page_id=42110"},"modified":"2015-08-21T22:33:13","modified_gmt":"2015-08-21T20:33:13","slug":"dxxxvii81","status":"publish","type":"page","link":"http:\/\/museumek.eu\/?page_id=42110","title":{"rendered":"D\/XXXVII\/81"},"content":{"rendered":"<p><strong>Abteilung Deutschland, Keramik 1860 \u2013 1960, Inventarnummer D\/XXXVII\/81<\/strong><\/p>\n<p>Thonwaaren \u2013 Fabrik Marzi &#038; Remy, Deutschland, H\u00f6hr, vor 1900, Seidel, K\u00fcnstler unbekannt, Werks.-Nr. 111, Exemplar Nr. ohne, gemarkt keine Firmenmarke aber 0,5 L. \u00fcber Eichstrich gepresst, 111 (unter dem Henkel) mit gegossen, nicht signiert, Literatur: J\u00fcrgen Schimanski, Braun geflammt und grau gesalzen, Seite 203, Beschreibung der Fabrik, au\u00dferdem dort beschrieben, dass eine eigene Firmenmarke (Anmerkung MEK: die stilisierte T\u00f6pfermarke, bestehend aus Mittelachse, daran Antriebstretscheibe, diese immer in einem quadratischen oder trapezf\u00f6rmigen Rahmen) erst Anfang der 1920\u2018 Jahre eingef\u00fchrt worden ist und dass Erzeugnisse der fr\u00fcheren Jahre oft mit dem Schriftzug \u201eGesetzl. Gesch\u00fctzt\u201c (Anmerkung MEK: richtige Schreibweise des Stempels eigentlich mit Gro\u00dfbuchstaben und nicht wie bei Schimanski klein geschrieben, also GESETZL. GESCH\u00dcTZT) gemarkt sind, dieser Beschreibung stimmt das MEK bez\u00fcglich der Firmenmarke nicht zu, das MEK Exemplar D\/XXXVII\/64 widerlegt diese Aussage, vor, bis um 1900, wurde der M &#038; R. darunter H. in einem Rechteck Stempel verwendet, diesen gibt es auch noch als ausgeschriebene Variante (MARZI &#038; REMY darunter H\u00d6HR.), dann nicht in einem Rechteck, sogar mit dem Zusatzstempel GESETZL. GESCH\u00dcTZT, siehe <strong>http:\/\/www.steinmarks.co.uk\/pages\/pv.asp?p=stein164<\/strong>, dort unter Marzi &#038; Remy diese Stempelvariante abgebildet als auch die Stempelvariante des oben genannten MEK Exemplares, M &#038; R. darunter H. steht <strong>nicht<\/strong> f\u00fcr Merkelbach &#038; Remy, einer Westerw\u00e4lder Fabrik, die in der gleichen Zeit produzierte und f\u00fcr die bisher in der Fachliteratur noch keine Firmenmarke nachgewiesen worden ist, weil sich diese Fabrik in Grenzhausen und nicht in H\u00f6hr befand, bis 1936 waren die beiden Ortschaften eigenst\u00e4ndig und wurden erst am 01.04.1936 zusammen mit der Gemeinde Grenzau zu H\u00f6hr-Grenzhausen zusammengeschlossen, die Fabrik wurde 1879 von Anton Marzi und seinem Schwager Simon Peter Remy in H\u00f6hr gegr\u00fcndet und firmierte als Thonwaaren \u2013 Fabrik Marzi &#038; Remy, ab 1881 wurde eine eigene Zinngie\u00dferei angeschafft und ab 1883 neben dem grau \u2013 blau salzglasiertem Steinzeug auch Elfenbeinsteinzeug produziert, Simon Peter Remy verstarb 1919 und sein Sohn Werner Remy trat in die Fabrik ein, 1924 verstarb Anton Marzi und sein Schwiegersohn Johann Otto B\u00fchler trat in die Fabrik ein, Werner Remy verlie\u00df 1931 die Fabrik, 1941 trat Johann Otto B\u00fchlers Sohn Otto B\u00fchler in die Fabrik ein und 1953 dessen Sohn Otto Georg B\u00fchler, die Fabrik war bis zum Konkurs in den 1990\u2018 Jahren immer in Familienbesitz, Zuordnung: <strong>erfolgt erstens, \u00fcber den 1,3 cm breiten und 0,7 cm hohen 0,5 L. \u00fcber Eichstrich Stempel, welcher identisch ist, mit dem vom MEK festgelegten 0,5 L. \u00fcber Eichstrich Identifizierungsstempel (MEK Exemplar D\/XXXVII\/45) f\u00fcr nicht mit einer Firmenmarke versehene Fabrikate von Marzi &#038; Remy und zweitens, der Seidel wurde mit einer wulstigen Lasche unterhalb der Zinnmonturbefestigung am Henkel versehen, dieses Verfahren wurde ebenfalls bei den MEK Exemplaren D\/XXXVII\/39 sowie D\/XXXVII\/80 angewendet, au\u00dferdem ist die Henkelform und das Henkeldekor identisch mit dem MEK Exemplar D\/XXXVII\/80<\/strong>, Ausf\u00fchrung als Elfenbeinsteinzeug, Seidel mit Hohlboden,<br \/>\nH\u00f6he 18 cm, Breite 14,5 cm<\/p>\n<p><a href=\"http:\/\/museumek.eu\/?attachment_id=42111\" rel=\"attachment wp-att-42111\"><img loading=\"lazy\" src=\"http:\/\/museumek.eu\/wp-content\/uploads\/2015\/07\/900-167x300.jpg\" alt=\"\" title=\"900\" width=\"167\" height=\"300\" class=\"alignnone size-medium wp-image-42111\" srcset=\"http:\/\/museumek.eu\/wp-content\/uploads\/2015\/07\/900-167x300.jpg 167w, http:\/\/museumek.eu\/wp-content\/uploads\/2015\/07\/900-83x150.jpg 83w, http:\/\/museumek.eu\/wp-content\/uploads\/2015\/07\/900.jpg 446w\" sizes=\"(max-width: 167px) 100vw, 167px\" \/><\/a><\/p>\n<p><a href=\"http:\/\/museumek.eu\/?attachment_id=42112\" rel=\"attachment wp-att-42112\"><img loading=\"lazy\" src=\"http:\/\/museumek.eu\/wp-content\/uploads\/2015\/07\/904-205x300.jpg\" alt=\"\" title=\"904\" width=\"205\" height=\"300\" class=\"alignnone size-medium wp-image-42112\" srcset=\"http:\/\/museumek.eu\/wp-content\/uploads\/2015\/07\/904-205x300.jpg 205w, http:\/\/museumek.eu\/wp-content\/uploads\/2015\/07\/904-102x150.jpg 102w, http:\/\/museumek.eu\/wp-content\/uploads\/2015\/07\/904.jpg 548w\" sizes=\"(max-width: 205px) 100vw, 205px\" \/><\/a><\/p>\n<p><a href=\"http:\/\/museumek.eu\/?attachment_id=42118\" rel=\"attachment wp-att-42118\"><img loading=\"lazy\" src=\"http:\/\/museumek.eu\/wp-content\/uploads\/2015\/07\/9031-216x300.jpg\" alt=\"\" title=\"903\" width=\"216\" height=\"300\" class=\"alignnone size-medium wp-image-42118\" srcset=\"http:\/\/museumek.eu\/wp-content\/uploads\/2015\/07\/9031-216x300.jpg 216w, http:\/\/museumek.eu\/wp-content\/uploads\/2015\/07\/9031-108x150.jpg 108w, http:\/\/museumek.eu\/wp-content\/uploads\/2015\/07\/9031.jpg 576w\" sizes=\"(max-width: 216px) 100vw, 216px\" \/><\/a><\/p>\n<p><a href=\"http:\/\/museumek.eu\/?attachment_id=42119\" rel=\"attachment wp-att-42119\"><img loading=\"lazy\" src=\"http:\/\/museumek.eu\/wp-content\/uploads\/2015\/07\/4183-150x300.jpg\" alt=\"\" title=\"4183\" width=\"150\" height=\"300\" class=\"alignnone size-medium wp-image-42119\" srcset=\"http:\/\/museumek.eu\/wp-content\/uploads\/2015\/07\/4183-150x300.jpg 150w, http:\/\/museumek.eu\/wp-content\/uploads\/2015\/07\/4183-75x150.jpg 75w, http:\/\/museumek.eu\/wp-content\/uploads\/2015\/07\/4183.jpg 402w\" sizes=\"(max-width: 150px) 100vw, 150px\" \/><\/a><\/p>\n<p><a href=\"http:\/\/museumek.eu\/?attachment_id=42120\" rel=\"attachment wp-att-42120\"><img loading=\"lazy\" src=\"http:\/\/museumek.eu\/wp-content\/uploads\/2015\/07\/901-165x300.jpg\" alt=\"\" title=\"901\" width=\"165\" height=\"300\" class=\"alignnone size-medium wp-image-42120\" srcset=\"http:\/\/museumek.eu\/wp-content\/uploads\/2015\/07\/901-165x300.jpg 165w, http:\/\/museumek.eu\/wp-content\/uploads\/2015\/07\/901-82x150.jpg 82w, http:\/\/museumek.eu\/wp-content\/uploads\/2015\/07\/901.jpg 440w\" sizes=\"(max-width: 165px) 100vw, 165px\" \/><\/a><\/p>\n<p><a href=\"http:\/\/museumek.eu\/?attachment_id=42121\" rel=\"attachment wp-att-42121\"><img loading=\"lazy\" src=\"http:\/\/museumek.eu\/wp-content\/uploads\/2015\/07\/902-148x300.jpg\" alt=\"\" title=\"902\" width=\"148\" height=\"300\" class=\"alignnone size-medium wp-image-42121\" srcset=\"http:\/\/museumek.eu\/wp-content\/uploads\/2015\/07\/902-148x300.jpg 148w, http:\/\/museumek.eu\/wp-content\/uploads\/2015\/07\/902-74x150.jpg 74w\" sizes=\"(max-width: 148px) 100vw, 148px\" \/><\/a><\/p>\n<p><a href=\"http:\/\/museumek.eu\/?attachment_id=42122\" rel=\"attachment wp-att-42122\"><img loading=\"lazy\" src=\"http:\/\/museumek.eu\/wp-content\/uploads\/2015\/07\/4184-268x300.jpg\" alt=\"\" title=\"4184\" width=\"268\" height=\"300\" class=\"alignnone size-medium wp-image-42122\" srcset=\"http:\/\/museumek.eu\/wp-content\/uploads\/2015\/07\/4184-268x300.jpg 268w, http:\/\/museumek.eu\/wp-content\/uploads\/2015\/07\/4184-134x150.jpg 134w, http:\/\/museumek.eu\/wp-content\/uploads\/2015\/07\/4184.jpg 600w\" sizes=\"(max-width: 268px) 100vw, 268px\" \/><\/a><\/p>\n<p><a href=\"http:\/\/museumek.eu\/?attachment_id=42123\" rel=\"attachment wp-att-42123\"><img loading=\"lazy\" src=\"http:\/\/museumek.eu\/wp-content\/uploads\/2015\/07\/905-225x300.jpg\" alt=\"\" title=\"905\" width=\"225\" height=\"300\" class=\"alignnone size-medium wp-image-42123\" srcset=\"http:\/\/museumek.eu\/wp-content\/uploads\/2015\/07\/905-225x300.jpg 225w, http:\/\/museumek.eu\/wp-content\/uploads\/2015\/07\/905-112x150.jpg 112w, http:\/\/museumek.eu\/wp-content\/uploads\/2015\/07\/905.jpg 600w\" sizes=\"(max-width: 225px) 100vw, 225px\" \/><\/a><\/p>\n<p><a href=\"http:\/\/museumek.eu\/?attachment_id=42124\" rel=\"attachment wp-att-42124\"><img loading=\"lazy\" src=\"http:\/\/museumek.eu\/wp-content\/uploads\/2015\/07\/906-256x300.jpg\" alt=\"\" title=\"906\" width=\"256\" height=\"300\" class=\"alignnone size-medium wp-image-42124\" srcset=\"http:\/\/museumek.eu\/wp-content\/uploads\/2015\/07\/906-256x300.jpg 256w, http:\/\/museumek.eu\/wp-content\/uploads\/2015\/07\/906-128x150.jpg 128w, http:\/\/museumek.eu\/wp-content\/uploads\/2015\/07\/906.jpg 600w\" sizes=\"(max-width: 256px) 100vw, 256px\" \/><\/a><\/p>\n<p><a href=\"http:\/\/museumek.eu\/?attachment_id=42125\" rel=\"attachment wp-att-42125\"><img loading=\"lazy\" src=\"http:\/\/museumek.eu\/wp-content\/uploads\/2015\/07\/907-300x269.jpg\" alt=\"\" title=\"907\" width=\"300\" height=\"269\" class=\"alignnone size-medium wp-image-42125\" srcset=\"http:\/\/museumek.eu\/wp-content\/uploads\/2015\/07\/907-300x269.jpg 300w, http:\/\/museumek.eu\/wp-content\/uploads\/2015\/07\/907-150x134.jpg 150w, http:\/\/museumek.eu\/wp-content\/uploads\/2015\/07\/907-334x300.jpg 334w, http:\/\/museumek.eu\/wp-content\/uploads\/2015\/07\/907.jpg 669w\" sizes=\"(max-width: 300px) 100vw, 300px\" \/><\/a><\/p>\n","protected":false},"excerpt":{"rendered":"<p>Abteilung Deutschland, Keramik 1860 \u2013 1960, Inventarnummer D\/XXXVII\/81 Thonwaaren \u2013 Fabrik Marzi &#038; Remy, Deutschland, H\u00f6hr, vor 1900, Seidel, K\u00fcnstler unbekannt, Werks.-Nr. 111, Exemplar Nr. ohne, gemarkt keine Firmenmarke aber 0,5 L. \u00fcber Eichstrich gepresst, 111 (unter dem Henkel) mit &hellip; <a href=\"http:\/\/museumek.eu\/?page_id=42110\">Weiterlesen <span class=\"meta-nav\">&rarr;<\/span><\/a><\/p>\n","protected":false},"author":1,"featured_media":0,"parent":42107,"menu_order":81,"comment_status":"closed","ping_status":"open","template":"","meta":[],"_links":{"self":[{"href":"http:\/\/museumek.eu\/index.php?rest_route=\/wp\/v2\/pages\/42110"}],"collection":[{"href":"http:\/\/museumek.eu\/index.php?rest_route=\/wp\/v2\/pages"}],"about":[{"href":"http:\/\/museumek.eu\/index.php?rest_route=\/wp\/v2\/types\/page"}],"author":[{"embeddable":true,"href":"http:\/\/museumek.eu\/index.php?rest_route=\/wp\/v2\/users\/1"}],"replies":[{"embeddable":true,"href":"http:\/\/museumek.eu\/index.php?rest_route=%2Fwp%2Fv2%2Fcomments&post=42110"}],"version-history":[{"count":8,"href":"http:\/\/museumek.eu\/index.php?rest_route=\/wp\/v2\/pages\/42110\/revisions"}],"predecessor-version":[{"id":44309,"href":"http:\/\/museumek.eu\/index.php?rest_route=\/wp\/v2\/pages\/42110\/revisions\/44309"}],"up":[{"embeddable":true,"href":"http:\/\/museumek.eu\/index.php?rest_route=\/wp\/v2\/pages\/42107"}],"wp:attachment":[{"href":"http:\/\/museumek.eu\/index.php?rest_route=%2Fwp%2Fv2%2Fmedia&parent=42110"}],"curies":[{"name":"wp","href":"https:\/\/api.w.org\/{rel}","templated":true}]}}