{"id":42449,"date":"2015-07-18T00:00:39","date_gmt":"2015-07-17T22:00:39","guid":{"rendered":"http:\/\/museumek.eu\/?page_id=42449"},"modified":"2015-07-18T00:00:40","modified_gmt":"2015-07-17T22:00:40","slug":"dlix4","status":"publish","type":"page","link":"http:\/\/museumek.eu\/?page_id=42449","title":{"rendered":"D\/LIX\/4"},"content":{"rendered":"<p><strong>Abteilung Deutschland, Keramik 1860 \u2013 1960, Inventarnummer D\/LIX\/4<\/strong><\/p>\n<p>Porzellan-Manufactur C. Tielsch &#038; Co. und Nachfolger C. Tielsch &#038; Co. Porzellan-Manufaktur mit gross. Malerei und Nachfolger Porzellanfabrik C. Tielsch &#038; Co. AG und Nachfolger Porzellanfabrik C. M. Hutschenreuther AG, Abteilung Porzellanfabrik C. Tielsch &#038; Co., Deutschland, Altwasser\/Stary Zdr\u00f3j, 1863 &#8211; 1895, Teller, K\u00fcnstler unbekannt, Werks.-Nr. ohne, Exemplar Nr. ohne, gemarkt Firmenmarke bekr\u00f6nter Adler mit Zepter und Reichsapfel, darunter C.T. (f\u00fcr Carl Tielsch) blauer Stempel unter Glasur, 01 gepresst, nicht signiert, Literatur: Martin K\u00fcgler, Beste Qualit\u00e4t zu civilen Preisen, Schlesisches Porzellan seit 1820, Seite 32, Beschreibung der Fabrik, weitere Literatur; Eitel Tette, Porzellanmanufaktur Carl Tielsch-Altwasser, Band 2, Seite 24, Marke Nr. 9 identisch (dort g\u00fcltig f\u00fcr die Zeit 1863 bis 1895), weitere Literatur: Gerhard Schmidt-Stein, Schlesisches Porzellan vor 1945, Seite 40 ff., Beschreibung der Fabrik sowie Seite 60, dort die identische Marke abgebildet (dort g\u00fcltig f\u00fcr die Zeit 1870 \u2013 1900), die Fabrik wurde 1845 von Carl Ernst Robert Tielsch (geb. 01.09.1815) in Altwasser gegr\u00fcndet, die Stadt Altwasser wurde sp\u00e4ter in die Stadt Waldenburg eingemeindet, Firmierung Porzellan-Manufactur C. Tielsch &#038; Co., Teilhaber war Gideon von Wallenberg, Mitinhaber des gleichnamigen Bankhauses in Breslau, techn. Leiter der Fabrik wurde Ernst Bauer (Anm. MEK: dessen 1851 geborener Sohn Carl Maria Bauer, war von 1897 bis 1903 Teilhaber der Porzellanfabrik Bauer, Rosenthal &#038; Co. in Kronach und ab 1904, bis zu seinem Tod 1905 Mitinhaber der W\u00fcrttembergischen Porzellan-Manufaktur in Schorndorf, siehe jeweils dort, der 1853 geborene Sohn von Bauer, Ernst Maria Bauer, war Mitinhaber der Porzellanfabrik Herman Ohme in Niedersalzbrunn, und wurde einer der f\u00fchrenden keramischen Techniker in Deutschland, siehe dort), um 1850 kaufte Tielsch eine Kaolinlagerst\u00e4dte bei Mei\u00dfen, Firmierung C. Tielsch &#038; Co. Kaolinschl\u00e4mmerei, Mei\u00dfen, 1858 versuchte der Maurermeister Traugott Silber neben der Tiel\u2019schen Fabrik eine weitere Porzellanfabrik zu gr\u00fcnden, dieses Vorhaben scheiterte aber bereits in den Anf\u00e4ngen, durch Einspr\u00fcche der Stadt Altwasser, sicherlich von Tielsch beeinflusst, Tielsch \u00fcbernahm die bereits errichteten Fabrikgeb\u00e4ude (Anm. MEK: Silber gr\u00fcndete 1860 in K\u00f6nigszelt eine Porzellanfabrik, siehe dort), 1861 wurde Tielsch Kommerzienrat, am 02.11.1882 verstarb Carl Tielsch und sein Sohn Egmont Tielsch \u00fcbernahm die Fabrik unter gleicher Firmierung, ab 1895 war die Fabrik von einem l\u00e4ngeren Streik betroffen, in dieser Zeit stellten andere schlesische Porzellanmanufakturen der Tiel\u2019schen Fabrik Weissware zum Selbstkostenpreis zur Verf\u00fcgung, dadurch erkl\u00e4rt sich, dass es Fabrikate mit Tiel\u2019scher Firmenmarke und gleichzeitiger Firmenmarke einer anderen schlesischen Fabrik gibt, laut einer Zeitungsanzeige von 1904 firmierte die Fabrik um diese Zeit als C. Tielsch &#038; Co. Porzellan-Manufaktur mit gross. Malerei, ab 1917 wurde die Fabrik AG, Firmierung Porzellanfabrik C. Tielsch &#038; Co. AG (Anm. MEK: wahrscheinlich wurde um diese Zeit die Bezeichnung als Manufaktur aufgegeben), die Porzellanfabrik C. M. Hutschenreuther AG erwarb ein gro\u00dfes Aktienpaket und bildete mit der Tiel\u2019schen Fabrik eine Interessengemeinschaft, 1921 Verlegung der Direktion von Hutschenreuther und Tielsch nach Dresden, 1930 verstarb Egmont Tielsch, seine Stelle im Aufsichtsrat besetzte sein Sohn Herbert Tielsch, 1932 Fusion von Tielsch und Hutschenreuther (Anm. MEK: die Fabrik von Carl Magnus Hutschenreuther ging 1969 in der Porzellanfabrik AG des Sohnes Lorenz Hutschenreuther auf), Firmierung: Porzellanfabrik C. M. Hutschenreuther AG, Abteilung Porzellanfabrik C. Tielsch &#038; Co., 1945 wurde die Fabrik enteignet, Durchmesser 24,5 cm<\/p>\n<p><a href=\"http:\/\/museumek.eu\/?attachment_id=42450\" rel=\"attachment wp-att-42450\"><img loading=\"lazy\" src=\"http:\/\/museumek.eu\/wp-content\/uploads\/2015\/07\/3838-300x272.jpg\" alt=\"\" title=\"3838\" width=\"300\" height=\"272\" class=\"alignnone size-medium wp-image-42450\" srcset=\"http:\/\/museumek.eu\/wp-content\/uploads\/2015\/07\/3838-300x272.jpg 300w, http:\/\/museumek.eu\/wp-content\/uploads\/2015\/07\/3838-150x136.jpg 150w, http:\/\/museumek.eu\/wp-content\/uploads\/2015\/07\/3838-330x300.jpg 330w, http:\/\/museumek.eu\/wp-content\/uploads\/2015\/07\/3838.jpg 660w\" sizes=\"(max-width: 300px) 100vw, 300px\" \/><\/a><\/p>\n<p><a href=\"http:\/\/museumek.eu\/?attachment_id=42451\" rel=\"attachment wp-att-42451\"><img loading=\"lazy\" src=\"http:\/\/museumek.eu\/wp-content\/uploads\/2015\/07\/3839-281x300.jpg\" alt=\"\" title=\"3839\" width=\"281\" height=\"300\" class=\"alignnone size-medium wp-image-42451\" srcset=\"http:\/\/museumek.eu\/wp-content\/uploads\/2015\/07\/3839-281x300.jpg 281w, http:\/\/museumek.eu\/wp-content\/uploads\/2015\/07\/3839-140x150.jpg 140w, http:\/\/museumek.eu\/wp-content\/uploads\/2015\/07\/3839.jpg 600w\" sizes=\"(max-width: 281px) 100vw, 281px\" \/><\/a><\/p>\n<p><a href=\"http:\/\/museumek.eu\/?attachment_id=42452\" rel=\"attachment wp-att-42452\"><img loading=\"lazy\" src=\"http:\/\/museumek.eu\/wp-content\/uploads\/2015\/07\/3840.jpg\" alt=\"\" title=\"3840\" width=\"127\" height=\"177\" class=\"alignnone size-full wp-image-42452\" srcset=\"http:\/\/museumek.eu\/wp-content\/uploads\/2015\/07\/3840.jpg 127w, http:\/\/museumek.eu\/wp-content\/uploads\/2015\/07\/3840-107x150.jpg 107w\" sizes=\"(max-width: 127px) 100vw, 127px\" \/><\/a><\/p>\n<p><a href=\"http:\/\/museumek.eu\/?attachment_id=42453\" rel=\"attachment wp-att-42453\"><img loading=\"lazy\" src=\"http:\/\/museumek.eu\/wp-content\/uploads\/2015\/07\/3841.jpg\" alt=\"\" title=\"3841\" width=\"157\" height=\"135\" class=\"alignnone size-full wp-image-42453\" srcset=\"http:\/\/museumek.eu\/wp-content\/uploads\/2015\/07\/3841.jpg 157w, http:\/\/museumek.eu\/wp-content\/uploads\/2015\/07\/3841-150x128.jpg 150w\" sizes=\"(max-width: 157px) 100vw, 157px\" \/><\/a><\/p>\n","protected":false},"excerpt":{"rendered":"<p>Abteilung Deutschland, Keramik 1860 \u2013 1960, Inventarnummer D\/LIX\/4 Porzellan-Manufactur C. Tielsch &#038; Co. und Nachfolger C. Tielsch &#038; Co. Porzellan-Manufaktur mit gross. Malerei und Nachfolger Porzellanfabrik C. Tielsch &#038; Co. AG und Nachfolger Porzellanfabrik C. M. Hutschenreuther AG, Abteilung Porzellanfabrik &hellip; <a href=\"http:\/\/museumek.eu\/?page_id=42449\">Weiterlesen <span class=\"meta-nav\">&rarr;<\/span><\/a><\/p>\n","protected":false},"author":1,"featured_media":0,"parent":14333,"menu_order":4,"comment_status":"closed","ping_status":"open","template":"","meta":[],"_links":{"self":[{"href":"http:\/\/museumek.eu\/index.php?rest_route=\/wp\/v2\/pages\/42449"}],"collection":[{"href":"http:\/\/museumek.eu\/index.php?rest_route=\/wp\/v2\/pages"}],"about":[{"href":"http:\/\/museumek.eu\/index.php?rest_route=\/wp\/v2\/types\/page"}],"author":[{"embeddable":true,"href":"http:\/\/museumek.eu\/index.php?rest_route=\/wp\/v2\/users\/1"}],"replies":[{"embeddable":true,"href":"http:\/\/museumek.eu\/index.php?rest_route=%2Fwp%2Fv2%2Fcomments&post=42449"}],"version-history":[{"count":4,"href":"http:\/\/museumek.eu\/index.php?rest_route=\/wp\/v2\/pages\/42449\/revisions"}],"predecessor-version":[{"id":42457,"href":"http:\/\/museumek.eu\/index.php?rest_route=\/wp\/v2\/pages\/42449\/revisions\/42457"}],"up":[{"embeddable":true,"href":"http:\/\/museumek.eu\/index.php?rest_route=\/wp\/v2\/pages\/14333"}],"wp:attachment":[{"href":"http:\/\/museumek.eu\/index.php?rest_route=%2Fwp%2Fv2%2Fmedia&parent=42449"}],"curies":[{"name":"wp","href":"https:\/\/api.w.org\/{rel}","templated":true}]}}