{"id":42550,"date":"2015-07-19T15:01:39","date_gmt":"2015-07-19T13:01:39","guid":{"rendered":"http:\/\/museumek.eu\/?page_id=42550"},"modified":"2015-07-19T15:02:14","modified_gmt":"2015-07-19T13:02:14","slug":"dxi3","status":"publish","type":"page","link":"http:\/\/museumek.eu\/?page_id=42550","title":{"rendered":"D\/XI\/3"},"content":{"rendered":"<p><strong>Abteilung Deutschland, Keramik 1860 \u2013 1960, Inventarnummer D\/XI\/3<\/strong><\/p>\n<p>Allg\u00e4uer Keramik Hans Rebstock, Deutschland, Altst\u00e4dten, um 1925, Kanne, K\u00fcnstler unbekannt, Werks.-Nr. ohne, Exemplar Nr. ohne, gemarkt Firmenmarke mit senkrechtem Pfeil durch einen Kreis gehend, in der Kreismitte ein waagerechter Strich der sich mit dem Pfeilschaft kreuzt, am Pfeilschaftende links daneben H (f\u00fcr Hans), rechts daneben R (f\u00fcr Rebstock), Allg\u00e4uer Keramik, darunter Handarbeit alles gepresst, nicht signiert, die T\u00f6pferei wurde 1923 von Hans Rebstock gegr\u00fcndet und besteht noch heute, H\u00f6he 15,5 cm, Breite 15,3 cm<\/p>\n<p><a href=\"http:\/\/museumek.eu\/?attachment_id=42551\" rel=\"attachment wp-att-42551\"><img loading=\"lazy\" src=\"http:\/\/museumek.eu\/wp-content\/uploads\/2015\/07\/4210-213x300.jpg\" alt=\"\" title=\"4210\" width=\"213\" height=\"300\" class=\"alignnone size-medium wp-image-42551\" srcset=\"http:\/\/museumek.eu\/wp-content\/uploads\/2015\/07\/4210-213x300.jpg 213w, http:\/\/museumek.eu\/wp-content\/uploads\/2015\/07\/4210-106x150.jpg 106w, http:\/\/museumek.eu\/wp-content\/uploads\/2015\/07\/4210.jpg 569w\" sizes=\"(max-width: 213px) 100vw, 213px\" \/><\/a><\/p>\n<p><a href=\"http:\/\/museumek.eu\/?attachment_id=42552\" rel=\"attachment wp-att-42552\"><img loading=\"lazy\" src=\"http:\/\/museumek.eu\/wp-content\/uploads\/2015\/07\/4211-270x300.jpg\" alt=\"\" title=\"4211\" width=\"270\" height=\"300\" class=\"alignnone size-medium wp-image-42552\" srcset=\"http:\/\/museumek.eu\/wp-content\/uploads\/2015\/07\/4211-270x300.jpg 270w, http:\/\/museumek.eu\/wp-content\/uploads\/2015\/07\/4211-135x150.jpg 135w, http:\/\/museumek.eu\/wp-content\/uploads\/2015\/07\/4211.jpg 600w\" sizes=\"(max-width: 270px) 100vw, 270px\" \/><\/a><\/p>\n<p><a href=\"http:\/\/museumek.eu\/?attachment_id=42553\" rel=\"attachment wp-att-42553\"><img loading=\"lazy\" src=\"http:\/\/museumek.eu\/wp-content\/uploads\/2015\/07\/4212-273x300.jpg\" alt=\"\" title=\"4212\" width=\"273\" height=\"300\" class=\"alignnone size-medium wp-image-42553\" srcset=\"http:\/\/museumek.eu\/wp-content\/uploads\/2015\/07\/4212-273x300.jpg 273w, http:\/\/museumek.eu\/wp-content\/uploads\/2015\/07\/4212-136x150.jpg 136w, http:\/\/museumek.eu\/wp-content\/uploads\/2015\/07\/4212.jpg 600w\" sizes=\"(max-width: 273px) 100vw, 273px\" \/><\/a><\/p>\n<p><a href=\"http:\/\/museumek.eu\/?attachment_id=42554\" rel=\"attachment wp-att-42554\"><img loading=\"lazy\" src=\"http:\/\/museumek.eu\/wp-content\/uploads\/2015\/07\/4213-212x300.jpg\" alt=\"\" title=\"4213\" width=\"212\" height=\"300\" class=\"alignnone size-medium wp-image-42554\" srcset=\"http:\/\/museumek.eu\/wp-content\/uploads\/2015\/07\/4213-212x300.jpg 212w, http:\/\/museumek.eu\/wp-content\/uploads\/2015\/07\/4213-106x150.jpg 106w, http:\/\/museumek.eu\/wp-content\/uploads\/2015\/07\/4213.jpg 567w\" sizes=\"(max-width: 212px) 100vw, 212px\" \/><\/a><\/p>\n<p><a href=\"http:\/\/museumek.eu\/?attachment_id=42555\" rel=\"attachment wp-att-42555\"><img loading=\"lazy\" src=\"http:\/\/museumek.eu\/wp-content\/uploads\/2015\/07\/4214-228x300.jpg\" alt=\"\" title=\"4214\" width=\"228\" height=\"300\" class=\"alignnone size-medium wp-image-42555\" srcset=\"http:\/\/museumek.eu\/wp-content\/uploads\/2015\/07\/4214-228x300.jpg 228w, http:\/\/museumek.eu\/wp-content\/uploads\/2015\/07\/4214-114x150.jpg 114w, http:\/\/museumek.eu\/wp-content\/uploads\/2015\/07\/4214.jpg 600w\" sizes=\"(max-width: 228px) 100vw, 228px\" \/><\/a><\/p>\n<p><a href=\"http:\/\/museumek.eu\/?attachment_id=42556\" rel=\"attachment wp-att-42556\"><img loading=\"lazy\" src=\"http:\/\/museumek.eu\/wp-content\/uploads\/2015\/07\/4215-300x250.jpg\" alt=\"\" title=\"4215\" width=\"300\" height=\"250\" class=\"alignnone size-medium wp-image-42556\" srcset=\"http:\/\/museumek.eu\/wp-content\/uploads\/2015\/07\/4215-300x250.jpg 300w, http:\/\/museumek.eu\/wp-content\/uploads\/2015\/07\/4215-150x125.jpg 150w, http:\/\/museumek.eu\/wp-content\/uploads\/2015\/07\/4215-359x300.jpg 359w, http:\/\/museumek.eu\/wp-content\/uploads\/2015\/07\/4215.jpg 719w\" sizes=\"(max-width: 300px) 100vw, 300px\" \/><\/a><\/p>\n<p><a href=\"http:\/\/museumek.eu\/?attachment_id=42557\" rel=\"attachment wp-att-42557\"><img loading=\"lazy\" src=\"http:\/\/museumek.eu\/wp-content\/uploads\/2015\/07\/4217-222x300.jpg\" alt=\"\" title=\"4217\" width=\"222\" height=\"300\" class=\"alignnone size-medium wp-image-42557\" srcset=\"http:\/\/museumek.eu\/wp-content\/uploads\/2015\/07\/4217-222x300.jpg 222w, http:\/\/museumek.eu\/wp-content\/uploads\/2015\/07\/4217-111x150.jpg 111w, http:\/\/museumek.eu\/wp-content\/uploads\/2015\/07\/4217.jpg 350w\" sizes=\"(max-width: 222px) 100vw, 222px\" \/><\/a><\/p>\n<p><a href=\"http:\/\/museumek.eu\/?attachment_id=42558\" rel=\"attachment wp-att-42558\"><img loading=\"lazy\" src=\"http:\/\/museumek.eu\/wp-content\/uploads\/2015\/07\/4218-300x139.jpg\" alt=\"\" title=\"4218\" width=\"300\" height=\"139\" class=\"alignnone size-medium wp-image-42558\" srcset=\"http:\/\/museumek.eu\/wp-content\/uploads\/2015\/07\/4218-300x139.jpg 300w, http:\/\/museumek.eu\/wp-content\/uploads\/2015\/07\/4218-150x69.jpg 150w, http:\/\/museumek.eu\/wp-content\/uploads\/2015\/07\/4218-500x233.jpg 500w, http:\/\/museumek.eu\/wp-content\/uploads\/2015\/07\/4218.jpg 731w\" sizes=\"(max-width: 300px) 100vw, 300px\" \/><\/a><\/p>\n","protected":false},"excerpt":{"rendered":"<p>Abteilung Deutschland, Keramik 1860 \u2013 1960, Inventarnummer D\/XI\/3 Allg\u00e4uer Keramik Hans Rebstock, Deutschland, Altst\u00e4dten, um 1925, Kanne, K\u00fcnstler unbekannt, Werks.-Nr. ohne, Exemplar Nr. ohne, gemarkt Firmenmarke mit senkrechtem Pfeil durch einen Kreis gehend, in der Kreismitte ein waagerechter Strich der &hellip; <a href=\"http:\/\/museumek.eu\/?page_id=42550\">Weiterlesen <span class=\"meta-nav\">&rarr;<\/span><\/a><\/p>\n","protected":false},"author":1,"featured_media":0,"parent":2026,"menu_order":3,"comment_status":"closed","ping_status":"open","template":"","meta":[],"_links":{"self":[{"href":"http:\/\/museumek.eu\/index.php?rest_route=\/wp\/v2\/pages\/42550"}],"collection":[{"href":"http:\/\/museumek.eu\/index.php?rest_route=\/wp\/v2\/pages"}],"about":[{"href":"http:\/\/museumek.eu\/index.php?rest_route=\/wp\/v2\/types\/page"}],"author":[{"embeddable":true,"href":"http:\/\/museumek.eu\/index.php?rest_route=\/wp\/v2\/users\/1"}],"replies":[{"embeddable":true,"href":"http:\/\/museumek.eu\/index.php?rest_route=%2Fwp%2Fv2%2Fcomments&post=42550"}],"version-history":[{"count":6,"href":"http:\/\/museumek.eu\/index.php?rest_route=\/wp\/v2\/pages\/42550\/revisions"}],"predecessor-version":[{"id":42564,"href":"http:\/\/museumek.eu\/index.php?rest_route=\/wp\/v2\/pages\/42550\/revisions\/42564"}],"up":[{"embeddable":true,"href":"http:\/\/museumek.eu\/index.php?rest_route=\/wp\/v2\/pages\/2026"}],"wp:attachment":[{"href":"http:\/\/museumek.eu\/index.php?rest_route=%2Fwp%2Fv2%2Fmedia&parent=42550"}],"curies":[{"name":"wp","href":"https:\/\/api.w.org\/{rel}","templated":true}]}}