{"id":42615,"date":"2015-07-19T22:34:23","date_gmt":"2015-07-19T20:34:23","guid":{"rendered":"http:\/\/museumek.eu\/?page_id=42615"},"modified":"2015-07-19T22:35:02","modified_gmt":"2015-07-19T20:35:02","slug":"dvi2","status":"publish","type":"page","link":"http:\/\/museumek.eu\/?page_id=42615","title":{"rendered":"D\/VI\/2"},"content":{"rendered":"<p><strong>Abteilung Deutschland, Keramik 1860 \u2013 1960, Inventarnummer D\/VI\/2<\/strong><\/p>\n<p>Steingutfabrik Schmelzer &#038; Gericke, Deutschland, Althaldensleben, um 1935, Schale, K\u00fcnstler unbekannt, Werks.-Nr. ohne, Exemplar Nr. ohne, gemarkt keine Firmenmarke, nicht signiert, Friedrich Schmelzer, geb. 12.09.1834 in Wiche, war nach seiner kaufm\u00e4nnischen Ausbildung ab 1854 als Buchhalter f\u00fcr die Siderolithfabrik Schulze &#038; Bauermeister in Althaldensleben t\u00e4tig, ab 1858 war er Teilhaber der Siderolithfabrik Raschke &#038; Co. in Althaldensleben, nach Raschkes Ausscheiden erwarb Schmelzers Schwiegervater August Gericke Raschkes Anteile an der Fabrik, ab 1863 produzierte Schmelzer Steingut, anscheinend war die Qualit\u00e4t nicht zufriedenstellend oder die Produktionsprozesse veraltet, wohl deshalb verkaufte Schmelzer die Produktionanlagen und legte 1865 den Grundstein f\u00fcr eine moderne Steingutfabrik, um diese Zeit trat sein Schwager Karl Gericke in die Fabrik ein und wohl ab diesem Zeitpunkt firmierte die Fabrik als Steingutfabrik Schmelzer &#038; Gericke, mit Hilfe der Hamburger Exportfirma J. &#038; M. Salomon gelang es der Fabrik dem englischen Steingut weltweit Konkurrenz zu machen, am 28.09.1904 verstarb Friedrich Schmelzer und seine S\u00f6hne Friedrich Schmelzer jun. und Johann Schmelzer traten in die Fabrik ein, 1945 wurde die Fabrik enteignet, Zuordnung: das MEK hat beide Schmelzer Fabrikate zusammen angeschafft, die Schale hat das gleiche Dekor und besteht aus dem gleichen keramischen Material wie das Milchk\u00e4nnchen MEK D\/VI\/1, welches mit einer Firmenmarke versehen ist,<br \/>\nH\u00f6he 5 cm, Breite 31,5 cm<\/p>\n<p><a href=\"http:\/\/museumek.eu\/?attachment_id=42616\" rel=\"attachment wp-att-42616\"><img loading=\"lazy\" src=\"http:\/\/museumek.eu\/wp-content\/uploads\/2015\/07\/481-300x159.jpg\" alt=\"\" title=\"481\" width=\"300\" height=\"159\" class=\"alignnone size-medium wp-image-42616\" srcset=\"http:\/\/museumek.eu\/wp-content\/uploads\/2015\/07\/481-300x159.jpg 300w, http:\/\/museumek.eu\/wp-content\/uploads\/2015\/07\/481-150x79.jpg 150w, http:\/\/museumek.eu\/wp-content\/uploads\/2015\/07\/481-500x265.jpg 500w, http:\/\/museumek.eu\/wp-content\/uploads\/2015\/07\/481.jpg 745w\" sizes=\"(max-width: 300px) 100vw, 300px\" \/><\/a><\/p>\n<p><a href=\"http:\/\/museumek.eu\/?attachment_id=42617\" rel=\"attachment wp-att-42617\"><img loading=\"lazy\" src=\"http:\/\/museumek.eu\/wp-content\/uploads\/2015\/07\/482-300x186.jpg\" alt=\"\" title=\"482\" width=\"300\" height=\"186\" class=\"alignnone size-medium wp-image-42617\" srcset=\"http:\/\/museumek.eu\/wp-content\/uploads\/2015\/07\/482-300x186.jpg 300w, http:\/\/museumek.eu\/wp-content\/uploads\/2015\/07\/482-150x93.jpg 150w, http:\/\/museumek.eu\/wp-content\/uploads\/2015\/07\/482-483x300.jpg 483w, http:\/\/museumek.eu\/wp-content\/uploads\/2015\/07\/482.jpg 737w\" sizes=\"(max-width: 300px) 100vw, 300px\" \/><\/a><\/p>\n","protected":false},"excerpt":{"rendered":"<p>Abteilung Deutschland, Keramik 1860 \u2013 1960, Inventarnummer D\/VI\/2 Steingutfabrik Schmelzer &#038; Gericke, Deutschland, Althaldensleben, um 1935, Schale, K\u00fcnstler unbekannt, Werks.-Nr. ohne, Exemplar Nr. ohne, gemarkt keine Firmenmarke, nicht signiert, Friedrich Schmelzer, geb. 12.09.1834 in Wiche, war nach seiner kaufm\u00e4nnischen Ausbildung &hellip; <a href=\"http:\/\/museumek.eu\/?page_id=42615\">Weiterlesen <span class=\"meta-nav\">&rarr;<\/span><\/a><\/p>\n","protected":false},"author":1,"featured_media":0,"parent":1953,"menu_order":2,"comment_status":"closed","ping_status":"open","template":"","meta":[],"_links":{"self":[{"href":"http:\/\/museumek.eu\/index.php?rest_route=\/wp\/v2\/pages\/42615"}],"collection":[{"href":"http:\/\/museumek.eu\/index.php?rest_route=\/wp\/v2\/pages"}],"about":[{"href":"http:\/\/museumek.eu\/index.php?rest_route=\/wp\/v2\/types\/page"}],"author":[{"embeddable":true,"href":"http:\/\/museumek.eu\/index.php?rest_route=\/wp\/v2\/users\/1"}],"replies":[{"embeddable":true,"href":"http:\/\/museumek.eu\/index.php?rest_route=%2Fwp%2Fv2%2Fcomments&post=42615"}],"version-history":[{"count":6,"href":"http:\/\/museumek.eu\/index.php?rest_route=\/wp\/v2\/pages\/42615\/revisions"}],"predecessor-version":[{"id":42623,"href":"http:\/\/museumek.eu\/index.php?rest_route=\/wp\/v2\/pages\/42615\/revisions\/42623"}],"up":[{"embeddable":true,"href":"http:\/\/museumek.eu\/index.php?rest_route=\/wp\/v2\/pages\/1953"}],"wp:attachment":[{"href":"http:\/\/museumek.eu\/index.php?rest_route=%2Fwp%2Fv2%2Fmedia&parent=42615"}],"curies":[{"name":"wp","href":"https:\/\/api.w.org\/{rel}","templated":true}]}}