{"id":42683,"date":"2015-07-21T23:26:21","date_gmt":"2015-07-21T21:26:21","guid":{"rendered":"http:\/\/museumek.eu\/?page_id=42683"},"modified":"2015-07-21T23:33:16","modified_gmt":"2015-07-21T21:33:16","slug":"dlxxxiii10","status":"publish","type":"page","link":"http:\/\/museumek.eu\/?page_id=42683","title":{"rendered":"D\/LXXXIII\/10"},"content":{"rendered":"<p><strong>Abteilung Deutschland, Keramik 1860 \u2013 1960, Inventarnummer D\/LXXXIII\/\/10<\/strong><\/p>\n<p>D\u00fcmler &#038; Breiden Fabrik reichverzierter, altdeutscher Steinkr\u00fcge, Trinkhumpen, Pokale, Wein- u. Bierkannen etc. sowie Steinwaren in modernem Geschmack in bunter Glasur und bester Ausf\u00fchrung (attr.), Deutschland, H\u00f6hr, um 1910, Kanne, K\u00fcnstler Paul D\u00fcmler (attr.), Werks.-Nr. 1118, Exemplar Nr. ohne, gemarkt keine Firmenmarke aber 1118, ungedeutetes Zeichen mit Punkt sowie 1 \u00bd L \u00fcber Eichstrich gepresst, ungedeutetes Zeichen geritzt, nicht signiert, Literatur: J\u00fcrgen Schimanski und J\u00fcrgen Erlebach, Westerw\u00e4lder Steinzeug, Die Neue \u00c4ra, Seite 38, Fabrikbeschreibung sowie Seite 41, Abbildung Nr. 7, dort bei D\u00fcmler &#038; Breiden eine Form- und Dekorgleiche etwas gr\u00f6\u00dfere Kanne in der Ausf\u00fchrung Terra Sigillata Werks.-Nr. 1126 abgebildet, dort in den blauen Kreisen weise Punkte, weitere Literatur: J\u00fcrgen Schimanski, Braun geflammt und grau gesalzen, Seite 196, Fabrikbeschreibung sowie Seite 134, Abbildung Nr. 250, Seidel mit dem Punktkreisdekor, dort beschrieben Entwurf Paul D\u00fcmler, die Fabrik wurde 1883\/1884 von Peter D\u00fcmler und seinem sp\u00e4teren Schwager Albert Breiden in H\u00f6hr gegr\u00fcndet, 1907 zum Tode Peter D\u00fcmlers treten seine Witwe Bertha und sein Sohn Paul in die Fabrik ein, Paul wird seit dem WK I vermi\u00dft, um 1913 verkauft Albert Breiden seine Fabrikanteile (an wen konnte nicht recherchiert werden) und um 1918 tritt der Cousin Ernst D\u00fcmler in die Fabrik ein, die o. g. Fabrikbezeichnung wurde von einer Zeitungsanzeige des Jahres 1907 \u00fcbernommen, die Fabrik bestand \u00fcber den WK II hinaus, Fabrikzuordnung: siehe Ausf\u00fchrungen oben, au\u00dferdem identische Kanne als 2 Liter Ausf\u00fchrung wie MEK D\/LXXXIII\/7 mit Werks.-Nr. 1119, also nur eine Werks.-Nr. h\u00f6her, K\u00fcnstlerzuordnung: Paul D\u00fcmler hat fast alle Dekore im modernen Stil entworfen,<strong> der 1 cm hohe und 1,3 cm breite 1 \u00bd Liter Stempel, dient dem MEK als Identifizierungsstempel f\u00fcr nicht mit einer Fabrikmarke versehene Fabrikate von D\u00fcmler &#038; Breiden (Anm. MEK: warum der 1 \u00bd Liter Stempel von den Stempeln 1 Liter und 2 Liter sowohl in der Ausf\u00fchrung als auch bez\u00fcglich des Anbringungsortes abweicht, ist nicht gekl\u00e4rt), das MEK Exemplar mit der Werks.-Nr. 1118 ist in der Fachliteratur noch nicht erfasst<\/strong>, Ausf\u00fchrung als Elfenbeinsteinzeug, blau-schwarz und rot-braun glasiert, Zinnmontur mit Blechdeckel, H\u00f6he 25,3 cm, Breite 16,2 cm (nur die Keramik)<\/p>\n<p><a href=\"http:\/\/museumek.eu\/?attachment_id=42686\" rel=\"attachment wp-att-42686\"><img loading=\"lazy\" src=\"http:\/\/museumek.eu\/wp-content\/uploads\/2015\/07\/4241-125x300.jpg\" alt=\"\" title=\"4241\" width=\"125\" height=\"300\" class=\"alignnone size-medium wp-image-42686\" srcset=\"http:\/\/museumek.eu\/wp-content\/uploads\/2015\/07\/4241-125x300.jpg 125w, http:\/\/museumek.eu\/wp-content\/uploads\/2015\/07\/4241-62x150.jpg 62w, http:\/\/museumek.eu\/wp-content\/uploads\/2015\/07\/4241.jpg 335w\" sizes=\"(max-width: 125px) 100vw, 125px\" \/><\/a><\/p>\n<p><a href=\"http:\/\/museumek.eu\/?attachment_id=42687\" rel=\"attachment wp-att-42687\"><img loading=\"lazy\" src=\"http:\/\/museumek.eu\/wp-content\/uploads\/2015\/07\/4242-169x300.jpg\" alt=\"\" title=\"4242\" width=\"169\" height=\"300\" class=\"alignnone size-medium wp-image-42687\" srcset=\"http:\/\/museumek.eu\/wp-content\/uploads\/2015\/07\/4242-169x300.jpg 169w, http:\/\/museumek.eu\/wp-content\/uploads\/2015\/07\/4242-84x150.jpg 84w, http:\/\/museumek.eu\/wp-content\/uploads\/2015\/07\/4242.jpg 451w\" sizes=\"(max-width: 169px) 100vw, 169px\" \/><\/a><\/p>\n<p><a href=\"http:\/\/museumek.eu\/?attachment_id=42688\" rel=\"attachment wp-att-42688\"><img loading=\"lazy\" src=\"http:\/\/museumek.eu\/wp-content\/uploads\/2015\/07\/4243-157x300.jpg\" alt=\"\" title=\"4243\" width=\"157\" height=\"300\" class=\"alignnone size-medium wp-image-42688\" srcset=\"http:\/\/museumek.eu\/wp-content\/uploads\/2015\/07\/4243-157x300.jpg 157w, http:\/\/museumek.eu\/wp-content\/uploads\/2015\/07\/4243-78x150.jpg 78w\" sizes=\"(max-width: 157px) 100vw, 157px\" \/><\/a><\/p>\n<p><a href=\"http:\/\/museumek.eu\/?attachment_id=42689\" rel=\"attachment wp-att-42689\"><img loading=\"lazy\" src=\"http:\/\/museumek.eu\/wp-content\/uploads\/2015\/07\/4244-122x300.jpg\" alt=\"\" title=\"4244\" width=\"122\" height=\"300\" class=\"alignnone size-medium wp-image-42689\" srcset=\"http:\/\/museumek.eu\/wp-content\/uploads\/2015\/07\/4244-122x300.jpg 122w, http:\/\/museumek.eu\/wp-content\/uploads\/2015\/07\/4244-61x150.jpg 61w, http:\/\/museumek.eu\/wp-content\/uploads\/2015\/07\/4244.jpg 326w\" sizes=\"(max-width: 122px) 100vw, 122px\" \/><\/a><\/p>\n<p><a href=\"http:\/\/museumek.eu\/?attachment_id=42691\" rel=\"attachment wp-att-42691\"><img loading=\"lazy\" src=\"http:\/\/museumek.eu\/wp-content\/uploads\/2015\/07\/4246-195x300.jpg\" alt=\"\" title=\"4246\" width=\"195\" height=\"300\" class=\"alignnone size-medium wp-image-42691\" srcset=\"http:\/\/museumek.eu\/wp-content\/uploads\/2015\/07\/4246-195x300.jpg 195w, http:\/\/museumek.eu\/wp-content\/uploads\/2015\/07\/4246-97x150.jpg 97w, http:\/\/museumek.eu\/wp-content\/uploads\/2015\/07\/4246.jpg 522w\" sizes=\"(max-width: 195px) 100vw, 195px\" \/><\/a><\/p>\n<p><a href=\"http:\/\/museumek.eu\/?attachment_id=42692\" rel=\"attachment wp-att-42692\"><img loading=\"lazy\" src=\"http:\/\/museumek.eu\/wp-content\/uploads\/2015\/07\/4245-162x300.jpg\" alt=\"\" title=\"4245\" width=\"162\" height=\"300\" class=\"alignnone size-medium wp-image-42692\" srcset=\"http:\/\/museumek.eu\/wp-content\/uploads\/2015\/07\/4245-162x300.jpg 162w, http:\/\/museumek.eu\/wp-content\/uploads\/2015\/07\/4245-81x150.jpg 81w, http:\/\/museumek.eu\/wp-content\/uploads\/2015\/07\/4245.jpg 432w\" sizes=\"(max-width: 162px) 100vw, 162px\" \/><\/a><\/p>\n<p><a href=\"http:\/\/museumek.eu\/?attachment_id=42693\" rel=\"attachment wp-att-42693\"><img loading=\"lazy\" src=\"http:\/\/museumek.eu\/wp-content\/uploads\/2015\/07\/4248-294x300.jpg\" alt=\"\" title=\"4248\" width=\"294\" height=\"300\" class=\"alignnone size-medium wp-image-42693\" srcset=\"http:\/\/museumek.eu\/wp-content\/uploads\/2015\/07\/4248-294x300.jpg 294w, http:\/\/museumek.eu\/wp-content\/uploads\/2015\/07\/4248-147x150.jpg 147w, http:\/\/museumek.eu\/wp-content\/uploads\/2015\/07\/4248.jpg 600w\" sizes=\"(max-width: 294px) 100vw, 294px\" \/><\/a><\/p>\n<p><a href=\"http:\/\/museumek.eu\/?attachment_id=42694\" rel=\"attachment wp-att-42694\"><img loading=\"lazy\" src=\"http:\/\/museumek.eu\/wp-content\/uploads\/2015\/07\/4247-280x300.jpg\" alt=\"\" title=\"4247\" width=\"280\" height=\"300\" class=\"alignnone size-medium wp-image-42694\" srcset=\"http:\/\/museumek.eu\/wp-content\/uploads\/2015\/07\/4247-280x300.jpg 280w, http:\/\/museumek.eu\/wp-content\/uploads\/2015\/07\/4247-140x150.jpg 140w, http:\/\/museumek.eu\/wp-content\/uploads\/2015\/07\/4247.jpg 600w\" sizes=\"(max-width: 280px) 100vw, 280px\" \/><\/a><\/p>\n<p><a href=\"http:\/\/museumek.eu\/?attachment_id=42695\" rel=\"attachment wp-att-42695\"><img loading=\"lazy\" src=\"http:\/\/museumek.eu\/wp-content\/uploads\/2015\/07\/42501-205x300.jpg\" alt=\"\" title=\"4250\" width=\"205\" height=\"300\" class=\"alignnone size-medium wp-image-42695\" srcset=\"http:\/\/museumek.eu\/wp-content\/uploads\/2015\/07\/42501-205x300.jpg 205w, http:\/\/museumek.eu\/wp-content\/uploads\/2015\/07\/42501-102x150.jpg 102w, http:\/\/museumek.eu\/wp-content\/uploads\/2015\/07\/42501.jpg 547w\" sizes=\"(max-width: 205px) 100vw, 205px\" \/><\/a><\/p>\n<p><a href=\"http:\/\/museumek.eu\/?attachment_id=42696\" rel=\"attachment wp-att-42696\"><img loading=\"lazy\" src=\"http:\/\/museumek.eu\/wp-content\/uploads\/2015\/07\/42511-245x300.jpg\" alt=\"\" title=\"4251\" width=\"245\" height=\"300\" class=\"alignnone size-medium wp-image-42696\" srcset=\"http:\/\/museumek.eu\/wp-content\/uploads\/2015\/07\/42511-245x300.jpg 245w, http:\/\/museumek.eu\/wp-content\/uploads\/2015\/07\/42511-122x150.jpg 122w, http:\/\/museumek.eu\/wp-content\/uploads\/2015\/07\/42511.jpg 600w\" sizes=\"(max-width: 245px) 100vw, 245px\" \/><\/a><\/p>\n<p><a href=\"http:\/\/museumek.eu\/?attachment_id=42697\" rel=\"attachment wp-att-42697\"><img loading=\"lazy\" src=\"http:\/\/museumek.eu\/wp-content\/uploads\/2015\/07\/42521-300x210.jpg\" alt=\"\" title=\"4252\" width=\"300\" height=\"210\" class=\"alignnone size-medium wp-image-42697\" srcset=\"http:\/\/museumek.eu\/wp-content\/uploads\/2015\/07\/42521-300x210.jpg 300w, http:\/\/museumek.eu\/wp-content\/uploads\/2015\/07\/42521-150x105.jpg 150w, http:\/\/museumek.eu\/wp-content\/uploads\/2015\/07\/42521-427x300.jpg 427w, http:\/\/museumek.eu\/wp-content\/uploads\/2015\/07\/42521.jpg 800w\" sizes=\"(max-width: 300px) 100vw, 300px\" \/><\/a><\/p>\n","protected":false},"excerpt":{"rendered":"<p>Abteilung Deutschland, Keramik 1860 \u2013 1960, Inventarnummer D\/LXXXIII\/\/10 D\u00fcmler &#038; Breiden Fabrik reichverzierter, altdeutscher Steinkr\u00fcge, Trinkhumpen, Pokale, Wein- u. Bierkannen etc. sowie Steinwaren in modernem Geschmack in bunter Glasur und bester Ausf\u00fchrung (attr.), Deutschland, H\u00f6hr, um 1910, Kanne, K\u00fcnstler Paul &hellip; <a href=\"http:\/\/museumek.eu\/?page_id=42683\">Weiterlesen <span class=\"meta-nav\">&rarr;<\/span><\/a><\/p>\n","protected":false},"author":1,"featured_media":0,"parent":22586,"menu_order":10,"comment_status":"closed","ping_status":"open","template":"","meta":[],"_links":{"self":[{"href":"http:\/\/museumek.eu\/index.php?rest_route=\/wp\/v2\/pages\/42683"}],"collection":[{"href":"http:\/\/museumek.eu\/index.php?rest_route=\/wp\/v2\/pages"}],"about":[{"href":"http:\/\/museumek.eu\/index.php?rest_route=\/wp\/v2\/types\/page"}],"author":[{"embeddable":true,"href":"http:\/\/museumek.eu\/index.php?rest_route=\/wp\/v2\/users\/1"}],"replies":[{"embeddable":true,"href":"http:\/\/museumek.eu\/index.php?rest_route=%2Fwp%2Fv2%2Fcomments&post=42683"}],"version-history":[{"count":5,"href":"http:\/\/museumek.eu\/index.php?rest_route=\/wp\/v2\/pages\/42683\/revisions"}],"predecessor-version":[{"id":42699,"href":"http:\/\/museumek.eu\/index.php?rest_route=\/wp\/v2\/pages\/42683\/revisions\/42699"}],"up":[{"embeddable":true,"href":"http:\/\/museumek.eu\/index.php?rest_route=\/wp\/v2\/pages\/22586"}],"wp:attachment":[{"href":"http:\/\/museumek.eu\/index.php?rest_route=%2Fwp%2Fv2%2Fmedia&parent=42683"}],"curies":[{"name":"wp","href":"https:\/\/api.w.org\/{rel}","templated":true}]}}