{"id":42795,"date":"2015-07-25T22:07:43","date_gmt":"2015-07-25T20:07:43","guid":{"rendered":"http:\/\/museumek.eu\/?page_id=42795"},"modified":"2015-07-25T22:41:41","modified_gmt":"2015-07-25T20:41:41","slug":"dxlix22","status":"publish","type":"page","link":"http:\/\/museumek.eu\/?page_id=42795","title":{"rendered":"D\/XLIX\/22"},"content":{"rendered":"<p><strong>Abteilung Deutschland, Keramik 1860 \u2013 1960, Inventarnummer D\/XLIX\/22<\/strong><\/p>\n<p>Simon Peter Gerz I. GmbH Fabrik fein verzierter Gebrauchs- und Luxusgegenst\u00e4nde und Vorg\u00e4nger Simon Peter Gerz I. Fabrik antiker reichverzierter Steinzeugwaaren, Deutschland, H\u00f6hr, um 1900, Kanne, K\u00fcnstler unbekannt, Werks.-Nr. 969, Exemplar Nr. ohne, gemarkt Firmenmarke mit einem Krug in einem Dreieck sowie 969, nicht signiert, Literatur: Gisela Reineking von Bock, Meister der deutschen Keramik, Seite 329, Marke Nr. 212 identisch, weitere Literatur: J\u00fcrgen Schimanski und J\u00fcrgen Erlebach, Westerw\u00e4lder Steinzeug, Die Neue \u00c4ra, Seite 44 ff., Fabrikbeschreibung sowie Seite 44, Marke Nr. 6 identisch, weitere Literatur: J\u00fcrgen Schimanski, Braun geflammt und grau gesalzen, Seite 197, Beschreibung der Fabrik sowie Marke Nr. 6 identisch, die Fabrik wurde 1857 von Simon Peter Gerz I (geb. 13.09.1830, gest. 12.09.1893) gegr\u00fcndet, die Registereintragung erfolgte aber erst 1862, insofern ist das Jahr 1862 das amtliche Gr\u00fcndungsdatum, bisher konnte in keiner Literatur eine Erkl\u00e4rung gefunden werden, warum Gerz seinem Namen eine r\u00f6mische I anf\u00fcgte, recherchiert werden konnte, dass es noch einen Steinzeugfabrikanten namens Simon Peter Gerz II (geb. 1833, gest. 1908) gab und dass dieser der Vater von Alois Jacob Gerz, dem Mitbegr\u00fcnder der Steinzeugfabrik Rosskopf &#038; Gerz war, 1867 erhielt die Fabrik das Pr\u00e4dikat eines Hoflieferanten des Herzog von Nassau, 1893 (Gerz Tod) wurde der Schwiegersohn Alphons William Loetschert Inhaber, sehr wahrscheinlich wurde um diese Zeit auch die Fabrikmarke SPG I in einem Kreis in die Dreieckmarke mit einem Krug ge\u00e4ndert, sp\u00e4testens aber sicher 1897, 1897 wurde die Pfeiffenfabrik M\u00fcllenbach &#038; Thewalt Mitinhaber und eine GmbH wurde gegr\u00fcndet (Gr\u00fcndungsdatum: 05.08.1897), die Fabrik bestand bis 1997, keine Liter Angabe, MEK Nachmessung: ca. 1,7 Liter, Ausf\u00fchrung als Elfenbeinsteinzeug, H\u00f6he 24,2 cm, Breite 18 cm<\/p>\n<p><a href=\"http:\/\/museumek.eu\/?attachment_id=42796\" rel=\"attachment wp-att-42796\"><img loading=\"lazy\" src=\"http:\/\/museumek.eu\/wp-content\/uploads\/2015\/07\/4259-162x300.jpg\" alt=\"\" title=\"4259\" width=\"162\" height=\"300\" class=\"alignnone size-medium wp-image-42796\" srcset=\"http:\/\/museumek.eu\/wp-content\/uploads\/2015\/07\/4259-162x300.jpg 162w, http:\/\/museumek.eu\/wp-content\/uploads\/2015\/07\/4259-81x150.jpg 81w, http:\/\/museumek.eu\/wp-content\/uploads\/2015\/07\/4259.jpg 433w\" sizes=\"(max-width: 162px) 100vw, 162px\" \/><\/a><\/p>\n<p><a href=\"http:\/\/museumek.eu\/?attachment_id=42797\" rel=\"attachment wp-att-42797\"><img loading=\"lazy\" src=\"http:\/\/museumek.eu\/wp-content\/uploads\/2015\/07\/4260-195x300.jpg\" alt=\"\" title=\"4260\" width=\"195\" height=\"300\" class=\"alignnone size-medium wp-image-42797\" srcset=\"http:\/\/museumek.eu\/wp-content\/uploads\/2015\/07\/4260-195x300.jpg 195w, http:\/\/museumek.eu\/wp-content\/uploads\/2015\/07\/4260-97x150.jpg 97w, http:\/\/museumek.eu\/wp-content\/uploads\/2015\/07\/4260.jpg 522w\" sizes=\"(max-width: 195px) 100vw, 195px\" \/><\/a><\/p>\n<p><a href=\"http:\/\/museumek.eu\/?attachment_id=42798\" rel=\"attachment wp-att-42798\"><img loading=\"lazy\" src=\"http:\/\/museumek.eu\/wp-content\/uploads\/2015\/07\/4261-186x300.jpg\" alt=\"\" title=\"4261\" width=\"186\" height=\"300\" class=\"alignnone size-medium wp-image-42798\" srcset=\"http:\/\/museumek.eu\/wp-content\/uploads\/2015\/07\/4261-186x300.jpg 186w, http:\/\/museumek.eu\/wp-content\/uploads\/2015\/07\/4261-93x150.jpg 93w, http:\/\/museumek.eu\/wp-content\/uploads\/2015\/07\/4261.jpg 498w\" sizes=\"(max-width: 186px) 100vw, 186px\" \/><\/a><\/p>\n<p><a href=\"http:\/\/museumek.eu\/?attachment_id=42799\" rel=\"attachment wp-att-42799\"><img loading=\"lazy\" src=\"http:\/\/museumek.eu\/wp-content\/uploads\/2015\/07\/42641-161x300.jpg\" alt=\"\" title=\"4264\" width=\"161\" height=\"300\" class=\"alignnone size-medium wp-image-42799\" srcset=\"http:\/\/museumek.eu\/wp-content\/uploads\/2015\/07\/42641-161x300.jpg 161w, http:\/\/museumek.eu\/wp-content\/uploads\/2015\/07\/42641-80x150.jpg 80w, http:\/\/museumek.eu\/wp-content\/uploads\/2015\/07\/42641.jpg 430w\" sizes=\"(max-width: 161px) 100vw, 161px\" \/><\/a><\/p>\n<p><a href=\"http:\/\/museumek.eu\/?attachment_id=42800\" rel=\"attachment wp-att-42800\"><img loading=\"lazy\" src=\"http:\/\/museumek.eu\/wp-content\/uploads\/2015\/07\/42651-209x300.jpg\" alt=\"\" title=\"4265\" width=\"209\" height=\"300\" class=\"alignnone size-medium wp-image-42800\" srcset=\"http:\/\/museumek.eu\/wp-content\/uploads\/2015\/07\/42651-209x300.jpg 209w, http:\/\/museumek.eu\/wp-content\/uploads\/2015\/07\/42651-104x150.jpg 104w, http:\/\/museumek.eu\/wp-content\/uploads\/2015\/07\/42651.jpg 559w\" sizes=\"(max-width: 209px) 100vw, 209px\" \/><\/a><\/p>\n<p><a href=\"http:\/\/museumek.eu\/?attachment_id=42802\" rel=\"attachment wp-att-42802\"><img loading=\"lazy\" src=\"http:\/\/museumek.eu\/wp-content\/uploads\/2015\/07\/4263-150x300.jpg\" alt=\"\" title=\"4263\" width=\"150\" height=\"300\" class=\"alignnone size-medium wp-image-42802\" srcset=\"http:\/\/museumek.eu\/wp-content\/uploads\/2015\/07\/4263-150x300.jpg 150w, http:\/\/museumek.eu\/wp-content\/uploads\/2015\/07\/4263-75x150.jpg 75w, http:\/\/museumek.eu\/wp-content\/uploads\/2015\/07\/4263.jpg 400w\" sizes=\"(max-width: 150px) 100vw, 150px\" \/><\/a><\/p>\n<p><a href=\"http:\/\/museumek.eu\/?attachment_id=42801\" rel=\"attachment wp-att-42801\"><img loading=\"lazy\" src=\"http:\/\/museumek.eu\/wp-content\/uploads\/2015\/07\/4262-147x300.jpg\" alt=\"\" title=\"4262\" width=\"147\" height=\"300\" class=\"alignnone size-medium wp-image-42801\" srcset=\"http:\/\/museumek.eu\/wp-content\/uploads\/2015\/07\/4262-147x300.jpg 147w, http:\/\/museumek.eu\/wp-content\/uploads\/2015\/07\/4262-73x150.jpg 73w, http:\/\/museumek.eu\/wp-content\/uploads\/2015\/07\/4262.jpg 393w\" sizes=\"(max-width: 147px) 100vw, 147px\" \/><\/a><\/p>\n<p><a href=\"http:\/\/museumek.eu\/?attachment_id=42803\" rel=\"attachment wp-att-42803\"><img loading=\"lazy\" src=\"http:\/\/museumek.eu\/wp-content\/uploads\/2015\/07\/42661-285x300.jpg\" alt=\"\" title=\"4266\" width=\"285\" height=\"300\" class=\"alignnone size-medium wp-image-42803\" srcset=\"http:\/\/museumek.eu\/wp-content\/uploads\/2015\/07\/42661-285x300.jpg 285w, http:\/\/museumek.eu\/wp-content\/uploads\/2015\/07\/42661-142x150.jpg 142w, http:\/\/museumek.eu\/wp-content\/uploads\/2015\/07\/42661.jpg 516w\" sizes=\"(max-width: 285px) 100vw, 285px\" \/><\/a><\/p>\n","protected":false},"excerpt":{"rendered":"<p>Abteilung Deutschland, Keramik 1860 \u2013 1960, Inventarnummer D\/XLIX\/22 Simon Peter Gerz I. GmbH Fabrik fein verzierter Gebrauchs- und Luxusgegenst\u00e4nde und Vorg\u00e4nger Simon Peter Gerz I. Fabrik antiker reichverzierter Steinzeugwaaren, Deutschland, H\u00f6hr, um 1900, Kanne, K\u00fcnstler unbekannt, Werks.-Nr. 969, Exemplar Nr. &hellip; <a href=\"http:\/\/museumek.eu\/?page_id=42795\">Weiterlesen <span class=\"meta-nav\">&rarr;<\/span><\/a><\/p>\n","protected":false},"author":1,"featured_media":0,"parent":40447,"menu_order":22,"comment_status":"closed","ping_status":"open","template":"","meta":[],"_links":{"self":[{"href":"http:\/\/museumek.eu\/index.php?rest_route=\/wp\/v2\/pages\/42795"}],"collection":[{"href":"http:\/\/museumek.eu\/index.php?rest_route=\/wp\/v2\/pages"}],"about":[{"href":"http:\/\/museumek.eu\/index.php?rest_route=\/wp\/v2\/types\/page"}],"author":[{"embeddable":true,"href":"http:\/\/museumek.eu\/index.php?rest_route=\/wp\/v2\/users\/1"}],"replies":[{"embeddable":true,"href":"http:\/\/museumek.eu\/index.php?rest_route=%2Fwp%2Fv2%2Fcomments&post=42795"}],"version-history":[{"count":6,"href":"http:\/\/museumek.eu\/index.php?rest_route=\/wp\/v2\/pages\/42795\/revisions"}],"predecessor-version":[{"id":42809,"href":"http:\/\/museumek.eu\/index.php?rest_route=\/wp\/v2\/pages\/42795\/revisions\/42809"}],"up":[{"embeddable":true,"href":"http:\/\/museumek.eu\/index.php?rest_route=\/wp\/v2\/pages\/40447"}],"wp:attachment":[{"href":"http:\/\/museumek.eu\/index.php?rest_route=%2Fwp%2Fv2%2Fmedia&parent=42795"}],"curies":[{"name":"wp","href":"https:\/\/api.w.org\/{rel}","templated":true}]}}