{"id":43090,"date":"2015-07-31T20:46:54","date_gmt":"2015-07-31T18:46:54","guid":{"rendered":"http:\/\/museumek.eu\/?page_id=43090"},"modified":"2015-07-31T20:46:54","modified_gmt":"2015-07-31T18:46:54","slug":"dxxv4","status":"publish","type":"page","link":"http:\/\/museumek.eu\/?page_id=43090","title":{"rendered":"D\/XXV\/4"},"content":{"rendered":"<p><strong>Abteilung Deutschland, Keramik 1860 \u2013 1960, Inventarnummer D\/XXV\/4<\/strong><\/p>\n<p>Reps &#038; Trinte Kunstanstalt, Vereinigte Werkst\u00e4tten von Gebr\u00fcder Schultz, Berlin, Joh. Val. Vanni, Frankfurt a. M., A. Trinte, Neustadt Magdeburg, Carl Koch, Magdeburg, Deutschland, Magdeburg, um 1900, B\u00fcste Dante, K\u00fcnstler unbekannt, Werks.-Nr. 898, Exemplar-Nr. 8 (?), gemarkt Firmenmarke mit R. &#038; T. Mgdbg (f\u00fcr Reps &#038; Trinte Magdeburg), darunter quer stehender Knabe (?), darunter Gesetzl. Gesch\u00fctzt, 898 sowie 8 gepresst, nicht signiert, die Kunstanstalt wurde vom Kaufmann Carl Reps und Bildhauer A. Trinte in Neustadt Magdeburg gegr\u00fcndet, das Gr\u00fcndungsjahr kann 1889 sein, wenn ja dann Umzug 1896 in neu errichtete Geb\u00e4ude in der Morgenstra\u00dfe 5 in Neustadt Magdeburg, wenn kein Umzug, dann erfolgte die Gr\u00fcndung erst 1896, die o. g. Firmierung wurde von einem Briefbogen der Fabrik aus dem Jahre 1899 \u00fcbernommen, nicht gesichert ist eine Inhaber\u00e4nderung, ab 1910 Carl Reps als Alleineigent\u00fcmer, nicht gesichert ist eine Firmierungs\u00e4nderung, 1922 in Magdeburger Kunstwerkst\u00e4tten Reps &#038; Trinte, nicht gesichert ist eine Inhaber\u00e4nderung, 1928 Philipp Hamburger und Hans F. Thomas als Inhaber, nicht gesichert ist, ob die Firmenmarke von der Gr\u00fcndung bis zur Schlie\u00dfung unver\u00e4ndert verwendet worden ist, nicht gesichert ist der Zeitpunkt der Fabrikschlie\u00dfung, gesichert ist, dass K\u00fcnstler wie Paul Aichele, die Br\u00fcder Fritz und Hans von Heider, Etha Richter und Bl\u00e4sche Entw\u00fcrfe lieferten, Bodenbeschriftung Dante wohl aus j\u00fcngerer Zeit, H\u00f6he 34 cm, Breite 44 cm<\/p>\n<p><a href=\"http:\/\/museumek.eu\/?attachment_id=43091\" rel=\"attachment wp-att-43091\"><img loading=\"lazy\" src=\"http:\/\/museumek.eu\/wp-content\/uploads\/2015\/07\/4123-300x286.jpg\" alt=\"\" title=\"4123\" width=\"300\" height=\"286\" class=\"alignnone size-medium wp-image-43091\" srcset=\"http:\/\/museumek.eu\/wp-content\/uploads\/2015\/07\/4123-300x286.jpg 300w, http:\/\/museumek.eu\/wp-content\/uploads\/2015\/07\/4123-150x143.jpg 150w, http:\/\/museumek.eu\/wp-content\/uploads\/2015\/07\/4123-314x300.jpg 314w, http:\/\/museumek.eu\/wp-content\/uploads\/2015\/07\/4123.jpg 628w\" sizes=\"(max-width: 300px) 100vw, 300px\" \/><\/a><\/p>\n<p><a href=\"http:\/\/museumek.eu\/?attachment_id=43092\" rel=\"attachment wp-att-43092\"><img loading=\"lazy\" src=\"http:\/\/museumek.eu\/wp-content\/uploads\/2015\/07\/4125-144x300.jpg\" alt=\"\" title=\"4125\" width=\"144\" height=\"300\" class=\"alignnone size-medium wp-image-43092\" srcset=\"http:\/\/museumek.eu\/wp-content\/uploads\/2015\/07\/4125-144x300.jpg 144w, http:\/\/museumek.eu\/wp-content\/uploads\/2015\/07\/4125-72x150.jpg 72w, http:\/\/museumek.eu\/wp-content\/uploads\/2015\/07\/4125.jpg 384w\" sizes=\"(max-width: 144px) 100vw, 144px\" \/><\/a><\/p>\n<p><a href=\"http:\/\/museumek.eu\/?attachment_id=43093\" rel=\"attachment wp-att-43093\"><img loading=\"lazy\" src=\"http:\/\/museumek.eu\/wp-content\/uploads\/2015\/07\/4126-300x295.jpg\" alt=\"\" title=\"4126\" width=\"300\" height=\"295\" class=\"alignnone size-medium wp-image-43093\" srcset=\"http:\/\/museumek.eu\/wp-content\/uploads\/2015\/07\/4126-300x295.jpg 300w, http:\/\/museumek.eu\/wp-content\/uploads\/2015\/07\/4126-150x147.jpg 150w, http:\/\/museumek.eu\/wp-content\/uploads\/2015\/07\/4126-305x300.jpg 305w, http:\/\/museumek.eu\/wp-content\/uploads\/2015\/07\/4126.jpg 610w\" sizes=\"(max-width: 300px) 100vw, 300px\" \/><\/a><\/p>\n<p><a href=\"http:\/\/museumek.eu\/?attachment_id=43094\" rel=\"attachment wp-att-43094\"><img loading=\"lazy\" src=\"http:\/\/museumek.eu\/wp-content\/uploads\/2015\/07\/4127-141x300.jpg\" alt=\"\" title=\"4127\" width=\"141\" height=\"300\" class=\"alignnone size-medium wp-image-43094\" srcset=\"http:\/\/museumek.eu\/wp-content\/uploads\/2015\/07\/4127-141x300.jpg 141w, http:\/\/museumek.eu\/wp-content\/uploads\/2015\/07\/4127-70x150.jpg 70w\" sizes=\"(max-width: 141px) 100vw, 141px\" \/><\/a><\/p>\n<p><a href=\"http:\/\/museumek.eu\/?attachment_id=43095\" rel=\"attachment wp-att-43095\"><img loading=\"lazy\" src=\"http:\/\/museumek.eu\/wp-content\/uploads\/2015\/07\/4124-225x300.jpg\" alt=\"\" title=\"4124\" width=\"225\" height=\"300\" class=\"alignnone size-medium wp-image-43095\" srcset=\"http:\/\/museumek.eu\/wp-content\/uploads\/2015\/07\/4124-225x300.jpg 225w, http:\/\/museumek.eu\/wp-content\/uploads\/2015\/07\/4124-112x150.jpg 112w, http:\/\/museumek.eu\/wp-content\/uploads\/2015\/07\/4124.jpg 600w\" sizes=\"(max-width: 225px) 100vw, 225px\" \/><\/a><\/p>\n<p><a href=\"http:\/\/museumek.eu\/?attachment_id=43096\" rel=\"attachment wp-att-43096\"><img loading=\"lazy\" src=\"http:\/\/museumek.eu\/wp-content\/uploads\/2015\/07\/4130-211x300.jpg\" alt=\"\" title=\"4130\" width=\"211\" height=\"300\" class=\"alignnone size-medium wp-image-43096\" srcset=\"http:\/\/museumek.eu\/wp-content\/uploads\/2015\/07\/4130-211x300.jpg 211w, http:\/\/museumek.eu\/wp-content\/uploads\/2015\/07\/4130-105x150.jpg 105w, http:\/\/museumek.eu\/wp-content\/uploads\/2015\/07\/4130.jpg 504w\" sizes=\"(max-width: 211px) 100vw, 211px\" \/><\/a><\/p>\n<p><a href=\"http:\/\/museumek.eu\/?attachment_id=43097\" rel=\"attachment wp-att-43097\"><img loading=\"lazy\" src=\"http:\/\/museumek.eu\/wp-content\/uploads\/2015\/07\/4131-300x216.jpg\" alt=\"\" title=\"4131\" width=\"300\" height=\"216\" class=\"alignnone size-medium wp-image-43097\" srcset=\"http:\/\/museumek.eu\/wp-content\/uploads\/2015\/07\/4131-300x216.jpg 300w, http:\/\/museumek.eu\/wp-content\/uploads\/2015\/07\/4131-150x108.jpg 150w, http:\/\/museumek.eu\/wp-content\/uploads\/2015\/07\/4131-415x300.jpg 415w, http:\/\/museumek.eu\/wp-content\/uploads\/2015\/07\/4131.jpg 800w\" sizes=\"(max-width: 300px) 100vw, 300px\" \/><\/a><\/p>\n<p><a href=\"http:\/\/museumek.eu\/?attachment_id=43098\" rel=\"attachment wp-att-43098\"><img loading=\"lazy\" src=\"http:\/\/museumek.eu\/wp-content\/uploads\/2015\/07\/4128-300x273.jpg\" alt=\"\" title=\"4128\" width=\"300\" height=\"273\" class=\"alignnone size-medium wp-image-43098\" srcset=\"http:\/\/museumek.eu\/wp-content\/uploads\/2015\/07\/4128-300x273.jpg 300w, http:\/\/museumek.eu\/wp-content\/uploads\/2015\/07\/4128-150x136.jpg 150w, http:\/\/museumek.eu\/wp-content\/uploads\/2015\/07\/4128-329x300.jpg 329w, http:\/\/museumek.eu\/wp-content\/uploads\/2015\/07\/4128.jpg 659w\" sizes=\"(max-width: 300px) 100vw, 300px\" \/><\/a><\/p>\n<p><a href=\"http:\/\/museumek.eu\/?attachment_id=43099\" rel=\"attachment wp-att-43099\"><img loading=\"lazy\" src=\"http:\/\/museumek.eu\/wp-content\/uploads\/2015\/07\/4129-282x300.jpg\" alt=\"\" title=\"4129\" width=\"282\" height=\"300\" class=\"alignnone size-medium wp-image-43099\" srcset=\"http:\/\/museumek.eu\/wp-content\/uploads\/2015\/07\/4129-282x300.jpg 282w, http:\/\/museumek.eu\/wp-content\/uploads\/2015\/07\/4129-141x150.jpg 141w, http:\/\/museumek.eu\/wp-content\/uploads\/2015\/07\/4129.jpg 600w\" sizes=\"(max-width: 282px) 100vw, 282px\" \/><\/a><\/p>\n","protected":false},"excerpt":{"rendered":"<p>Abteilung Deutschland, Keramik 1860 \u2013 1960, Inventarnummer D\/XXV\/4 Reps &#038; Trinte Kunstanstalt, Vereinigte Werkst\u00e4tten von Gebr\u00fcder Schultz, Berlin, Joh. Val. Vanni, Frankfurt a. M., A. Trinte, Neustadt Magdeburg, Carl Koch, Magdeburg, Deutschland, Magdeburg, um 1900, B\u00fcste Dante, K\u00fcnstler unbekannt, Werks.-Nr. &hellip; <a href=\"http:\/\/museumek.eu\/?page_id=43090\">Weiterlesen <span class=\"meta-nav\">&rarr;<\/span><\/a><\/p>\n","protected":false},"author":1,"featured_media":0,"parent":6413,"menu_order":4,"comment_status":"closed","ping_status":"open","template":"","meta":[],"_links":{"self":[{"href":"http:\/\/museumek.eu\/index.php?rest_route=\/wp\/v2\/pages\/43090"}],"collection":[{"href":"http:\/\/museumek.eu\/index.php?rest_route=\/wp\/v2\/pages"}],"about":[{"href":"http:\/\/museumek.eu\/index.php?rest_route=\/wp\/v2\/types\/page"}],"author":[{"embeddable":true,"href":"http:\/\/museumek.eu\/index.php?rest_route=\/wp\/v2\/users\/1"}],"replies":[{"embeddable":true,"href":"http:\/\/museumek.eu\/index.php?rest_route=%2Fwp%2Fv2%2Fcomments&post=43090"}],"version-history":[{"count":4,"href":"http:\/\/museumek.eu\/index.php?rest_route=\/wp\/v2\/pages\/43090\/revisions"}],"predecessor-version":[{"id":43103,"href":"http:\/\/museumek.eu\/index.php?rest_route=\/wp\/v2\/pages\/43090\/revisions\/43103"}],"up":[{"embeddable":true,"href":"http:\/\/museumek.eu\/index.php?rest_route=\/wp\/v2\/pages\/6413"}],"wp:attachment":[{"href":"http:\/\/museumek.eu\/index.php?rest_route=%2Fwp%2Fv2%2Fmedia&parent=43090"}],"curies":[{"name":"wp","href":"https:\/\/api.w.org\/{rel}","templated":true}]}}