{"id":43106,"date":"2015-08-02T12:31:00","date_gmt":"2015-08-02T10:31:00","guid":{"rendered":"http:\/\/museumek.eu\/?page_id=43106"},"modified":"2021-06-06T19:59:11","modified_gmt":"2021-06-06T17:59:11","slug":"dxc3","status":"publish","type":"page","link":"http:\/\/museumek.eu\/?page_id=43106","title":{"rendered":"D\/XC\/3"},"content":{"rendered":"<p><strong>Abteilung Deutschland, Keramik 1860 \u2013 1960, Inventarnummer D\/XC\/3<\/strong><\/p>\n<p>Porzellanfabrik Marktredewitz J\u00e4ger &#038; Co., vormals Porzellanfabrik Marktredewitz J\u00e4ger, Thomas &#038; Co., Deutschland, Marktredewitz, 1920 bis 1923, Moccatasse mit Unterteller, K\u00fcnstler Ludwig Holwein, Werks.-Nr. ohne, Exemplar Nr. ohne, gemarkt Firmenmarke zwei gekreuzte Blumen sowie J &#038; C (f\u00fcr J\u00e4ger &#038; Co.) gr\u00fcner Stempel unter Glasur (verwendet zwischen 1902 bis ca. 1923), darunter \u201eHolwein\u201c (f\u00fcr den Entwerfer) gr\u00fcner Stempel unter Glasur, nicht signiert, Literatur: Otto Pelka, Keramik der Neuzeit, Markentafel VI, Markenkasten 88 identische Marke, Seite 211, Herstellerverzeichnis, Marktredewitz, Porzellanfabrik Marktredewitz J\u00e4ger &#038; Co. Nr. 88 sowie Seite 219, Namenverzeichnis, J\u00e4ger &#038; Co., Marktredewitz M 88, weitere Literatur: Emanuel Poche, Porzellanmarken aus aller Welt, Marke Nr. 66 identisch, weitere Literatur: Gustav Wei\u00df, Ullstein Porzellanbuch, Seite 278, Marke Nr. 12 identisch, Literatur: Robert E. R\u00f6ntgen, Deutsche Porzellanmarken von 1710 bis heute (Ausgabe Jahr 2000), Seite 199, kurze unvollst\u00e4ndige Beschreibung der Fabrik sowie Marke 1520 identisch (dort f\u00fcr die Zeit 1902- 1908), weitere Literatur: Ludwig Danckert, Handbuch des Europ\u00e4ischen Porzellans, 7. Auflage, Seite 420\/421, kurze unvollst\u00e4ndige Beschreibung der Fabrik sowie Seite 421, Marke 90 identisch, weitere Literatur: Dieter Z\u00fchlsdorff, Markenlexikon, Porzellan und Keramik Report 1885 &#8211; 1935, Band 1, Seite 325, Werk-Teil 1., Gruppennummer des Werkteils 12., laufende Nummer innerhalb der Gruppe 26 identische Marke (dort f\u00fcr die Zeit 1902 &#8211; vor 1925) sowie Seite 558, Werk-Teil 3., laufende Nummer des Werkteils 807, dort kurze unvollst\u00e4ndige Beschreibung der Fabrik, 1898 gr\u00fcndeten die Br\u00fcder Christoph und Wilhelm J\u00e4ger sowie Friedrich (Fritz) Thomas die Porzellanfabrik J\u00e4ger, Thomas &#038; Co., Baubeginn ab 1897 unter Leitung von Fritz Thomas (geb. 28.05.1965, gest. 12.10.1940), Anm. MEK: es gibt Darstellungen, dass die Fabrik bereits 1872 gegr\u00fcndet worden sein soll und Thomas bereits vor 1998 ausgeschieden ist, da Thomas im Jahre 1872 erst sieben Jahre alt war, ist diese Fabrikdarstellung falsch, m\u00f6glich ist, dass die Fabrik auf einem Gel\u00e4nde und unter evtl. Mitnutzung bereits vorhandener Geb\u00e4ude einer kleineren Porzellandekorations Firma gegr\u00fcndet worden ist, unter Leitung des fachkundigen Thomas, wurden nachweislich neue Fabrikgeb\u00e4ude und Brenn\u00f6fen gebaut und Maschinen angeschafft, die Fabrik war ebenso nachweislich die erste Porzellanfabrik in Marktredewitz, 1902 schied Fritz Thomas aus und gr\u00fcndete mit Karl Ens in Martkredewitz eine Porzellanfabrik (siehe dort), die Br\u00fcder J\u00e4ger f\u00fchrten die Fabrik weiter, sie \u00e4nderten die Firmierung in Porzellanfabrik Marktredewitz J\u00e4ger &#038; Co., in der Zeit von 1905 bis 1936 leitete Friedrich (Fritz) J\u00e4ger, Sohn von Wilhelm J\u00e4ger die Fabrik, ab 1936 leitete der Sohn von Fritz J\u00e4ger, Heinz J\u00e4ger die Fabrik, dieser fiel 1944 an der Ostfront und seine Witwe Gerda J\u00e4ger \u00fcbernahm die Leitung der Fabrik, Anfang der 1920\u2018 Jahre er\u00f6ffnete die Fabrik in M\u00fcnchen-Nymphenburg ein k\u00fcnstlerisch betriebenes Atelier, in M\u00fcnchen lebten viele hervorragende Porzellanmaler und viele namhafte K\u00fcnstler, die M\u00fcnchner Dependance bestand bis ca. 1930, dort wurden auch die ber\u00fchmten Moccatassen dekoriert, einerseits mit herausragender Malerei andererseits nach Entw\u00fcrfen ber\u00fchmter K\u00fcnstler der Zeit, die Weissware kam stets vom Stammwerk in Marktredewitz, evtl. wurde ein Teil der Weissware auch in der Nymphenburger Porzellanmanufaktur dekoriert, die Fabrik wurde 1986 geschlossen, das MEK Exemplar ist somit in die Zeit zwischen 1920 und 1930 einzuordnen, die o. g. Verwendungszeit der Firmenmarke schr\u00e4nkt die Zeit noch weiter ein, 1920 bis 1923, der Entwurf stammt von Ludwig Holwein (warum Holwein falsch geschrieben worden ist, richtig w\u00e4re Hohlwein, konnte das MEK nicht recherchieren), der Tassenabstellplatz ist asymmetrisch auf dem Unterteller platziert, genau wie beim KPM Ceres Service von Th. Schmuz-Baudiss, nur die Tasse wurde gemarkt,<br \/>\nTasse: H\u00f6he 5,6 cm, Breite 9,5 cm, Unterteller: Durchmesser 14,3 cm<\/p>\n<p><a href=\"http:\/\/museumek.eu\/?attachment_id=43107\" rel=\"attachment wp-att-43107\"><img loading=\"lazy\" src=\"http:\/\/museumek.eu\/wp-content\/uploads\/2015\/08\/4132-300x274.jpg\" alt=\"\" title=\"4132\" width=\"300\" height=\"274\" class=\"alignnone size-medium wp-image-43107\" srcset=\"http:\/\/museumek.eu\/wp-content\/uploads\/2015\/08\/4132-300x274.jpg 300w, http:\/\/museumek.eu\/wp-content\/uploads\/2015\/08\/4132-150x137.jpg 150w, http:\/\/museumek.eu\/wp-content\/uploads\/2015\/08\/4132-328x300.jpg 328w, http:\/\/museumek.eu\/wp-content\/uploads\/2015\/08\/4132.jpg 656w\" sizes=\"(max-width: 300px) 100vw, 300px\" \/><\/a><\/p>\n<p><a href=\"http:\/\/museumek.eu\/?attachment_id=43108\" rel=\"attachment wp-att-43108\"><img loading=\"lazy\" src=\"http:\/\/museumek.eu\/wp-content\/uploads\/2015\/08\/4133-300x223.jpg\" alt=\"\" title=\"4133\" width=\"300\" height=\"223\" class=\"alignnone size-medium wp-image-43108\" srcset=\"http:\/\/museumek.eu\/wp-content\/uploads\/2015\/08\/4133-300x223.jpg 300w, http:\/\/museumek.eu\/wp-content\/uploads\/2015\/08\/4133-150x111.jpg 150w, http:\/\/museumek.eu\/wp-content\/uploads\/2015\/08\/4133-402x300.jpg 402w, http:\/\/museumek.eu\/wp-content\/uploads\/2015\/08\/4133.jpg 800w\" sizes=\"(max-width: 300px) 100vw, 300px\" \/><\/a><\/p>\n<p><a href=\"http:\/\/museumek.eu\/?attachment_id=43109\" rel=\"attachment wp-att-43109\"><img loading=\"lazy\" src=\"http:\/\/museumek.eu\/wp-content\/uploads\/2015\/08\/4134-300x222.jpg\" alt=\"\" title=\"4134\" width=\"300\" height=\"222\" class=\"alignnone size-medium wp-image-43109\" srcset=\"http:\/\/museumek.eu\/wp-content\/uploads\/2015\/08\/4134-300x222.jpg 300w, http:\/\/museumek.eu\/wp-content\/uploads\/2015\/08\/4134-150x111.jpg 150w, http:\/\/museumek.eu\/wp-content\/uploads\/2015\/08\/4134-404x300.jpg 404w, http:\/\/museumek.eu\/wp-content\/uploads\/2015\/08\/4134.jpg 800w\" sizes=\"(max-width: 300px) 100vw, 300px\" \/><\/a><\/p>\n<p><a href=\"http:\/\/museumek.eu\/?attachment_id=43115\" rel=\"attachment wp-att-43115\"><img loading=\"lazy\" src=\"http:\/\/museumek.eu\/wp-content\/uploads\/2015\/08\/41351-300x217.jpg\" alt=\"\" title=\"4135\" width=\"300\" height=\"217\" class=\"alignnone size-medium wp-image-43115\" srcset=\"http:\/\/museumek.eu\/wp-content\/uploads\/2015\/08\/41351-300x217.jpg 300w, http:\/\/museumek.eu\/wp-content\/uploads\/2015\/08\/41351-150x108.jpg 150w, http:\/\/museumek.eu\/wp-content\/uploads\/2015\/08\/41351-414x300.jpg 414w, http:\/\/museumek.eu\/wp-content\/uploads\/2015\/08\/41351.jpg 800w\" sizes=\"(max-width: 300px) 100vw, 300px\" \/><\/a><\/p>\n<p><a href=\"http:\/\/museumek.eu\/?attachment_id=43116\" rel=\"attachment wp-att-43116\"><img loading=\"lazy\" src=\"http:\/\/museumek.eu\/wp-content\/uploads\/2015\/08\/4137-177x300.jpg\" alt=\"\" title=\"4137\" width=\"177\" height=\"300\" class=\"alignnone size-medium wp-image-43116\" srcset=\"http:\/\/museumek.eu\/wp-content\/uploads\/2015\/08\/4137-177x300.jpg 177w, http:\/\/museumek.eu\/wp-content\/uploads\/2015\/08\/4137-88x150.jpg 88w, http:\/\/museumek.eu\/wp-content\/uploads\/2015\/08\/4137.jpg 472w\" sizes=\"(max-width: 177px) 100vw, 177px\" \/><\/a><\/p>\n<p><a href=\"http:\/\/museumek.eu\/?attachment_id=43117\" rel=\"attachment wp-att-43117\"><img loading=\"lazy\" src=\"http:\/\/museumek.eu\/wp-content\/uploads\/2015\/08\/4138-165x300.jpg\" alt=\"\" title=\"4138\" width=\"165\" height=\"300\" class=\"alignnone size-medium wp-image-43117\" srcset=\"http:\/\/museumek.eu\/wp-content\/uploads\/2015\/08\/4138-165x300.jpg 165w, http:\/\/museumek.eu\/wp-content\/uploads\/2015\/08\/4138-82x150.jpg 82w, http:\/\/museumek.eu\/wp-content\/uploads\/2015\/08\/4138.jpg 441w\" sizes=\"(max-width: 165px) 100vw, 165px\" \/><\/a><\/p>\n<p><a href=\"http:\/\/museumek.eu\/?attachment_id=43121\" rel=\"attachment wp-att-43121\"><img loading=\"lazy\" src=\"http:\/\/museumek.eu\/wp-content\/uploads\/2015\/08\/41391-300x240.jpg\" alt=\"\" title=\"4139\" width=\"300\" height=\"240\" class=\"alignnone size-medium wp-image-43121\" srcset=\"http:\/\/museumek.eu\/wp-content\/uploads\/2015\/08\/41391-300x240.jpg 300w, http:\/\/museumek.eu\/wp-content\/uploads\/2015\/08\/41391-150x120.jpg 150w, http:\/\/museumek.eu\/wp-content\/uploads\/2015\/08\/41391-373x300.jpg 373w, http:\/\/museumek.eu\/wp-content\/uploads\/2015\/08\/41391.jpg 634w\" sizes=\"(max-width: 300px) 100vw, 300px\" \/><\/a><\/p>\n","protected":false},"excerpt":{"rendered":"<p>Abteilung Deutschland, Keramik 1860 \u2013 1960, Inventarnummer D\/XC\/3 Porzellanfabrik Marktredewitz J\u00e4ger &#038; Co., vormals Porzellanfabrik Marktredewitz J\u00e4ger, Thomas &#038; Co., Deutschland, Marktredewitz, 1920 bis 1923, Moccatasse mit Unterteller, K\u00fcnstler Ludwig Holwein, Werks.-Nr. ohne, Exemplar Nr. ohne, gemarkt Firmenmarke zwei gekreuzte &hellip; <a href=\"http:\/\/museumek.eu\/?page_id=43106\">Weiterlesen <span class=\"meta-nav\">&rarr;<\/span><\/a><\/p>\n","protected":false},"author":1,"featured_media":0,"parent":23864,"menu_order":3,"comment_status":"closed","ping_status":"open","template":"","meta":[],"_links":{"self":[{"href":"http:\/\/museumek.eu\/index.php?rest_route=\/wp\/v2\/pages\/43106"}],"collection":[{"href":"http:\/\/museumek.eu\/index.php?rest_route=\/wp\/v2\/pages"}],"about":[{"href":"http:\/\/museumek.eu\/index.php?rest_route=\/wp\/v2\/types\/page"}],"author":[{"embeddable":true,"href":"http:\/\/museumek.eu\/index.php?rest_route=\/wp\/v2\/users\/1"}],"replies":[{"embeddable":true,"href":"http:\/\/museumek.eu\/index.php?rest_route=%2Fwp%2Fv2%2Fcomments&post=43106"}],"version-history":[{"count":14,"href":"http:\/\/museumek.eu\/index.php?rest_route=\/wp\/v2\/pages\/43106\/revisions"}],"predecessor-version":[{"id":57796,"href":"http:\/\/museumek.eu\/index.php?rest_route=\/wp\/v2\/pages\/43106\/revisions\/57796"}],"up":[{"embeddable":true,"href":"http:\/\/museumek.eu\/index.php?rest_route=\/wp\/v2\/pages\/23864"}],"wp:attachment":[{"href":"http:\/\/museumek.eu\/index.php?rest_route=%2Fwp%2Fv2%2Fmedia&parent=43106"}],"curies":[{"name":"wp","href":"https:\/\/api.w.org\/{rel}","templated":true}]}}