{"id":43405,"date":"2015-08-08T12:55:57","date_gmt":"2015-08-08T10:55:57","guid":{"rendered":"http:\/\/museumek.eu\/?page_id=43405"},"modified":"2015-08-08T13:42:48","modified_gmt":"2015-08-08T11:42:48","slug":"dcxxxviii2","status":"publish","type":"page","link":"http:\/\/museumek.eu\/?page_id=43405","title":{"rendered":"D\/CXXXVIII\/2"},"content":{"rendered":"<p><strong>Abteilung Deutschland, Keramik 1860 \u2013 1960, Inventarnummer D\/CXXXVIII\/2<\/strong><\/p>\n<p>Porzellanfabrik Carl Schumann AG, vormals Porzellanfabrik Carl Schumann GmbH &#038; Co. KG, vormals Porzellanfabrik Schumann &#038; Riess, vormals Thonwaarenfabrik Heinrich Schumann, Deutschland, Arzberg, um 1960, Teller, K\u00fcnstler unbekannt, Werks.-Nr. ohne, Exemplar Nr. ohne, gemarkt Firmenmarke BAVARIA, darunter ein F\u00fcrstenhut, darunter in einem schildf\u00f6rmigen Wappen eine L\u00f6we mit einem Hammer, darunter SCHUMANN, darunter ARZBERG, darunter GERMANY schwarzer Stempel unter Glasur, nicht signiert, 1872 gr\u00fcndete Christian Heinrich Schumann (geb. 1822, gest. 1884) aus dem th\u00fcringischen Angelroda eine Tonwarenfabrik in Arzberg, unterhalb der Jakobsburg, Firmierung Thonwaarenfabrik Heinrich Schumann, durch den Bau einer Eisenbahnlinie musste der Fabrikstandort gewechselt werden und wurde deshalb um 1879 in die Stra\u00dfe Ecke Rathaushausstr.\/Marktredewitzer Str. verlegt, dort wurde die Fabrik in der Zeit von 1879 bis 1881 als Porzellanfabrik von Heinrich Schumann und einem Geldgeber namens Riess neu aufgebaut, Firmierung Porzellanfabrik Schumann &#038; Riess, als Heinrich Schumann 1884 starb, hatte nur der Sohn Carl Schumann (geb. 1871, gest. 1926) die n\u00f6tige Eignung und echtes Interesse die Fabrik fortzuf\u00fchren, deshalb bestimmte Heinrich Schumann diesen kurz vor seinem Tod zum Fabrikerben, da Carl noch zu jung daf\u00fcr war, \u00fcbernahm die Witwe von Heinrich Schumann, Christiana Schumann (geb. 1838, gest. 1928) die Leitung der Fabrik f\u00fcr ihren Sohn Carl, 1892, zum 21 Geburtstag von Carl Schumann, wurde die Fabrik nach ihm umbenannt und die Gesellschaftsform ge\u00e4ndert, Firmierung ab da, Porzellanfabrik Carl Schumann GmbH &#038; Co. KG, bis 1896, dem Heiratsjahr von Carl Schumann, blieb dessen Mutter aber mit f\u00fcr das Gesch\u00e4ft verantwortlich, 1898 gr\u00fcndet Carl Schumann Am Oberen Anger, einem Randgebiet von Arzberg, ein Zweigwerk, zu der die Stammfabrik 1909 \u00fcbersiedelte, 1904 gr\u00fcndete Carl Schumann zusammen mit seinem anderen Bruder Eduard in Duisdorf bei Bonn ein Zweigwerk, Firmierung Westdeutsche Porzellanfabrik GmbH Duisdorf, nach WK I arbeitete die Fabrik mit Theodor Keerl, der nach Arzberg zuzog (vorher Laboratorium f\u00fcr Kunstemail und Kunstkeramik Theodor Keerl in Landshut, siehe MEK D\/CXII\/1) zusammen, dazu wurde eigens eine GmbH gegr\u00fcndet, die als Bayerische Kunst-Keramik Keerl &#038; Schumann firmierte und 1933 aufgel\u00f6st worden ist, am 19.06.1923 wurde die Arzberger Fabrik AG, Firmierung Porzellanfabrik Carl Schumann AG, drei Jahre sp\u00e4ter starb Carl Schumann, Carl Schumanns Sohn, mit gleichem Namen Carl Schumann II., der in Amerika studiert hatte, trat die Nachfolge an und gr\u00fcndete au\u00dferdem in New York die Schumann China Cooperation, die Schumann\u2019sches Porzellan bis Ende der 1920\u2018 Jahre in Amerika vermarktete, auf Grund der Weltwirtschaftskrise, die 1929 begann liefen die Schumann\u2018schen Gesch\u00e4fte in Amerika und Duisdorf nicht befriedigend, die Fabrik in Duisdorf wurde 1935 verkauft, Schumann Porzellan wurde dann vom Handelshaus Ebeling, Reuss &#038; Co. in Philadelphia unter dem Namen Erphila Deutschland verkauft, au\u00dferdem war die Schumann\u2019sche Fabrik eine der wenigen Fabriken die, mit Lizenz von Disney, Mickey Mouse Figuren herstellen durfte, 1961 \u00fcbernahm der Sohn von Carl Schumann II., mit gleichem Namen Carl Schumann III. die Leitung der Fabrik, 1994 wurde die Fabrik geschlossen, ihren wirtschaftlichen Erfolg verdankt die Fabrik vor allem einem Stanzverfahren, welches die Geschirre mit einem Hebeldruck ausstanzte, Carl Schumann hatte dieses Verfahren im Jahre 1910 von dem Mechaniker Friedrich K\u00fcspert k\u00e4uflich erworben, bis wurden alle hochwertigen Porzellan mit Durchbruch gegossen und dann m\u00fchevoll mit der Hand nachgearbeitet, Durchmesser 19 cm<\/p>\n<p><a href=\"http:\/\/museumek.eu\/?attachment_id=43406\" rel=\"attachment wp-att-43406\"><img loading=\"lazy\" src=\"http:\/\/museumek.eu\/wp-content\/uploads\/2015\/08\/4348-300x297.jpg\" alt=\"\" title=\"4348\" width=\"300\" height=\"297\" class=\"alignnone size-medium wp-image-43406\" srcset=\"http:\/\/museumek.eu\/wp-content\/uploads\/2015\/08\/4348-300x297.jpg 300w, http:\/\/museumek.eu\/wp-content\/uploads\/2015\/08\/4348-150x148.jpg 150w, http:\/\/museumek.eu\/wp-content\/uploads\/2015\/08\/4348-303x300.jpg 303w, http:\/\/museumek.eu\/wp-content\/uploads\/2015\/08\/4348.jpg 606w\" sizes=\"(max-width: 300px) 100vw, 300px\" \/><\/a><\/p>\n<p><a href=\"http:\/\/museumek.eu\/?attachment_id=43407\" rel=\"attachment wp-att-43407\"><img loading=\"lazy\" src=\"http:\/\/museumek.eu\/wp-content\/uploads\/2015\/08\/4349-300x294.jpg\" alt=\"\" title=\"4349\" width=\"300\" height=\"294\" class=\"alignnone size-medium wp-image-43407\" srcset=\"http:\/\/museumek.eu\/wp-content\/uploads\/2015\/08\/4349-300x294.jpg 300w, http:\/\/museumek.eu\/wp-content\/uploads\/2015\/08\/4349-150x147.jpg 150w, http:\/\/museumek.eu\/wp-content\/uploads\/2015\/08\/4349-305x300.jpg 305w, http:\/\/museumek.eu\/wp-content\/uploads\/2015\/08\/4349.jpg 611w\" sizes=\"(max-width: 300px) 100vw, 300px\" \/><\/a><\/p>\n<p><a href=\"http:\/\/museumek.eu\/?attachment_id=43408\" rel=\"attachment wp-att-43408\"><img loading=\"lazy\" src=\"http:\/\/museumek.eu\/wp-content\/uploads\/2015\/08\/4350-300x204.jpg\" alt=\"\" title=\"4350\" width=\"300\" height=\"204\" class=\"alignnone size-medium wp-image-43408\" srcset=\"http:\/\/museumek.eu\/wp-content\/uploads\/2015\/08\/4350-300x204.jpg 300w, http:\/\/museumek.eu\/wp-content\/uploads\/2015\/08\/4350-150x102.jpg 150w, http:\/\/museumek.eu\/wp-content\/uploads\/2015\/08\/4350-440x300.jpg 440w, http:\/\/museumek.eu\/wp-content\/uploads\/2015\/08\/4350.jpg 729w\" sizes=\"(max-width: 300px) 100vw, 300px\" \/><\/a><\/p>\n","protected":false},"excerpt":{"rendered":"<p>Abteilung Deutschland, Keramik 1860 \u2013 1960, Inventarnummer D\/CXXXVIII\/2 Porzellanfabrik Carl Schumann AG, vormals Porzellanfabrik Carl Schumann GmbH &#038; Co. KG, vormals Porzellanfabrik Schumann &#038; Riess, vormals Thonwaarenfabrik Heinrich Schumann, Deutschland, Arzberg, um 1960, Teller, K\u00fcnstler unbekannt, Werks.-Nr. ohne, Exemplar Nr. &hellip; <a href=\"http:\/\/museumek.eu\/?page_id=43405\">Weiterlesen <span class=\"meta-nav\">&rarr;<\/span><\/a><\/p>\n","protected":false},"author":1,"featured_media":0,"parent":41898,"menu_order":2,"comment_status":"closed","ping_status":"open","template":"","meta":[],"_links":{"self":[{"href":"http:\/\/museumek.eu\/index.php?rest_route=\/wp\/v2\/pages\/43405"}],"collection":[{"href":"http:\/\/museumek.eu\/index.php?rest_route=\/wp\/v2\/pages"}],"about":[{"href":"http:\/\/museumek.eu\/index.php?rest_route=\/wp\/v2\/types\/page"}],"author":[{"embeddable":true,"href":"http:\/\/museumek.eu\/index.php?rest_route=\/wp\/v2\/users\/1"}],"replies":[{"embeddable":true,"href":"http:\/\/museumek.eu\/index.php?rest_route=%2Fwp%2Fv2%2Fcomments&post=43405"}],"version-history":[{"count":6,"href":"http:\/\/museumek.eu\/index.php?rest_route=\/wp\/v2\/pages\/43405\/revisions"}],"predecessor-version":[{"id":43420,"href":"http:\/\/museumek.eu\/index.php?rest_route=\/wp\/v2\/pages\/43405\/revisions\/43420"}],"up":[{"embeddable":true,"href":"http:\/\/museumek.eu\/index.php?rest_route=\/wp\/v2\/pages\/41898"}],"wp:attachment":[{"href":"http:\/\/museumek.eu\/index.php?rest_route=%2Fwp%2Fv2%2Fmedia&parent=43405"}],"curies":[{"name":"wp","href":"https:\/\/api.w.org\/{rel}","templated":true}]}}