{"id":43438,"date":"2015-08-08T15:29:41","date_gmt":"2015-08-08T13:29:41","guid":{"rendered":"http:\/\/museumek.eu\/?page_id=43438"},"modified":"2015-08-08T15:30:45","modified_gmt":"2015-08-08T13:30:45","slug":"dxlv69","status":"publish","type":"page","link":"http:\/\/museumek.eu\/?page_id=43438","title":{"rendered":"D\/XLV\/69"},"content":{"rendered":"<p><strong>Abteilung Deutschland, Keramik 1860 \u2013 1960, Inventarnummer D\/XLV\/69<\/strong><\/p>\n<p>Steinzeug- &#038; Thonwaarenfabrik, Zinngiesserei &#038; Malerei Reinhold Merkelbach und Nachfolger Steinzeug- und Hartsteingutfabrik, Zinngie\u00dfereien und Malereien Reinhold Merkelbach, Deutschland, Grenzhausen, um 1935, Seidel, K\u00fcnstler unbekannt, Werks.-Nr. 3703, Exemplar Nr. ohne, gemarkt Firmenmarke mit Reinhold (als Halbbogen geschrieben) Merkelbach Grenzhausen, 3703 sowie 0,5 L gepresst, AA geritzt, nicht signiert, Literatur: Gisela Reineking von Bock, Meister der deutschen Keramik, Seite 221 ff., Fabrikbeschreibung sowie Seite 325, Marke Nr. 151 identisch, weitere Literatur: J\u00fcrgen Schimanski und J\u00fcrgen Erlebach, Westerw\u00e4lder Steinzeug, Die Neue \u00c4ra, Seite 77 ff., Fabrikbeschreibung sowie Seite 78, Marke Nr. 22 identisch (Marke g\u00fcltig ab 1916), weitere Literatur: J\u00fcrgen Schimanski, Braun geflammt und grau gesalzen, Seite 208, Beschreibung der Fabrik, Seite 209, Marke Nr. 22 identisch (Marke g\u00fcltig ab 1916), 1845 gr\u00fcndete Wilhelm Merkelbach (1817 \u2013 1859) in Grenzhausen eine Kannenb\u00e4ckerei, wann sich diese zur Steinzeugfabrik weiterentwickelte und wie diese Fabrik firmierte konnte nicht recherchiert werden, nach dem fr\u00fchen Tod von Wilhelm Merkelbach \u00fcbernahm dessen Sohn Wilhelm Reinhold Merkelbach (1847 \u2013 1891) die Fabrik, wie Reinhold Merkelbach direkt nach der \u00dcbernahme firmierte konnte nicht recherchiert werden, sp\u00e4testens ab 1892 firmierte die Fabrik als Steinzeug- &#038; Thonwaarenfabrik, Zinngiesserei &#038; Malerei Reinhold Merkelbach, dies ergibt sich aus dem Preis-Courant des Jahres 1892, seit 1878 hatte die Fabrik ein Fabriklager in M\u00fcnchen, welches ab 1891 als Bierkrugfabrikniederlage, Inh. Tosca Merkelbach, Grenzhausen bezeichnet wurde, nach Reinhold Merkelbachs Tod 1891 f\u00fchrte seine Witwe Tosca Merkelbach die Fabrik weiter, bis die S\u00f6hne Paul Merkelbach (1882 \u2013 1917) und Reinhold Merkelbach (1885 \u2013 1918) am 23.05.1907 die Fabrik \u00fcbernahmen, ab 1905 firmierte die Fabrik als Steinzeug- und Hartsteingutfabrik, Zinngie\u00dfereien und Malereien Reinhold Merkelbach, dies ergibt sich aus der Spezialpreisliste des Jahres 1905, im Zuge der Fabrik\u00fcbergabe an die S\u00f6hne wurde die Niederlage in M\u00fcnchen gel\u00f6scht und daf\u00fcr als selbstst\u00e4ndiges Unternehmen neu gegr\u00fcndet, nach dem beide S\u00f6hne im WK I gefallen waren, \u00fcbernahm wieder Tosca Merkelbach die Leitung der Fabrik, 1911 gr\u00fcndete die Fabrik zusammen mit den Fabriken M\u00fcller, Hanke und Gerz die Steinzeugwerke H\u00f6hr-Grenzhausen GmbH, um sich gegenseitig im Vertrieb und in der Produktion zu bef\u00f6rdern, bis zum Jahre 1918 stiegen die Fabriken M\u00fcller, Hanke und Gerz wieder aus der GmbH aus, Merkelbach \u00fcbernahm viele der Formen der anderen Fabriken und die GmbH ging im Laufe der n\u00e4chsten Jahre in die Steinzeugfabrik Reinhold Merkelbach auf, w\u00e4hrend des Bestehens der GmbH stellten die Fabriken jeweils auch Steinzeuge nach den Formen der anderen Fabriken her, die GmbH hatte keinen eigenen Markenstempel, die Produkte, auch die nach den Formen der anderen Fabriken hergestellten, wurden mit der jeweils eigenen Marke gekennzeichnet soweit \u00fcberhaupt gemarkt worden ist, nach Tosca Merkelbachs Tod f\u00fchrte die Schwiegertochter Gertrud Merkelbach, wohl zusammen mit anderen Verwandten und nicht verwandten Gesch\u00e4ftsf\u00fchrern die Fabrik weiter, 1957 \u00fcbernahm Prof. Reinhold Paul Bernhard Merkelbach (1918 \u2013 2006), ein Enkel von Reinhold Merkelbach, die Leitung der Fabrik, ab 1970 \u00e4nderte die Fabrik mehrmals ihre Firmierung und ab 1971 stieg die Goebel\u2019sche Porzellanfabrik erst mit 50 % sp\u00e4ter dann mit 100 % in die Eigentumsverh\u00e4ltnisse der Fabrik ein, 1988 kauften Familienangeh\u00f6rige der Merkelbachs zusammen mit Investoren die Fabrik zur\u00fcck, ab 1995 bis 2007 leitete die Familienangeh\u00f6rige Judith Engelmann, geb. Merkelbach die Fabrik, 2007 wurde die Produktion aufgegeben und die Steinzeugfabrik Matthias Girmscheid \u00fcbernahm viele der Formen, sowohl Goebel als auch Girmscheid produzierten viele Jugendstilentw\u00fcrfe als Neuauflagen, <strong>das MEK Exemplar mit der Werks.-Nr. 3703 ist in der Fachliteratur noch nicht erfasst<\/strong>, Ausf\u00fchrung als Feinsteinzeug grau, kobaltblau und gr\u00fcn glasiert, Zinndeckel mit Widmung,<br \/>\nH\u00f6he 10,5 cm, Breite 16 cm (nur die Keramik)<\/p>\n<p><a href=\"http:\/\/museumek.eu\/?attachment_id=43439\" rel=\"attachment wp-att-43439\"><img loading=\"lazy\" src=\"http:\/\/museumek.eu\/wp-content\/uploads\/2015\/08\/3758-231x300.jpg\" alt=\"\" title=\"3758\" width=\"231\" height=\"300\" class=\"alignnone size-medium wp-image-43439\" srcset=\"http:\/\/museumek.eu\/wp-content\/uploads\/2015\/08\/3758-231x300.jpg 231w, http:\/\/museumek.eu\/wp-content\/uploads\/2015\/08\/3758-115x150.jpg 115w, http:\/\/museumek.eu\/wp-content\/uploads\/2015\/08\/3758.jpg 600w\" sizes=\"(max-width: 231px) 100vw, 231px\" \/><\/a><\/p>\n<p><a href=\"http:\/\/museumek.eu\/?attachment_id=43440\" rel=\"attachment wp-att-43440\"><img loading=\"lazy\" src=\"http:\/\/museumek.eu\/wp-content\/uploads\/2015\/08\/3759-300x296.jpg\" alt=\"\" title=\"3759\" width=\"300\" height=\"296\" class=\"alignnone size-medium wp-image-43440\" srcset=\"http:\/\/museumek.eu\/wp-content\/uploads\/2015\/08\/3759-300x296.jpg 300w, http:\/\/museumek.eu\/wp-content\/uploads\/2015\/08\/3759-150x148.jpg 150w, http:\/\/museumek.eu\/wp-content\/uploads\/2015\/08\/3759-303x300.jpg 303w, http:\/\/museumek.eu\/wp-content\/uploads\/2015\/08\/3759.jpg 607w\" sizes=\"(max-width: 300px) 100vw, 300px\" \/><\/a><\/p>\n<p><a href=\"http:\/\/museumek.eu\/?attachment_id=43441\" rel=\"attachment wp-att-43441\"><img loading=\"lazy\" src=\"http:\/\/museumek.eu\/wp-content\/uploads\/2015\/08\/3760-296x300.jpg\" alt=\"\" title=\"3760\" width=\"296\" height=\"300\" class=\"alignnone size-medium wp-image-43441\" srcset=\"http:\/\/museumek.eu\/wp-content\/uploads\/2015\/08\/3760-296x300.jpg 296w, http:\/\/museumek.eu\/wp-content\/uploads\/2015\/08\/3760-148x150.jpg 148w, http:\/\/museumek.eu\/wp-content\/uploads\/2015\/08\/3760.jpg 600w\" sizes=\"(max-width: 296px) 100vw, 296px\" \/><\/a><\/p>\n<p><a href=\"http:\/\/museumek.eu\/?attachment_id=43442\" rel=\"attachment wp-att-43442\"><img loading=\"lazy\" src=\"http:\/\/museumek.eu\/wp-content\/uploads\/2015\/08\/3761-198x300.jpg\" alt=\"\" title=\"3761\" width=\"198\" height=\"300\" class=\"alignnone size-medium wp-image-43442\" srcset=\"http:\/\/museumek.eu\/wp-content\/uploads\/2015\/08\/3761-198x300.jpg 198w, http:\/\/museumek.eu\/wp-content\/uploads\/2015\/08\/3761-99x150.jpg 99w, http:\/\/museumek.eu\/wp-content\/uploads\/2015\/08\/3761.jpg 530w\" sizes=\"(max-width: 198px) 100vw, 198px\" \/><\/a><\/p>\n<p><a href=\"http:\/\/museumek.eu\/?attachment_id=43443\" rel=\"attachment wp-att-43443\"><img loading=\"lazy\" src=\"http:\/\/museumek.eu\/wp-content\/uploads\/2015\/08\/3762-247x300.jpg\" alt=\"\" title=\"3762\" width=\"247\" height=\"300\" class=\"alignnone size-medium wp-image-43443\" srcset=\"http:\/\/museumek.eu\/wp-content\/uploads\/2015\/08\/3762-247x300.jpg 247w, http:\/\/museumek.eu\/wp-content\/uploads\/2015\/08\/3762-123x150.jpg 123w, http:\/\/museumek.eu\/wp-content\/uploads\/2015\/08\/3762.jpg 600w\" sizes=\"(max-width: 247px) 100vw, 247px\" \/><\/a><\/p>\n<p><a href=\"http:\/\/museumek.eu\/?attachment_id=43444\" rel=\"attachment wp-att-43444\"><img loading=\"lazy\" src=\"http:\/\/museumek.eu\/wp-content\/uploads\/2015\/08\/3763-300x177.jpg\" alt=\"\" title=\"3763\" width=\"300\" height=\"177\" class=\"alignnone size-medium wp-image-43444\" srcset=\"http:\/\/museumek.eu\/wp-content\/uploads\/2015\/08\/3763-300x177.jpg 300w, http:\/\/museumek.eu\/wp-content\/uploads\/2015\/08\/3763-150x88.jpg 150w, http:\/\/museumek.eu\/wp-content\/uploads\/2015\/08\/3763-500x295.jpg 500w, http:\/\/museumek.eu\/wp-content\/uploads\/2015\/08\/3763.jpg 648w\" sizes=\"(max-width: 300px) 100vw, 300px\" \/><\/a><\/p>\n<p><a href=\"http:\/\/museumek.eu\/?attachment_id=43445\" rel=\"attachment wp-att-43445\"><img loading=\"lazy\" src=\"http:\/\/museumek.eu\/wp-content\/uploads\/2015\/08\/3764-167x300.jpg\" alt=\"\" title=\"3764\" width=\"167\" height=\"300\" class=\"alignnone size-medium wp-image-43445\" srcset=\"http:\/\/museumek.eu\/wp-content\/uploads\/2015\/08\/3764-167x300.jpg 167w, http:\/\/museumek.eu\/wp-content\/uploads\/2015\/08\/3764-83x150.jpg 83w, http:\/\/museumek.eu\/wp-content\/uploads\/2015\/08\/3764.jpg 446w\" sizes=\"(max-width: 167px) 100vw, 167px\" \/><\/a><\/p>\n<p><a href=\"http:\/\/museumek.eu\/?attachment_id=43446\" rel=\"attachment wp-att-43446\"><img loading=\"lazy\" src=\"http:\/\/museumek.eu\/wp-content\/uploads\/2015\/08\/3765-300x276.jpg\" alt=\"\" title=\"3765\" width=\"300\" height=\"276\" class=\"alignnone size-medium wp-image-43446\" srcset=\"http:\/\/museumek.eu\/wp-content\/uploads\/2015\/08\/3765-300x276.jpg 300w, http:\/\/museumek.eu\/wp-content\/uploads\/2015\/08\/3765-150x138.jpg 150w, http:\/\/museumek.eu\/wp-content\/uploads\/2015\/08\/3765-326x300.jpg 326w, http:\/\/museumek.eu\/wp-content\/uploads\/2015\/08\/3765.jpg 652w\" sizes=\"(max-width: 300px) 100vw, 300px\" \/><\/a><\/p>\n","protected":false},"excerpt":{"rendered":"<p>Abteilung Deutschland, Keramik 1860 \u2013 1960, Inventarnummer D\/XLV\/69 Steinzeug- &#038; Thonwaarenfabrik, Zinngiesserei &#038; Malerei Reinhold Merkelbach und Nachfolger Steinzeug- und Hartsteingutfabrik, Zinngie\u00dfereien und Malereien Reinhold Merkelbach, Deutschland, Grenzhausen, um 1935, Seidel, K\u00fcnstler unbekannt, Werks.-Nr. 3703, Exemplar Nr. ohne, gemarkt Firmenmarke &hellip; <a href=\"http:\/\/museumek.eu\/?page_id=43438\">Weiterlesen <span class=\"meta-nav\">&rarr;<\/span><\/a><\/p>\n","protected":false},"author":1,"featured_media":0,"parent":37782,"menu_order":69,"comment_status":"closed","ping_status":"open","template":"","meta":[],"_links":{"self":[{"href":"http:\/\/museumek.eu\/index.php?rest_route=\/wp\/v2\/pages\/43438"}],"collection":[{"href":"http:\/\/museumek.eu\/index.php?rest_route=\/wp\/v2\/pages"}],"about":[{"href":"http:\/\/museumek.eu\/index.php?rest_route=\/wp\/v2\/types\/page"}],"author":[{"embeddable":true,"href":"http:\/\/museumek.eu\/index.php?rest_route=\/wp\/v2\/users\/1"}],"replies":[{"embeddable":true,"href":"http:\/\/museumek.eu\/index.php?rest_route=%2Fwp%2Fv2%2Fcomments&post=43438"}],"version-history":[{"count":6,"href":"http:\/\/museumek.eu\/index.php?rest_route=\/wp\/v2\/pages\/43438\/revisions"}],"predecessor-version":[{"id":43452,"href":"http:\/\/museumek.eu\/index.php?rest_route=\/wp\/v2\/pages\/43438\/revisions\/43452"}],"up":[{"embeddable":true,"href":"http:\/\/museumek.eu\/index.php?rest_route=\/wp\/v2\/pages\/37782"}],"wp:attachment":[{"href":"http:\/\/museumek.eu\/index.php?rest_route=%2Fwp%2Fv2%2Fmedia&parent=43438"}],"curies":[{"name":"wp","href":"https:\/\/api.w.org\/{rel}","templated":true}]}}