{"id":43510,"date":"2015-08-08T23:18:14","date_gmt":"2015-08-08T21:18:14","guid":{"rendered":"http:\/\/museumek.eu\/?page_id=43510"},"modified":"2015-08-08T23:18:14","modified_gmt":"2015-08-08T21:18:14","slug":"kurzbiografie-und-inventar-zum-kunstler","status":"publish","type":"page","link":"http:\/\/museumek.eu\/?page_id=43510","title":{"rendered":"Kurzbiografie und Inventar zum K\u00fcnstler"},"content":{"rendered":"<p>Rudi Stahl wurde 1918 in H\u00f6hr oder Grenzhausen geboren. Er starb 1987 in H\u00f6hr-Grenzhausen. Stahl entstammte ein traditionellen T\u00f6pferfamilie. Sein Gro\u00dfvater war Jacob Stahl ein Salbenkrugent\u00f6pfer. Sein Vater, Wendelin Stahl sen., war ebenfalls T\u00f6pfer. Auch Stahls Bruder, mit gleichem Namen wie der Vater, Wendelin Stahl, war T\u00f6pfer. Rudi Stahl durchlief ab 1933 eine Ausbildung in der T\u00f6pferei von Wym M\u00fchlendyck. 1936 bestand er die Gesellenpr\u00fcfung. Von 1936 an, war er in verschiedenen keramischen Werkst\u00e4tten t\u00e4tig. Parallel besuchte er von 1937 bis 1939 die Staatliche keramische Fachschule in H\u00f6hr-Grenzhausen. 1938 bestand er die Meisterpr\u00fcfung und er\u00f6ffnete mit Unterst\u00fctzung seines Vaters eine eigene T\u00f6pferwerkstatt in H\u00f6hr-Grenzhausen. Die Firmierung lautete Kunstt\u00f6pferei Rudi Stahl. 1941 wurde Stahl Obermeister der T\u00f6pferinnung von Rheinland-Pfalz. Norbert Stahl, Sohn von Rudi Stahl arbeitete in der T\u00f6pferei mit und \u00fcbernahm wohl um die 1980&#8242; Jahre die T\u00f6pferei des Vaters. Die Firmierung \u00e4nderte sich in Kunstt\u00f6pferei Rudi Stahl, Inhaber Norbert Stahl. Rudi Stahl erhielt zahlreiche Auszeichnungen und war einer der pr\u00e4genden T\u00f6pfer ab Mitte des 20. Jh.<\/p>\n<p><strong>Abteilung Deutschland, Keramik 1860 \u2013 1960, Inventarnummer D\/CXL\/1<\/strong><\/p>\n<p>Kunstt\u00f6pferei Rudi Stahl, Deutschland, H\u00f6hr-Grenzhausen, um 1950, Kanne, K\u00fcnstler Rudi Stahl, Werks.-Nr. ohne, Exemplar Nr. ohne, gemarkt Firmenmarke mit Schriftzug Rudi Stahl, 6000\/14 sowie Handarbeit alles geritzt, signiert = gemarkt, Rudi Stahl, Enkel des Salbenkrukent\u00f6pfers Jacob Stahl aus H\u00f6hr oder Grenzhausen, gr\u00fcndete 1938 eine T\u00f6pferwerkstatt in H\u00f6hr-Grenzhausen, Firmierung Kunstt\u00f6pferei Rudi Stahl, um 1980 \u00fcbernahm Rudi Stahls Sohn Norbert Stahl die T\u00f6pferei, die Firmierung \u00e4nderte sich in Kunstt\u00f6pferei Rudi Stahl, Inh. Norbert Stahl, H\u00f6he 13,5 cm, Breite 22 cm<\/p>\n<p><a href=\"http:\/\/museumek.eu\/?attachment_id=43494\" rel=\"attachment wp-att-43494\"><img loading=\"lazy\" src=\"http:\/\/museumek.eu\/wp-content\/uploads\/2015\/08\/4449-300x297.jpg\" alt=\"\" title=\"4449\" width=\"300\" height=\"297\" class=\"alignnone size-medium wp-image-43494\" srcset=\"http:\/\/museumek.eu\/wp-content\/uploads\/2015\/08\/4449-300x297.jpg 300w, http:\/\/museumek.eu\/wp-content\/uploads\/2015\/08\/4449-150x148.jpg 150w, http:\/\/museumek.eu\/wp-content\/uploads\/2015\/08\/4449-302x300.jpg 302w, http:\/\/museumek.eu\/wp-content\/uploads\/2015\/08\/4449.jpg 605w\" sizes=\"(max-width: 300px) 100vw, 300px\" \/><\/a><\/p>\n<p><a href=\"http:\/\/museumek.eu\/?attachment_id=43495\" rel=\"attachment wp-att-43495\"><img loading=\"lazy\" src=\"http:\/\/museumek.eu\/wp-content\/uploads\/2015\/08\/4450-300x222.jpg\" alt=\"\" title=\"4450\" width=\"300\" height=\"222\" class=\"alignnone size-medium wp-image-43495\" srcset=\"http:\/\/museumek.eu\/wp-content\/uploads\/2015\/08\/4450-300x222.jpg 300w, http:\/\/museumek.eu\/wp-content\/uploads\/2015\/08\/4450-150x111.jpg 150w, http:\/\/museumek.eu\/wp-content\/uploads\/2015\/08\/4450-404x300.jpg 404w, http:\/\/museumek.eu\/wp-content\/uploads\/2015\/08\/4450.jpg 800w\" sizes=\"(max-width: 300px) 100vw, 300px\" \/><\/a><\/p>\n<p><a href=\"http:\/\/museumek.eu\/?attachment_id=43496\" rel=\"attachment wp-att-43496\"><img loading=\"lazy\" src=\"http:\/\/museumek.eu\/wp-content\/uploads\/2015\/08\/4451-300x219.jpg\" alt=\"\" title=\"4451\" width=\"300\" height=\"219\" class=\"alignnone size-medium wp-image-43496\" srcset=\"http:\/\/museumek.eu\/wp-content\/uploads\/2015\/08\/4451-300x219.jpg 300w, http:\/\/museumek.eu\/wp-content\/uploads\/2015\/08\/4451-150x109.jpg 150w, http:\/\/museumek.eu\/wp-content\/uploads\/2015\/08\/4451-410x300.jpg 410w, http:\/\/museumek.eu\/wp-content\/uploads\/2015\/08\/4451.jpg 800w\" sizes=\"(max-width: 300px) 100vw, 300px\" \/><\/a><\/p>\n<p><a href=\"http:\/\/museumek.eu\/?attachment_id=43497\" rel=\"attachment wp-att-43497\"><img loading=\"lazy\" src=\"http:\/\/museumek.eu\/wp-content\/uploads\/2015\/08\/4452-294x300.jpg\" alt=\"\" title=\"4452\" width=\"294\" height=\"300\" class=\"alignnone size-medium wp-image-43497\" srcset=\"http:\/\/museumek.eu\/wp-content\/uploads\/2015\/08\/4452-294x300.jpg 294w, http:\/\/museumek.eu\/wp-content\/uploads\/2015\/08\/4452-147x150.jpg 147w, http:\/\/museumek.eu\/wp-content\/uploads\/2015\/08\/4452.jpg 600w\" sizes=\"(max-width: 294px) 100vw, 294px\" \/><\/a><\/p>\n<p><a href=\"http:\/\/museumek.eu\/?attachment_id=43498\" rel=\"attachment wp-att-43498\"><img loading=\"lazy\" src=\"http:\/\/museumek.eu\/wp-content\/uploads\/2015\/08\/4453-201x300.jpg\" alt=\"\" title=\"4453\" width=\"201\" height=\"300\" class=\"alignnone size-medium wp-image-43498\" srcset=\"http:\/\/museumek.eu\/wp-content\/uploads\/2015\/08\/4453-201x300.jpg 201w, http:\/\/museumek.eu\/wp-content\/uploads\/2015\/08\/4453-100x150.jpg 100w, http:\/\/museumek.eu\/wp-content\/uploads\/2015\/08\/4453.jpg 536w\" sizes=\"(max-width: 201px) 100vw, 201px\" \/><\/a><\/p>\n<p><a href=\"http:\/\/museumek.eu\/?attachment_id=43499\" rel=\"attachment wp-att-43499\"><img loading=\"lazy\" src=\"http:\/\/museumek.eu\/wp-content\/uploads\/2015\/08\/4454-237x300.jpg\" alt=\"\" title=\"4454\" width=\"237\" height=\"300\" class=\"alignnone size-medium wp-image-43499\" srcset=\"http:\/\/museumek.eu\/wp-content\/uploads\/2015\/08\/4454-237x300.jpg 237w, http:\/\/museumek.eu\/wp-content\/uploads\/2015\/08\/4454-118x150.jpg 118w, http:\/\/museumek.eu\/wp-content\/uploads\/2015\/08\/4454.jpg 600w\" sizes=\"(max-width: 237px) 100vw, 237px\" \/><\/a><\/p>\n<p><a href=\"http:\/\/museumek.eu\/?attachment_id=43500\" rel=\"attachment wp-att-43500\"><img loading=\"lazy\" src=\"http:\/\/museumek.eu\/wp-content\/uploads\/2015\/08\/4455-300x204.jpg\" alt=\"\" title=\"4455\" width=\"300\" height=\"204\" class=\"alignnone size-medium wp-image-43500\" srcset=\"http:\/\/museumek.eu\/wp-content\/uploads\/2015\/08\/4455-300x204.jpg 300w, http:\/\/museumek.eu\/wp-content\/uploads\/2015\/08\/4455-150x102.jpg 150w, http:\/\/museumek.eu\/wp-content\/uploads\/2015\/08\/4455-441x300.jpg 441w, http:\/\/museumek.eu\/wp-content\/uploads\/2015\/08\/4455.jpg 800w\" sizes=\"(max-width: 300px) 100vw, 300px\" \/><\/a><\/p>\n","protected":false},"excerpt":{"rendered":"<p>Rudi Stahl wurde 1918 in H\u00f6hr oder Grenzhausen geboren. Er starb 1987 in H\u00f6hr-Grenzhausen. Stahl entstammte ein traditionellen T\u00f6pferfamilie. Sein Gro\u00dfvater war Jacob Stahl ein Salbenkrugent\u00f6pfer. Sein Vater, Wendelin Stahl sen., war ebenfalls T\u00f6pfer. Auch Stahls Bruder, mit gleichem Namen &hellip; <a href=\"http:\/\/museumek.eu\/?page_id=43510\">Weiterlesen <span class=\"meta-nav\">&rarr;<\/span><\/a><\/p>\n","protected":false},"author":1,"featured_media":0,"parent":43472,"menu_order":1,"comment_status":"closed","ping_status":"open","template":"","meta":[],"_links":{"self":[{"href":"http:\/\/museumek.eu\/index.php?rest_route=\/wp\/v2\/pages\/43510"}],"collection":[{"href":"http:\/\/museumek.eu\/index.php?rest_route=\/wp\/v2\/pages"}],"about":[{"href":"http:\/\/museumek.eu\/index.php?rest_route=\/wp\/v2\/types\/page"}],"author":[{"embeddable":true,"href":"http:\/\/museumek.eu\/index.php?rest_route=\/wp\/v2\/users\/1"}],"replies":[{"embeddable":true,"href":"http:\/\/museumek.eu\/index.php?rest_route=%2Fwp%2Fv2%2Fcomments&post=43510"}],"version-history":[{"count":4,"href":"http:\/\/museumek.eu\/index.php?rest_route=\/wp\/v2\/pages\/43510\/revisions"}],"predecessor-version":[{"id":43514,"href":"http:\/\/museumek.eu\/index.php?rest_route=\/wp\/v2\/pages\/43510\/revisions\/43514"}],"up":[{"embeddable":true,"href":"http:\/\/museumek.eu\/index.php?rest_route=\/wp\/v2\/pages\/43472"}],"wp:attachment":[{"href":"http:\/\/museumek.eu\/index.php?rest_route=%2Fwp%2Fv2%2Fmedia&parent=43510"}],"curies":[{"name":"wp","href":"https:\/\/api.w.org\/{rel}","templated":true}]}}