{"id":43530,"date":"2015-08-09T17:01:02","date_gmt":"2015-08-09T15:01:02","guid":{"rendered":"http:\/\/museumek.eu\/?page_id=43530"},"modified":"2021-06-17T20:59:46","modified_gmt":"2021-06-17T18:59:46","slug":"matthes-ebel-mabendorfer-porzellanfabrik-und-malereien-vormals-mabendorfer-porzellanfabrik-richard-matthes-co-vormals-mabendorfer-porzellanfabrik-schlegelmilch-co-vormals-evtl-porzellanfab","status":"publish","type":"page","link":"http:\/\/museumek.eu\/?page_id=43530","title":{"rendered":"Matthes &#038; Ebel M\u00e4bendorfer Porzellanfabrik und Malereien, vormals M\u00e4bendorfer Porzellanfabrik Richard Matthes &#038; Co., vormals M\u00e4bendorfer Porzellanfabrik Schlegelmilch &#038; Co., vormals evtl. Porzellanfabrik Carl Schlegelmilch &#8211; Inv.Nr. D\/CXLI\/1"},"content":{"rendered":"","protected":false},"excerpt":{"rendered":"","protected":false},"author":1,"featured_media":0,"parent":2767,"menu_order":166,"comment_status":"closed","ping_status":"open","template":"","meta":[],"_links":{"self":[{"href":"http:\/\/museumek.eu\/index.php?rest_route=\/wp\/v2\/pages\/43530"}],"collection":[{"href":"http:\/\/museumek.eu\/index.php?rest_route=\/wp\/v2\/pages"}],"about":[{"href":"http:\/\/museumek.eu\/index.php?rest_route=\/wp\/v2\/types\/page"}],"author":[{"embeddable":true,"href":"http:\/\/museumek.eu\/index.php?rest_route=\/wp\/v2\/users\/1"}],"replies":[{"embeddable":true,"href":"http:\/\/museumek.eu\/index.php?rest_route=%2Fwp%2Fv2%2Fcomments&post=43530"}],"version-history":[{"count":4,"href":"http:\/\/museumek.eu\/index.php?rest_route=\/wp\/v2\/pages\/43530\/revisions"}],"predecessor-version":[{"id":57882,"href":"http:\/\/museumek.eu\/index.php?rest_route=\/wp\/v2\/pages\/43530\/revisions\/57882"}],"up":[{"embeddable":true,"href":"http:\/\/museumek.eu\/index.php?rest_route=\/wp\/v2\/pages\/2767"}],"wp:attachment":[{"href":"http:\/\/museumek.eu\/index.php?rest_route=%2Fwp%2Fv2%2Fmedia&parent=43530"}],"curies":[{"name":"wp","href":"https:\/\/api.w.org\/{rel}","templated":true}]}}