{"id":43567,"date":"2015-08-10T14:33:53","date_gmt":"2015-08-10T12:33:53","guid":{"rendered":"http:\/\/museumek.eu\/?page_id=43567"},"modified":"2015-08-10T15:07:30","modified_gmt":"2015-08-10T13:07:30","slug":"dxvi3","status":"publish","type":"page","link":"http:\/\/museumek.eu\/?page_id=43567","title":{"rendered":"D\/XVI\/3"},"content":{"rendered":"<p><strong>Abteilung Deutschland, Keramik 1860 \u2013 1960, Inventarnummer D\/XVI\/3<\/strong><\/p>\n<p>K\u00f6niglich-Polnische und Churf\u00fcrstlich-S\u00e4chsische Porcelain-Fabrique Meissen u. Nachf. Churf\u00fcrstliche Porcelain-Fabrique Meissen u. Nachf. K\u00f6niglich-S\u00e4chsische Porzellan-Manufactur Meissen u. Nachf. Staatliche Porzellan-Manufaktur Meissen, Deutschland, Meissen, 1924 &#8211; 1934, Teller mit Dekor \u201eRote Rose\u201c, K\u00fcnstler unbekannt, Werks.-Nr. ohne, Exemplar Nr. ohne, gemarkt Firmenmarke gekreuzte Schwerter mit einem Punkt oben zwischen den Schwerten (Anm. MEK: Marke g\u00fcltig f\u00fcr die Zeit 1924 bis 1934, sogenannte Pfeifferzeit, nach Direktor Pfeiffer) blau unter Glasur gemalt, zwei Schleifstriche (2. Wahl), 58 (?) und weitere nicht lesbare Zeichen gepresst, nicht signiert, Literatur: J. G. Th. Graesse und E. Jaennicke, F\u00fchrer f\u00fcr Sammler von Porzellan und Fayence, Steinzeug, Steingut usw., Seite 482, Marke Nr. 112 identisch, dort g\u00fcltig f\u00fcr die Zeit von 1924 bis 1934, weitere Literatur: Robert E. R\u00f6ntgen, Deutsche Porzellanmarken von 1710 bis heute (Ausgabe Jahr 2000), Seite 230, Marke Nr. 1772 identisch, dort g\u00fcltig f\u00fcr die Zeit von 1924 bis 1934, weitere Literatur: Gustav Wei\u00df, Ullstein Porzellanbuch, Seite 220, Marke dort abgebildet, dort g\u00fcltig f\u00fcr die Zeit von 1924 bis 1934, die erste europ\u00e4ische Porzellanfabrik wurde per Dekret vom 23.01.1710 von Kurf\u00fcrst Friedrich August I. von Sachsen und gleichzeitig August II. K\u00f6nig von Polen in Dresden gegr\u00fcndet, nachdem Friedrich B\u00f6ttcher f\u00fcr diesen das Hartporzellan erfunden hatte, am 06.06.1710 wurde die Albrechtsburg in Meissen als Produktionsst\u00e4tte in Betrieb genommen, Firmierung K\u00f6niglich-Polnische und Churf\u00fcrstlich-S\u00e4chsische Porcelain-Fabrique Meissen, der Sohn von Kurf\u00fcrst Friedrich August I, Kurf\u00fcrst Friedrich August II. zugleich K\u00f6nig August III. von Polen, f\u00fchrte die Manufaktur fort, als die s\u00e4chsischen Kurf\u00fcrsten die polnische Krone verlieren, musste die Manufaktur 1763 umbenannt werden, Firmierung ab da, Churf\u00fcrstliche Porcelain-Fabrique Meissen, 1806 wurde Sachsen durch Napoleon zum K\u00f6nigreich erhoben, Firmierung ab da, K\u00f6niglich-S\u00e4chsische Porzellan-Manufactur, seit 1831 ist die Manufaktur im Eigentum des Staates Sachsen, als der letzte Sachsenk\u00f6nig 1919 abdankt, \u00e4ndert sich die Firmierung in Staatliche Porzellan-Manufaktur Meissen, 1946 beschlagnahmt die Sowjetunion die Manufaktur, Firmierung Porzellanmanufaktur Meissen, Betrieb der SAG \u201eZement\u201c, 1950 wird die Manufaktur an die DDR verkauft, Firmierung VEB Staatliche Porzellan Manufaktur Meissen, die Manufaktur besteht heute noch, Durchmesser 17 cm<\/p>\n<p><a href=\"http:\/\/museumek.eu\/?attachment_id=43568\" rel=\"attachment wp-att-43568\"><img loading=\"lazy\" src=\"http:\/\/museumek.eu\/wp-content\/uploads\/2015\/08\/4351-300x296.jpg\" alt=\"\" title=\"4351\" width=\"300\" height=\"296\" class=\"alignnone size-medium wp-image-43568\" srcset=\"http:\/\/museumek.eu\/wp-content\/uploads\/2015\/08\/4351-300x296.jpg 300w, http:\/\/museumek.eu\/wp-content\/uploads\/2015\/08\/4351-150x148.jpg 150w, http:\/\/museumek.eu\/wp-content\/uploads\/2015\/08\/4351-304x300.jpg 304w, http:\/\/museumek.eu\/wp-content\/uploads\/2015\/08\/4351.jpg 608w\" sizes=\"(max-width: 300px) 100vw, 300px\" \/><\/a><\/p>\n<p><a href=\"http:\/\/museumek.eu\/?attachment_id=43569\" rel=\"attachment wp-att-43569\"><img loading=\"lazy\" src=\"http:\/\/museumek.eu\/wp-content\/uploads\/2015\/08\/4352-300x293.jpg\" alt=\"\" title=\"4352\" width=\"300\" height=\"293\" class=\"alignnone size-medium wp-image-43569\" srcset=\"http:\/\/museumek.eu\/wp-content\/uploads\/2015\/08\/4352-300x293.jpg 300w, http:\/\/museumek.eu\/wp-content\/uploads\/2015\/08\/4352-150x146.jpg 150w, http:\/\/museumek.eu\/wp-content\/uploads\/2015\/08\/4352-306x300.jpg 306w, http:\/\/museumek.eu\/wp-content\/uploads\/2015\/08\/4352.jpg 613w\" sizes=\"(max-width: 300px) 100vw, 300px\" \/><\/a><\/p>\n<p><a href=\"http:\/\/museumek.eu\/?attachment_id=43570\" rel=\"attachment wp-att-43570\"><img loading=\"lazy\" src=\"http:\/\/museumek.eu\/wp-content\/uploads\/2015\/08\/4353-183x300.jpg\" alt=\"\" title=\"4353\" width=\"183\" height=\"300\" class=\"alignnone size-medium wp-image-43570\" srcset=\"http:\/\/museumek.eu\/wp-content\/uploads\/2015\/08\/4353-183x300.jpg 183w, http:\/\/museumek.eu\/wp-content\/uploads\/2015\/08\/4353-91x150.jpg 91w, http:\/\/museumek.eu\/wp-content\/uploads\/2015\/08\/4353.jpg 245w\" sizes=\"(max-width: 183px) 100vw, 183px\" \/><\/a><\/p>\n<p><a href=\"http:\/\/museumek.eu\/?attachment_id=43576\" rel=\"attachment wp-att-43576\"><img loading=\"lazy\" src=\"http:\/\/museumek.eu\/wp-content\/uploads\/2015\/08\/43541.jpg\" alt=\"\" title=\"4354\" width=\"276\" height=\"169\" class=\"alignnone size-full wp-image-43576\" srcset=\"http:\/\/museumek.eu\/wp-content\/uploads\/2015\/08\/43541.jpg 276w, http:\/\/museumek.eu\/wp-content\/uploads\/2015\/08\/43541-150x91.jpg 150w\" sizes=\"(max-width: 276px) 100vw, 276px\" \/><\/a><\/p>\n","protected":false},"excerpt":{"rendered":"<p>Abteilung Deutschland, Keramik 1860 \u2013 1960, Inventarnummer D\/XVI\/3 K\u00f6niglich-Polnische und Churf\u00fcrstlich-S\u00e4chsische Porcelain-Fabrique Meissen u. Nachf. Churf\u00fcrstliche Porcelain-Fabrique Meissen u. Nachf. K\u00f6niglich-S\u00e4chsische Porzellan-Manufactur Meissen u. Nachf. Staatliche Porzellan-Manufaktur Meissen, Deutschland, Meissen, 1924 &#8211; 1934, Teller mit Dekor \u201eRote Rose\u201c, K\u00fcnstler unbekannt, &hellip; <a href=\"http:\/\/museumek.eu\/?page_id=43567\">Weiterlesen <span class=\"meta-nav\">&rarr;<\/span><\/a><\/p>\n","protected":false},"author":1,"featured_media":0,"parent":2092,"menu_order":3,"comment_status":"closed","ping_status":"open","template":"","meta":[],"_links":{"self":[{"href":"http:\/\/museumek.eu\/index.php?rest_route=\/wp\/v2\/pages\/43567"}],"collection":[{"href":"http:\/\/museumek.eu\/index.php?rest_route=\/wp\/v2\/pages"}],"about":[{"href":"http:\/\/museumek.eu\/index.php?rest_route=\/wp\/v2\/types\/page"}],"author":[{"embeddable":true,"href":"http:\/\/museumek.eu\/index.php?rest_route=\/wp\/v2\/users\/1"}],"replies":[{"embeddable":true,"href":"http:\/\/museumek.eu\/index.php?rest_route=%2Fwp%2Fv2%2Fcomments&post=43567"}],"version-history":[{"count":8,"href":"http:\/\/museumek.eu\/index.php?rest_route=\/wp\/v2\/pages\/43567\/revisions"}],"predecessor-version":[{"id":43621,"href":"http:\/\/museumek.eu\/index.php?rest_route=\/wp\/v2\/pages\/43567\/revisions\/43621"}],"up":[{"embeddable":true,"href":"http:\/\/museumek.eu\/index.php?rest_route=\/wp\/v2\/pages\/2092"}],"wp:attachment":[{"href":"http:\/\/museumek.eu\/index.php?rest_route=%2Fwp%2Fv2%2Fmedia&parent=43567"}],"curies":[{"name":"wp","href":"https:\/\/api.w.org\/{rel}","templated":true}]}}