{"id":43582,"date":"2015-08-10T14:45:38","date_gmt":"2015-08-10T12:45:38","guid":{"rendered":"http:\/\/museumek.eu\/?page_id=43582"},"modified":"2015-08-10T15:07:56","modified_gmt":"2015-08-10T13:07:56","slug":"dxvi4","status":"publish","type":"page","link":"http:\/\/museumek.eu\/?page_id=43582","title":{"rendered":"D\/XVI\/4"},"content":{"rendered":"<p><strong>Abteilung Deutschland, Keramik 1860 \u2013 1960, Inventarnummer D\/XVI\/4<\/strong><\/p>\n<p>K\u00f6niglich-Polnische und Churf\u00fcrstlich-S\u00e4chsische Porcelain-Fabrique Meissen u. Nachf. Churf\u00fcrstliche Porcelain-Fabrique Meissen u. Nachf. K\u00f6niglich-S\u00e4chsische Porzellan-Manufactur Meissen u. Nachf. Staatliche Porzellan-Manufaktur Meissen, Deutschland, Meissen, 1935, Teller, K\u00fcnstler unbekannt, Werks.-Nr. ohne, Exemplar Nr. ohne, gemarkt Firmenmarke gekreuzte Schwerter, links daneben 1710, rechts daneben 1935 (Anm. MEK: Jubil\u00e4umsmarke zum 225. Jahr des Bestehens der Manufaktur, diese Sondermarke ist in der g\u00e4ngigen Fachliteratur nicht verzeichnet, Fabrikate mit dieser Marke sind \u00e4u\u00dferst selten) blauer Stempel unter Glasur, 59 (?), B, 166 sowie zwei Punkte gepresst, nicht signiert, die erste europ\u00e4ische Porzellanfabrik wurde per Dekret vom 23.01.1710 in Dresden von Kurf\u00fcrst Friedrich August I. von Sachsen und gleichzeitig August II. K\u00f6nig von Polen gegr\u00fcndet, nachdem Friedrich B\u00f6ttcher f\u00fcr diesen das Hartporzellan erfunden hatte, am 06.06.1710 wurde die Albrechtsburg in Meissen als Produktionsst\u00e4tte in Betrieb genommen, Firmierung K\u00f6niglich-Polnische und Churf\u00fcrstlich-S\u00e4chsische Porcelain-Fabrique Meissen, der Sohn von Kurf\u00fcrst Friedrich August I, Kurf\u00fcrst Friedrich August II. zugleich K\u00f6nig August III. von Polen, f\u00fchrte die Manufaktur fort, als die s\u00e4chsischen Kurf\u00fcrsten die polnische Krone verlieren, musste die Manufaktur 1763 umbenannt werden, Firmierung ab da, Churf\u00fcrstliche Porcelain-Fabrique Meissen, 1806 wurde Sachsen durch Napoleon zum K\u00f6nigreich erhoben, Firmierung ab da, K\u00f6niglich-S\u00e4chsische Porzellan-Manufactur, seit 1831 ist die Manufaktur im Eigentum des Staates Sachsen, als der letzte Sachsenk\u00f6nig 1919 abdankt, \u00e4ndert sich die Firmierung in Staatliche Porzellan-Manufaktur Meissen, 1946 beschlagnahmt die Sowjetunion die Manufaktur, Firmierung Porzellanmanufaktur Meissen, Betrieb der SAG \u201eZement\u201c, 1950 wird die Manufaktur an die DDR verkauft, Firmierung VEB Staatliche Porzellan Manufaktur Meissen, die Manufaktur besteht heute noch, Malerei in kobaltblau mit Gold, Durchmesser 16 cm<\/p>\n<p><a href=\"http:\/\/museumek.eu\/?attachment_id=43583\" rel=\"attachment wp-att-43583\"><img loading=\"lazy\" src=\"http:\/\/museumek.eu\/wp-content\/uploads\/2015\/08\/4195-300x300.jpg\" alt=\"\" title=\"4195\" width=\"300\" height=\"300\" class=\"alignnone size-medium wp-image-43583\" srcset=\"http:\/\/museumek.eu\/wp-content\/uploads\/2015\/08\/4195-300x300.jpg 300w, http:\/\/museumek.eu\/wp-content\/uploads\/2015\/08\/4195-150x150.jpg 150w, http:\/\/museumek.eu\/wp-content\/uploads\/2015\/08\/4195-299x300.jpg 299w, http:\/\/museumek.eu\/wp-content\/uploads\/2015\/08\/4195.jpg 600w\" sizes=\"(max-width: 300px) 100vw, 300px\" \/><\/a><\/p>\n<p><a href=\"http:\/\/museumek.eu\/?attachment_id=43584\" rel=\"attachment wp-att-43584\"><img loading=\"lazy\" src=\"http:\/\/museumek.eu\/wp-content\/uploads\/2015\/08\/4197-300x188.jpg\" alt=\"\" title=\"4197\" width=\"300\" height=\"188\" class=\"alignnone size-medium wp-image-43584\" srcset=\"http:\/\/museumek.eu\/wp-content\/uploads\/2015\/08\/4197-300x188.jpg 300w, http:\/\/museumek.eu\/wp-content\/uploads\/2015\/08\/4197-150x94.jpg 150w, http:\/\/museumek.eu\/wp-content\/uploads\/2015\/08\/4197-477x300.jpg 477w, http:\/\/museumek.eu\/wp-content\/uploads\/2015\/08\/4197.jpg 800w\" sizes=\"(max-width: 300px) 100vw, 300px\" \/><\/a><\/p>\n<p><a href=\"http:\/\/museumek.eu\/?attachment_id=43585\" rel=\"attachment wp-att-43585\"><img loading=\"lazy\" src=\"http:\/\/museumek.eu\/wp-content\/uploads\/2015\/08\/4196-300x300.jpg\" alt=\"\" title=\"4196\" width=\"300\" height=\"300\" class=\"alignnone size-medium wp-image-43585\" srcset=\"http:\/\/museumek.eu\/wp-content\/uploads\/2015\/08\/4196-300x300.jpg 300w, http:\/\/museumek.eu\/wp-content\/uploads\/2015\/08\/4196-150x150.jpg 150w, http:\/\/museumek.eu\/wp-content\/uploads\/2015\/08\/4196-299x300.jpg 299w, http:\/\/museumek.eu\/wp-content\/uploads\/2015\/08\/4196.jpg 600w\" sizes=\"(max-width: 300px) 100vw, 300px\" \/><\/a><\/p>\n<p><a href=\"http:\/\/museumek.eu\/?attachment_id=43586\" rel=\"attachment wp-att-43586\"><img loading=\"lazy\" src=\"http:\/\/museumek.eu\/wp-content\/uploads\/2015\/08\/4198-134x300.jpg\" alt=\"\" title=\"4198\" width=\"134\" height=\"300\" class=\"alignnone size-medium wp-image-43586\" srcset=\"http:\/\/museumek.eu\/wp-content\/uploads\/2015\/08\/4198-134x300.jpg 134w, http:\/\/museumek.eu\/wp-content\/uploads\/2015\/08\/4198-67x150.jpg 67w, http:\/\/museumek.eu\/wp-content\/uploads\/2015\/08\/4198.jpg 358w\" sizes=\"(max-width: 134px) 100vw, 134px\" \/><\/a><\/p>\n<p><a href=\"http:\/\/museumek.eu\/?attachment_id=43587\" rel=\"attachment wp-att-43587\"><img loading=\"lazy\" src=\"http:\/\/museumek.eu\/wp-content\/uploads\/2015\/08\/4200-136x300.jpg\" alt=\"\" title=\"4200\" width=\"136\" height=\"300\" class=\"alignnone size-medium wp-image-43587\" srcset=\"http:\/\/museumek.eu\/wp-content\/uploads\/2015\/08\/4200-136x300.jpg 136w, http:\/\/museumek.eu\/wp-content\/uploads\/2015\/08\/4200-68x150.jpg 68w, http:\/\/museumek.eu\/wp-content\/uploads\/2015\/08\/4200.jpg 320w\" sizes=\"(max-width: 136px) 100vw, 136px\" \/><\/a><\/p>\n","protected":false},"excerpt":{"rendered":"<p>Abteilung Deutschland, Keramik 1860 \u2013 1960, Inventarnummer D\/XVI\/4 K\u00f6niglich-Polnische und Churf\u00fcrstlich-S\u00e4chsische Porcelain-Fabrique Meissen u. Nachf. Churf\u00fcrstliche Porcelain-Fabrique Meissen u. Nachf. K\u00f6niglich-S\u00e4chsische Porzellan-Manufactur Meissen u. Nachf. Staatliche Porzellan-Manufaktur Meissen, Deutschland, Meissen, 1935, Teller, K\u00fcnstler unbekannt, Werks.-Nr. ohne, Exemplar Nr. ohne, gemarkt &hellip; <a href=\"http:\/\/museumek.eu\/?page_id=43582\">Weiterlesen <span class=\"meta-nav\">&rarr;<\/span><\/a><\/p>\n","protected":false},"author":1,"featured_media":0,"parent":2092,"menu_order":4,"comment_status":"closed","ping_status":"open","template":"","meta":[],"_links":{"self":[{"href":"http:\/\/museumek.eu\/index.php?rest_route=\/wp\/v2\/pages\/43582"}],"collection":[{"href":"http:\/\/museumek.eu\/index.php?rest_route=\/wp\/v2\/pages"}],"about":[{"href":"http:\/\/museumek.eu\/index.php?rest_route=\/wp\/v2\/types\/page"}],"author":[{"embeddable":true,"href":"http:\/\/museumek.eu\/index.php?rest_route=\/wp\/v2\/users\/1"}],"replies":[{"embeddable":true,"href":"http:\/\/museumek.eu\/index.php?rest_route=%2Fwp%2Fv2%2Fcomments&post=43582"}],"version-history":[{"count":6,"href":"http:\/\/museumek.eu\/index.php?rest_route=\/wp\/v2\/pages\/43582\/revisions"}],"predecessor-version":[{"id":43623,"href":"http:\/\/museumek.eu\/index.php?rest_route=\/wp\/v2\/pages\/43582\/revisions\/43623"}],"up":[{"embeddable":true,"href":"http:\/\/museumek.eu\/index.php?rest_route=\/wp\/v2\/pages\/2092"}],"wp:attachment":[{"href":"http:\/\/museumek.eu\/index.php?rest_route=%2Fwp%2Fv2%2Fmedia&parent=43582"}],"curies":[{"name":"wp","href":"https:\/\/api.w.org\/{rel}","templated":true}]}}