{"id":43652,"date":"2015-08-10T22:07:30","date_gmt":"2015-08-10T20:07:30","guid":{"rendered":"http:\/\/museumek.eu\/?page_id=43652"},"modified":"2015-08-10T22:09:09","modified_gmt":"2015-08-10T20:09:09","slug":"43652-2","status":"publish","type":"page","link":"http:\/\/museumek.eu\/?page_id=43652","title":{"rendered":"D\/XXXVII\/85"},"content":{"rendered":"<p><strong>Abteilung Deutschland, Keramik 1860 \u2013 1960, Inventarnummer D\/XXXVII\/85 <\/strong><\/p>\n<p>Thonwaaren \u2013 Fabrik Marzi &#038; Remy, Deutschland, H\u00f6hr, um 1910 bis 1920, Seidel, K\u00fcnstler unbekannt, Werks.-Nr. 202 (?), Exemplar Nr. ohne, gemarkt keine Firmenmarke aber 202 oder 3202 (?) oder 5202 (?) sowie 1\/3 L. \u00fcber Eichstrich gepresst, 14 (?) geritzt, nicht signiert, Literatur: J\u00fcrgen Schimanski, Braun geflammt und grau gesalzen, Seite 203, Beschreibung der Fabrik, au\u00dferdem dort beschrieben, dass eine eigene Firmenmarke (Anmerkung MEK: die stilisierte T\u00f6pfermarke, bestehend aus Mittelachse, daran Antriebstretscheibe, diese immer in einem quadratischen oder trapezf\u00f6rmigen Rahmen) erst Anfang der 1920\u2018 Jahre eingef\u00fchrt worden ist und dass Erzeugnisse der fr\u00fcheren Jahre oft mit dem Schriftzug \u201eGesetzl. Gesch\u00fctzt\u201c (Anmerkung MEK: richtige Schreibweise des Stempels eigentlich mit Gro\u00dfbuchstaben und nicht wie bei Schimanski klein geschrieben, also GESETZL. GESCH\u00dcTZT) gemarkt sind, dieser Beschreibung stimmt das MEK bez\u00fcglich der Firmenmarke nicht zu, das MEK Exemplar D\/XXXVII\/64 widerlegt diese Aussage, vor, bis um 1900, wurde der M &#038; R. darunter H. in einem Rechteck Stempel verwendet, diesen gibt es auch noch als ausgeschriebene Variante (MARZI &#038; REMY darunter H\u00d6HR.), dann nicht in einem Rechteck, sogar mit dem Zusatzstempel GESETZL. GESCH\u00dcTZT, siehe <strong>http:\/\/www.steinmarks.co.uk\/pages\/pv.asp?p=stein164<\/strong>, dort unter Marzi &#038; Remy diese Stempelvariante abgebildet als auch die Stempelvariante des oben genannten MEK Exemplares, M &#038; R. darunter H. steht <strong>nicht<\/strong> f\u00fcr Merkelbach &#038; Remy, einer Westerw\u00e4lder Fabrik, die in der gleichen Zeit produzierte und f\u00fcr die bisher in der Fachliteratur noch keine Firmenmarke nachgewiesen worden ist, weil sich diese Fabrik in Grenzhausen und nicht in H\u00f6hr befand, bis 1936 waren die beiden Ortschaften eigenst\u00e4ndig und wurden erst am 01.04.1936 zusammen mit der Gemeinde Grenzau zu H\u00f6hr-Grenzhausen zusammengeschlossen, die Fabrik wurde 1879 von Anton Marzi und seinem Schwager Simon Peter Remy in H\u00f6hr gegr\u00fcndet und firmierte als Thonwaaren \u2013 Fabrik Marzi &#038; Remy, ab 1881 wurde eine eigene Zinngie\u00dferei angeschafft und ab 1883 neben dem grau \u2013 blau salzglasiertem Steinzeug auch Elfenbeinsteinzeug produziert, Simon Peter Remy verstarb 1919 und sein Sohn Werner Remy trat in die Fabrik ein, 1924 verstarb Anton Marzi und sein Schwiegersohn Johann Otto B\u00fchler trat in die Fabrik ein, Werner Remy verlie\u00df 1931 die Fabrik, 1941 trat Johann Otto B\u00fchlers Sohn Otto B\u00fchler in die Fabrik ein und 1953 dessen Sohn Otto Georg B\u00fchler, die Fabrik war bis zum Konkurs in den 1990\u2018 Jahren immer in Familienbesitz, Zuschreibung: der Seidel stammt aus dem Bestand von J\u00fcrgen Erlebach, der ihn Marzi &#038; Remy zugeordnet hatte, das MEK teilt diese Zuschreibung, Ausf\u00fchrung als Feinsteinzeug blau-braun glasiert, Zinndeckel mit Darstellung und Beschriftung Lager Hammelburg, Anm. MEK: der Milit\u00e4rst\u00fctzpunkt war zweimal Lager, einmal zu Zeiten des WK I und dann wieder zu Zeiten des WK II, da das Design des Seidels eher den Jahren vor 1920 entspricht, ordnet das MEK wie o. g. zeitlich zu, allerdings ist die Werks.-Nr nicht eindeutig bestimmbar, insofern ist die zeitlich Einordnung vorl\u00e4ufig, H\u00f6he 8,2 cm, Breite 9 cm (nur die Keramik)<\/p>\n<p><a href=\"http:\/\/museumek.eu\/?attachment_id=43653\" rel=\"attachment wp-att-43653\"><img loading=\"lazy\" src=\"http:\/\/museumek.eu\/wp-content\/uploads\/2015\/08\/1876-180x300.jpg\" alt=\"\" title=\"1876\" width=\"180\" height=\"300\" class=\"alignnone size-medium wp-image-43653\" srcset=\"http:\/\/museumek.eu\/wp-content\/uploads\/2015\/08\/1876-180x300.jpg 180w, http:\/\/museumek.eu\/wp-content\/uploads\/2015\/08\/1876-90x150.jpg 90w, http:\/\/museumek.eu\/wp-content\/uploads\/2015\/08\/1876.jpg 482w\" sizes=\"(max-width: 180px) 100vw, 180px\" \/><\/a><\/p>\n<p><a href=\"http:\/\/museumek.eu\/?attachment_id=43654\" rel=\"attachment wp-att-43654\"><img loading=\"lazy\" src=\"http:\/\/museumek.eu\/wp-content\/uploads\/2015\/08\/1877-246x300.jpg\" alt=\"\" title=\"1877\" width=\"246\" height=\"300\" class=\"alignnone size-medium wp-image-43654\" srcset=\"http:\/\/museumek.eu\/wp-content\/uploads\/2015\/08\/1877-246x300.jpg 246w, http:\/\/museumek.eu\/wp-content\/uploads\/2015\/08\/1877-123x150.jpg 123w, http:\/\/museumek.eu\/wp-content\/uploads\/2015\/08\/1877.jpg 600w\" sizes=\"(max-width: 246px) 100vw, 246px\" \/><\/a><\/p>\n<p><a href=\"http:\/\/museumek.eu\/?attachment_id=43655\" rel=\"attachment wp-att-43655\"><img loading=\"lazy\" src=\"http:\/\/museumek.eu\/wp-content\/uploads\/2015\/08\/1878-241x300.jpg\" alt=\"\" title=\"1878\" width=\"241\" height=\"300\" class=\"alignnone size-medium wp-image-43655\" srcset=\"http:\/\/museumek.eu\/wp-content\/uploads\/2015\/08\/1878-241x300.jpg 241w, http:\/\/museumek.eu\/wp-content\/uploads\/2015\/08\/1878-120x150.jpg 120w, http:\/\/museumek.eu\/wp-content\/uploads\/2015\/08\/1878.jpg 600w\" sizes=\"(max-width: 241px) 100vw, 241px\" \/><\/a><\/p>\n<p><a href=\"http:\/\/museumek.eu\/?attachment_id=43656\" rel=\"attachment wp-att-43656\"><img loading=\"lazy\" src=\"http:\/\/museumek.eu\/wp-content\/uploads\/2015\/08\/1879-166x300.jpg\" alt=\"\" title=\"1879\" width=\"166\" height=\"300\" class=\"alignnone size-medium wp-image-43656\" srcset=\"http:\/\/museumek.eu\/wp-content\/uploads\/2015\/08\/1879-166x300.jpg 166w, http:\/\/museumek.eu\/wp-content\/uploads\/2015\/08\/1879-83x150.jpg 83w, http:\/\/museumek.eu\/wp-content\/uploads\/2015\/08\/1879.jpg 443w\" sizes=\"(max-width: 166px) 100vw, 166px\" \/><\/a><\/p>\n<p><a href=\"http:\/\/museumek.eu\/?attachment_id=43657\" rel=\"attachment wp-att-43657\"><img loading=\"lazy\" src=\"http:\/\/museumek.eu\/wp-content\/uploads\/2015\/08\/1880-164x300.jpg\" alt=\"\" title=\"1880\" width=\"164\" height=\"300\" class=\"alignnone size-medium wp-image-43657\" srcset=\"http:\/\/museumek.eu\/wp-content\/uploads\/2015\/08\/1880-164x300.jpg 164w, http:\/\/museumek.eu\/wp-content\/uploads\/2015\/08\/1880-82x150.jpg 82w, http:\/\/museumek.eu\/wp-content\/uploads\/2015\/08\/1880.jpg 350w\" sizes=\"(max-width: 164px) 100vw, 164px\" \/><\/a><\/p>\n<p><a href=\"http:\/\/museumek.eu\/?attachment_id=43658\" rel=\"attachment wp-att-43658\"><img loading=\"lazy\" src=\"http:\/\/museumek.eu\/wp-content\/uploads\/2015\/08\/1881-300x288.jpg\" alt=\"\" title=\"1881\" width=\"300\" height=\"288\" class=\"alignnone size-medium wp-image-43658\" srcset=\"http:\/\/museumek.eu\/wp-content\/uploads\/2015\/08\/1881-300x288.jpg 300w, http:\/\/museumek.eu\/wp-content\/uploads\/2015\/08\/1881-150x144.jpg 150w, http:\/\/museumek.eu\/wp-content\/uploads\/2015\/08\/1881-311x300.jpg 311w, http:\/\/museumek.eu\/wp-content\/uploads\/2015\/08\/1881.jpg 702w\" sizes=\"(max-width: 300px) 100vw, 300px\" \/><\/a><\/p>\n<p><a href=\"http:\/\/museumek.eu\/?attachment_id=43659\" rel=\"attachment wp-att-43659\"><img loading=\"lazy\" src=\"http:\/\/museumek.eu\/wp-content\/uploads\/2015\/08\/1882-300x297.jpg\" alt=\"\" title=\"1882\" width=\"300\" height=\"297\" class=\"alignnone size-medium wp-image-43659\" srcset=\"http:\/\/museumek.eu\/wp-content\/uploads\/2015\/08\/1882-300x297.jpg 300w, http:\/\/museumek.eu\/wp-content\/uploads\/2015\/08\/1882-150x148.jpg 150w, http:\/\/museumek.eu\/wp-content\/uploads\/2015\/08\/1882-303x300.jpg 303w, http:\/\/museumek.eu\/wp-content\/uploads\/2015\/08\/1882.jpg 606w\" sizes=\"(max-width: 300px) 100vw, 300px\" \/><\/a><\/p>\n<p><a href=\"http:\/\/museumek.eu\/?attachment_id=43660\" rel=\"attachment wp-att-43660\"><img loading=\"lazy\" src=\"http:\/\/museumek.eu\/wp-content\/uploads\/2015\/08\/1883-300x178.jpg\" alt=\"\" title=\"1883\" width=\"300\" height=\"178\" class=\"alignnone size-medium wp-image-43660\" srcset=\"http:\/\/museumek.eu\/wp-content\/uploads\/2015\/08\/1883-300x178.jpg 300w, http:\/\/museumek.eu\/wp-content\/uploads\/2015\/08\/1883-150x89.jpg 150w, http:\/\/museumek.eu\/wp-content\/uploads\/2015\/08\/1883-500x296.jpg 500w, http:\/\/museumek.eu\/wp-content\/uploads\/2015\/08\/1883.jpg 800w\" sizes=\"(max-width: 300px) 100vw, 300px\" \/><\/a><\/p>\n","protected":false},"excerpt":{"rendered":"<p>Abteilung Deutschland, Keramik 1860 \u2013 1960, Inventarnummer D\/XXXVII\/85 Thonwaaren \u2013 Fabrik Marzi &#038; Remy, Deutschland, H\u00f6hr, um 1910 bis 1920, Seidel, K\u00fcnstler unbekannt, Werks.-Nr. 202 (?), Exemplar Nr. ohne, gemarkt keine Firmenmarke aber 202 oder 3202 (?) oder 5202 (?) &hellip; <a href=\"http:\/\/museumek.eu\/?page_id=43652\">Weiterlesen <span class=\"meta-nav\">&rarr;<\/span><\/a><\/p>\n","protected":false},"author":1,"featured_media":0,"parent":42107,"menu_order":85,"comment_status":"closed","ping_status":"open","template":"","meta":[],"_links":{"self":[{"href":"http:\/\/museumek.eu\/index.php?rest_route=\/wp\/v2\/pages\/43652"}],"collection":[{"href":"http:\/\/museumek.eu\/index.php?rest_route=\/wp\/v2\/pages"}],"about":[{"href":"http:\/\/museumek.eu\/index.php?rest_route=\/wp\/v2\/types\/page"}],"author":[{"embeddable":true,"href":"http:\/\/museumek.eu\/index.php?rest_route=\/wp\/v2\/users\/1"}],"replies":[{"embeddable":true,"href":"http:\/\/museumek.eu\/index.php?rest_route=%2Fwp%2Fv2%2Fcomments&post=43652"}],"version-history":[{"count":8,"href":"http:\/\/museumek.eu\/index.php?rest_route=\/wp\/v2\/pages\/43652\/revisions"}],"predecessor-version":[{"id":43668,"href":"http:\/\/museumek.eu\/index.php?rest_route=\/wp\/v2\/pages\/43652\/revisions\/43668"}],"up":[{"embeddable":true,"href":"http:\/\/museumek.eu\/index.php?rest_route=\/wp\/v2\/pages\/42107"}],"wp:attachment":[{"href":"http:\/\/museumek.eu\/index.php?rest_route=%2Fwp%2Fv2%2Fmedia&parent=43652"}],"curies":[{"name":"wp","href":"https:\/\/api.w.org\/{rel}","templated":true}]}}