{"id":43746,"date":"2015-08-11T19:17:30","date_gmt":"2015-08-11T17:17:30","guid":{"rendered":"http:\/\/museumek.eu\/?page_id=43746"},"modified":"2021-03-10T16:25:39","modified_gmt":"2021-03-10T15:25:39","slug":"kurzbiografie-und-inventar-zum-kunstler","status":"publish","type":"page","link":"http:\/\/museumek.eu\/?page_id=43746","title":{"rendered":"Kurzbiografie und Inventar zum K\u00fcnstler"},"content":{"rendered":"<p>Hermann Gretsch wurde am 17.11.1895 in Augsburg geboren. Er starb am 29.05.1950 in Stuttgart. Gretsch studierte Architektur an der Technischen Hochschule in Stuttgart. Au\u00dferdem bestand er seine Gesellenpr\u00fcfung als Keramiker an der Stuttgarter Kunstgewerbeschule. 1928 erwarb er einen techn. Doktortitel. 1930 war er in leitender Position am Landesgewerbeamt in Stuttgart t\u00e4tig und noch im gleichen Jahr begann er f\u00fcr die Porzellanfabrik Arzberg, Zweigwerk der Porzellanfabrik Kahla AG zu arbeiten, anscheinend als freier Mitarbeiter. Bis zu seinem Tode war er k\u00fcnstlerischer Leiter dieser Porzellanfabrik. 1935 \u00fcbernahm er die Leitung des Deutschen Werkbundes. 1940 wurde er Direktor der Stuttgarter Kunstgewerbeschule. 1941 wurde Gretsch stellvertretender Direktor der staatlichen Akademie der bildenden K\u00fcnste in Stuttgart. 1943 wurde er in den Aufsichtskonzern des Kahla Konzerns gew\u00e4hlt. 1945 lie\u00df er sich als freier Architekt in Stuttgart nieder und leitete den Nachkriegs-Neuanfang der Arzberger Porzellanfabrik. Ber\u00fchmt wurde Gretsch allerdings, weil er 1931 f\u00fcr die Arzberger Porzellanfabrik das zeitlose Kaffee- und Tafelservice Form 1382 entwarf. F\u00fcr die Form 1382 erhielt er 1936 die Goldmedaille auf der VI. Triennale von Mailand. 1950 nahm das New Yorker Museum of modern art die Form in die Ausstellung &#8222;Good design&#8220; auf. Die Form 1382 geh\u00f6rt zu den deutschen Klassikern der Industrieprodukt-Gestaltung und wird noch heute in Arzberg produziert. Gretsch reihte sich mit der Form 1382 in die moderne Produktgestaltung der deutschen Porzellanindustrie ein und war auf Augenh\u00f6he mit bedeutenden K\u00fcnstlern und Entwerfern seiner Zeit, wie Wilhelm Wagenfeld mit der Form 639 f\u00fcr die F\u00fcrstenberger Porzellanmanufaktur (siehe MEK D\/LVII\/1 und D\/LIII\/2), Magarethe Friedl\u00e4nder mit dem Service &#8222;Halle&#8220; f\u00fcr die Kgl. Porzellanmanufaktur Berlin oder Trude Petri mit dem Service &#8222;Urbino&#8220; ebenfalls f\u00fcr die KPM. <\/p>\n<p><strong>Abteilung Deutschland, Keramik 1860 \u2013 1960, Inventarnummer D\/XCV\/5<\/strong><\/p>\n<p>Porzellanfabrik Arzberg, Zweigwerk der Porzellanfabrik Kahla AG, vormals Porzellanfabrik Sch\u00f6nwald, Abteilung Arzberg, vormals Porzellanfabrik Theodor Lehmann, vormals Porzellanfabrik Lehmann &#038; Ro\u00dfberg, vormals Porzellanfabrik Christoph Schumann, Deutschland, Arzberg, um 1931, Souciere Form 1382 mit Rotrand, K\u00fcnstler Hermann Gretsch, Werks.-Nr. ohne, Exemplar Nr. ohne, gemarkt Firmenmarke Schriftzug Porzellanfabrik Arzberg, darunter Arzberg (Bayern) gr\u00fcner Stempel unter Glasur (Marke g\u00fcltig f\u00fcr die Zeit 1930 bis 1947), 33 roter Stempel auf Glasur, 1382\/1, darunter 81 gepresst (nicht fotografierbar, da sehr schwach gepresst), nicht signiert, Literatur: J. G. Th. Graesse und E. Jaenicke, F\u00fchrer f\u00fcr Sammler von Porzellan und Fayence, Steinzeug, Steingut usw., Seite 432, Marke Nr. 2 identisch, weitere Literatur: Gustav Wei\u00df, Ullstein Porzellanbuch, Seite 240, Marke Nr. 9 identisch, weitere Literatur: weitere Literatur: Robert E. R\u00f6ntgen, Deutsche Porzellanmarken von 1710 bis heute (Ausgabe Jahr 2000), Seite 40, Marke 130 identisch (dort angegeben f\u00fcr die Zeit von 1930 bis 1947), weitere Literatur: Dieter Z\u00fchlsdorff, Markenlexikon, Band 1, Porzellan und Keramik Report 1885 &#8211; 1935, Seite 182, Werk-Teil 1., Gruppennummer des Werkteils 2., laufende Nummer der Gruppe 1523, identische Marke (dort f\u00fcr die Zeit ab 1931, dort geschrieben: Marke f\u00fcr moderne Formen) sowie Seite 467, Werk-Teil 3., laufende Nummer des Werkteils 54, dort Beschreibung der Fabrik, weitere Literatur: Ludwig Danckert, Handbuch des Europ\u00e4ischen Porzellans, 7. Auflage, Seite 41\/42, Beschreibung der Fabrik und Seite 42, identische Marke (dort f\u00fcr die Zeit 1931 &#8211; 1946), 1887 gr\u00fcndete Christoph Schumann, Sohn des Arzberger Porzellanfabrikanten Christian Heinrich Schumann in Arzberg, bei der Jakobsburg, eine eigene Porzellanfabrik (ab da zwei eigenst\u00e4ndige Schumann\u2019sche Porzellanfabriken in Arzberg, die dann unter wechselnden Eigent\u00fcmern, Firmierungen und Firmenmarken, rund 100 Jahre nebeneinander betrieben worden sind), Firmierung Porzellanfabrik Christoph Schumann, um 1892 verkaufte Christoph Schumann die Fabrik an Theodor Lehmann und dessen Gesch\u00e4ftspartner Ro\u00dfberg, Firmierung Porzellanfabrik Lehmann &#038; Ro\u00dfberg, Christoph Schumann wanderte nach Schwarzenhammer aus und gr\u00fcndete dort 1905 zusammen mit seinem Schwiegervater Schreider die Porzellanfabrik Schumann &#038; Schreider, ab 1897 ist Lehmann Alleineigent\u00fcmer, Firmierung Porzellanfabrik Theodor Lehmann, die Fabrik fusionierte 1902 mit der Porzellanfabrik Sch\u00f6nwald AG, die Firmierung \u00e4nderte sich in Porzellanfabrik Sch\u00f6nwald AG, Abteilung Arzberg, 1927 fusionierte die Porzellanfabrik Sch\u00f6nwald AG mit der Porzellanfabrik Kahla AG, die Firmierung \u00e4nderte sich in Porzellanfabrik Kahla AG, Zweigwerk Arzberg, 1972 fusionierte der westdeutsche Teil der Porzellanfabrik Kahla AG mit der Hutschenreuther AG, die Fabrik in Arzberg wurde mit gleichem Namen weitergef\u00fchrt, 1998 ist die Arzberger Fabrik der Winterling Porzellan AG zugeh\u00f6rig und im Jahr 2000 geh\u00f6rt die Fabrik zur SKV Porzellan-Union, siehe auch MEK D\/XCV\/5 identische Souciere mit Goldrandbemalung, H\u00f6he 9,2 cm, Breite 20 cm<\/p>\n<p><a href=\"http:\/\/museumek.eu\/?attachment_id=43727\" rel=\"attachment wp-att-43727\"><img loading=\"lazy\" src=\"http:\/\/museumek.eu\/wp-content\/uploads\/2015\/08\/4464-300x183.jpg\" alt=\"\" title=\"4464\" width=\"300\" height=\"183\" class=\"alignnone size-medium wp-image-43727\" srcset=\"http:\/\/museumek.eu\/wp-content\/uploads\/2015\/08\/4464-300x183.jpg 300w, http:\/\/museumek.eu\/wp-content\/uploads\/2015\/08\/4464-150x91.jpg 150w, http:\/\/museumek.eu\/wp-content\/uploads\/2015\/08\/4464-490x300.jpg 490w, http:\/\/museumek.eu\/wp-content\/uploads\/2015\/08\/4464.jpg 800w\" sizes=\"(max-width: 300px) 100vw, 300px\" \/><\/a><\/p>\n<p><a href=\"http:\/\/museumek.eu\/?attachment_id=43728\" rel=\"attachment wp-att-43728\"><img loading=\"lazy\" src=\"http:\/\/museumek.eu\/wp-content\/uploads\/2015\/08\/4465-300x253.jpg\" alt=\"\" title=\"4465\" width=\"300\" height=\"253\" class=\"alignnone size-medium wp-image-43728\" srcset=\"http:\/\/museumek.eu\/wp-content\/uploads\/2015\/08\/4465-300x253.jpg 300w, http:\/\/museumek.eu\/wp-content\/uploads\/2015\/08\/4465-150x126.jpg 150w, http:\/\/museumek.eu\/wp-content\/uploads\/2015\/08\/4465-355x300.jpg 355w, http:\/\/museumek.eu\/wp-content\/uploads\/2015\/08\/4465.jpg 710w\" sizes=\"(max-width: 300px) 100vw, 300px\" \/><\/a><\/p>\n<p><a href=\"http:\/\/museumek.eu\/?attachment_id=43734\" rel=\"attachment wp-att-43734\"><img loading=\"lazy\" src=\"http:\/\/museumek.eu\/wp-content\/uploads\/2015\/08\/44661-300x213.jpg\" alt=\"\" title=\"4466\" width=\"300\" height=\"213\" class=\"alignnone size-medium wp-image-43734\" srcset=\"http:\/\/museumek.eu\/wp-content\/uploads\/2015\/08\/44661-300x213.jpg 300w, http:\/\/museumek.eu\/wp-content\/uploads\/2015\/08\/44661-150x106.jpg 150w, http:\/\/museumek.eu\/wp-content\/uploads\/2015\/08\/44661-421x300.jpg 421w, http:\/\/museumek.eu\/wp-content\/uploads\/2015\/08\/44661.jpg 800w\" sizes=\"(max-width: 300px) 100vw, 300px\" \/><\/a><\/p>\n<p><a href=\"http:\/\/museumek.eu\/?attachment_id=43736\" rel=\"attachment wp-att-43736\"><img loading=\"lazy\" src=\"http:\/\/museumek.eu\/wp-content\/uploads\/2015\/08\/4467-167x300.jpg\" alt=\"\" title=\"4467\" width=\"167\" height=\"300\" class=\"alignnone size-medium wp-image-43736\" srcset=\"http:\/\/museumek.eu\/wp-content\/uploads\/2015\/08\/4467-167x300.jpg 167w, http:\/\/museumek.eu\/wp-content\/uploads\/2015\/08\/4467-83x150.jpg 83w, http:\/\/museumek.eu\/wp-content\/uploads\/2015\/08\/4467.jpg 446w\" sizes=\"(max-width: 167px) 100vw, 167px\" \/><\/a><\/p>\n<p><a href=\"http:\/\/museumek.eu\/?attachment_id=43737\" rel=\"attachment wp-att-43737\"><img loading=\"lazy\" src=\"http:\/\/museumek.eu\/wp-content\/uploads\/2015\/08\/4468-154x300.jpg\" alt=\"\" title=\"4468\" width=\"154\" height=\"300\" class=\"alignnone size-medium wp-image-43737\" srcset=\"http:\/\/museumek.eu\/wp-content\/uploads\/2015\/08\/4468-154x300.jpg 154w, http:\/\/museumek.eu\/wp-content\/uploads\/2015\/08\/4468-77x150.jpg 77w, http:\/\/museumek.eu\/wp-content\/uploads\/2015\/08\/4468.jpg 412w\" sizes=\"(max-width: 154px) 100vw, 154px\" \/><\/a><\/p>\n<p><a href=\"http:\/\/museumek.eu\/?attachment_id=43738\" rel=\"attachment wp-att-43738\"><img loading=\"lazy\" src=\"http:\/\/museumek.eu\/wp-content\/uploads\/2015\/08\/4469-183x300.jpg\" alt=\"\" title=\"4469\" width=\"183\" height=\"300\" class=\"alignnone size-medium wp-image-43738\" srcset=\"http:\/\/museumek.eu\/wp-content\/uploads\/2015\/08\/4469-183x300.jpg 183w, http:\/\/museumek.eu\/wp-content\/uploads\/2015\/08\/4469-91x150.jpg 91w, http:\/\/museumek.eu\/wp-content\/uploads\/2015\/08\/4469.jpg 490w\" sizes=\"(max-width: 183px) 100vw, 183px\" \/><\/a><\/p>\n<p><a href=\"http:\/\/museumek.eu\/?attachment_id=43739\" rel=\"attachment wp-att-43739\"><img loading=\"lazy\" src=\"http:\/\/museumek.eu\/wp-content\/uploads\/2015\/08\/4471-300x203.jpg\" alt=\"\" title=\"4471\" width=\"300\" height=\"203\" class=\"alignnone size-medium wp-image-43739\" srcset=\"http:\/\/museumek.eu\/wp-content\/uploads\/2015\/08\/4471-300x203.jpg 300w, http:\/\/museumek.eu\/wp-content\/uploads\/2015\/08\/4471-150x101.jpg 150w, http:\/\/museumek.eu\/wp-content\/uploads\/2015\/08\/4471-443x300.jpg 443w, http:\/\/museumek.eu\/wp-content\/uploads\/2015\/08\/4471.jpg 635w\" sizes=\"(max-width: 300px) 100vw, 300px\" \/><\/a><\/p>\n<p><a href=\"http:\/\/museumek.eu\/?attachment_id=43740\" rel=\"attachment wp-att-43740\"><img loading=\"lazy\" src=\"http:\/\/museumek.eu\/wp-content\/uploads\/2015\/08\/4470-187x300.jpg\" alt=\"\" title=\"4470\" width=\"187\" height=\"300\" class=\"alignnone size-medium wp-image-43740\" srcset=\"http:\/\/museumek.eu\/wp-content\/uploads\/2015\/08\/4470-187x300.jpg 187w, http:\/\/museumek.eu\/wp-content\/uploads\/2015\/08\/4470-93x150.jpg 93w, http:\/\/museumek.eu\/wp-content\/uploads\/2015\/08\/4470.jpg 360w\" sizes=\"(max-width: 187px) 100vw, 187px\" \/><\/a><\/p>\n<p><strong>Abteilung Deutschland, Keramik 1860 \u2013 1960, Inventarnummer D\/XCV\/6<\/strong><\/p>\n<p>Porzellanfabrik Arzberg, Zweigwerk der Porzellanfabrik Kahla AG, vormals Porzellanfabrik Sch\u00f6nwald, Abteilung Arzberg, vormals Porzellanfabrik Theodor Lehmann, vormals Porzellanfabrik Lehmann &#038; Ro\u00dfberg, vormals Porzellanfabrik Christoph Schumann, Deutschland, Arzberg, um 1931, Souciere Form 1382 mit Goldrand, K\u00fcnstler Hermann Gretsch, Werks.-Nr. ohne, Exemplar Nr. ohne, gemarkt Firmenmarke Schriftzug Porzellanfabrik Arzberg, darunter Arzberg (Bayern) gr\u00fcner Stempel unter Glasur (Marke g\u00fcltig f\u00fcr die Zeit 1930 bis 1947), 1382\/1, darunter 81 gepresst (nicht fotografierbar, da sehr schwach gepresst), nicht signiert, Literatur: J. G. Th. Graesse und E. Jaenicke, F\u00fchrer f\u00fcr Sammler von Porzellan und Fayence, Steinzeug, Steingut usw., Seite 432, Marke Nr. 2 identisch, weitere Literatur: Gustav Wei\u00df, Ullstein Porzellanbuch, Seite 240, Marke Nr. 9 identisch, weitere Literatur: Robert E. R\u00f6ntgen, Deutsche Porzellanmarken von 1710 bis heute (Ausgabe Jahr 2000), Seite 40, Marke 130 identisch (dort angegeben f\u00fcr die Zeit von 1930 bis 1947), weitere Literatur: Dieter Z\u00fchlsdorff, Markenlexikon, Band 1, Porzellan und Keramik Report 1885 &#8211; 1935, Seite 182, Werk-Teil 1., Gruppennummer des Werkteils 2., laufende Nummer der Gruppe 1523, identische Marke (dort f\u00fcr die Zeit ab 1931, dort geschrieben: Marke f\u00fcr moderne Formen) sowie Seite 467, Werk-Teil 3., laufende Nummer des Werkteils 54, dort Beschreibung der Fabrik, weitere Literatur: Ludwig Danckert, Handbuch des Europ\u00e4ischen Porzellans, 7. Auflage, Seite 41\/42, Beschreibung der Fabrik und Seite 42, identische Marke (dort f\u00fcr die Zeit 1931 &#8211; 1946), 1887 gr\u00fcndete Christoph Schumann, Sohn des Arzberger Porzellanfabrikanten Christian Heinrich Schumann in Arzberg, bei der Jakobsburg, eine eigene Porzellanfabrik (ab da zwei eigenst\u00e4ndige Schumann\u2019sche Porzellanfabriken in Arzberg, die dann unter wechselnden Eigent\u00fcmern, Firmierungen und Firmenmarken, rund 100 Jahre nebeneinander betrieben worden sind), Firmierung Porzellanfabrik Christoph Schumann, um 1892 verkaufte Christoph Schumann die Fabrik an Theodor Lehmann und dessen Gesch\u00e4ftspartner Ro\u00dfberg, Firmierung Porzellanfabrik Lehmann &#038; Ro\u00dfberg, Christoph Schumann wanderte nach Schwarzenhammer aus und gr\u00fcndete dort 1905 zusammen mit seinem Schwiegervater Schreider die Porzellanfabrik Schumann &#038; Schreider, ab 1897 ist Lehmann Alleineigent\u00fcmer, Firmierung Porzellanfabrik Theodor Lehmann, die Fabrik fusionierte 1902 mit der Porzellanfabrik Sch\u00f6nwald AG, die Firmierung \u00e4nderte sich in Porzellanfabrik Sch\u00f6nwald AG, Abteilung Arzberg, 1927 fusionierte die Porzellanfabrik Sch\u00f6nwald AG mit der Porzellanfabrik Kahla AG, die Firmierung \u00e4nderte sich in Porzellanfabrik Kahla AG, Zweigwerk Arzberg, 1972 fusionierte der westdeutsche Teil der Porzellanfabrik Kahla AG mit der Hutschenreuther AG, die Fabrik in Arzberg wurde mit gleichem Namen weitergef\u00fchrt, 1998 ist die Arzberger Fabrik der Winterling Porzellan AG zugeh\u00f6rig und im Jahr 2000 geh\u00f6rt die Fabrik zur SKV Porzellan-Union, siehe auch MEK D\/XCV\/5 identische Souciere mit Rotrandbemalung, H\u00f6he 9,2 cm, Breite 20 cm<\/p>\n<p><a href=\"http:\/\/museumek.eu\/?attachment_id=54054\" rel=\"attachment wp-att-54054\"><img loading=\"lazy\" src=\"http:\/\/museumek.eu\/wp-content\/uploads\/2013\/07\/Arzberg-Gretsch-Souciere-in-Gold-1-300x183.jpg\" alt=\"\" title=\"Arzberg Gretsch Souciere in Gold 1\" width=\"300\" height=\"183\" class=\"alignnone size-medium wp-image-54054\" srcset=\"http:\/\/museumek.eu\/wp-content\/uploads\/2013\/07\/Arzberg-Gretsch-Souciere-in-Gold-1-300x183.jpg 300w, http:\/\/museumek.eu\/wp-content\/uploads\/2013\/07\/Arzberg-Gretsch-Souciere-in-Gold-1-150x91.jpg 150w, http:\/\/museumek.eu\/wp-content\/uploads\/2013\/07\/Arzberg-Gretsch-Souciere-in-Gold-1-489x300.jpg 489w, http:\/\/museumek.eu\/wp-content\/uploads\/2013\/07\/Arzberg-Gretsch-Souciere-in-Gold-1.jpg 640w\" sizes=\"(max-width: 300px) 100vw, 300px\" \/><\/a><\/p>\n<p><a href=\"http:\/\/museumek.eu\/?attachment_id=54055\" rel=\"attachment wp-att-54055\"><img loading=\"lazy\" src=\"http:\/\/museumek.eu\/wp-content\/uploads\/2013\/07\/Arzberg-Gretsch-Souciere-in-Gold-2-213x300.jpg\" alt=\"\" title=\"Arzberg Gretsch Souciere in Gold 2\" width=\"213\" height=\"300\" class=\"alignnone size-medium wp-image-54055\" srcset=\"http:\/\/museumek.eu\/wp-content\/uploads\/2013\/07\/Arzberg-Gretsch-Souciere-in-Gold-2-213x300.jpg 213w, http:\/\/museumek.eu\/wp-content\/uploads\/2013\/07\/Arzberg-Gretsch-Souciere-in-Gold-2-106x150.jpg 106w, http:\/\/museumek.eu\/wp-content\/uploads\/2013\/07\/Arzberg-Gretsch-Souciere-in-Gold-2.jpg 456w\" sizes=\"(max-width: 213px) 100vw, 213px\" \/><\/a><\/p>\n<p><a href=\"http:\/\/museumek.eu\/?attachment_id=54056\" rel=\"attachment wp-att-54056\"><img loading=\"lazy\" src=\"http:\/\/museumek.eu\/wp-content\/uploads\/2013\/07\/Arzberg-Gretsch-Souciere-in-Gold-3-234x300.jpg\" alt=\"\" title=\"Arzberg Gretsch Souciere in Gold 3\" width=\"234\" height=\"300\" class=\"alignnone size-medium wp-image-54056\" srcset=\"http:\/\/museumek.eu\/wp-content\/uploads\/2013\/07\/Arzberg-Gretsch-Souciere-in-Gold-3-234x300.jpg 234w, http:\/\/museumek.eu\/wp-content\/uploads\/2013\/07\/Arzberg-Gretsch-Souciere-in-Gold-3-117x150.jpg 117w, http:\/\/museumek.eu\/wp-content\/uploads\/2013\/07\/Arzberg-Gretsch-Souciere-in-Gold-3.jpg 480w\" sizes=\"(max-width: 234px) 100vw, 234px\" \/><\/a><\/p>\n<p><a href=\"http:\/\/museumek.eu\/?attachment_id=54057\" rel=\"attachment wp-att-54057\"><img loading=\"lazy\" src=\"http:\/\/museumek.eu\/wp-content\/uploads\/2013\/07\/Arzberg-Gretsch-Souciere-in-Gold-4-156x300.jpg\" alt=\"\" title=\"Arzberg Gretsch Souciere in Gold 4\" width=\"156\" height=\"300\" class=\"alignnone size-medium wp-image-54057\" srcset=\"http:\/\/museumek.eu\/wp-content\/uploads\/2013\/07\/Arzberg-Gretsch-Souciere-in-Gold-4-156x300.jpg 156w, http:\/\/museumek.eu\/wp-content\/uploads\/2013\/07\/Arzberg-Gretsch-Souciere-in-Gold-4-78x150.jpg 78w, http:\/\/museumek.eu\/wp-content\/uploads\/2013\/07\/Arzberg-Gretsch-Souciere-in-Gold-4.jpg 334w\" sizes=\"(max-width: 156px) 100vw, 156px\" \/><\/a><\/p>\n<p><a href=\"http:\/\/museumek.eu\/?attachment_id=54058\" rel=\"attachment wp-att-54058\"><img loading=\"lazy\" src=\"http:\/\/museumek.eu\/wp-content\/uploads\/2013\/07\/Arzberg-Gretsch-Souciere-in-Gold-5-189x300.jpg\" alt=\"\" title=\"Arzberg Gretsch Souciere in Gold 5\" width=\"189\" height=\"300\" class=\"alignnone size-medium wp-image-54058\" srcset=\"http:\/\/museumek.eu\/wp-content\/uploads\/2013\/07\/Arzberg-Gretsch-Souciere-in-Gold-5-189x300.jpg 189w, http:\/\/museumek.eu\/wp-content\/uploads\/2013\/07\/Arzberg-Gretsch-Souciere-in-Gold-5-94x150.jpg 94w, http:\/\/museumek.eu\/wp-content\/uploads\/2013\/07\/Arzberg-Gretsch-Souciere-in-Gold-5.jpg 405w\" sizes=\"(max-width: 189px) 100vw, 189px\" \/><\/a><\/p>\n<p><a href=\"http:\/\/museumek.eu\/?attachment_id=54059\" rel=\"attachment wp-att-54059\"><img loading=\"lazy\" src=\"http:\/\/museumek.eu\/wp-content\/uploads\/2013\/07\/Arzberg-Gretsch-Souciere-in-Gold-6-300x108.jpg\" alt=\"\" title=\"Arzberg Gretsch Souciere in Gold 6\" width=\"300\" height=\"108\" class=\"alignnone size-medium wp-image-54059\" srcset=\"http:\/\/museumek.eu\/wp-content\/uploads\/2013\/07\/Arzberg-Gretsch-Souciere-in-Gold-6-300x108.jpg 300w, http:\/\/museumek.eu\/wp-content\/uploads\/2013\/07\/Arzberg-Gretsch-Souciere-in-Gold-6-150x54.jpg 150w, http:\/\/museumek.eu\/wp-content\/uploads\/2013\/07\/Arzberg-Gretsch-Souciere-in-Gold-6-500x180.jpg 500w, http:\/\/museumek.eu\/wp-content\/uploads\/2013\/07\/Arzberg-Gretsch-Souciere-in-Gold-6.jpg 640w\" sizes=\"(max-width: 300px) 100vw, 300px\" \/><\/a><\/p>\n","protected":false},"excerpt":{"rendered":"<p>Hermann Gretsch wurde am 17.11.1895 in Augsburg geboren. Er starb am 29.05.1950 in Stuttgart. Gretsch studierte Architektur an der Technischen Hochschule in Stuttgart. Au\u00dferdem bestand er seine Gesellenpr\u00fcfung als Keramiker an der Stuttgarter Kunstgewerbeschule. 1928 erwarb er einen techn. Doktortitel. &hellip; <a href=\"http:\/\/museumek.eu\/?page_id=43746\">Weiterlesen <span class=\"meta-nav\">&rarr;<\/span><\/a><\/p>\n","protected":false},"author":1,"featured_media":0,"parent":43699,"menu_order":1,"comment_status":"closed","ping_status":"open","template":"","meta":[],"_links":{"self":[{"href":"http:\/\/museumek.eu\/index.php?rest_route=\/wp\/v2\/pages\/43746"}],"collection":[{"href":"http:\/\/museumek.eu\/index.php?rest_route=\/wp\/v2\/pages"}],"about":[{"href":"http:\/\/museumek.eu\/index.php?rest_route=\/wp\/v2\/types\/page"}],"author":[{"embeddable":true,"href":"http:\/\/museumek.eu\/index.php?rest_route=\/wp\/v2\/users\/1"}],"replies":[{"embeddable":true,"href":"http:\/\/museumek.eu\/index.php?rest_route=%2Fwp%2Fv2%2Fcomments&post=43746"}],"version-history":[{"count":9,"href":"http:\/\/museumek.eu\/index.php?rest_route=\/wp\/v2\/pages\/43746\/revisions"}],"predecessor-version":[{"id":54074,"href":"http:\/\/museumek.eu\/index.php?rest_route=\/wp\/v2\/pages\/43746\/revisions\/54074"}],"up":[{"embeddable":true,"href":"http:\/\/museumek.eu\/index.php?rest_route=\/wp\/v2\/pages\/43699"}],"wp:attachment":[{"href":"http:\/\/museumek.eu\/index.php?rest_route=%2Fwp%2Fv2%2Fmedia&parent=43746"}],"curies":[{"name":"wp","href":"https:\/\/api.w.org\/{rel}","templated":true}]}}