{"id":43773,"date":"2015-08-12T12:54:05","date_gmt":"2015-08-12T10:54:05","guid":{"rendered":"http:\/\/museumek.eu\/?page_id=43773"},"modified":"2015-08-12T12:54:05","modified_gmt":"2015-08-12T10:54:05","slug":"dlix8","status":"publish","type":"page","link":"http:\/\/museumek.eu\/?page_id=43773","title":{"rendered":"D\/LIX\/8"},"content":{"rendered":"<p><strong>Abteilung Deutschland, Keramik 1860 \u2013 1960, Inventarnummer D\/LIX\/8<\/strong><\/p>\n<p>Porzellan-Manufactur C. Tielsch &#038; Co. und Nachfolger C. Tielsch &#038; Co. Porzellan-Manufaktur mit gross. Malerei und Nachfolger Porzellanfabrik C. Tielsch &#038; Co. AG und Nachfolger Porzellanfabrik C. M. Hutschenreuther AG, Abteilung Porzellanfabrik C. Tielsch &#038; Co., Deutschland, Altwasser\/Stary Zdr\u00f3j, 1942, Teller, K\u00fcnstler unbekannt, Werks.-Nr. ohne, Exemplar Nr. ohne, gemarkt Firmenmarke Adler, links daneben C,, rechts daneben T. (f\u00fcr Carl Tielsch), darunter TIELSCH-ALTWASSER, darunter 1942 (f\u00fcr Jahr 1942) gr\u00fcne Stempel unter Glasur, weitere Marke Adler im Flug, der in seinen F\u00e4ngen ein Hakenkreuz h\u00e4lt schwarzer Stempel unter Glasur, nicht signiert, Literatur: Martin K\u00fcgler, Beste Qualit\u00e4t zu civilen Preisen, Schlesisches Porzellan seit 1820, Seite 32, Beschreibung der Fabrik, weitere Literatur; Eitel Tette, Porzellanmanufaktur Carl Tielsch-Altwasser, Band 2, Seite 30, Marken Nr. 39 identisch, dort beschrieben, dass diese Markenkombination f\u00fcr die Kennzeichnung des Geschirrs der Deutschen Luftwaffe verwendet worden ist, dort mit Jahreszahl 1941  und dem Hinweis, dass auch andere Jahreszahlen m\u00f6glich sind, weitere Literatur: Gerhard Schmidt-Stein, Schlesisches Porzellan vor 1945, Seite 40 ff., Beschreibung der Fabrik, weitere Literatur: Robert E. R\u00f6ntgen, Deutsche Porzellanmarken von 1710 bis heute (Ausgabe Jahr 2000), Seite 34, Marken Nr. 62 identisch, dort beschrieben, dass diese Markenkombination f\u00fcr die Kennzeichnung des Geschirrs der Deutschen Luftwaffe verwendet worden ist, dort mit Jahreszahl 1941, die Fabrik wurde 1845 von Carl Ernst Robert Tielsch (geb. 01.09.1815) in Altwasser gegr\u00fcndet, die Stadt Altwasser wurde sp\u00e4ter in die Stadt Waldenburg eingemeindet, Firmierung Porzellan-Manufactur C. Tielsch &#038; Co., Teilhaber war Gideon von Wallenberg, Mitinhaber des gleichnamigen Bankhauses in Breslau, techn. Leiter der Fabrik wurde Ernst Bauer (Anm. MEK: dessen 1851 geborener Sohn Carl Maria Bauer, war von 1897 bis 1903 Teilhaber der Porzellanfabrik Bauer, Rosenthal &#038; Co. in Kronach und ab 1904, bis zu seinem Tod 1905 Mitinhaber der W\u00fcrttembergischen Porzellan-Manufaktur in Schorndorf, siehe jeweils dort, der 1853 geborene Sohn von Bauer, Ernst Maria Bauer, war Mitinhaber der Porzellanfabrik Herman Ohme in Niedersalzbrunn, und wurde einer der f\u00fchrenden keramischen Techniker in Deutschland, siehe dort), um 1850 kaufte Tielsch eine Kaolinlagerst\u00e4dte bei Mei\u00dfen, Firmierung C. Tielsch &#038; Co. Kaolinschl\u00e4mmerei, Mei\u00dfen, 1858 versuchte der Maurermeister Traugott Silber neben der Tiel\u2019schen Fabrik eine weitere Porzellanfabrik zu gr\u00fcnden, dieses Vorhaben scheiterte aber bereits in den Anf\u00e4ngen, durch Einspr\u00fcche der Stadt Altwasser, sicherlich von Tielsch beeinflusst, Tielsch \u00fcbernahm die bereits errichteten Fabrikgeb\u00e4ude (Anm. MEK: Silber gr\u00fcndete 1860 in K\u00f6nigszelt eine Porzellanfabrik, siehe dort), 1861 wurde Tielsch Kommerzienrat, am 02.11.1882 verstarb Carl Tielsch und sein Sohn Egmont Tielsch \u00fcbernahm die Fabrik unter gleicher Firmierung, ab 1895 war die Fabrik von einem l\u00e4ngeren Streik betroffen, in dieser Zeit stellten andere schlesische Porzellanmanufakturen der Tiel\u2019schen Fabrik Weissware zum Selbstkostenpreis zur Verf\u00fcgung, dadurch erkl\u00e4rt sich, dass es Fabrikate mit Tiel\u2019scher Firmenmarke und gleichzeitiger Firmenmarke einer anderen schlesischen Fabrik gibt, laut einer Zeitungsanzeige von 1904 firmierte die Fabrik um diese Zeit als C. Tielsch &#038; Co. Porzellan-Manufaktur mit gross. Malerei, ab 1917 wurde die Fabrik AG, Firmierung Porzellanfabrik C. Tielsch &#038; Co. AG (Anm. MEK: wahrscheinlich wurde um diese Zeit die Bezeichnung als Manufaktur aufgegeben), die Porzellanfabrik C. M. Hutschenreuther AG erwarb ein gro\u00dfes Aktienpaket und bildete mit der Tiel\u2019schen Fabrik eine Interessengemeinschaft, 1921 Verlegung der Direktion von Hutschenreuther und Tielsch nach Dresden, 1930 verstarb Egmont Tielsch, seine Stelle im Aufsichtsrat besetzte sein Sohn Herbert Tielsch, 1932 Fusion von Tielsch und Hutschenreuther (Anm. MEK: die Fabrik von Carl Magnus Hutschenreuther ging 1969 in der Porzellanfabrik AG des Sohnes Lorenz Hutschenreuther auf), Firmierung: Porzellanfabrik C. M. Hutschenreuther AG, Abteilung Porzellanfabrik C. Tielsch &#038; Co., 1945 wurde die Fabrik enteignet, Durchmesser 23 cm<\/p>\n<p><a href=\"http:\/\/museumek.eu\/?attachment_id=43774\" rel=\"attachment wp-att-43774\"><img loading=\"lazy\" src=\"http:\/\/museumek.eu\/wp-content\/uploads\/2015\/08\/4355-300x300.jpg\" alt=\"\" title=\"4355\" width=\"300\" height=\"300\" class=\"alignnone size-medium wp-image-43774\" srcset=\"http:\/\/museumek.eu\/wp-content\/uploads\/2015\/08\/4355-300x300.jpg 300w, http:\/\/museumek.eu\/wp-content\/uploads\/2015\/08\/4355-150x150.jpg 150w, http:\/\/museumek.eu\/wp-content\/uploads\/2015\/08\/4355.jpg 600w\" sizes=\"(max-width: 300px) 100vw, 300px\" \/><\/a><\/p>\n<p><a href=\"http:\/\/museumek.eu\/?attachment_id=43775\" rel=\"attachment wp-att-43775\"><img loading=\"lazy\" src=\"http:\/\/museumek.eu\/wp-content\/uploads\/2015\/08\/4356-295x300.jpg\" alt=\"\" title=\"4356\" width=\"295\" height=\"300\" class=\"alignnone size-medium wp-image-43775\" srcset=\"http:\/\/museumek.eu\/wp-content\/uploads\/2015\/08\/4356-295x300.jpg 295w, http:\/\/museumek.eu\/wp-content\/uploads\/2015\/08\/4356-147x150.jpg 147w, http:\/\/museumek.eu\/wp-content\/uploads\/2015\/08\/4356.jpg 600w\" sizes=\"(max-width: 295px) 100vw, 295px\" \/><\/a><\/p>\n<p><a href=\"http:\/\/museumek.eu\/?attachment_id=43776\" rel=\"attachment wp-att-43776\"><img loading=\"lazy\" src=\"http:\/\/museumek.eu\/wp-content\/uploads\/2015\/08\/4357-158x300.jpg\" alt=\"\" title=\"4357\" width=\"158\" height=\"300\" class=\"alignnone size-medium wp-image-43776\" srcset=\"http:\/\/museumek.eu\/wp-content\/uploads\/2015\/08\/4357-158x300.jpg 158w, http:\/\/museumek.eu\/wp-content\/uploads\/2015\/08\/4357-79x150.jpg 79w, http:\/\/museumek.eu\/wp-content\/uploads\/2015\/08\/4357.jpg 422w\" sizes=\"(max-width: 158px) 100vw, 158px\" \/><\/a><\/p>\n","protected":false},"excerpt":{"rendered":"<p>Abteilung Deutschland, Keramik 1860 \u2013 1960, Inventarnummer D\/LIX\/8 Porzellan-Manufactur C. Tielsch &#038; Co. und Nachfolger C. Tielsch &#038; Co. Porzellan-Manufaktur mit gross. Malerei und Nachfolger Porzellanfabrik C. Tielsch &#038; Co. AG und Nachfolger Porzellanfabrik C. M. Hutschenreuther AG, Abteilung Porzellanfabrik &hellip; <a href=\"http:\/\/museumek.eu\/?page_id=43773\">Weiterlesen <span class=\"meta-nav\">&rarr;<\/span><\/a><\/p>\n","protected":false},"author":1,"featured_media":0,"parent":14333,"menu_order":8,"comment_status":"closed","ping_status":"open","template":"","meta":[],"_links":{"self":[{"href":"http:\/\/museumek.eu\/index.php?rest_route=\/wp\/v2\/pages\/43773"}],"collection":[{"href":"http:\/\/museumek.eu\/index.php?rest_route=\/wp\/v2\/pages"}],"about":[{"href":"http:\/\/museumek.eu\/index.php?rest_route=\/wp\/v2\/types\/page"}],"author":[{"embeddable":true,"href":"http:\/\/museumek.eu\/index.php?rest_route=\/wp\/v2\/users\/1"}],"replies":[{"embeddable":true,"href":"http:\/\/museumek.eu\/index.php?rest_route=%2Fwp%2Fv2%2Fcomments&post=43773"}],"version-history":[{"count":4,"href":"http:\/\/museumek.eu\/index.php?rest_route=\/wp\/v2\/pages\/43773\/revisions"}],"predecessor-version":[{"id":43780,"href":"http:\/\/museumek.eu\/index.php?rest_route=\/wp\/v2\/pages\/43773\/revisions\/43780"}],"up":[{"embeddable":true,"href":"http:\/\/museumek.eu\/index.php?rest_route=\/wp\/v2\/pages\/14333"}],"wp:attachment":[{"href":"http:\/\/museumek.eu\/index.php?rest_route=%2Fwp%2Fv2%2Fmedia&parent=43773"}],"curies":[{"name":"wp","href":"https:\/\/api.w.org\/{rel}","templated":true}]}}