{"id":43866,"date":"2015-08-14T18:54:11","date_gmt":"2015-08-14T16:54:11","guid":{"rendered":"http:\/\/museumek.eu\/?page_id=43866"},"modified":"2021-01-14T11:52:53","modified_gmt":"2021-01-14T10:52:53","slug":"dcxlii1","status":"publish","type":"page","link":"http:\/\/museumek.eu\/?page_id=43866","title":{"rendered":"D\/CXLII\/1"},"content":{"rendered":"<p><strong>Abteilung Deutschland, Keramik 1860 \u2013 1960, Inventarnummer D\/CXLII\/1<\/strong><\/p>\n<p>Porzellanfabrik Gareis, K\u00fchnl &#038; Co. AG, vormals Porzellanfabrik Gareis, K\u00fchnl &#038; Co., vormals Porzellanfabrik Fortuna, Deutschland, Waldsassen, 1932 &#8211; 1945, Teller, K\u00fcnstler unbekannt, Werks.-Nr. ohne, Exemplar Nr. ohne, gemarkt Firmenmarke ein Krummstab der in ein W (f\u00fcr Waldsassen) ausl\u00e4uft, links neben der Stabmitte G (f\u00fcr Gareis), rechts neben der Stabmitte K C (f\u00fcr K\u00fchnl und Co.) wobei der gerade Strich des K Bestandteil des Krummstabes ist, darunter BAVARIA, darunter 3 blaue Stempel unter Glasur, nicht signiert, Literatur: Gustav Wei\u00df, Ullstein Porzellanbuch, Seite 314, Marke Nr. 10 identisch, weitere Literatur: Emanuel Poche, Porzellan-Marken aus aller Welt, Marke Nr. 490 identisch, weitere Literatur: Robert E. R\u00f6ntgen, Deutsche Porzellanmarken von 1710 bis heute (Ausgabe Jahr 2000), Seite 364, Marke Nr. 2893 identisch, weitere Literatur: Dieter Z\u00fchlsdorff, Marken Lexikon, Porzellan und Keramik Report 1885 &#8211; 1935, Seite 35, Werk-Teil 1, Gruppennummer des Werkteils 1., fortlaufende Nummer innerhalb der Gruppe 455, dort identische Marke, dort f\u00fcr die Zeit ab 1932 sowie Seite 638, Werk-Teil Nr. 3, fortlaufende Nummer des Werkteils 1346, dort Beschreibung der Fabrik, 1898 gr\u00fcndeten die Herren Schmuck, Welsch und Klein in Waldsassen eine Porzellanfabrik, Firmierung Porzellanfabrik Fortuna, bereits 1899 ging die Fabrik bankrott, die Fabrik wurde am 01.08.1899 von Emanuel Gareis, Joseph K\u00fchnl, beide aus Karlsbad, Moritz Reis und Philipp Rosenau aufgekauft, Firmierung Porzellanfabrik Gareis, K\u00fchnl &#038; Co., Gareis trat 1900 aus und Karl Pleier, ehemals Steinmetz aus Pechgr\u00fcn, trat ein, die Firmierung wurde beibehalten, 1903 wurde Adolf Stark technischer Leiter der Fabrik, 1904 wurde Stark Mitinhaber und Generaldirektor, 1903 trat K\u00fchnl aus, 1924 \u00fcbernahm der Sohn von Adolf Stark, Hans Stark zusammen mit Karl Pleier die Leitung der Fabrik, Reis und Rosenau konnten wegen der Arisierung ab 1936 nicht mehr Mitinhaber sein und wanderten in die USA aus, w\u00e4hrend der Kriegsjahre des WK II, brachen die Exportm\u00e4rkte zusammen und vor allen Pleier f\u00fchrte einen aufreibenden Kampf ums \u00dcberleben der Fabrik, er verstarb 1946, Hans Stark f\u00fchrte die Fabrik nach WK II erfolgreich allein und 1950 wurde die Fabrik AG, Firmierung ab da Porzellanfabrik Gareis, K\u00fchnl &#038; Co. AG, 1969 fusionierte die Fabrik mit der zweiten in Waldsassen ans\u00e4ssigen der Porzellanfabrik Bareuther &#038; Co. AG zur Porzellanfabrik Waldsassen Bareuther &#038; Co. AG, 1994 musste die AG Insolvenz anmelden und wurde 1996 aus dem Handelsregister gestrichen, Durchmesser 25 cm<\/p>\n<p><a href=\"http:\/\/museumek.eu\/?attachment_id=43867\" rel=\"attachment wp-att-43867\"><img loading=\"lazy\" src=\"http:\/\/museumek.eu\/wp-content\/uploads\/2015\/08\/3960-300x292.jpg\" alt=\"\" title=\"3960\" width=\"300\" height=\"292\" class=\"alignnone size-medium wp-image-43867\" srcset=\"http:\/\/museumek.eu\/wp-content\/uploads\/2015\/08\/3960-300x292.jpg 300w, http:\/\/museumek.eu\/wp-content\/uploads\/2015\/08\/3960-150x146.jpg 150w, http:\/\/museumek.eu\/wp-content\/uploads\/2015\/08\/3960-307x300.jpg 307w, http:\/\/museumek.eu\/wp-content\/uploads\/2015\/08\/3960.jpg 615w\" sizes=\"(max-width: 300px) 100vw, 300px\" \/><\/a><\/p>\n<p><a href=\"http:\/\/museumek.eu\/?attachment_id=43868\" rel=\"attachment wp-att-43868\"><img loading=\"lazy\" src=\"http:\/\/museumek.eu\/wp-content\/uploads\/2015\/08\/3961-300x300.jpg\" alt=\"\" title=\"3961\" width=\"300\" height=\"300\" class=\"alignnone size-medium wp-image-43868\" srcset=\"http:\/\/museumek.eu\/wp-content\/uploads\/2015\/08\/3961-300x300.jpg 300w, http:\/\/museumek.eu\/wp-content\/uploads\/2015\/08\/3961-150x150.jpg 150w, http:\/\/museumek.eu\/wp-content\/uploads\/2015\/08\/3961-299x300.jpg 299w, http:\/\/museumek.eu\/wp-content\/uploads\/2015\/08\/3961.jpg 600w\" sizes=\"(max-width: 300px) 100vw, 300px\" \/><\/a><\/p>\n<p><a href=\"http:\/\/museumek.eu\/?attachment_id=43869\" rel=\"attachment wp-att-43869\"><img loading=\"lazy\" src=\"http:\/\/museumek.eu\/wp-content\/uploads\/2015\/08\/3962.jpg\" alt=\"\" title=\"3962\" width=\"163\" height=\"231\" class=\"alignnone size-full wp-image-43869\" srcset=\"http:\/\/museumek.eu\/wp-content\/uploads\/2015\/08\/3962.jpg 163w, http:\/\/museumek.eu\/wp-content\/uploads\/2015\/08\/3962-105x150.jpg 105w\" sizes=\"(max-width: 163px) 100vw, 163px\" \/><\/a><\/p>\n","protected":false},"excerpt":{"rendered":"<p>Abteilung Deutschland, Keramik 1860 \u2013 1960, Inventarnummer D\/CXLII\/1 Porzellanfabrik Gareis, K\u00fchnl &#038; Co. AG, vormals Porzellanfabrik Gareis, K\u00fchnl &#038; Co., vormals Porzellanfabrik Fortuna, Deutschland, Waldsassen, 1932 &#8211; 1945, Teller, K\u00fcnstler unbekannt, Werks.-Nr. ohne, Exemplar Nr. ohne, gemarkt Firmenmarke ein Krummstab &hellip; <a href=\"http:\/\/museumek.eu\/?page_id=43866\">Weiterlesen <span class=\"meta-nav\">&rarr;<\/span><\/a><\/p>\n","protected":false},"author":1,"featured_media":0,"parent":43808,"menu_order":1,"comment_status":"closed","ping_status":"open","template":"","meta":[],"_links":{"self":[{"href":"http:\/\/museumek.eu\/index.php?rest_route=\/wp\/v2\/pages\/43866"}],"collection":[{"href":"http:\/\/museumek.eu\/index.php?rest_route=\/wp\/v2\/pages"}],"about":[{"href":"http:\/\/museumek.eu\/index.php?rest_route=\/wp\/v2\/types\/page"}],"author":[{"embeddable":true,"href":"http:\/\/museumek.eu\/index.php?rest_route=\/wp\/v2\/users\/1"}],"replies":[{"embeddable":true,"href":"http:\/\/museumek.eu\/index.php?rest_route=%2Fwp%2Fv2%2Fcomments&post=43866"}],"version-history":[{"count":8,"href":"http:\/\/museumek.eu\/index.php?rest_route=\/wp\/v2\/pages\/43866\/revisions"}],"predecessor-version":[{"id":52158,"href":"http:\/\/museumek.eu\/index.php?rest_route=\/wp\/v2\/pages\/43866\/revisions\/52158"}],"up":[{"embeddable":true,"href":"http:\/\/museumek.eu\/index.php?rest_route=\/wp\/v2\/pages\/43808"}],"wp:attachment":[{"href":"http:\/\/museumek.eu\/index.php?rest_route=%2Fwp%2Fv2%2Fmedia&parent=43866"}],"curies":[{"name":"wp","href":"https:\/\/api.w.org\/{rel}","templated":true}]}}