{"id":44022,"date":"2015-08-17T18:28:25","date_gmt":"2015-08-17T16:28:25","guid":{"rendered":"http:\/\/museumek.eu\/?page_id=44022"},"modified":"2015-08-17T18:30:05","modified_gmt":"2015-08-17T16:30:05","slug":"dcxliv1","status":"publish","type":"page","link":"http:\/\/museumek.eu\/?page_id=44022","title":{"rendered":"D\/CXLIV\/1"},"content":{"rendered":"<p><strong>Abteilung Deutschland, Keramik 1860 \u2013 1960, Inventarnummer D\/CXLIV\/1<\/strong><\/p>\n<p>Krister Porzellan-Manufaktur AG, vormals Krister Porzellanindustrie Aktiengesellschaft, vormals Porzellanindustrie Aktiengesellschaft, vormals Krister Porzellan-Manufaktur, vormals Porzellanfabrik Carl Krister, vormals Krister Porzellan-Manufactur OHG, vormals Krister Porzellan-Manufactur, vormals Sanit\u00e4tsgeschirr- und Steingutfabrik Carl Krister, vormals Sanit\u00e4tsgeschirr-Fabrik Rausch sowie Porzellanfabrik Hayn, Deutschland, Waldenburg, um 1860, Kanne, K\u00fcnstler unbekannt, Werks.-Nr. ohne, Exemplar Nr. ohne, gemarkt Firmenmarke Szepter \u00e4hnlicher senkrechter Strich, darunter KPM (f\u00fcr Krister Porzellan Manufaktur) blauer Stempel unter Glasur (g\u00fcltig f\u00fcr die Zeit 1840 &#8211; 1895), V (?) geritzt, nicht signiert, Literatur: Gustav Wei\u00df, Ullstein Porzellanbuch, Seite 314, Marke Nr. 7 identisch, weitere Literatur: Gerhard Schmidt-Stein, Schlesisches Porzellan vor 1945, Seite 255 ff., Beschreibung der Fabrik sowie Seite 278, identische Marke abgebildet (dort g\u00fcltig f\u00fcr die Zeit 1840 \u2013 1895), weitere Literatur: Robert E. R\u00f6ntgen, Deutsche Porzellanmarken von 1710 bis heute (Ausgabe Jahr 2000), Seite 361, Marke Nr. 2861 identisch (dort g\u00fcltig f\u00fcr die Zeit ab 1885, Anm. MEK: diese Datierung ist zeitlich nicht richtig, siehe Datierung bei Schmidt-Stein, diese ist richtiger), weitere Literatur: Martin K\u00fcgler, Beste Qualit\u00e4t zu civilen Preisen, Schlesisches Porzellan seit 1820, Seite 30, Fabrikbeschreibung, weitere Literatur: Emanuel Poche, Porzellan-Marken aus aller Welt, Marke Nr. 1058 identisch (dort g\u00fcltig f\u00fcr die Zeit ab 1831, Anm. MEK: diese Datierung ist zeitlich nicht richtig, siehe Datierung bei Schmidt-Stein, diese ist richtiger), Carl Franz Krister (geb. 03.03.1801), Blaumaler und Porzellanarbeiter gr\u00fcndete 1831 in Waldenburg eine Porzellanfabrik, dazu hatte er die <strong>Sanit\u00e4tsgeschirr-Fabrik Rausch<\/strong> (diese evtl. auch im Zeitraum von 1831 \u2013 1836) und die <strong>Porzellanfabrik Hayn <\/strong>\u00fcbernommen, Krister war vorher in diesen Fabriken t\u00e4tig, er vereinte beide Fabriken und beiden Fabriken wurden der Grundstein f\u00fcr das sp\u00e4tere Gro\u00dfunternehmen von Krister, Firmierung <strong>Sanit\u00e4tsgeschirr- und Steingutfabrik Carl Krister<\/strong>, ab ca. 1840 firmierte die Fabrik <strong>Krister Porzellan-Manufactur<\/strong>, im Eigentum der Fabrik stand auch eine Kaolingrube bei Mei\u00dfen, diese firmierte als Carl Krister\u2019sche Dampf-Caolin-Schl\u00e4mmerei zu Seilitz bei Mei\u00dfen, 1852 wurde Krister Kommerzienrat, Krister verstarb am 10.11.1869, in die Nachfolge traten seine Witwe Theresia Krister sowie weitere Verwandte, wie folgt beschrieben, ein, Kristers waren kinderlos, nahmen aber die 5 Kinder von Theresias Schwester (verheiratete Dimter) bei sich auf, als diese verstarb, eine dieser Nichten, Margarete Dimter heiratete den Kaufmann Robert Haenschke, Anna Dimter heiratete den sp\u00e4teren Porzellanfabrikanten Hermann Ohme, siehe dort, nach Kristers Tod wurden Inhaber Theresia Krister, Robert Haenschke, der Kaufmann August Dimter und der Modelleur Franz Dimter, 1872 verstarb Theresia Krister, die Fabrik wurde offene Handelsgesellschaft, Firmierung <strong>Krister Porzellan-Manufactur OHG<\/strong>, Inhaber blieben die drei o. g. Personen, 1880 wurde der zwischenzeitlich erworbene Besitz in Tannhausen verkauft, mit dem Erl\u00f6s wurden alle Verwandten wohl ausbezahlt, denn ab 1881 waren nur noch Inhaber August Dimter und Robert Haenschke, Prokura erhielt u. a. Haenschkes Sohn Albert Haenschke, 1888 tritt Georg Faist (geb. 1863) als stellvertretender Betriebsleiter in die Fabrik ein, Faist war der Gro\u00dfneffe des Begr\u00fcnders der Faist\u2019schen Steingutfabrik in Schramberg, 1889 wurde Faist technischer Betriebsleiter, als dieser blieb er bis 1897 in der Fabrik und wechselte dann zur Tiel\u2019schen Porzellanfabrik in Waldenburg, 1893 verstarb August Dimter und seine Witwe Anna Dimter (geb. Freyer) trat an seiner Stelle in die Fabrik ein, die Firmierung \u00e4nderte sich in etwa zu dieser Zeit in <strong>Porzellanfabrik Carl Krister<\/strong>, 1895 schied Anna Dimter aus, neue Inhaber Robert und Albert Haenschke, 1902\/1903 wurden zwei neue Marken eingef\u00fchrt bei denen KPM durch KPF (f\u00fcr Krister Porzellanfabrik) ersetzt wurde, 1904 verstarb Robert Haenschke sowie noch im gleichen Jahr seine Witwe Magarethe Haenschke, neue Eigent\u00fcmer wurden Albert Haenschke sowie dessen zwei Schwestern Wanda und Margarete, kurze Zeit, von 1904 \u2013 1906, war Franz Balzer, Schwiegersohn von Carl Krister auch Mitinhaber, ab 1905 \u00e4nderte sich die Firmierung in <strong>Krister Porzellan-Manufaktur<\/strong>, in der Firmenmarke wurde wieder KPM statt KPF verwendet, am 08.07.1920 wurde die Fabrik AG, Firmierung <strong>Porzellanindustrie Aktiengesellschaft<\/strong>, Gr\u00fcnder der AG waren Albert Haenschke, Wanda Stephan (geb. Haenschke), Margarete Balzer (geb. Haenschke), G\u00fcnther Haenschke, der Sohn von Albert Haenschke sowie Otto Schweitzer, ein Baudirektor aus Breslau, am 18.07.1920 wurde der Fabrikname wieder ge\u00e4ndert, Firmierung ab da <strong>Krister Porzellanindustrie Aktiengesellschaft<\/strong>, am 24.12.1920 verstarb Albert Haenschke, 1921 wurde die Fabrik von der Porzellanfabrik Philipp Rosenthal &#038; Co. AG \u00fcbernommen, die Firmierung blieb die gleiche, die Marken blieben die gleichen, G\u00fcnther Haenschke war Prokurist der Fabrik, ab 24.11.1925 wurde die Firmierung in <strong>Krister Porzellan-Manufaktur AG <\/strong> ge\u00e4ndert, Anfang der 1930\u2018 Jahre wurden Porzellane mit Echt-Silber Auflage eingef\u00fchrt, Krister lieferte auch Weissware f\u00fcr andere Fabriken, so zum Beispiel f\u00fcr die Silberporzellan Manufaktur Pl\u00fcderhausen Manfred Veyhl, siehe dort, 1945 wurde die Fabrik enteignet, MEK D\/CXLIV\/2 zur Kanne zugeh\u00f6rige Zuckerdose,<br \/>\nH\u00f6he 24 cm, Breite 19 cm<\/p>\n<p><a href=\"http:\/\/museumek.eu\/?attachment_id=44023\" rel=\"attachment wp-att-44023\"><img loading=\"lazy\" src=\"http:\/\/museumek.eu\/wp-content\/uploads\/2015\/08\/4408-184x300.jpg\" alt=\"\" title=\"4408\" width=\"184\" height=\"300\" class=\"alignnone size-medium wp-image-44023\" srcset=\"http:\/\/museumek.eu\/wp-content\/uploads\/2015\/08\/4408-184x300.jpg 184w, http:\/\/museumek.eu\/wp-content\/uploads\/2015\/08\/4408-92x150.jpg 92w, http:\/\/museumek.eu\/wp-content\/uploads\/2015\/08\/4408.jpg 491w\" sizes=\"(max-width: 184px) 100vw, 184px\" \/><\/a><\/p>\n<p><a href=\"http:\/\/museumek.eu\/?attachment_id=44024\" rel=\"attachment wp-att-44024\"><img loading=\"lazy\" src=\"http:\/\/museumek.eu\/wp-content\/uploads\/2015\/08\/4409-238x300.jpg\" alt=\"\" title=\"4409\" width=\"238\" height=\"300\" class=\"alignnone size-medium wp-image-44024\" srcset=\"http:\/\/museumek.eu\/wp-content\/uploads\/2015\/08\/4409-238x300.jpg 238w, http:\/\/museumek.eu\/wp-content\/uploads\/2015\/08\/4409-119x150.jpg 119w, http:\/\/museumek.eu\/wp-content\/uploads\/2015\/08\/4409.jpg 600w\" sizes=\"(max-width: 238px) 100vw, 238px\" \/><\/a><\/p>\n<p><a href=\"http:\/\/museumek.eu\/?attachment_id=44025\" rel=\"attachment wp-att-44025\"><img loading=\"lazy\" src=\"http:\/\/museumek.eu\/wp-content\/uploads\/2015\/08\/4410-232x300.jpg\" alt=\"\" title=\"4410\" width=\"232\" height=\"300\" class=\"alignnone size-medium wp-image-44025\" srcset=\"http:\/\/museumek.eu\/wp-content\/uploads\/2015\/08\/4410-232x300.jpg 232w, http:\/\/museumek.eu\/wp-content\/uploads\/2015\/08\/4410-116x150.jpg 116w, http:\/\/museumek.eu\/wp-content\/uploads\/2015\/08\/4410.jpg 600w\" sizes=\"(max-width: 232px) 100vw, 232px\" \/><\/a><\/p>\n<p><a href=\"http:\/\/museumek.eu\/?attachment_id=44026\" rel=\"attachment wp-att-44026\"><img loading=\"lazy\" src=\"http:\/\/museumek.eu\/wp-content\/uploads\/2015\/08\/4411-175x300.jpg\" alt=\"\" title=\"4411\" width=\"175\" height=\"300\" class=\"alignnone size-medium wp-image-44026\" srcset=\"http:\/\/museumek.eu\/wp-content\/uploads\/2015\/08\/4411-175x300.jpg 175w, http:\/\/museumek.eu\/wp-content\/uploads\/2015\/08\/4411-87x150.jpg 87w, http:\/\/museumek.eu\/wp-content\/uploads\/2015\/08\/4411.jpg 468w\" sizes=\"(max-width: 175px) 100vw, 175px\" \/><\/a><\/p>\n<p><a href=\"http:\/\/museumek.eu\/?attachment_id=44027\" rel=\"attachment wp-att-44027\"><img loading=\"lazy\" src=\"http:\/\/museumek.eu\/wp-content\/uploads\/2015\/08\/4412-300x183.jpg\" alt=\"\" title=\"4412\" width=\"300\" height=\"183\" class=\"alignnone size-medium wp-image-44027\" srcset=\"http:\/\/museumek.eu\/wp-content\/uploads\/2015\/08\/4412-300x183.jpg 300w, http:\/\/museumek.eu\/wp-content\/uploads\/2015\/08\/4412-150x91.jpg 150w, http:\/\/museumek.eu\/wp-content\/uploads\/2015\/08\/4412-490x300.jpg 490w, http:\/\/museumek.eu\/wp-content\/uploads\/2015\/08\/4412.jpg 800w\" sizes=\"(max-width: 300px) 100vw, 300px\" \/><\/a><\/p>\n<p><a href=\"http:\/\/museumek.eu\/?attachment_id=44028\" rel=\"attachment wp-att-44028\"><img loading=\"lazy\" src=\"http:\/\/museumek.eu\/wp-content\/uploads\/2015\/08\/4413-244x300.jpg\" alt=\"\" title=\"4413\" width=\"244\" height=\"300\" class=\"alignnone size-medium wp-image-44028\" srcset=\"http:\/\/museumek.eu\/wp-content\/uploads\/2015\/08\/4413-244x300.jpg 244w, http:\/\/museumek.eu\/wp-content\/uploads\/2015\/08\/4413-122x150.jpg 122w, http:\/\/museumek.eu\/wp-content\/uploads\/2015\/08\/4413.jpg 600w\" sizes=\"(max-width: 244px) 100vw, 244px\" \/><\/a><\/p>\n<p><a href=\"http:\/\/museumek.eu\/?attachment_id=44029\" rel=\"attachment wp-att-44029\"><img loading=\"lazy\" src=\"http:\/\/museumek.eu\/wp-content\/uploads\/2015\/08\/4479-176x300.jpg\" alt=\"\" title=\"4479\" width=\"176\" height=\"300\" class=\"alignnone size-medium wp-image-44029\" srcset=\"http:\/\/museumek.eu\/wp-content\/uploads\/2015\/08\/4479-176x300.jpg 176w, http:\/\/museumek.eu\/wp-content\/uploads\/2015\/08\/4479-88x150.jpg 88w, http:\/\/museumek.eu\/wp-content\/uploads\/2015\/08\/4479.jpg 471w\" sizes=\"(max-width: 176px) 100vw, 176px\" \/><\/a><\/p>\n<p><a href=\"http:\/\/museumek.eu\/?attachment_id=44030\" rel=\"attachment wp-att-44030\"><img loading=\"lazy\" src=\"http:\/\/museumek.eu\/wp-content\/uploads\/2015\/08\/4416-300x226.jpg\" alt=\"\" title=\"4416\" width=\"300\" height=\"226\" class=\"alignnone size-medium wp-image-44030\" srcset=\"http:\/\/museumek.eu\/wp-content\/uploads\/2015\/08\/4416-300x226.jpg 300w, http:\/\/museumek.eu\/wp-content\/uploads\/2015\/08\/4416-150x113.jpg 150w, http:\/\/museumek.eu\/wp-content\/uploads\/2015\/08\/4416.jpg 305w\" sizes=\"(max-width: 300px) 100vw, 300px\" \/><\/a><\/p>\n<p><a href=\"http:\/\/museumek.eu\/?attachment_id=44036\" rel=\"attachment wp-att-44036\"><img loading=\"lazy\" src=\"http:\/\/museumek.eu\/wp-content\/uploads\/2015\/08\/4399-300x287.jpg\" alt=\"\" title=\"4399\" width=\"300\" height=\"287\" class=\"alignnone size-medium wp-image-44036\" srcset=\"http:\/\/museumek.eu\/wp-content\/uploads\/2015\/08\/4399-300x287.jpg 300w, http:\/\/museumek.eu\/wp-content\/uploads\/2015\/08\/4399-150x143.jpg 150w, http:\/\/museumek.eu\/wp-content\/uploads\/2015\/08\/4399-313x300.jpg 313w, http:\/\/museumek.eu\/wp-content\/uploads\/2015\/08\/4399.jpg 626w\" sizes=\"(max-width: 300px) 100vw, 300px\" \/><\/a><\/p>\n","protected":false},"excerpt":{"rendered":"<p>Abteilung Deutschland, Keramik 1860 \u2013 1960, Inventarnummer D\/CXLIV\/1 Krister Porzellan-Manufaktur AG, vormals Krister Porzellanindustrie Aktiengesellschaft, vormals Porzellanindustrie Aktiengesellschaft, vormals Krister Porzellan-Manufaktur, vormals Porzellanfabrik Carl Krister, vormals Krister Porzellan-Manufactur OHG, vormals Krister Porzellan-Manufactur, vormals Sanit\u00e4tsgeschirr- und Steingutfabrik Carl Krister, vormals Sanit\u00e4tsgeschirr-Fabrik &hellip; <a href=\"http:\/\/museumek.eu\/?page_id=44022\">Weiterlesen <span class=\"meta-nav\">&rarr;<\/span><\/a><\/p>\n","protected":false},"author":1,"featured_media":0,"parent":44007,"menu_order":1,"comment_status":"closed","ping_status":"open","template":"","meta":[],"_links":{"self":[{"href":"http:\/\/museumek.eu\/index.php?rest_route=\/wp\/v2\/pages\/44022"}],"collection":[{"href":"http:\/\/museumek.eu\/index.php?rest_route=\/wp\/v2\/pages"}],"about":[{"href":"http:\/\/museumek.eu\/index.php?rest_route=\/wp\/v2\/types\/page"}],"author":[{"embeddable":true,"href":"http:\/\/museumek.eu\/index.php?rest_route=\/wp\/v2\/users\/1"}],"replies":[{"embeddable":true,"href":"http:\/\/museumek.eu\/index.php?rest_route=%2Fwp%2Fv2%2Fcomments&post=44022"}],"version-history":[{"count":7,"href":"http:\/\/museumek.eu\/index.php?rest_route=\/wp\/v2\/pages\/44022\/revisions"}],"predecessor-version":[{"id":44038,"href":"http:\/\/museumek.eu\/index.php?rest_route=\/wp\/v2\/pages\/44022\/revisions\/44038"}],"up":[{"embeddable":true,"href":"http:\/\/museumek.eu\/index.php?rest_route=\/wp\/v2\/pages\/44007"}],"wp:attachment":[{"href":"http:\/\/museumek.eu\/index.php?rest_route=%2Fwp%2Fv2%2Fmedia&parent=44022"}],"curies":[{"name":"wp","href":"https:\/\/api.w.org\/{rel}","templated":true}]}}